{"id":13120,"date":"2025-01-22T16:05:01","date_gmt":"2025-01-22T08:05:01","guid":{"rendered":"https:\/\/bokysee.com\/?post_type=product&#038;p=13120"},"modified":"2025-01-22T16:05:02","modified_gmt":"2025-01-22T08:05:02","slug":"best-game-trail-cameras-outdoor-solar-cctv-security-ptz-camera","status":"publish","type":"product","link":"https:\/\/bokysee.com\/es\/products\/best-game-trail-cameras-outdoor-solar-cctv-security-ptz-camera\/","title":{"rendered":"Las mejores c\u00e1maras de caza y rastreo para exteriores, c\u00e1maras de seguridad CCTV PTZ solares."},"content":{"rendered":"<p><strong>Las mejores c\u00e1maras de caza y rastreo para exteriores, c\u00e1maras de seguridad CCTV PTZ solares. <\/strong><\/p>\n<p>La c\u00e1mara de caza y rastreo celular Bokysee 4G LTE ofrece una resoluci\u00f3n de 3 MP con un giro de 350\u00b0 y un PTZ de 90\u00b0, lo que garantiza una vigilancia \u00f3ptima de la fauna. Con un panel solar de 3 W, una bater\u00eda de 5200 mAh, detecci\u00f3n de humanos por infrarrojos (PIR) y de humanoides con IA, audio bidireccional y almacenamiento en la nube o en tarjeta TF, ofrece seguridad fiable activada por movimiento con un alcance infrarrojo de 30 m.<\/p>\n<p><img fetchpriority=\"high\" decoding=\"async\" class=\"alignnone size-full wp-image-13127\" src=\"https:\/\/bokysee.com\/wp-content\/uploads\/2025\/01\/BK-LXS35PC-Detail-1.jpg\" alt=\"\" width=\"800\" height=\"991\" srcset=\"https:\/\/bokysee.com\/wp-content\/uploads\/2025\/01\/BK-LXS35PC-Detail-1.jpg 800w, https:\/\/bokysee.com\/wp-content\/uploads\/2025\/01\/BK-LXS35PC-Detail-1-242x300.jpg 242w, https:\/\/bokysee.com\/wp-content\/uploads\/2025\/01\/BK-LXS35PC-Detail-1-768x951.jpg 768w, https:\/\/bokysee.com\/wp-content\/uploads\/2025\/01\/BK-LXS35PC-Detail-1-484x600.jpg 484w, https:\/\/bokysee.com\/wp-content\/uploads\/2025\/01\/BK-LXS35PC-Detail-1-600x743.jpg 600w\" sizes=\"(max-width: 800px) 100vw, 800px\" \/> <img decoding=\"async\" class=\"alignnone size-full wp-image-13128\" src=\"https:\/\/bokysee.com\/wp-content\/uploads\/2025\/01\/BK-LXS35PC-Detail-2.jpg\" alt=\"\" width=\"800\" height=\"301\" srcset=\"https:\/\/bokysee.com\/wp-content\/uploads\/2025\/01\/BK-LXS35PC-Detail-2.jpg 800w, https:\/\/bokysee.com\/wp-content\/uploads\/2025\/01\/BK-LXS35PC-Detail-2-300x113.jpg 300w, https:\/\/bokysee.com\/wp-content\/uploads\/2025\/01\/BK-LXS35PC-Detail-2-768x289.jpg 768w, https:\/\/bokysee.com\/wp-content\/uploads\/2025\/01\/BK-LXS35PC-Detail-2-600x226.jpg 600w\" sizes=\"(max-width: 800px) 100vw, 800px\" \/> <img decoding=\"async\" class=\"alignnone size-full wp-image-13129\" src=\"https:\/\/bokysee.com\/wp-content\/uploads\/2025\/01\/BK-LXS35PC-Detail-3.jpg\" alt=\"\" width=\"800\" height=\"1011\" srcset=\"https:\/\/bokysee.com\/wp-content\/uploads\/2025\/01\/BK-LXS35PC-Detail-3.jpg 800w, https:\/\/bokysee.com\/wp-content\/uploads\/2025\/01\/BK-LXS35PC-Detail-3-237x300.jpg 237w, https:\/\/bokysee.com\/wp-content\/uploads\/2025\/01\/BK-LXS35PC-Detail-3-768x971.jpg 768w, https:\/\/bokysee.com\/wp-content\/uploads\/2025\/01\/BK-LXS35PC-Detail-3-475x600.jpg 475w, https:\/\/bokysee.com\/wp-content\/uploads\/2025\/01\/BK-LXS35PC-Detail-3-600x758.jpg 600w\" sizes=\"(max-width: 800px) 100vw, 800px\" \/> <img loading=\"lazy\" decoding=\"async\" class=\"alignnone size-full wp-image-13130\" src=\"https:\/\/bokysee.com\/wp-content\/uploads\/2025\/01\/BK-LXS35PC-Detail-4.jpg\" alt=\"\" width=\"800\" height=\"863\" srcset=\"https:\/\/bokysee.com\/wp-content\/uploads\/2025\/01\/BK-LXS35PC-Detail-4.jpg 800w, https:\/\/bokysee.com\/wp-content\/uploads\/2025\/01\/BK-LXS35PC-Detail-4-278x300.jpg 278w, https:\/\/bokysee.com\/wp-content\/uploads\/2025\/01\/BK-LXS35PC-Detail-4-768x828.jpg 768w, https:\/\/bokysee.com\/wp-content\/uploads\/2025\/01\/BK-LXS35PC-Detail-4-556x600.jpg 556w, https:\/\/bokysee.com\/wp-content\/uploads\/2025\/01\/BK-LXS35PC-Detail-4-600x647.jpg 600w\" sizes=\"(max-width: 800px) 100vw, 800px\" \/> <img loading=\"lazy\" decoding=\"async\" class=\"alignnone size-full wp-image-13131\" src=\"https:\/\/bokysee.com\/wp-content\/uploads\/2025\/01\/BK-LXS35PC-Detail-5.jpg\" alt=\"\" width=\"800\" height=\"984\" srcset=\"https:\/\/bokysee.com\/wp-content\/uploads\/2025\/01\/BK-LXS35PC-Detail-5.jpg 800w, https:\/\/bokysee.com\/wp-content\/uploads\/2025\/01\/BK-LXS35PC-Detail-5-244x300.jpg 244w, https:\/\/bokysee.com\/wp-content\/uploads\/2025\/01\/BK-LXS35PC-Detail-5-768x945.jpg 768w, https:\/\/bokysee.com\/wp-content\/uploads\/2025\/01\/BK-LXS35PC-Detail-5-488x600.jpg 488w, https:\/\/bokysee.com\/wp-content\/uploads\/2025\/01\/BK-LXS35PC-Detail-5-600x738.jpg 600w\" sizes=\"(max-width: 800px) 100vw, 800px\" \/> <img loading=\"lazy\" decoding=\"async\" class=\"alignnone size-full wp-image-13132\" src=\"https:\/\/bokysee.com\/wp-content\/uploads\/2025\/01\/BK-LXS35PC-Detail-6.jpg\" alt=\"\" width=\"800\" height=\"878\" srcset=\"https:\/\/bokysee.com\/wp-content\/uploads\/2025\/01\/BK-LXS35PC-Detail-6.jpg 800w, https:\/\/bokysee.com\/wp-content\/uploads\/2025\/01\/BK-LXS35PC-Detail-6-273x300.jpg 273w, https:\/\/bokysee.com\/wp-content\/uploads\/2025\/01\/BK-LXS35PC-Detail-6-768x843.jpg 768w, https:\/\/bokysee.com\/wp-content\/uploads\/2025\/01\/BK-LXS35PC-Detail-6-547x600.jpg 547w, https:\/\/bokysee.com\/wp-content\/uploads\/2025\/01\/BK-LXS35PC-Detail-6-600x659.jpg 600w\" sizes=\"(max-width: 800px) 100vw, 800px\" \/> <img loading=\"lazy\" decoding=\"async\" class=\"alignnone size-full wp-image-13133\" src=\"https:\/\/bokysee.com\/wp-content\/uploads\/2025\/01\/BK-LXS35PC-Detail-7.jpg\" alt=\"\" width=\"800\" height=\"952\" srcset=\"https:\/\/bokysee.com\/wp-content\/uploads\/2025\/01\/BK-LXS35PC-Detail-7.jpg 800w, https:\/\/bokysee.com\/wp-content\/uploads\/2025\/01\/BK-LXS35PC-Detail-7-252x300.jpg 252w, https:\/\/bokysee.com\/wp-content\/uploads\/2025\/01\/BK-LXS35PC-Detail-7-768x914.jpg 768w, https:\/\/bokysee.com\/wp-content\/uploads\/2025\/01\/BK-LXS35PC-Detail-7-504x600.jpg 504w, https:\/\/bokysee.com\/wp-content\/uploads\/2025\/01\/BK-LXS35PC-Detail-7-600x714.jpg 600w\" sizes=\"(max-width: 800px) 100vw, 800px\" \/> <img loading=\"lazy\" decoding=\"async\" class=\"alignnone size-full wp-image-13134\" src=\"https:\/\/bokysee.com\/wp-content\/uploads\/2025\/01\/BK-LXS35PC-Detail-8.jpg\" alt=\"\" width=\"800\" height=\"956\" srcset=\"https:\/\/bokysee.com\/wp-content\/uploads\/2025\/01\/BK-LXS35PC-Detail-8.jpg 800w, https:\/\/bokysee.com\/wp-content\/uploads\/2025\/01\/BK-LXS35PC-Detail-8-251x300.jpg 251w, https:\/\/bokysee.com\/wp-content\/uploads\/2025\/01\/BK-LXS35PC-Detail-8-768x918.jpg 768w, https:\/\/bokysee.com\/wp-content\/uploads\/2025\/01\/BK-LXS35PC-Detail-8-502x600.jpg 502w, https:\/\/bokysee.com\/wp-content\/uploads\/2025\/01\/BK-LXS35PC-Detail-8-600x717.jpg 600w\" sizes=\"(max-width: 800px) 100vw, 800px\" \/> <img loading=\"lazy\" decoding=\"async\" class=\"alignnone size-full wp-image-13135\" src=\"https:\/\/bokysee.com\/wp-content\/uploads\/2025\/01\/BK-LXS35PC-Detail-9.jpg\" alt=\"\" width=\"800\" height=\"941\" srcset=\"https:\/\/bokysee.com\/wp-content\/uploads\/2025\/01\/BK-LXS35PC-Detail-9.jpg 800w, https:\/\/bokysee.com\/wp-content\/uploads\/2025\/01\/BK-LXS35PC-Detail-9-255x300.jpg 255w, https:\/\/bokysee.com\/wp-content\/uploads\/2025\/01\/BK-LXS35PC-Detail-9-768x903.jpg 768w, https:\/\/bokysee.com\/wp-content\/uploads\/2025\/01\/BK-LXS35PC-Detail-9-510x600.jpg 510w, https:\/\/bokysee.com\/wp-content\/uploads\/2025\/01\/BK-LXS35PC-Detail-9-600x706.jpg 600w\" sizes=\"(max-width: 800px) 100vw, 800px\" \/> <img loading=\"lazy\" decoding=\"async\" class=\"alignnone size-full wp-image-13136\" src=\"https:\/\/bokysee.com\/wp-content\/uploads\/2025\/01\/BK-LXS35PC-Detail-10.jpg\" alt=\"\" width=\"800\" height=\"941\" srcset=\"https:\/\/bokysee.com\/wp-content\/uploads\/2025\/01\/BK-LXS35PC-Detail-10.jpg 800w, https:\/\/bokysee.com\/wp-content\/uploads\/2025\/01\/BK-LXS35PC-Detail-10-255x300.jpg 255w, https:\/\/bokysee.com\/wp-content\/uploads\/2025\/01\/BK-LXS35PC-Detail-10-768x903.jpg 768w, https:\/\/bokysee.com\/wp-content\/uploads\/2025\/01\/BK-LXS35PC-Detail-10-510x600.jpg 510w, https:\/\/bokysee.com\/wp-content\/uploads\/2025\/01\/BK-LXS35PC-Detail-10-600x706.jpg 600w\" sizes=\"(max-width: 800px) 100vw, 800px\" \/> <img loading=\"lazy\" decoding=\"async\" class=\"alignnone size-full wp-image-13137\" src=\"https:\/\/bokysee.com\/wp-content\/uploads\/2025\/01\/BK-LXS35PC-Detail-12.jpg\" alt=\"\" width=\"800\" height=\"562\" srcset=\"https:\/\/bokysee.com\/wp-content\/uploads\/2025\/01\/BK-LXS35PC-Detail-12.jpg 800w, https:\/\/bokysee.com\/wp-content\/uploads\/2025\/01\/BK-LXS35PC-Detail-12-300x211.jpg 300w, https:\/\/bokysee.com\/wp-content\/uploads\/2025\/01\/BK-LXS35PC-Detail-12-768x540.jpg 768w, https:\/\/bokysee.com\/wp-content\/uploads\/2025\/01\/BK-LXS35PC-Detail-12-600x422.jpg 600w\" sizes=\"(max-width: 800px) 100vw, 800px\" \/> <img loading=\"lazy\" decoding=\"async\" class=\"alignnone size-full wp-image-13138\" src=\"https:\/\/bokysee.com\/wp-content\/uploads\/2025\/01\/BK-LXS35PC-Detail-14.jpg\" alt=\"\" width=\"800\" height=\"648\" srcset=\"https:\/\/bokysee.com\/wp-content\/uploads\/2025\/01\/BK-LXS35PC-Detail-14.jpg 800w, https:\/\/bokysee.com\/wp-content\/uploads\/2025\/01\/BK-LXS35PC-Detail-14-300x243.jpg 300w, https:\/\/bokysee.com\/wp-content\/uploads\/2025\/01\/BK-LXS35PC-Detail-14-768x622.jpg 768w, https:\/\/bokysee.com\/wp-content\/uploads\/2025\/01\/BK-LXS35PC-Detail-14-600x486.jpg 600w\" sizes=\"(max-width: 800px) 100vw, 800px\" \/><\/p>\n<table width=\"786\">\n<tbody>\n<tr>\n<td width=\"114\">Nombre del producto<\/td>\n<td colspan=\"2\" width=\"672\">C\u00e1mara PTZ con bater\u00eda solar de color camuflaje<\/td>\n<\/tr>\n<tr>\n<td>Modelo<\/td>\n<td colspan=\"2\" width=\"672\">BK-LXS35PC<\/td>\n<\/tr>\n<tr>\n<td rowspan=\"10\">Caracter\u00edsticas principales<\/td>\n<td colspan=\"2\" width=\"672\">\u2022 C\u00e1mara solar de camuflaje con 3 MP (2304 \u00d7 1296)<\/td>\n<\/tr>\n<tr>\n<td colspan=\"2\" width=\"672\">\u2022Panel solar de silicio monocristalino de 3 W, bater\u00eda de litio incorporada de 5200 mAh<\/td>\n<\/tr>\n<tr>\n<td colspan=\"2\" width=\"672\">\u2022 Chip maestro: T31<\/td>\n<\/tr>\n<tr>\n<td colspan=\"2\" width=\"672\">\u2022 Tama\u00f1o peque\u00f1o, costos de env\u00edo m\u00e1s econ\u00f3micos, resistencia al agua IP65<\/td>\n<\/tr>\n<tr>\n<td colspan=\"2\" width=\"672\">\u2022 Con sensor PIR, distancia PIR de aproximadamente 12 metros, rango de detecci\u00f3n m\u00e1s amplio.<\/td>\n<\/tr>\n<tr>\n<td colspan=\"2\" width=\"672\">\u00a0C\u00e1mara Ptz: 350\u00b0 en direcci\u00f3n horizontal y 90\u00b0 en direcci\u00f3n vertical;<\/td>\n<\/tr>\n<tr>\n<td colspan=\"2\" width=\"672\">\u2022 Micr\u00f3fono y altavoz integrados, compatible con funci\u00f3n de audio bidireccional.<\/td>\n<\/tr>\n<tr>\n<td colspan=\"2\" width=\"672\">\u2022 La alarma de inducci\u00f3n del cuerpo humano PIR se activa para reducir las alarmas no v\u00e1lidas causadas por perturbaciones.<\/td>\n<\/tr>\n<tr>\n<td colspan=\"2\" width=\"672\">\u2022 Admite almacenamiento en la nube y almacenamiento en tarjeta TF local (m\u00e1ximo 128 GB).<\/td>\n<\/tr>\n<tr>\n<td colspan=\"2\" width=\"672\">\u2022 La aplicaci\u00f3n es compatible con Android\/IOS, el producto es estable y confiable.<\/td>\n<\/tr>\n<tr>\n<td rowspan=\"3\">Red<\/td>\n<td width=\"172\">Versi\u00f3n WiFi<\/td>\n<td width=\"500\">IEEE802.11 b\/g\/n<\/td>\n<\/tr>\n<tr>\n<td width=\"172\">Arroyo<\/td>\n<td width=\"500\">3 corrientes<\/td>\n<\/tr>\n<tr>\n<td width=\"172\">Conexi\u00f3n wifi<\/td>\n<td width=\"500\">2,4 GHz<\/td>\n<\/tr>\n<tr>\n<td rowspan=\"3\" width=\"114\">Video<\/td>\n<td width=\"172\">Iluminaci\u00f3n<\/td>\n<td width=\"500\">Iluminaci\u00f3n baja 0,001 LUX<\/td>\n<\/tr>\n<tr>\n<td width=\"172\">luz infrarroja<\/td>\n<td width=\"500\">2 luces infrarrojas<\/td>\n<\/tr>\n<tr>\n<td width=\"172\">luz blanca<\/td>\n<td width=\"500\">4 piezas de LED blancos<\/td>\n<\/tr>\n<tr>\n<td rowspan=\"3\">Fuente de alimentaci\u00f3n<\/td>\n<td width=\"172\">Modo de suministro de energ\u00eda<\/td>\n<td width=\"500\">Bater\u00eda solar +18650<\/td>\n<\/tr>\n<tr>\n<td width=\"172\">capacidad de la bater\u00eda<\/td>\n<td width=\"500\">Bater\u00eda incorporada de 5200 mAh<\/td>\n<\/tr>\n<tr>\n<td width=\"172\">Potencia m\u00e1xima de trabajo<\/td>\n<td width=\"500\">3W<\/td>\n<\/tr>\n<tr>\n<td rowspan=\"4\">Otro<\/td>\n<td width=\"172\">entorno de trabajo<\/td>\n<td width=\"500\">Interior\/exterior<\/td>\n<\/tr>\n<tr>\n<td width=\"172\">Temperatura de funcionamiento<\/td>\n<td width=\"500\">-30\u00b0~+60\u00b0<\/td>\n<\/tr>\n<tr>\n<td width=\"172\">Humedad de trabajo<\/td>\n<td width=\"500\">0%~90%<\/td>\n<\/tr>\n<tr>\n<td width=\"172\">Accesorios<\/td>\n<td width=\"500\">1 c\u00e1mara, 1 juego de tornillos, 1 panel solar,<br \/>\nCable tipo C, manual de usuario<\/td>\n<\/tr>\n<tr>\n<td rowspan=\"4\">Paquete<\/td>\n<td width=\"172\">caja interior<\/td>\n<td width=\"500\">19,5 x 15 x 14,5 cm<\/td>\n<\/tr>\n<tr>\n<td width=\"172\">Peso<\/td>\n<td>0,92 kg\/pieza 17,5 kg\/caja<\/td>\n<\/tr>\n<tr>\n<td width=\"172\">Cantidad<\/td>\n<td>18 piezas\/caja<\/td>\n<\/tr>\n<tr>\n<td width=\"172\">Tama\u00f1o de la caja<\/td>\n<td>40*46*46cm<\/td>\n<\/tr>\n<\/tbody>\n<\/table>\n<p><strong>Sobre nosotros:<\/strong><\/p>\n<p><img loading=\"lazy\" decoding=\"async\" class=\"alignnone size-full wp-image-12939\" src=\"https:\/\/bokysee.com\/wp-content\/uploads\/2025\/01\/Bokysee-CCTV-Company.jpg\" alt=\"\" width=\"961\" height=\"543\" srcset=\"https:\/\/bokysee.com\/wp-content\/uploads\/2025\/01\/Bokysee-CCTV-Company.jpg 961w, https:\/\/bokysee.com\/wp-content\/uploads\/2025\/01\/Bokysee-CCTV-Company-300x170.jpg 300w, https:\/\/bokysee.com\/wp-content\/uploads\/2025\/01\/Bokysee-CCTV-Company-768x434.jpg 768w, https:\/\/bokysee.com\/wp-content\/uploads\/2025\/01\/Bokysee-CCTV-Company-600x339.jpg 600w\" sizes=\"(max-width: 961px) 100vw, 961px\" \/><\/p>\n<p>Taller de f\u00e1brica:<\/p>\n<p><img loading=\"lazy\" decoding=\"async\" class=\"alignnone size-full wp-image-12940\" src=\"https:\/\/bokysee.com\/wp-content\/uploads\/2025\/01\/Bokysee-CCTV-Workshop.jpg\" alt=\"\" width=\"1282\" height=\"726\" srcset=\"https:\/\/bokysee.com\/wp-content\/uploads\/2025\/01\/Bokysee-CCTV-Workshop.jpg 1282w, https:\/\/bokysee.com\/wp-content\/uploads\/2025\/01\/Bokysee-CCTV-Workshop-300x170.jpg 300w, https:\/\/bokysee.com\/wp-content\/uploads\/2025\/01\/Bokysee-CCTV-Workshop-1024x580.jpg 1024w, https:\/\/bokysee.com\/wp-content\/uploads\/2025\/01\/Bokysee-CCTV-Workshop-768x435.jpg 768w, https:\/\/bokysee.com\/wp-content\/uploads\/2025\/01\/Bokysee-CCTV-Workshop-600x340.jpg 600w\" sizes=\"(max-width: 1282px) 100vw, 1282px\" \/><\/p>","protected":false},"excerpt":{"rendered":"<p><strong>Mini c\u00e1mara PTZ con bater\u00eda solar y camuflaje<\/strong><br \/>\n\u25cf Resoluci\u00f3n: 3MP<br \/>\n\u25cf Procesador principal: T31ZL<br \/>\n\u25cf LED: Matriz de 6 LED, color completo d\u00eda\/noche, distancia IR de 30 M<br \/>\n\u25cf Lente: 3,6 mm<br \/>\n\u25cf PTZ: Panor\u00e1mica de 350\u00b0, inclinaci\u00f3n de 90\u00b0<br \/>\n\u25cf Panel solar: 3W<br \/>\n\u25cf Micr\u00f3fono y altavoces integrados, audio bidireccional<br \/>\n\u25cf Material: ABS + Metal, resistente al agua IP65<br \/>\n\u25cf Detecci\u00f3n: Detecci\u00f3n humana PIR + Detecci\u00f3n humanoide IA<br \/>\n\u25cf Almacenamiento: Almacenamiento en la nube + tarjeta TF (m\u00e1ximo 128 GB)<br \/>\n\u25cf Bater\u00eda: incorporada de 5200 mAh<br \/>\n\u25cf Fuente de alimentaci\u00f3n: DC5V 2A<\/p>","protected":false},"featured_media":13122,"template":"","meta":[],"product_brand":[],"product_cat":[1111,1110],"product_tag":[569,1200,1199],"class_list":{"0":"post-13120","1":"product","2":"type-product","3":"status-publish","4":"has-post-thumbnail","6":"product_cat-4g-solar-camera","7":"product_cat-wifi-solar-camera","8":"product_tag-camera-security-solar","9":"product_tag-cctv-solar-camera","10":"product_tag-outdoor-solar-cctv-camera","12":"first","13":"instock","14":"shipping-taxable","15":"product-type-simple"},"acf":[],"yoast_head":"<!-- This site is optimized with the Yoast SEO Premium plugin v20.2.1 (Yoast SEO v26.1.1) - https:\/\/yoast.com\/wordpress\/plugins\/seo\/ -->\n<title>Best Game &amp; Trail Cameras outdoor solar cctv security PTZ camera - Bokysee Technology Co.,LTD<\/title>\n<meta name=\"description\" content=\"Best Cellular Game&amp;Trail Cameras 4G LTE with Solar Panel, Live Video Game Camera Include SIM Card, Motion Activated for Wildlife\" \/>\n<meta name=\"robots\" content=\"index, follow, max-snippet:-1, max-image-preview:large, max-video-preview:-1\" \/>\n<link rel=\"canonical\" href=\"https:\/\/bokysee.com\/es\/products\/best-game-trail-cameras-outdoor-solar-cctv-security-ptz-camera\/\" \/>\n<meta property=\"og:locale\" content=\"es_ES\" \/>\n<meta property=\"og:type\" content=\"article\" \/>\n<meta property=\"og:title\" content=\"Best Game &amp; Trail Cameras outdoor solar cctv security PTZ camera\" \/>\n<meta property=\"og:description\" content=\"Best Cellular Game&amp;Trail Cameras 4G LTE with Solar Panel, Live Video Game Camera Include SIM Card, Motion Activated for Wildlife\" \/>\n<meta property=\"og:url\" content=\"https:\/\/bokysee.com\/es\/products\/best-game-trail-cameras-outdoor-solar-cctv-security-ptz-camera\/\" \/>\n<meta property=\"og:site_name\" content=\"Bokysee Technology Co.,LTD\" \/>\n<meta property=\"article:modified_time\" content=\"2025-01-22T08:05:02+00:00\" \/>\n<meta property=\"og:image\" content=\"https:\/\/bokysee.com\/wp-content\/uploads\/2025\/01\/BK-LXS35PC-M1.jpg\" \/>\n\t<meta property=\"og:image:width\" content=\"800\" \/>\n\t<meta property=\"og:image:height\" content=\"800\" \/>\n\t<meta property=\"og:image:type\" content=\"image\/jpeg\" \/>\n<meta name=\"twitter:card\" content=\"summary_large_image\" \/>\n<meta name=\"twitter:label1\" content=\"Tiempo de lectura\" \/>\n\t<meta name=\"twitter:data1\" content=\"5 minutos\" \/>\n<script type=\"application\/ld+json\" class=\"yoast-schema-graph\">{\"@context\":\"https:\/\/schema.org\",\"@graph\":[{\"@type\":\"WebPage\",\"@id\":\"https:\/\/bokysee.com\/products\/best-game-trail-cameras-outdoor-solar-cctv-security-ptz-camera\/\",\"url\":\"https:\/\/bokysee.com\/products\/best-game-trail-cameras-outdoor-solar-cctv-security-ptz-camera\/\",\"name\":\"Best Game & Trail Cameras outdoor solar cctv security PTZ camera - Bokysee Technology Co.,LTD\",\"isPartOf\":{\"@id\":\"https:\/\/bokysee.com\/#website\"},\"primaryImageOfPage\":{\"@id\":\"https:\/\/bokysee.com\/products\/best-game-trail-cameras-outdoor-solar-cctv-security-ptz-camera\/#primaryimage\"},\"image\":{\"@id\":\"https:\/\/bokysee.com\/products\/best-game-trail-cameras-outdoor-solar-cctv-security-ptz-camera\/#primaryimage\"},\"thumbnailUrl\":\"https:\/\/bokysee.com\/wp-content\/uploads\/2025\/01\/BK-LXS35PC-M1.jpg\",\"datePublished\":\"2025-01-22T08:05:01+00:00\",\"dateModified\":\"2025-01-22T08:05:02+00:00\",\"description\":\"Best Cellular Game&Trail Cameras 4G LTE with Solar Panel, Live Video Game Camera Include SIM Card, Motion Activated for Wildlife\",\"breadcrumb\":{\"@id\":\"https:\/\/bokysee.com\/products\/best-game-trail-cameras-outdoor-solar-cctv-security-ptz-camera\/#breadcrumb\"},\"inLanguage\":\"es\",\"potentialAction\":[{\"@type\":\"ReadAction\",\"target\":[\"https:\/\/bokysee.com\/products\/best-game-trail-cameras-outdoor-solar-cctv-security-ptz-camera\/\"]}]},{\"@type\":\"ImageObject\",\"inLanguage\":\"es\",\"@id\":\"https:\/\/bokysee.com\/products\/best-game-trail-cameras-outdoor-solar-cctv-security-ptz-camera\/#primaryimage\",\"url\":\"https:\/\/bokysee.com\/wp-content\/uploads\/2025\/01\/BK-LXS35PC-M1.jpg\",\"contentUrl\":\"https:\/\/bokysee.com\/wp-content\/uploads\/2025\/01\/BK-LXS35PC-M1.jpg\",\"width\":800,\"height\":800},{\"@type\":\"BreadcrumbList\",\"@id\":\"https:\/\/bokysee.com\/products\/best-game-trail-cameras-outdoor-solar-cctv-security-ptz-camera\/#breadcrumb\",\"itemListElement\":[{\"@type\":\"ListItem\",\"position\":1,\"name\":\"Home\",\"item\":\"https:\/\/bokysee.com\/\"},{\"@type\":\"ListItem\",\"position\":2,\"name\":\"Products\",\"item\":\"https:\/\/bokysee.com\/products\/\"},{\"@type\":\"ListItem\",\"position\":3,\"name\":\"Best Game &#038; Trail Cameras outdoor solar cctv security PTZ camera\"}]},{\"@type\":\"WebSite\",\"@id\":\"https:\/\/bokysee.com\/#website\",\"url\":\"https:\/\/bokysee.com\/\",\"name\":\"Bokysee Technology Co.,LTD\",\"description\":\"Professional Smart Indoor and Outdoor Security Cameras Solution Supplier\",\"potentialAction\":[{\"@type\":\"SearchAction\",\"target\":{\"@type\":\"EntryPoint\",\"urlTemplate\":\"https:\/\/bokysee.com\/?s={search_term_string}\"},\"query-input\":{\"@type\":\"PropertyValueSpecification\",\"valueRequired\":true,\"valueName\":\"search_term_string\"}}],\"inLanguage\":\"es\"}]}<\/script>\n<!-- \/ Yoast SEO Premium plugin. -->","yoast_head_json":{"title":"Best Game & Trail Cameras outdoor solar cctv security PTZ camera - Bokysee Technology Co.,LTD","description":"Best Cellular Game&Trail Cameras 4G LTE with Solar Panel, Live Video Game Camera Include SIM Card, Motion Activated for Wildlife","robots":{"index":"index","follow":"follow","max-snippet":"max-snippet:-1","max-image-preview":"max-image-preview:large","max-video-preview":"max-video-preview:-1"},"canonical":"https:\/\/bokysee.com\/es\/products\/best-game-trail-cameras-outdoor-solar-cctv-security-ptz-camera\/","og_locale":"es_ES","og_type":"article","og_title":"Best Game & Trail Cameras outdoor solar cctv security PTZ camera","og_description":"Best Cellular Game&Trail Cameras 4G LTE with Solar Panel, Live Video Game Camera Include SIM Card, Motion Activated for Wildlife","og_url":"https:\/\/bokysee.com\/es\/products\/best-game-trail-cameras-outdoor-solar-cctv-security-ptz-camera\/","og_site_name":"Bokysee Technology Co.,LTD","article_modified_time":"2025-01-22T08:05:02+00:00","og_image":[{"width":800,"height":800,"url":"https:\/\/bokysee.com\/wp-content\/uploads\/2025\/01\/BK-LXS35PC-M1.jpg","type":"image\/jpeg"}],"twitter_card":"summary_large_image","twitter_misc":{"Tiempo de lectura":"5 minutos"},"schema":{"@context":"https:\/\/schema.org","@graph":[{"@type":"WebPage","@id":"https:\/\/bokysee.com\/products\/best-game-trail-cameras-outdoor-solar-cctv-security-ptz-camera\/","url":"https:\/\/bokysee.com\/products\/best-game-trail-cameras-outdoor-solar-cctv-security-ptz-camera\/","name":"Best Game & Trail Cameras outdoor solar cctv security PTZ camera - Bokysee Technology Co.,LTD","isPartOf":{"@id":"https:\/\/bokysee.com\/#website"},"primaryImageOfPage":{"@id":"https:\/\/bokysee.com\/products\/best-game-trail-cameras-outdoor-solar-cctv-security-ptz-camera\/#primaryimage"},"image":{"@id":"https:\/\/bokysee.com\/products\/best-game-trail-cameras-outdoor-solar-cctv-security-ptz-camera\/#primaryimage"},"thumbnailUrl":"https:\/\/bokysee.com\/wp-content\/uploads\/2025\/01\/BK-LXS35PC-M1.jpg","datePublished":"2025-01-22T08:05:01+00:00","dateModified":"2025-01-22T08:05:02+00:00","description":"Best Cellular Game&Trail Cameras 4G LTE with Solar Panel, Live Video Game Camera Include SIM Card, Motion Activated for Wildlife","breadcrumb":{"@id":"https:\/\/bokysee.com\/products\/best-game-trail-cameras-outdoor-solar-cctv-security-ptz-camera\/#breadcrumb"},"inLanguage":"es","potentialAction":[{"@type":"ReadAction","target":["https:\/\/bokysee.com\/products\/best-game-trail-cameras-outdoor-solar-cctv-security-ptz-camera\/"]}]},{"@type":"ImageObject","inLanguage":"es","@id":"https:\/\/bokysee.com\/products\/best-game-trail-cameras-outdoor-solar-cctv-security-ptz-camera\/#primaryimage","url":"https:\/\/bokysee.com\/wp-content\/uploads\/2025\/01\/BK-LXS35PC-M1.jpg","contentUrl":"https:\/\/bokysee.com\/wp-content\/uploads\/2025\/01\/BK-LXS35PC-M1.jpg","width":800,"height":800},{"@type":"BreadcrumbList","@id":"https:\/\/bokysee.com\/products\/best-game-trail-cameras-outdoor-solar-cctv-security-ptz-camera\/#breadcrumb","itemListElement":[{"@type":"ListItem","position":1,"name":"Home","item":"https:\/\/bokysee.com\/"},{"@type":"ListItem","position":2,"name":"Products","item":"https:\/\/bokysee.com\/products\/"},{"@type":"ListItem","position":3,"name":"Best Game &#038; Trail Cameras outdoor solar cctv security PTZ camera"}]},{"@type":"WebSite","@id":"https:\/\/bokysee.com\/#website","url":"https:\/\/bokysee.com\/","name":"Bokysee Technology Co.,LTD","description":"Professional Smart Indoor and Outdoor Security Cameras Solution Supplier","potentialAction":[{"@type":"SearchAction","target":{"@type":"EntryPoint","urlTemplate":"https:\/\/bokysee.com\/?s={search_term_string}"},"query-input":{"@type":"PropertyValueSpecification","valueRequired":true,"valueName":"search_term_string"}}],"inLanguage":"es"}]}},"_links":{"self":[{"href":"https:\/\/bokysee.com\/es\/wp-json\/wp\/v2\/product\/13120","targetHints":{"allow":["GET"]}}],"collection":[{"href":"https:\/\/bokysee.com\/es\/wp-json\/wp\/v2\/product"}],"about":[{"href":"https:\/\/bokysee.com\/es\/wp-json\/wp\/v2\/types\/product"}],"version-history":[{"count":0,"href":"https:\/\/bokysee.com\/es\/wp-json\/wp\/v2\/product\/13120\/revisions"}],"wp:featuredmedia":[{"embeddable":true,"href":"https:\/\/bokysee.com\/es\/wp-json\/wp\/v2\/media\/13122"}],"wp:attachment":[{"href":"https:\/\/bokysee.com\/es\/wp-json\/wp\/v2\/media?parent=13120"}],"wp:term":[{"taxonomy":"product_brand","embeddable":true,"href":"https:\/\/bokysee.com\/es\/wp-json\/wp\/v2\/product_brand?post=13120"},{"taxonomy":"product_cat","embeddable":true,"href":"https:\/\/bokysee.com\/es\/wp-json\/wp\/v2\/product_cat?post=13120"},{"taxonomy":"product_tag","embeddable":true,"href":"https:\/\/bokysee.com\/es\/wp-json\/wp\/v2\/product_tag?post=13120"}],"curies":[{"name":"wp","href":"https:\/\/api.w.org\/{rel}","templated":true}]}}