{"id":13105,"date":"2025-01-22T15:56:41","date_gmt":"2025-01-22T07:56:41","guid":{"rendered":"https:\/\/bokysee.com\/?post_type=product&#038;p=13105"},"modified":"2025-01-22T15:56:42","modified_gmt":"2025-01-22T07:56:42","slug":"4g-solar-hunting-security-cameras-best-trail-cams-for-capturing-nature","status":"publish","type":"product","link":"https:\/\/bokysee.com\/es\/products\/4g-solar-hunting-security-cameras-best-trail-cams-for-capturing-nature\/","title":{"rendered":"C\u00e1maras de seguridad solares 4G para caza: las mejores c\u00e1maras de seguimiento para capturar la naturaleza"},"content":{"rendered":"<p><strong>C\u00e1maras de seguridad solares 4G para caza: las mejores c\u00e1maras de seguimiento para capturar la naturaleza<\/strong><\/p>\n<p>Captura la vida silvestre con un detalle impresionante con nuestra c\u00e1mara de caza solar 4K de 48 MP. Equipada con un \u00e1ngulo de visi\u00f3n de 355\u00b0 y una inclinaci\u00f3n de 90\u00b0 para un amplio rango de visi\u00f3n, cuenta con visi\u00f3n nocturna activada por movimiento con un alcance infrarrojo de 30 m e im\u00e1genes a todo color. Resistente al agua (IP66), con un panel solar de 6 W y dos opciones de almacenamiento, \u00a1es perfecta para aventuras al aire libre!<\/p>\n<p><img fetchpriority=\"high\" decoding=\"async\" class=\"alignnone size-full wp-image-13118\" src=\"https:\/\/bokysee.com\/wp-content\/uploads\/2025\/01\/BK-LXS23P-M4-1.jpg\" alt=\"\" width=\"800\" height=\"800\" srcset=\"https:\/\/bokysee.com\/wp-content\/uploads\/2025\/01\/BK-LXS23P-M4-1.jpg 800w, https:\/\/bokysee.com\/wp-content\/uploads\/2025\/01\/BK-LXS23P-M4-1-300x300.jpg 300w, https:\/\/bokysee.com\/wp-content\/uploads\/2025\/01\/BK-LXS23P-M4-1-150x150.jpg 150w, https:\/\/bokysee.com\/wp-content\/uploads\/2025\/01\/BK-LXS23P-M4-1-768x768.jpg 768w, https:\/\/bokysee.com\/wp-content\/uploads\/2025\/01\/BK-LXS23P-M4-1-600x600.jpg 600w, https:\/\/bokysee.com\/wp-content\/uploads\/2025\/01\/BK-LXS23P-M4-1-100x100.jpg 100w\" sizes=\"(max-width: 800px) 100vw, 800px\" \/><\/p>\n<p><img decoding=\"async\" class=\"alignnone size-full wp-image-13112\" src=\"https:\/\/bokysee.com\/wp-content\/uploads\/2025\/01\/BK-LXS23P-D2.webp\" alt=\"\" width=\"1125\" height=\"1406\" srcset=\"https:\/\/bokysee.com\/wp-content\/uploads\/2025\/01\/BK-LXS23P-D2.webp 1125w, https:\/\/bokysee.com\/wp-content\/uploads\/2025\/01\/BK-LXS23P-D2-240x300.webp 240w, https:\/\/bokysee.com\/wp-content\/uploads\/2025\/01\/BK-LXS23P-D2-819x1024.webp 819w, https:\/\/bokysee.com\/wp-content\/uploads\/2025\/01\/BK-LXS23P-D2-768x960.webp 768w, https:\/\/bokysee.com\/wp-content\/uploads\/2025\/01\/BK-LXS23P-D2-480x600.webp 480w, https:\/\/bokysee.com\/wp-content\/uploads\/2025\/01\/BK-LXS23P-D2-600x750.webp 600w\" sizes=\"(max-width: 1125px) 100vw, 1125px\" \/> <img decoding=\"async\" class=\"alignnone size-full wp-image-13113\" src=\"https:\/\/bokysee.com\/wp-content\/uploads\/2025\/01\/BK-LXS23P-D3.webp\" alt=\"\" width=\"1125\" height=\"1406\" srcset=\"https:\/\/bokysee.com\/wp-content\/uploads\/2025\/01\/BK-LXS23P-D3.webp 1125w, https:\/\/bokysee.com\/wp-content\/uploads\/2025\/01\/BK-LXS23P-D3-240x300.webp 240w, https:\/\/bokysee.com\/wp-content\/uploads\/2025\/01\/BK-LXS23P-D3-819x1024.webp 819w, https:\/\/bokysee.com\/wp-content\/uploads\/2025\/01\/BK-LXS23P-D3-768x960.webp 768w, https:\/\/bokysee.com\/wp-content\/uploads\/2025\/01\/BK-LXS23P-D3-480x600.webp 480w, https:\/\/bokysee.com\/wp-content\/uploads\/2025\/01\/BK-LXS23P-D3-600x750.webp 600w\" sizes=\"(max-width: 1125px) 100vw, 1125px\" \/> <img loading=\"lazy\" decoding=\"async\" class=\"alignnone size-full wp-image-13114\" src=\"https:\/\/bokysee.com\/wp-content\/uploads\/2025\/01\/BK-LXS23P-D4.webp\" alt=\"\" width=\"1125\" height=\"1406\" srcset=\"https:\/\/bokysee.com\/wp-content\/uploads\/2025\/01\/BK-LXS23P-D4.webp 1125w, https:\/\/bokysee.com\/wp-content\/uploads\/2025\/01\/BK-LXS23P-D4-240x300.webp 240w, https:\/\/bokysee.com\/wp-content\/uploads\/2025\/01\/BK-LXS23P-D4-819x1024.webp 819w, https:\/\/bokysee.com\/wp-content\/uploads\/2025\/01\/BK-LXS23P-D4-768x960.webp 768w, https:\/\/bokysee.com\/wp-content\/uploads\/2025\/01\/BK-LXS23P-D4-480x600.webp 480w, https:\/\/bokysee.com\/wp-content\/uploads\/2025\/01\/BK-LXS23P-D4-600x750.webp 600w\" sizes=\"(max-width: 1125px) 100vw, 1125px\" \/> <img loading=\"lazy\" decoding=\"async\" class=\"alignnone size-full wp-image-13115\" src=\"https:\/\/bokysee.com\/wp-content\/uploads\/2025\/01\/BK-LXS23P-D5.webp\" alt=\"\" width=\"1125\" height=\"1406\" srcset=\"https:\/\/bokysee.com\/wp-content\/uploads\/2025\/01\/BK-LXS23P-D5.webp 1125w, https:\/\/bokysee.com\/wp-content\/uploads\/2025\/01\/BK-LXS23P-D5-240x300.webp 240w, https:\/\/bokysee.com\/wp-content\/uploads\/2025\/01\/BK-LXS23P-D5-819x1024.webp 819w, https:\/\/bokysee.com\/wp-content\/uploads\/2025\/01\/BK-LXS23P-D5-768x960.webp 768w, https:\/\/bokysee.com\/wp-content\/uploads\/2025\/01\/BK-LXS23P-D5-480x600.webp 480w, https:\/\/bokysee.com\/wp-content\/uploads\/2025\/01\/BK-LXS23P-D5-600x750.webp 600w\" sizes=\"(max-width: 1125px) 100vw, 1125px\" \/> <img loading=\"lazy\" decoding=\"async\" class=\"alignnone size-full wp-image-13116\" src=\"https:\/\/bokysee.com\/wp-content\/uploads\/2025\/01\/BK-LXS23P-D6.webp\" alt=\"\" width=\"1125\" height=\"1406\" srcset=\"https:\/\/bokysee.com\/wp-content\/uploads\/2025\/01\/BK-LXS23P-D6.webp 1125w, https:\/\/bokysee.com\/wp-content\/uploads\/2025\/01\/BK-LXS23P-D6-240x300.webp 240w, https:\/\/bokysee.com\/wp-content\/uploads\/2025\/01\/BK-LXS23P-D6-819x1024.webp 819w, https:\/\/bokysee.com\/wp-content\/uploads\/2025\/01\/BK-LXS23P-D6-768x960.webp 768w, https:\/\/bokysee.com\/wp-content\/uploads\/2025\/01\/BK-LXS23P-D6-480x600.webp 480w, https:\/\/bokysee.com\/wp-content\/uploads\/2025\/01\/BK-LXS23P-D6-600x750.webp 600w\" sizes=\"(max-width: 1125px) 100vw, 1125px\" \/> <img loading=\"lazy\" decoding=\"async\" class=\"alignnone size-full wp-image-13117\" src=\"https:\/\/bokysee.com\/wp-content\/uploads\/2025\/01\/BK-LXS23P-D7.webp\" alt=\"\" width=\"1125\" height=\"1406\" srcset=\"https:\/\/bokysee.com\/wp-content\/uploads\/2025\/01\/BK-LXS23P-D7.webp 1125w, https:\/\/bokysee.com\/wp-content\/uploads\/2025\/01\/BK-LXS23P-D7-240x300.webp 240w, https:\/\/bokysee.com\/wp-content\/uploads\/2025\/01\/BK-LXS23P-D7-819x1024.webp 819w, https:\/\/bokysee.com\/wp-content\/uploads\/2025\/01\/BK-LXS23P-D7-768x960.webp 768w, https:\/\/bokysee.com\/wp-content\/uploads\/2025\/01\/BK-LXS23P-D7-480x600.webp 480w, https:\/\/bokysee.com\/wp-content\/uploads\/2025\/01\/BK-LXS23P-D7-600x750.webp 600w\" sizes=\"(max-width: 1125px) 100vw, 1125px\" \/><\/p>\n<p><img loading=\"lazy\" decoding=\"async\" class=\"alignnone size-full wp-image-13111\" src=\"https:\/\/bokysee.com\/wp-content\/uploads\/2025\/01\/BK-LXS23P-8.webp\" alt=\"\" width=\"1125\" height=\"1406\" srcset=\"https:\/\/bokysee.com\/wp-content\/uploads\/2025\/01\/BK-LXS23P-8.webp 1125w, https:\/\/bokysee.com\/wp-content\/uploads\/2025\/01\/BK-LXS23P-8-240x300.webp 240w, https:\/\/bokysee.com\/wp-content\/uploads\/2025\/01\/BK-LXS23P-8-819x1024.webp 819w, https:\/\/bokysee.com\/wp-content\/uploads\/2025\/01\/BK-LXS23P-8-768x960.webp 768w, https:\/\/bokysee.com\/wp-content\/uploads\/2025\/01\/BK-LXS23P-8-480x600.webp 480w, https:\/\/bokysee.com\/wp-content\/uploads\/2025\/01\/BK-LXS23P-8-600x750.webp 600w\" sizes=\"(max-width: 1125px) 100vw, 1125px\" \/><\/p>\n<table width=\"801\">\n<tbody>\n<tr>\n<td width=\"114\">Modelo<\/td>\n<td colspan=\"2\" width=\"687\">BK-LXS23P<\/td>\n<\/tr>\n<tr>\n<td width=\"114\"><\/td>\n<td width=\"187\">Resoluci\u00f3n<\/td>\n<td width=\"500\">4MP<\/td>\n<\/tr>\n<tr>\n<td rowspan=\"8\">General<\/td>\n<td width=\"187\">Sistema<\/td>\n<td width=\"500\">Linux + RTOS<\/td>\n<\/tr>\n<tr>\n<td width=\"187\">Procesador principal<\/td>\n<td width=\"500\">Ingenic-T31ZX<\/td>\n<\/tr>\n<tr>\n<td width=\"187\">Sensor de imagen<\/td>\n<td width=\"500\">GC4653<\/td>\n<\/tr>\n<tr>\n<td width=\"187\">P\u00edxel de v\u00eddeo<\/td>\n<td width=\"500\">2560 X 1440\/15 fps 640 X 360\/15 fps<\/td>\n<\/tr>\n<tr>\n<td width=\"187\">P\u00edxel de la imagen<\/td>\n<td width=\"500\">4 millones\/8 millones\/16 millones<\/td>\n<\/tr>\n<tr>\n<td width=\"187\">Sistema operativo APP<\/td>\n<td width=\"500\">Android, iOS<\/td>\n<\/tr>\n<tr>\n<td width=\"187\">Formato de compresi\u00f3n de v\u00eddeo<\/td>\n<td width=\"500\">H.265<\/td>\n<\/tr>\n<tr>\n<td width=\"187\">Formato de compresi\u00f3n de audio<\/td>\n<td width=\"500\">AAC y G.726<\/td>\n<\/tr>\n<tr>\n<td rowspan=\"3\">Conexi\u00f3n a Internet<\/td>\n<td width=\"187\">4G<\/td>\n<td width=\"500\">TD-LTE,TD-LTE \/ LTE FDD TD-LTE \/ LTE-FDD<\/td>\n<\/tr>\n<tr>\n<td width=\"187\">Versi\u00f3n 4G<\/td>\n<td width=\"500\">CN\/ AU\/ UE\/ JP\/ EE. UU.\/ ASEAN (opcional)<\/td>\n<\/tr>\n<tr>\n<td width=\"187\">Tarjeta SIM<\/td>\n<td width=\"500\">Nano SIM<\/td>\n<\/tr>\n<tr>\n<td rowspan=\"4\">Alarma<\/td>\n<td width=\"187\">Modo de detecci\u00f3n<\/td>\n<td width=\"500\">Detecci\u00f3n humana PIR + Detecci\u00f3n de forma humana con IA<\/td>\n<\/tr>\n<tr>\n<td width=\"187\">Distancia de detecci\u00f3n<\/td>\n<td width=\"500\">0-12M<\/td>\n<\/tr>\n<tr>\n<td width=\"187\">\u00c1ngulo de detecci\u00f3n<\/td>\n<td width=\"500\">95\u00b0<\/td>\n<\/tr>\n<tr>\n<td width=\"187\">Modo de alarma<\/td>\n<td width=\"500\">Llamadas en tiempo real o mensajes push<\/td>\n<\/tr>\n<tr>\n<td rowspan=\"2\" width=\"114\">Visi\u00f3n nocturna<\/td>\n<td width=\"187\">luz infrarroja<\/td>\n<td width=\"500\">940 nm\/850 nm opcional<\/td>\n<\/tr>\n<tr>\n<td width=\"187\">rango de visi\u00f3n nocturna<\/td>\n<td width=\"500\">25 millones<\/td>\n<\/tr>\n<tr>\n<td rowspan=\"2\" width=\"114\">Voz<\/td>\n<td width=\"187\">altavoz incorporado<\/td>\n<td width=\"500\">3W<\/td>\n<\/tr>\n<tr>\n<td width=\"187\">micr\u00f3fono incorporado<\/td>\n<td width=\"500\">Distancia de monitoreo de voz 20M<\/td>\n<\/tr>\n<tr>\n<td rowspan=\"2\" width=\"114\">Lente<\/td>\n<td width=\"187\">Lente<\/td>\n<td width=\"500\">3,6 mm<\/td>\n<\/tr>\n<tr>\n<td width=\"187\">\u00c1ngulo de la lente<\/td>\n<td width=\"500\">95\u00b0<\/td>\n<\/tr>\n<tr>\n<td rowspan=\"2\" width=\"114\">Almacenamiento<\/td>\n<td width=\"187\">almacenamiento en la nube<\/td>\n<td width=\"500\">almacenamiento durante la grabaci\u00f3n de alarma<\/td>\n<\/tr>\n<tr>\n<td width=\"187\">Almacenamiento local<\/td>\n<td width=\"500\">Tarjeta TF M\u00e1x. 128G<\/td>\n<\/tr>\n<tr>\n<td rowspan=\"6\">Fuerza<\/td>\n<td width=\"187\">Modo de suministro de energ\u00eda<\/td>\n<td width=\"500\">Panel solar + bater\u00edas incorporadas<\/td>\n<\/tr>\n<tr>\n<td width=\"187\">Material solar<\/td>\n<td width=\"500\">silicio monocristalino<\/td>\n<\/tr>\n<tr>\n<td width=\"187\">Energ\u00eda solar<\/td>\n<td width=\"500\">4W<\/td>\n<\/tr>\n<tr>\n<td width=\"187\">Bater\u00eda<\/td>\n<td width=\"500\">3 piezas 18650<\/td>\n<\/tr>\n<tr>\n<td width=\"187\">Consumo de energ\u00eda en funcionamiento<\/td>\n<td width=\"500\">2,5 W<\/td>\n<\/tr>\n<tr>\n<td width=\"187\">Consumo en modo de espera<\/td>\n<td width=\"500\">0,003 W<\/td>\n<\/tr>\n<tr>\n<td rowspan=\"3\">Otro<\/td>\n<td width=\"187\">Entorno de trabajo<\/td>\n<td width=\"500\">Interior\/exterior<\/td>\n<\/tr>\n<tr>\n<td width=\"187\">Temperatura de funcionamiento<\/td>\n<td width=\"500\">-30\u00b0~+60\u00b0<\/td>\n<\/tr>\n<tr>\n<td width=\"187\">Humedad<\/td>\n<td width=\"500\">0%~90%RH<\/td>\n<\/tr>\n<tr>\n<td rowspan=\"5\">Paquete<\/td>\n<td>noroeste<\/td>\n<td>1 kilogramo<\/td>\n<\/tr>\n<tr>\n<td>Tama\u00f1o de la caja de regalo<\/td>\n<td>194*169*104 mm<\/td>\n<\/tr>\n<tr>\n<td>Cantidad en caja<\/td>\n<td>16 piezas<\/td>\n<\/tr>\n<tr>\n<td>GW<\/td>\n<td>17 kilos<\/td>\n<\/tr>\n<tr>\n<td>Tama\u00f1o de la caja<\/td>\n<td>400*350*423 mm<\/td>\n<\/tr>\n<\/tbody>\n<\/table>\n<p><strong>Sobre nosotros:<\/strong><\/p>\n<p><img loading=\"lazy\" decoding=\"async\" class=\"alignnone size-full wp-image-12939\" src=\"https:\/\/bokysee.com\/wp-content\/uploads\/2025\/01\/Bokysee-CCTV-Company.jpg\" alt=\"\" width=\"961\" height=\"543\" srcset=\"https:\/\/bokysee.com\/wp-content\/uploads\/2025\/01\/Bokysee-CCTV-Company.jpg 961w, https:\/\/bokysee.com\/wp-content\/uploads\/2025\/01\/Bokysee-CCTV-Company-300x170.jpg 300w, https:\/\/bokysee.com\/wp-content\/uploads\/2025\/01\/Bokysee-CCTV-Company-768x434.jpg 768w, https:\/\/bokysee.com\/wp-content\/uploads\/2025\/01\/Bokysee-CCTV-Company-600x339.jpg 600w\" sizes=\"(max-width: 961px) 100vw, 961px\" \/><\/p>\n<p>Taller de f\u00e1brica:<\/p>\n<p><img loading=\"lazy\" decoding=\"async\" class=\"alignnone size-full wp-image-12940\" src=\"https:\/\/bokysee.com\/wp-content\/uploads\/2025\/01\/Bokysee-CCTV-Workshop.jpg\" alt=\"\" width=\"1282\" height=\"726\" srcset=\"https:\/\/bokysee.com\/wp-content\/uploads\/2025\/01\/Bokysee-CCTV-Workshop.jpg 1282w, https:\/\/bokysee.com\/wp-content\/uploads\/2025\/01\/Bokysee-CCTV-Workshop-300x170.jpg 300w, https:\/\/bokysee.com\/wp-content\/uploads\/2025\/01\/Bokysee-CCTV-Workshop-1024x580.jpg 1024w, https:\/\/bokysee.com\/wp-content\/uploads\/2025\/01\/Bokysee-CCTV-Workshop-768x435.jpg 768w, https:\/\/bokysee.com\/wp-content\/uploads\/2025\/01\/Bokysee-CCTV-Workshop-600x340.jpg 600w\" sizes=\"(max-width: 1282px) 100vw, 1282px\" \/><\/p>","protected":false},"excerpt":{"rendered":"<p><strong>C\u00e1mara de caza solar con bater\u00eda<\/strong><br \/>\n\u25cf Resoluci\u00f3n: 2.0MP y 4.0MP<br \/>\n\u25cf Procesador principal: T31ZL+2063 y T31ZX+4653<br \/>\n\u25cf LED: Matriz de 4 LED, color completo d\u00eda\/noche, distancia IR de 30 M<br \/>\n\u25cf Lente: 3,6 mm<br \/>\n\u25cf PTZ: Panor\u00e1mica de 355\u00b0, inclinaci\u00f3n de 90\u00b0<br \/>\n\u25cf Panel solar: 6W<br \/>\n\u25cf Micr\u00f3fono y altavoces integrados, audio bidireccional<br \/>\n\u25cf Material: ABS + Metal, resistente al agua IP65<br \/>\n\u25cf Detecci\u00f3n: Detecci\u00f3n humana PIR + Detecci\u00f3n humanoide IA<br \/>\n\u25cf Almacenamiento: Almacenamiento en la nube + tarjeta TF (m\u00e1ximo 128 GB)<br \/>\n\u25cf Bater\u00eda: 3x2600mAh<br \/>\n\u25cf Fuente de alimentaci\u00f3n: DC5V 2A<\/p>","protected":false},"featured_media":13110,"template":"","meta":[],"product_brand":[],"product_cat":[1111],"product_tag":[1198,1196,1197],"class_list":{"0":"post-13105","1":"product","2":"type-product","3":"status-publish","4":"has-post-thumbnail","6":"product_cat-4g-solar-camera","7":"product_tag-best-trail-cams-for-capturing-nature","8":"product_tag-security-camera-with-4g","9":"product_tag-solar-security-cam","11":"first","12":"instock","13":"shipping-taxable","14":"product-type-simple"},"acf":[],"yoast_head":"<!-- This site is optimized with the Yoast SEO Premium plugin v20.2.1 (Yoast SEO v26.1.1) - https:\/\/yoast.com\/wordpress\/plugins\/seo\/ -->\n<title>4G Solar Hunting security cameras Best Trail Cams for Capturing Nature - Bokysee Technology Co.,LTD<\/title>\n<meta name=\"description\" content=\"4K 8MP Hunting Trail Camera, Game Cameras with Night Vision Motion Activated Waterproof IP66, No Glow 120\u00b0 Wide Angle Deer Camera with LCD Display for Capturing Wildlife\" \/>\n<meta name=\"robots\" content=\"index, follow, max-snippet:-1, max-image-preview:large, max-video-preview:-1\" \/>\n<link rel=\"canonical\" href=\"https:\/\/bokysee.com\/es\/products\/4g-solar-hunting-security-cameras-best-trail-cams-for-capturing-nature\/\" \/>\n<meta property=\"og:locale\" content=\"es_ES\" \/>\n<meta property=\"og:type\" content=\"article\" \/>\n<meta property=\"og:title\" content=\"4G Solar Hunting security cameras Best Trail Cams for Capturing Nature\" \/>\n<meta property=\"og:description\" content=\"4K 8MP Hunting Trail Camera, Game Cameras with Night Vision Motion Activated Waterproof IP66, No Glow 120\u00b0 Wide Angle Deer Camera with LCD Display for Capturing Wildlife\" \/>\n<meta property=\"og:url\" content=\"https:\/\/bokysee.com\/es\/products\/4g-solar-hunting-security-cameras-best-trail-cams-for-capturing-nature\/\" \/>\n<meta property=\"og:site_name\" content=\"Bokysee Technology Co.,LTD\" \/>\n<meta property=\"article:modified_time\" content=\"2025-01-22T07:56:42+00:00\" \/>\n<meta property=\"og:image\" content=\"https:\/\/bokysee.com\/wp-content\/uploads\/2025\/01\/BK-LXS23P-M4.jpg\" \/>\n\t<meta property=\"og:image:width\" content=\"800\" \/>\n\t<meta property=\"og:image:height\" content=\"800\" \/>\n\t<meta property=\"og:image:type\" content=\"image\/jpeg\" \/>\n<meta name=\"twitter:card\" content=\"summary_large_image\" \/>\n<meta name=\"twitter:label1\" content=\"Tiempo de lectura\" \/>\n\t<meta name=\"twitter:data1\" content=\"4 minutos\" \/>\n<script type=\"application\/ld+json\" class=\"yoast-schema-graph\">{\"@context\":\"https:\/\/schema.org\",\"@graph\":[{\"@type\":\"WebPage\",\"@id\":\"https:\/\/bokysee.com\/products\/4g-solar-hunting-security-cameras-best-trail-cams-for-capturing-nature\/\",\"url\":\"https:\/\/bokysee.com\/products\/4g-solar-hunting-security-cameras-best-trail-cams-for-capturing-nature\/\",\"name\":\"4G Solar Hunting security cameras Best Trail Cams for Capturing Nature - Bokysee Technology Co.,LTD\",\"isPartOf\":{\"@id\":\"https:\/\/bokysee.com\/#website\"},\"primaryImageOfPage\":{\"@id\":\"https:\/\/bokysee.com\/products\/4g-solar-hunting-security-cameras-best-trail-cams-for-capturing-nature\/#primaryimage\"},\"image\":{\"@id\":\"https:\/\/bokysee.com\/products\/4g-solar-hunting-security-cameras-best-trail-cams-for-capturing-nature\/#primaryimage\"},\"thumbnailUrl\":\"https:\/\/bokysee.com\/wp-content\/uploads\/2025\/01\/BK-LXS23P-M4.jpg\",\"datePublished\":\"2025-01-22T07:56:41+00:00\",\"dateModified\":\"2025-01-22T07:56:42+00:00\",\"description\":\"4K 8MP Hunting Trail Camera, Game Cameras with Night Vision Motion Activated Waterproof IP66, No Glow 120\u00b0 Wide Angle Deer Camera with LCD Display for Capturing Wildlife\",\"breadcrumb\":{\"@id\":\"https:\/\/bokysee.com\/products\/4g-solar-hunting-security-cameras-best-trail-cams-for-capturing-nature\/#breadcrumb\"},\"inLanguage\":\"es\",\"potentialAction\":[{\"@type\":\"ReadAction\",\"target\":[\"https:\/\/bokysee.com\/products\/4g-solar-hunting-security-cameras-best-trail-cams-for-capturing-nature\/\"]}]},{\"@type\":\"ImageObject\",\"inLanguage\":\"es\",\"@id\":\"https:\/\/bokysee.com\/products\/4g-solar-hunting-security-cameras-best-trail-cams-for-capturing-nature\/#primaryimage\",\"url\":\"https:\/\/bokysee.com\/wp-content\/uploads\/2025\/01\/BK-LXS23P-M4.jpg\",\"contentUrl\":\"https:\/\/bokysee.com\/wp-content\/uploads\/2025\/01\/BK-LXS23P-M4.jpg\",\"width\":800,\"height\":800},{\"@type\":\"BreadcrumbList\",\"@id\":\"https:\/\/bokysee.com\/products\/4g-solar-hunting-security-cameras-best-trail-cams-for-capturing-nature\/#breadcrumb\",\"itemListElement\":[{\"@type\":\"ListItem\",\"position\":1,\"name\":\"Home\",\"item\":\"https:\/\/bokysee.com\/\"},{\"@type\":\"ListItem\",\"position\":2,\"name\":\"Products\",\"item\":\"https:\/\/bokysee.com\/products\/\"},{\"@type\":\"ListItem\",\"position\":3,\"name\":\"4G Solar Hunting security cameras Best Trail Cams for Capturing Nature\"}]},{\"@type\":\"WebSite\",\"@id\":\"https:\/\/bokysee.com\/#website\",\"url\":\"https:\/\/bokysee.com\/\",\"name\":\"Bokysee Technology Co.,LTD\",\"description\":\"Professional Smart Indoor and Outdoor Security Cameras Solution Supplier\",\"potentialAction\":[{\"@type\":\"SearchAction\",\"target\":{\"@type\":\"EntryPoint\",\"urlTemplate\":\"https:\/\/bokysee.com\/?s={search_term_string}\"},\"query-input\":{\"@type\":\"PropertyValueSpecification\",\"valueRequired\":true,\"valueName\":\"search_term_string\"}}],\"inLanguage\":\"es\"}]}<\/script>\n<!-- \/ Yoast SEO Premium plugin. -->","yoast_head_json":{"title":"4G Solar Hunting security cameras Best Trail Cams for Capturing Nature - Bokysee Technology Co.,LTD","description":"4K 8MP Hunting Trail Camera, Game Cameras with Night Vision Motion Activated Waterproof IP66, No Glow 120\u00b0 Wide Angle Deer Camera with LCD Display for Capturing Wildlife","robots":{"index":"index","follow":"follow","max-snippet":"max-snippet:-1","max-image-preview":"max-image-preview:large","max-video-preview":"max-video-preview:-1"},"canonical":"https:\/\/bokysee.com\/es\/products\/4g-solar-hunting-security-cameras-best-trail-cams-for-capturing-nature\/","og_locale":"es_ES","og_type":"article","og_title":"4G Solar Hunting security cameras Best Trail Cams for Capturing Nature","og_description":"4K 8MP Hunting Trail Camera, Game Cameras with Night Vision Motion Activated Waterproof IP66, No Glow 120\u00b0 Wide Angle Deer Camera with LCD Display for Capturing Wildlife","og_url":"https:\/\/bokysee.com\/es\/products\/4g-solar-hunting-security-cameras-best-trail-cams-for-capturing-nature\/","og_site_name":"Bokysee Technology Co.,LTD","article_modified_time":"2025-01-22T07:56:42+00:00","og_image":[{"width":800,"height":800,"url":"https:\/\/bokysee.com\/wp-content\/uploads\/2025\/01\/BK-LXS23P-M4.jpg","type":"image\/jpeg"}],"twitter_card":"summary_large_image","twitter_misc":{"Tiempo de lectura":"4 minutos"},"schema":{"@context":"https:\/\/schema.org","@graph":[{"@type":"WebPage","@id":"https:\/\/bokysee.com\/products\/4g-solar-hunting-security-cameras-best-trail-cams-for-capturing-nature\/","url":"https:\/\/bokysee.com\/products\/4g-solar-hunting-security-cameras-best-trail-cams-for-capturing-nature\/","name":"4G Solar Hunting security cameras Best Trail Cams for Capturing Nature - Bokysee Technology Co.,LTD","isPartOf":{"@id":"https:\/\/bokysee.com\/#website"},"primaryImageOfPage":{"@id":"https:\/\/bokysee.com\/products\/4g-solar-hunting-security-cameras-best-trail-cams-for-capturing-nature\/#primaryimage"},"image":{"@id":"https:\/\/bokysee.com\/products\/4g-solar-hunting-security-cameras-best-trail-cams-for-capturing-nature\/#primaryimage"},"thumbnailUrl":"https:\/\/bokysee.com\/wp-content\/uploads\/2025\/01\/BK-LXS23P-M4.jpg","datePublished":"2025-01-22T07:56:41+00:00","dateModified":"2025-01-22T07:56:42+00:00","description":"4K 8MP Hunting Trail Camera, Game Cameras with Night Vision Motion Activated Waterproof IP66, No Glow 120\u00b0 Wide Angle Deer Camera with LCD Display for Capturing Wildlife","breadcrumb":{"@id":"https:\/\/bokysee.com\/products\/4g-solar-hunting-security-cameras-best-trail-cams-for-capturing-nature\/#breadcrumb"},"inLanguage":"es","potentialAction":[{"@type":"ReadAction","target":["https:\/\/bokysee.com\/products\/4g-solar-hunting-security-cameras-best-trail-cams-for-capturing-nature\/"]}]},{"@type":"ImageObject","inLanguage":"es","@id":"https:\/\/bokysee.com\/products\/4g-solar-hunting-security-cameras-best-trail-cams-for-capturing-nature\/#primaryimage","url":"https:\/\/bokysee.com\/wp-content\/uploads\/2025\/01\/BK-LXS23P-M4.jpg","contentUrl":"https:\/\/bokysee.com\/wp-content\/uploads\/2025\/01\/BK-LXS23P-M4.jpg","width":800,"height":800},{"@type":"BreadcrumbList","@id":"https:\/\/bokysee.com\/products\/4g-solar-hunting-security-cameras-best-trail-cams-for-capturing-nature\/#breadcrumb","itemListElement":[{"@type":"ListItem","position":1,"name":"Home","item":"https:\/\/bokysee.com\/"},{"@type":"ListItem","position":2,"name":"Products","item":"https:\/\/bokysee.com\/products\/"},{"@type":"ListItem","position":3,"name":"4G Solar Hunting security cameras Best Trail Cams for Capturing Nature"}]},{"@type":"WebSite","@id":"https:\/\/bokysee.com\/#website","url":"https:\/\/bokysee.com\/","name":"Bokysee Technology Co.,LTD","description":"Professional Smart Indoor and Outdoor Security Cameras Solution Supplier","potentialAction":[{"@type":"SearchAction","target":{"@type":"EntryPoint","urlTemplate":"https:\/\/bokysee.com\/?s={search_term_string}"},"query-input":{"@type":"PropertyValueSpecification","valueRequired":true,"valueName":"search_term_string"}}],"inLanguage":"es"}]}},"_links":{"self":[{"href":"https:\/\/bokysee.com\/es\/wp-json\/wp\/v2\/product\/13105","targetHints":{"allow":["GET"]}}],"collection":[{"href":"https:\/\/bokysee.com\/es\/wp-json\/wp\/v2\/product"}],"about":[{"href":"https:\/\/bokysee.com\/es\/wp-json\/wp\/v2\/types\/product"}],"version-history":[{"count":0,"href":"https:\/\/bokysee.com\/es\/wp-json\/wp\/v2\/product\/13105\/revisions"}],"wp:featuredmedia":[{"embeddable":true,"href":"https:\/\/bokysee.com\/es\/wp-json\/wp\/v2\/media\/13110"}],"wp:attachment":[{"href":"https:\/\/bokysee.com\/es\/wp-json\/wp\/v2\/media?parent=13105"}],"wp:term":[{"taxonomy":"product_brand","embeddable":true,"href":"https:\/\/bokysee.com\/es\/wp-json\/wp\/v2\/product_brand?post=13105"},{"taxonomy":"product_cat","embeddable":true,"href":"https:\/\/bokysee.com\/es\/wp-json\/wp\/v2\/product_cat?post=13105"},{"taxonomy":"product_tag","embeddable":true,"href":"https:\/\/bokysee.com\/es\/wp-json\/wp\/v2\/product_tag?post=13105"}],"curies":[{"name":"wp","href":"https:\/\/api.w.org\/{rel}","templated":true}]}}