{"id":13081,"date":"2025-01-22T15:41:13","date_gmt":"2025-01-22T07:41:13","guid":{"rendered":"https:\/\/bokysee.com\/?post_type=product&#038;p=13081"},"modified":"2025-01-22T15:42:01","modified_gmt":"2025-01-22T07:42:01","slug":"solar-three-lens-linkage-panoramic-camera-cctv-camera-with-solar","status":"publish","type":"product","link":"https:\/\/bokysee.com\/es\/products\/solar-three-lens-linkage-panoramic-camera-cctv-camera-with-solar\/","title":{"rendered":"C\u00e1mara panor\u00e1mica con enlace solar de tres lentes C\u00e1mara CCTV con energ\u00eda solar"},"content":{"rendered":"<p><strong>C\u00e1mara panor\u00e1mica solar con enlace de tres lentes<a href=\"https:\/\/bokysee.com\/es\/product-category\/solar-battery-camera\/\"> C\u00e1mara CCTV con energ\u00eda solar<\/a><\/strong><\/p>\n<p>La c\u00e1mara solar inal\u00e1mbrica 4G de tres lentes Bokysee de 12 MP ofrece zoom de 10x, resoluci\u00f3n 4K y detecci\u00f3n de personas con IA. Con una bater\u00eda de 20\u00a0000 mAh, un panel solar de 9 W y un modo de bajo consumo, ofrece seguridad 24\/7. Incluye visi\u00f3n nocturna\/infrarroja de hasta 30 m, almacenamiento en la nube\/tarjeta TF y PTZ resistente al agua para una vigilancia fiable en exteriores.<\/p>\n<p><img fetchpriority=\"high\" decoding=\"async\" class=\"alignnone size-full wp-image-13089\" src=\"https:\/\/bokysee.com\/wp-content\/uploads\/2025\/01\/BK-LXS30P-D_01.jpg\" alt=\"\" width=\"790\" height=\"1100\" srcset=\"https:\/\/bokysee.com\/wp-content\/uploads\/2025\/01\/BK-LXS30P-D_01.jpg 790w, https:\/\/bokysee.com\/wp-content\/uploads\/2025\/01\/BK-LXS30P-D_01-215x300.jpg 215w, https:\/\/bokysee.com\/wp-content\/uploads\/2025\/01\/BK-LXS30P-D_01-735x1024.jpg 735w, https:\/\/bokysee.com\/wp-content\/uploads\/2025\/01\/BK-LXS30P-D_01-768x1069.jpg 768w, https:\/\/bokysee.com\/wp-content\/uploads\/2025\/01\/BK-LXS30P-D_01-431x600.jpg 431w, https:\/\/bokysee.com\/wp-content\/uploads\/2025\/01\/BK-LXS30P-D_01-600x835.jpg 600w\" sizes=\"(max-width: 790px) 100vw, 790px\" \/> <img decoding=\"async\" class=\"alignnone size-full wp-image-13090\" src=\"https:\/\/bokysee.com\/wp-content\/uploads\/2025\/01\/BK-LXS30P-D_02.jpg\" alt=\"\" width=\"790\" height=\"410\" srcset=\"https:\/\/bokysee.com\/wp-content\/uploads\/2025\/01\/BK-LXS30P-D_02.jpg 790w, https:\/\/bokysee.com\/wp-content\/uploads\/2025\/01\/BK-LXS30P-D_02-300x156.jpg 300w, https:\/\/bokysee.com\/wp-content\/uploads\/2025\/01\/BK-LXS30P-D_02-768x399.jpg 768w, https:\/\/bokysee.com\/wp-content\/uploads\/2025\/01\/BK-LXS30P-D_02-600x311.jpg 600w\" sizes=\"(max-width: 790px) 100vw, 790px\" \/> <img decoding=\"async\" class=\"alignnone size-full wp-image-13091\" src=\"https:\/\/bokysee.com\/wp-content\/uploads\/2025\/01\/BK-LXS30P-D_03.jpg\" alt=\"\" width=\"790\" height=\"945\" srcset=\"https:\/\/bokysee.com\/wp-content\/uploads\/2025\/01\/BK-LXS30P-D_03.jpg 790w, https:\/\/bokysee.com\/wp-content\/uploads\/2025\/01\/BK-LXS30P-D_03-251x300.jpg 251w, https:\/\/bokysee.com\/wp-content\/uploads\/2025\/01\/BK-LXS30P-D_03-768x919.jpg 768w, https:\/\/bokysee.com\/wp-content\/uploads\/2025\/01\/BK-LXS30P-D_03-502x600.jpg 502w, https:\/\/bokysee.com\/wp-content\/uploads\/2025\/01\/BK-LXS30P-D_03-600x718.jpg 600w\" sizes=\"(max-width: 790px) 100vw, 790px\" \/> <img loading=\"lazy\" decoding=\"async\" class=\"alignnone size-full wp-image-13092\" src=\"https:\/\/bokysee.com\/wp-content\/uploads\/2025\/01\/BK-LXS30P-D_04.jpg\" alt=\"\" width=\"790\" height=\"870\" srcset=\"https:\/\/bokysee.com\/wp-content\/uploads\/2025\/01\/BK-LXS30P-D_04.jpg 790w, https:\/\/bokysee.com\/wp-content\/uploads\/2025\/01\/BK-LXS30P-D_04-272x300.jpg 272w, https:\/\/bokysee.com\/wp-content\/uploads\/2025\/01\/BK-LXS30P-D_04-768x846.jpg 768w, https:\/\/bokysee.com\/wp-content\/uploads\/2025\/01\/BK-LXS30P-D_04-545x600.jpg 545w, https:\/\/bokysee.com\/wp-content\/uploads\/2025\/01\/BK-LXS30P-D_04-600x661.jpg 600w\" sizes=\"(max-width: 790px) 100vw, 790px\" \/> <img loading=\"lazy\" decoding=\"async\" class=\"alignnone size-full wp-image-13093\" src=\"https:\/\/bokysee.com\/wp-content\/uploads\/2025\/01\/BK-LXS30P-D_05.jpg\" alt=\"\" width=\"790\" height=\"1283\" srcset=\"https:\/\/bokysee.com\/wp-content\/uploads\/2025\/01\/BK-LXS30P-D_05.jpg 790w, https:\/\/bokysee.com\/wp-content\/uploads\/2025\/01\/BK-LXS30P-D_05-185x300.jpg 185w, https:\/\/bokysee.com\/wp-content\/uploads\/2025\/01\/BK-LXS30P-D_05-631x1024.jpg 631w, https:\/\/bokysee.com\/wp-content\/uploads\/2025\/01\/BK-LXS30P-D_05-768x1247.jpg 768w, https:\/\/bokysee.com\/wp-content\/uploads\/2025\/01\/BK-LXS30P-D_05-369x600.jpg 369w, https:\/\/bokysee.com\/wp-content\/uploads\/2025\/01\/BK-LXS30P-D_05-600x974.jpg 600w\" sizes=\"(max-width: 790px) 100vw, 790px\" \/> <img loading=\"lazy\" decoding=\"async\" class=\"alignnone size-full wp-image-13094\" src=\"https:\/\/bokysee.com\/wp-content\/uploads\/2025\/01\/BK-LXS30P-D_06.jpg\" alt=\"\" width=\"790\" height=\"1278\" srcset=\"https:\/\/bokysee.com\/wp-content\/uploads\/2025\/01\/BK-LXS30P-D_06.jpg 790w, https:\/\/bokysee.com\/wp-content\/uploads\/2025\/01\/BK-LXS30P-D_06-185x300.jpg 185w, https:\/\/bokysee.com\/wp-content\/uploads\/2025\/01\/BK-LXS30P-D_06-633x1024.jpg 633w, https:\/\/bokysee.com\/wp-content\/uploads\/2025\/01\/BK-LXS30P-D_06-768x1242.jpg 768w, https:\/\/bokysee.com\/wp-content\/uploads\/2025\/01\/BK-LXS30P-D_06-371x600.jpg 371w, https:\/\/bokysee.com\/wp-content\/uploads\/2025\/01\/BK-LXS30P-D_06-600x971.jpg 600w\" sizes=\"(max-width: 790px) 100vw, 790px\" \/> <img loading=\"lazy\" decoding=\"async\" class=\"alignnone size-full wp-image-13095\" src=\"https:\/\/bokysee.com\/wp-content\/uploads\/2025\/01\/BK-LXS30P-D_07.jpg\" alt=\"\" width=\"790\" height=\"983\" srcset=\"https:\/\/bokysee.com\/wp-content\/uploads\/2025\/01\/BK-LXS30P-D_07.jpg 790w, https:\/\/bokysee.com\/wp-content\/uploads\/2025\/01\/BK-LXS30P-D_07-241x300.jpg 241w, https:\/\/bokysee.com\/wp-content\/uploads\/2025\/01\/BK-LXS30P-D_07-768x956.jpg 768w, https:\/\/bokysee.com\/wp-content\/uploads\/2025\/01\/BK-LXS30P-D_07-482x600.jpg 482w, https:\/\/bokysee.com\/wp-content\/uploads\/2025\/01\/BK-LXS30P-D_07-600x747.jpg 600w\" sizes=\"(max-width: 790px) 100vw, 790px\" \/> <img loading=\"lazy\" decoding=\"async\" class=\"alignnone size-full wp-image-13096\" src=\"https:\/\/bokysee.com\/wp-content\/uploads\/2025\/01\/BK-LXS30P-D_08.jpg\" alt=\"\" width=\"790\" height=\"1296\" srcset=\"https:\/\/bokysee.com\/wp-content\/uploads\/2025\/01\/BK-LXS30P-D_08.jpg 790w, https:\/\/bokysee.com\/wp-content\/uploads\/2025\/01\/BK-LXS30P-D_08-183x300.jpg 183w, https:\/\/bokysee.com\/wp-content\/uploads\/2025\/01\/BK-LXS30P-D_08-624x1024.jpg 624w, https:\/\/bokysee.com\/wp-content\/uploads\/2025\/01\/BK-LXS30P-D_08-768x1260.jpg 768w, https:\/\/bokysee.com\/wp-content\/uploads\/2025\/01\/BK-LXS30P-D_08-366x600.jpg 366w, https:\/\/bokysee.com\/wp-content\/uploads\/2025\/01\/BK-LXS30P-D_08-600x984.jpg 600w\" sizes=\"(max-width: 790px) 100vw, 790px\" \/> <img loading=\"lazy\" decoding=\"async\" class=\"alignnone size-full wp-image-13097\" src=\"https:\/\/bokysee.com\/wp-content\/uploads\/2025\/01\/BK-LXS30P-D_09.jpg\" alt=\"\" width=\"790\" height=\"1907\" srcset=\"https:\/\/bokysee.com\/wp-content\/uploads\/2025\/01\/BK-LXS30P-D_09.jpg 790w, https:\/\/bokysee.com\/wp-content\/uploads\/2025\/01\/BK-LXS30P-D_09-124x300.jpg 124w, https:\/\/bokysee.com\/wp-content\/uploads\/2025\/01\/BK-LXS30P-D_09-424x1024.jpg 424w, https:\/\/bokysee.com\/wp-content\/uploads\/2025\/01\/BK-LXS30P-D_09-768x1854.jpg 768w, https:\/\/bokysee.com\/wp-content\/uploads\/2025\/01\/BK-LXS30P-D_09-636x1536.jpg 636w, https:\/\/bokysee.com\/wp-content\/uploads\/2025\/01\/BK-LXS30P-D_09-249x600.jpg 249w, https:\/\/bokysee.com\/wp-content\/uploads\/2025\/01\/BK-LXS30P-D_09-600x1448.jpg 600w\" sizes=\"(max-width: 790px) 100vw, 790px\" \/> <img loading=\"lazy\" decoding=\"async\" class=\"alignnone size-full wp-image-13098\" src=\"https:\/\/bokysee.com\/wp-content\/uploads\/2025\/01\/BK-LXS30P-D_10.jpg\" alt=\"\" width=\"790\" height=\"742\" srcset=\"https:\/\/bokysee.com\/wp-content\/uploads\/2025\/01\/BK-LXS30P-D_10.jpg 790w, https:\/\/bokysee.com\/wp-content\/uploads\/2025\/01\/BK-LXS30P-D_10-300x282.jpg 300w, https:\/\/bokysee.com\/wp-content\/uploads\/2025\/01\/BK-LXS30P-D_10-768x721.jpg 768w, https:\/\/bokysee.com\/wp-content\/uploads\/2025\/01\/BK-LXS30P-D_10-600x564.jpg 600w\" sizes=\"(max-width: 790px) 100vw, 790px\" \/> <img loading=\"lazy\" decoding=\"async\" class=\"alignnone size-full wp-image-13099\" src=\"https:\/\/bokysee.com\/wp-content\/uploads\/2025\/01\/BK-LXS30P-D_11.jpg\" alt=\"\" width=\"790\" height=\"980\" srcset=\"https:\/\/bokysee.com\/wp-content\/uploads\/2025\/01\/BK-LXS30P-D_11.jpg 790w, https:\/\/bokysee.com\/wp-content\/uploads\/2025\/01\/BK-LXS30P-D_11-242x300.jpg 242w, https:\/\/bokysee.com\/wp-content\/uploads\/2025\/01\/BK-LXS30P-D_11-768x953.jpg 768w, https:\/\/bokysee.com\/wp-content\/uploads\/2025\/01\/BK-LXS30P-D_11-484x600.jpg 484w, https:\/\/bokysee.com\/wp-content\/uploads\/2025\/01\/BK-LXS30P-D_11-600x744.jpg 600w\" sizes=\"(max-width: 790px) 100vw, 790px\" \/> <img loading=\"lazy\" decoding=\"async\" class=\"alignnone size-full wp-image-13100\" src=\"https:\/\/bokysee.com\/wp-content\/uploads\/2025\/01\/BK-LXS30P-D_12.jpg\" alt=\"\" width=\"790\" height=\"1048\" srcset=\"https:\/\/bokysee.com\/wp-content\/uploads\/2025\/01\/BK-LXS30P-D_12.jpg 790w, https:\/\/bokysee.com\/wp-content\/uploads\/2025\/01\/BK-LXS30P-D_12-226x300.jpg 226w, https:\/\/bokysee.com\/wp-content\/uploads\/2025\/01\/BK-LXS30P-D_12-772x1024.jpg 772w, https:\/\/bokysee.com\/wp-content\/uploads\/2025\/01\/BK-LXS30P-D_12-768x1019.jpg 768w, https:\/\/bokysee.com\/wp-content\/uploads\/2025\/01\/BK-LXS30P-D_12-452x600.jpg 452w, https:\/\/bokysee.com\/wp-content\/uploads\/2025\/01\/BK-LXS30P-D_12-600x796.jpg 600w\" sizes=\"(max-width: 790px) 100vw, 790px\" \/> <img loading=\"lazy\" decoding=\"async\" class=\"alignnone size-full wp-image-13101\" src=\"https:\/\/bokysee.com\/wp-content\/uploads\/2025\/01\/BK-LXS30P-D_15.jpg\" alt=\"\" width=\"790\" height=\"719\" srcset=\"https:\/\/bokysee.com\/wp-content\/uploads\/2025\/01\/BK-LXS30P-D_15.jpg 790w, https:\/\/bokysee.com\/wp-content\/uploads\/2025\/01\/BK-LXS30P-D_15-300x273.jpg 300w, https:\/\/bokysee.com\/wp-content\/uploads\/2025\/01\/BK-LXS30P-D_15-768x699.jpg 768w, https:\/\/bokysee.com\/wp-content\/uploads\/2025\/01\/BK-LXS30P-D_15-600x546.jpg 600w\" sizes=\"(max-width: 790px) 100vw, 790px\" \/> <img loading=\"lazy\" decoding=\"async\" class=\"alignnone size-full wp-image-13102\" src=\"https:\/\/bokysee.com\/wp-content\/uploads\/2025\/01\/BK-LXS30P-D_17.jpg\" alt=\"\" width=\"790\" height=\"1600\" srcset=\"https:\/\/bokysee.com\/wp-content\/uploads\/2025\/01\/BK-LXS30P-D_17.jpg 790w, https:\/\/bokysee.com\/wp-content\/uploads\/2025\/01\/BK-LXS30P-D_17-148x300.jpg 148w, https:\/\/bokysee.com\/wp-content\/uploads\/2025\/01\/BK-LXS30P-D_17-506x1024.jpg 506w, https:\/\/bokysee.com\/wp-content\/uploads\/2025\/01\/BK-LXS30P-D_17-768x1555.jpg 768w, https:\/\/bokysee.com\/wp-content\/uploads\/2025\/01\/BK-LXS30P-D_17-758x1536.jpg 758w, https:\/\/bokysee.com\/wp-content\/uploads\/2025\/01\/BK-LXS30P-D_17-296x600.jpg 296w, https:\/\/bokysee.com\/wp-content\/uploads\/2025\/01\/BK-LXS30P-D_17-600x1215.jpg 600w\" sizes=\"(max-width: 790px) 100vw, 790px\" \/><\/p>\n<table width=\"786\">\n<tbody>\n<tr>\n<td width=\"143\">N\u00famero de modelo<\/td>\n<td colspan=\"3\" width=\"643\">BK-LXS30P<\/td>\n<\/tr>\n<tr>\n<td width=\"143\">edici\u00f3n<\/td>\n<td colspan=\"3\">4G\/WIFI<\/td>\n<\/tr>\n<tr>\n<td width=\"143\">APLICACI\u00d3N<\/td>\n<td colspan=\"3\">NiView<\/td>\n<\/tr>\n<tr>\n<td width=\"143\">p\u00edxel<\/td>\n<td colspan=\"3\">4MP<\/td>\n<\/tr>\n<tr>\n<td width=\"143\">Distancia infrarroja<\/td>\n<td colspan=\"3\">5-40 millones<\/td>\n<\/tr>\n<tr>\n<td>Lente gran angular<\/td>\n<td colspan=\"3\">Lente gran angular de 2,5 mm\/120\u00b0 (ajuste manual del dial 180\u00b0\/inclinaci\u00f3n 15\u00b0)<\/td>\n<\/tr>\n<tr>\n<td width=\"143\">Lente PTZ<\/td>\n<td colspan=\"3\">Lente de 6 mm a 12 mm con zoom h\u00edbrido de 10x<\/td>\n<\/tr>\n<tr>\n<td>\u00c1ngulo de rotaci\u00f3n<\/td>\n<td colspan=\"3\"><a href=\"mailto:0.01Lux@\uff08F2.0\uff0cVGC\u5f00\u542f\uff09\uff0cO.luxIR\">Horizontal: 355\u00b0 Vertical: 90\u00b0<\/a><\/td>\n<\/tr>\n<tr>\n<td>Almacenamiento en tarjeta TF<\/td>\n<td colspan=\"3\">Admite un m\u00e1ximo de 128 GB<\/td>\n<\/tr>\n<tr>\n<td width=\"143\">Capacidad de la bater\u00eda<\/td>\n<td colspan=\"3\">12000 mAh<\/td>\n<\/tr>\n<tr>\n<td width=\"143\">Energ\u00eda de paneles solares<\/td>\n<td colspan=\"3\">9W<\/td>\n<\/tr>\n<tr>\n<td width=\"143\">Temperatura de funcionamiento<\/td>\n<td colspan=\"3\">\u00a0-20\u00b0C-50\u00b0C<\/td>\n<\/tr>\n<tr>\n<td>Tensi\u00f3n de alimentaci\u00f3n<\/td>\n<td colspan=\"3\">5 V CC<\/td>\n<\/tr>\n<tr>\n<td width=\"143\">Peso neto<\/td>\n<td colspan=\"3\">1,25 kg<\/td>\n<\/tr>\n<tr>\n<td>Tama\u00f1o de la caja<\/td>\n<td colspan=\"3\">25,5 cm x 24,5 cm x 17,5 cm<\/td>\n<\/tr>\n<tr>\n<td width=\"143\">Tama\u00f1o del embalaje<\/td>\n<td colspan=\"3\">60,5 x 50,5 x 39,5 cm (10 piezas)<\/td>\n<\/tr>\n<\/tbody>\n<\/table>\n<p><strong>Sobre nosotros:<\/strong><\/p>\n<p><img loading=\"lazy\" decoding=\"async\" class=\"alignnone size-full wp-image-12939\" src=\"https:\/\/bokysee.com\/wp-content\/uploads\/2025\/01\/Bokysee-CCTV-Company.jpg\" alt=\"\" width=\"961\" height=\"543\" srcset=\"https:\/\/bokysee.com\/wp-content\/uploads\/2025\/01\/Bokysee-CCTV-Company.jpg 961w, https:\/\/bokysee.com\/wp-content\/uploads\/2025\/01\/Bokysee-CCTV-Company-300x170.jpg 300w, https:\/\/bokysee.com\/wp-content\/uploads\/2025\/01\/Bokysee-CCTV-Company-768x434.jpg 768w, https:\/\/bokysee.com\/wp-content\/uploads\/2025\/01\/Bokysee-CCTV-Company-600x339.jpg 600w\" sizes=\"(max-width: 961px) 100vw, 961px\" \/><\/p>\n<p>Taller de f\u00e1brica:<\/p>\n<p><img loading=\"lazy\" decoding=\"async\" class=\"alignnone size-full wp-image-12940\" src=\"https:\/\/bokysee.com\/wp-content\/uploads\/2025\/01\/Bokysee-CCTV-Workshop.jpg\" alt=\"\" width=\"1282\" height=\"726\" srcset=\"https:\/\/bokysee.com\/wp-content\/uploads\/2025\/01\/Bokysee-CCTV-Workshop.jpg 1282w, https:\/\/bokysee.com\/wp-content\/uploads\/2025\/01\/Bokysee-CCTV-Workshop-300x170.jpg 300w, https:\/\/bokysee.com\/wp-content\/uploads\/2025\/01\/Bokysee-CCTV-Workshop-1024x580.jpg 1024w, https:\/\/bokysee.com\/wp-content\/uploads\/2025\/01\/Bokysee-CCTV-Workshop-768x435.jpg 768w, https:\/\/bokysee.com\/wp-content\/uploads\/2025\/01\/Bokysee-CCTV-Workshop-600x340.jpg 600w\" sizes=\"(max-width: 1282px) 100vw, 1282px\" \/><\/p>","protected":false},"excerpt":{"rendered":"<p><strong>C\u00e1mara panor\u00e1mica solar con enlace de tres lentes<\/strong><br \/>\n\u25cf Formato de compresi\u00f3n: H.265<br \/>\n\u25cf Procesador principal: T40ZX<br \/>\n\u25cf Sensor de imagen: Sensor progresivo de 1\/2,7\u2033<br \/>\n\u25cf Audio: audio bidireccional, sensor PIR, detecci\u00f3n humana con IA<br \/>\n\u25cf Lente: Arriba: 2,5 mm\/120\u00b0, Abajo: Lente de 4 mm + 6 mm<br \/>\n\u25cf LED: 8 piezas de infrarrojos de alta potencia + 4 piezas de luces blancas de alta potencia; Visi\u00f3n nocturna por infrarrojos 20-30 m<br \/>\n\u25cf Detecci\u00f3n: Detecci\u00f3n humana PIR + Detecci\u00f3n humanoide IA<br \/>\n\u25cf Almacenamiento: Almacenamiento en la nube + tarjeta TF (m\u00e1ximo 128 GB)<br \/>\n\u25cf Panel solar: 9W<br \/>\n\u25cf Bater\u00eda: 4 bater\u00edas recargables 21700, total 20000 mAh<br \/>\n\u25cf Admite modo de bajo consumo + modo de trabajo 24 horas<\/p>","protected":false},"featured_media":13088,"template":"","meta":[],"product_brand":[],"product_cat":[1111],"product_tag":[1195,1194,1193],"class_list":{"0":"post-13081","1":"product","2":"type-product","3":"status-publish","4":"has-post-thumbnail","6":"product_cat-4g-solar-camera","7":"product_tag-cam-solar","8":"product_tag-cctv-camera-with-solar","9":"product_tag-solar-powered-cctv","11":"first","12":"instock","13":"shipping-taxable","14":"product-type-simple"},"acf":[],"yoast_head":"<!-- This site is optimized with the Yoast SEO Premium plugin v20.2.1 (Yoast SEO v26.1.1) - https:\/\/yoast.com\/wordpress\/plugins\/seo\/ -->\n<title>Solar Three-Lens Linkage\u00a0Panoramic Camera CCTV camera with solar - Bokysee Technology Co.,LTD<\/title>\n<meta name=\"description\" content=\"Bokysee 12MP Three Lens 4G Wireless 10X Zoom Solar Camera 4K WiFi Solar Panel Human Detection PTZ Security Cam Waterproof Camera\" \/>\n<meta name=\"robots\" content=\"index, follow, max-snippet:-1, max-image-preview:large, max-video-preview:-1\" \/>\n<link rel=\"canonical\" href=\"https:\/\/bokysee.com\/es\/products\/solar-three-lens-linkage-panoramic-camera-cctv-camera-with-solar\/\" \/>\n<meta property=\"og:locale\" content=\"es_ES\" \/>\n<meta property=\"og:type\" content=\"article\" \/>\n<meta property=\"og:title\" content=\"Solar Three-Lens Linkage\u00a0Panoramic Camera CCTV camera with solar\" \/>\n<meta property=\"og:description\" content=\"Bokysee 12MP Three Lens 4G Wireless 10X Zoom Solar Camera 4K WiFi Solar Panel Human Detection PTZ Security Cam Waterproof Camera\" \/>\n<meta property=\"og:url\" content=\"https:\/\/bokysee.com\/es\/products\/solar-three-lens-linkage-panoramic-camera-cctv-camera-with-solar\/\" \/>\n<meta property=\"og:site_name\" content=\"Bokysee Technology Co.,LTD\" \/>\n<meta property=\"article:modified_time\" content=\"2025-01-22T07:42:01+00:00\" \/>\n<meta property=\"og:image\" content=\"https:\/\/bokysee.com\/wp-content\/uploads\/2025\/01\/BK-LXS30P-M6.jpg\" \/>\n\t<meta property=\"og:image:width\" content=\"800\" \/>\n\t<meta property=\"og:image:height\" content=\"800\" \/>\n\t<meta property=\"og:image:type\" content=\"image\/jpeg\" \/>\n<meta name=\"twitter:card\" content=\"summary_large_image\" \/>\n<meta name=\"twitter:label1\" content=\"Tiempo de lectura\" \/>\n\t<meta name=\"twitter:data1\" content=\"4 minutos\" \/>\n<script type=\"application\/ld+json\" class=\"yoast-schema-graph\">{\"@context\":\"https:\/\/schema.org\",\"@graph\":[{\"@type\":\"WebPage\",\"@id\":\"https:\/\/bokysee.com\/products\/solar-three-lens-linkage-panoramic-camera-cctv-camera-with-solar\/\",\"url\":\"https:\/\/bokysee.com\/products\/solar-three-lens-linkage-panoramic-camera-cctv-camera-with-solar\/\",\"name\":\"Solar Three-Lens Linkage\u00a0Panoramic Camera CCTV camera with solar - Bokysee Technology Co.,LTD\",\"isPartOf\":{\"@id\":\"https:\/\/bokysee.com\/#website\"},\"primaryImageOfPage\":{\"@id\":\"https:\/\/bokysee.com\/products\/solar-three-lens-linkage-panoramic-camera-cctv-camera-with-solar\/#primaryimage\"},\"image\":{\"@id\":\"https:\/\/bokysee.com\/products\/solar-three-lens-linkage-panoramic-camera-cctv-camera-with-solar\/#primaryimage\"},\"thumbnailUrl\":\"https:\/\/bokysee.com\/wp-content\/uploads\/2025\/01\/BK-LXS30P-M6.jpg\",\"datePublished\":\"2025-01-22T07:41:13+00:00\",\"dateModified\":\"2025-01-22T07:42:01+00:00\",\"description\":\"Bokysee 12MP Three Lens 4G Wireless 10X Zoom Solar Camera 4K WiFi Solar Panel Human Detection PTZ Security Cam Waterproof Camera\",\"breadcrumb\":{\"@id\":\"https:\/\/bokysee.com\/products\/solar-three-lens-linkage-panoramic-camera-cctv-camera-with-solar\/#breadcrumb\"},\"inLanguage\":\"es\",\"potentialAction\":[{\"@type\":\"ReadAction\",\"target\":[\"https:\/\/bokysee.com\/products\/solar-three-lens-linkage-panoramic-camera-cctv-camera-with-solar\/\"]}]},{\"@type\":\"ImageObject\",\"inLanguage\":\"es\",\"@id\":\"https:\/\/bokysee.com\/products\/solar-three-lens-linkage-panoramic-camera-cctv-camera-with-solar\/#primaryimage\",\"url\":\"https:\/\/bokysee.com\/wp-content\/uploads\/2025\/01\/BK-LXS30P-M6.jpg\",\"contentUrl\":\"https:\/\/bokysee.com\/wp-content\/uploads\/2025\/01\/BK-LXS30P-M6.jpg\",\"width\":800,\"height\":800},{\"@type\":\"BreadcrumbList\",\"@id\":\"https:\/\/bokysee.com\/products\/solar-three-lens-linkage-panoramic-camera-cctv-camera-with-solar\/#breadcrumb\",\"itemListElement\":[{\"@type\":\"ListItem\",\"position\":1,\"name\":\"Home\",\"item\":\"https:\/\/bokysee.com\/\"},{\"@type\":\"ListItem\",\"position\":2,\"name\":\"Products\",\"item\":\"https:\/\/bokysee.com\/products\/\"},{\"@type\":\"ListItem\",\"position\":3,\"name\":\"Solar Three-Lens Linkage\u00a0Panoramic Camera CCTV camera with solar\"}]},{\"@type\":\"WebSite\",\"@id\":\"https:\/\/bokysee.com\/#website\",\"url\":\"https:\/\/bokysee.com\/\",\"name\":\"Bokysee Technology Co.,LTD\",\"description\":\"Professional Smart Indoor and Outdoor Security Cameras Solution Supplier\",\"potentialAction\":[{\"@type\":\"SearchAction\",\"target\":{\"@type\":\"EntryPoint\",\"urlTemplate\":\"https:\/\/bokysee.com\/?s={search_term_string}\"},\"query-input\":{\"@type\":\"PropertyValueSpecification\",\"valueRequired\":true,\"valueName\":\"search_term_string\"}}],\"inLanguage\":\"es\"}]}<\/script>\n<!-- \/ Yoast SEO Premium plugin. -->","yoast_head_json":{"title":"Solar Three-Lens Linkage\u00a0Panoramic Camera CCTV camera with solar - Bokysee Technology Co.,LTD","description":"Bokysee 12MP Three Lens 4G Wireless 10X Zoom Solar Camera 4K WiFi Solar Panel Human Detection PTZ Security Cam Waterproof Camera","robots":{"index":"index","follow":"follow","max-snippet":"max-snippet:-1","max-image-preview":"max-image-preview:large","max-video-preview":"max-video-preview:-1"},"canonical":"https:\/\/bokysee.com\/es\/products\/solar-three-lens-linkage-panoramic-camera-cctv-camera-with-solar\/","og_locale":"es_ES","og_type":"article","og_title":"Solar Three-Lens Linkage\u00a0Panoramic Camera CCTV camera with solar","og_description":"Bokysee 12MP Three Lens 4G Wireless 10X Zoom Solar Camera 4K WiFi Solar Panel Human Detection PTZ Security Cam Waterproof Camera","og_url":"https:\/\/bokysee.com\/es\/products\/solar-three-lens-linkage-panoramic-camera-cctv-camera-with-solar\/","og_site_name":"Bokysee Technology Co.,LTD","article_modified_time":"2025-01-22T07:42:01+00:00","og_image":[{"width":800,"height":800,"url":"https:\/\/bokysee.com\/wp-content\/uploads\/2025\/01\/BK-LXS30P-M6.jpg","type":"image\/jpeg"}],"twitter_card":"summary_large_image","twitter_misc":{"Tiempo de lectura":"4 minutos"},"schema":{"@context":"https:\/\/schema.org","@graph":[{"@type":"WebPage","@id":"https:\/\/bokysee.com\/products\/solar-three-lens-linkage-panoramic-camera-cctv-camera-with-solar\/","url":"https:\/\/bokysee.com\/products\/solar-three-lens-linkage-panoramic-camera-cctv-camera-with-solar\/","name":"Solar Three-Lens Linkage\u00a0Panoramic Camera CCTV camera with solar - Bokysee Technology Co.,LTD","isPartOf":{"@id":"https:\/\/bokysee.com\/#website"},"primaryImageOfPage":{"@id":"https:\/\/bokysee.com\/products\/solar-three-lens-linkage-panoramic-camera-cctv-camera-with-solar\/#primaryimage"},"image":{"@id":"https:\/\/bokysee.com\/products\/solar-three-lens-linkage-panoramic-camera-cctv-camera-with-solar\/#primaryimage"},"thumbnailUrl":"https:\/\/bokysee.com\/wp-content\/uploads\/2025\/01\/BK-LXS30P-M6.jpg","datePublished":"2025-01-22T07:41:13+00:00","dateModified":"2025-01-22T07:42:01+00:00","description":"Bokysee 12MP Three Lens 4G Wireless 10X Zoom Solar Camera 4K WiFi Solar Panel Human Detection PTZ Security Cam Waterproof Camera","breadcrumb":{"@id":"https:\/\/bokysee.com\/products\/solar-three-lens-linkage-panoramic-camera-cctv-camera-with-solar\/#breadcrumb"},"inLanguage":"es","potentialAction":[{"@type":"ReadAction","target":["https:\/\/bokysee.com\/products\/solar-three-lens-linkage-panoramic-camera-cctv-camera-with-solar\/"]}]},{"@type":"ImageObject","inLanguage":"es","@id":"https:\/\/bokysee.com\/products\/solar-three-lens-linkage-panoramic-camera-cctv-camera-with-solar\/#primaryimage","url":"https:\/\/bokysee.com\/wp-content\/uploads\/2025\/01\/BK-LXS30P-M6.jpg","contentUrl":"https:\/\/bokysee.com\/wp-content\/uploads\/2025\/01\/BK-LXS30P-M6.jpg","width":800,"height":800},{"@type":"BreadcrumbList","@id":"https:\/\/bokysee.com\/products\/solar-three-lens-linkage-panoramic-camera-cctv-camera-with-solar\/#breadcrumb","itemListElement":[{"@type":"ListItem","position":1,"name":"Home","item":"https:\/\/bokysee.com\/"},{"@type":"ListItem","position":2,"name":"Products","item":"https:\/\/bokysee.com\/products\/"},{"@type":"ListItem","position":3,"name":"Solar Three-Lens Linkage\u00a0Panoramic Camera CCTV camera with solar"}]},{"@type":"WebSite","@id":"https:\/\/bokysee.com\/#website","url":"https:\/\/bokysee.com\/","name":"Bokysee Technology Co.,LTD","description":"Professional Smart Indoor and Outdoor Security Cameras Solution Supplier","potentialAction":[{"@type":"SearchAction","target":{"@type":"EntryPoint","urlTemplate":"https:\/\/bokysee.com\/?s={search_term_string}"},"query-input":{"@type":"PropertyValueSpecification","valueRequired":true,"valueName":"search_term_string"}}],"inLanguage":"es"}]}},"_links":{"self":[{"href":"https:\/\/bokysee.com\/es\/wp-json\/wp\/v2\/product\/13081","targetHints":{"allow":["GET"]}}],"collection":[{"href":"https:\/\/bokysee.com\/es\/wp-json\/wp\/v2\/product"}],"about":[{"href":"https:\/\/bokysee.com\/es\/wp-json\/wp\/v2\/types\/product"}],"version-history":[{"count":0,"href":"https:\/\/bokysee.com\/es\/wp-json\/wp\/v2\/product\/13081\/revisions"}],"wp:featuredmedia":[{"embeddable":true,"href":"https:\/\/bokysee.com\/es\/wp-json\/wp\/v2\/media\/13088"}],"wp:attachment":[{"href":"https:\/\/bokysee.com\/es\/wp-json\/wp\/v2\/media?parent=13081"}],"wp:term":[{"taxonomy":"product_brand","embeddable":true,"href":"https:\/\/bokysee.com\/es\/wp-json\/wp\/v2\/product_brand?post=13081"},{"taxonomy":"product_cat","embeddable":true,"href":"https:\/\/bokysee.com\/es\/wp-json\/wp\/v2\/product_cat?post=13081"},{"taxonomy":"product_tag","embeddable":true,"href":"https:\/\/bokysee.com\/es\/wp-json\/wp\/v2\/product_tag?post=13081"}],"curies":[{"name":"wp","href":"https:\/\/api.w.org\/{rel}","templated":true}]}}