{"id":13050,"date":"2025-01-22T15:19:14","date_gmt":"2025-01-22T07:19:14","guid":{"rendered":"https:\/\/bokysee.com\/?post_type=product&#038;p=13050"},"modified":"2025-01-22T15:21:26","modified_gmt":"2025-01-22T07:21:26","slug":"dual-panels-dual-lens-4g-solar-outdoor-security-camera-wireless","status":"publish","type":"product","link":"https:\/\/bokysee.com\/es\/products\/dual-panels-dual-lens-4g-solar-outdoor-security-camera-wireless\/","title":{"rendered":"C\u00e1mara de seguridad solar inal\u00e1mbrica para exteriores con paneles duales y doble lente 4G"},"content":{"rendered":"<p><strong>Paneles dobles, lente doble <a href=\"https:\/\/bokysee.com\/es\/product-category\/solar-battery-camera\/\">C\u00e1mara de seguridad solar 4G para exteriores<\/a> Inal\u00e1mbrico<\/strong><\/p>\n<p>Bokysee Paneles dobles Lente doble <a href=\"https:\/\/bokysee.com\/es\/\">C\u00e1mara de seguridad solar 4G<\/a> Ofrece un rendimiento excepcional con paneles solares duales de 6 W, lentes de 2,8 mm + 6 mm y detecci\u00f3n de personas con IA. Con audio bidireccional, visi\u00f3n nocturna a todo color de 30 m y resistencia al agua IP65, esta c\u00e1mara PTZ garantiza vigilancia inal\u00e1mbrica 24\/7 con modos de bajo consumo y funcionamiento durante todo el d\u00eda.<\/p>\n<p><img fetchpriority=\"high\" decoding=\"async\" class=\"alignnone size-full wp-image-13052\" src=\"https:\/\/bokysee.com\/wp-content\/uploads\/2025\/01\/BK-LXS20P6M10X-M7-1.jpg\" alt=\"\" width=\"800\" height=\"800\" srcset=\"https:\/\/bokysee.com\/wp-content\/uploads\/2025\/01\/BK-LXS20P6M10X-M7-1.jpg 800w, https:\/\/bokysee.com\/wp-content\/uploads\/2025\/01\/BK-LXS20P6M10X-M7-1-300x300.jpg 300w, https:\/\/bokysee.com\/wp-content\/uploads\/2025\/01\/BK-LXS20P6M10X-M7-1-150x150.jpg 150w, https:\/\/bokysee.com\/wp-content\/uploads\/2025\/01\/BK-LXS20P6M10X-M7-1-768x768.jpg 768w, https:\/\/bokysee.com\/wp-content\/uploads\/2025\/01\/BK-LXS20P6M10X-M7-1-600x600.jpg 600w, https:\/\/bokysee.com\/wp-content\/uploads\/2025\/01\/BK-LXS20P6M10X-M7-1-100x100.jpg 100w\" sizes=\"(max-width: 800px) 100vw, 800px\" \/><\/p>\n<p><img decoding=\"async\" class=\"alignnone size-full wp-image-13045\" src=\"https:\/\/bokysee.com\/wp-content\/uploads\/2025\/01\/BK-LXS20P6M10X-PSD_02.jpg\" alt=\"\" width=\"800\" height=\"688\" srcset=\"https:\/\/bokysee.com\/wp-content\/uploads\/2025\/01\/BK-LXS20P6M10X-PSD_02.jpg 800w, https:\/\/bokysee.com\/wp-content\/uploads\/2025\/01\/BK-LXS20P6M10X-PSD_02-300x258.jpg 300w, https:\/\/bokysee.com\/wp-content\/uploads\/2025\/01\/BK-LXS20P6M10X-PSD_02-768x660.jpg 768w, https:\/\/bokysee.com\/wp-content\/uploads\/2025\/01\/BK-LXS20P6M10X-PSD_02-600x516.jpg 600w\" sizes=\"(max-width: 800px) 100vw, 800px\" \/> <img decoding=\"async\" class=\"alignnone size-full wp-image-13046\" src=\"https:\/\/bokysee.com\/wp-content\/uploads\/2025\/01\/BK-LXS20P6M10X-PSD_03.jpg\" alt=\"\" width=\"800\" height=\"994\" srcset=\"https:\/\/bokysee.com\/wp-content\/uploads\/2025\/01\/BK-LXS20P6M10X-PSD_03.jpg 800w, https:\/\/bokysee.com\/wp-content\/uploads\/2025\/01\/BK-LXS20P6M10X-PSD_03-241x300.jpg 241w, https:\/\/bokysee.com\/wp-content\/uploads\/2025\/01\/BK-LXS20P6M10X-PSD_03-768x954.jpg 768w, https:\/\/bokysee.com\/wp-content\/uploads\/2025\/01\/BK-LXS20P6M10X-PSD_03-483x600.jpg 483w, https:\/\/bokysee.com\/wp-content\/uploads\/2025\/01\/BK-LXS20P6M10X-PSD_03-600x746.jpg 600w\" sizes=\"(max-width: 800px) 100vw, 800px\" \/> <img loading=\"lazy\" decoding=\"async\" class=\"alignnone size-full wp-image-13047\" src=\"https:\/\/bokysee.com\/wp-content\/uploads\/2025\/01\/BK-LXS20P6M10X-PSD_04.jpg\" alt=\"\" width=\"800\" height=\"871\" srcset=\"https:\/\/bokysee.com\/wp-content\/uploads\/2025\/01\/BK-LXS20P6M10X-PSD_04.jpg 800w, https:\/\/bokysee.com\/wp-content\/uploads\/2025\/01\/BK-LXS20P6M10X-PSD_04-276x300.jpg 276w, https:\/\/bokysee.com\/wp-content\/uploads\/2025\/01\/BK-LXS20P6M10X-PSD_04-768x836.jpg 768w, https:\/\/bokysee.com\/wp-content\/uploads\/2025\/01\/BK-LXS20P6M10X-PSD_04-551x600.jpg 551w, https:\/\/bokysee.com\/wp-content\/uploads\/2025\/01\/BK-LXS20P6M10X-PSD_04-600x653.jpg 600w\" sizes=\"(max-width: 800px) 100vw, 800px\" \/><\/p>\n<table width=\"786\">\n<tbody>\n<tr>\n<td width=\"143\">N\u00famero de modelo<\/td>\n<td colspan=\"3\" width=\"643\">BK-LXS20P<\/td>\n<\/tr>\n<tr>\n<td width=\"143\"><\/td>\n<td colspan=\"3\"><\/td>\n<\/tr>\n<tr>\n<td width=\"143\">edici\u00f3n<\/td>\n<td colspan=\"3\">4G\/WIFI<\/td>\n<\/tr>\n<tr>\n<td width=\"143\">APLICACI\u00d3N<\/td>\n<td colspan=\"3\">UBOX<\/td>\n<\/tr>\n<tr>\n<td width=\"143\">p\u00edxel<\/td>\n<td colspan=\"3\">6MP<\/td>\n<\/tr>\n<tr>\n<td width=\"143\">Rango de detecci\u00f3n PIR<\/td>\n<td colspan=\"3\"><a href=\"mailto:0.01Lux@\uff08F2.0\uff0cVGC\u5f00\u542f\uff09\uff0cO.luxIR\">Admite un alcance PIR m\u00e1ximo de 12 metros.<\/a><\/td>\n<\/tr>\n<tr>\n<td>Longitud focal de la lente<\/td>\n<td colspan=\"3\">Zoom de 2,8 mm + 47 mm y 60 aumentos<\/td>\n<\/tr>\n<tr>\n<td width=\"143\">Formato comprimido<\/td>\n<td colspan=\"3\">H.265<\/td>\n<\/tr>\n<tr>\n<td width=\"143\">Visi\u00f3n nocturna<\/td>\n<td colspan=\"3\">4 + 6 piezas de visi\u00f3n nocturna blanca\/infrarroja, + dos luces l\u00e1ser<\/td>\n<\/tr>\n<tr>\n<td width=\"143\">Entrada\/salida<\/td>\n<td colspan=\"3\">Micr\u00f3fono y altavoz integrados para audio bidireccional.<\/td>\n<\/tr>\n<tr>\n<td rowspan=\"2\" width=\"143\">Vinculaci\u00f3n de alarmas<\/td>\n<td colspan=\"3\">V\u00eddeo de alarma a tarjeta SD; Alarma push de SMS a tel\u00e9fono m\u00f3vil<\/td>\n<\/tr>\n<tr>\n<td colspan=\"3\"><\/td>\n<\/tr>\n<tr>\n<td width=\"143\">Tarjeta de memoria<\/td>\n<td colspan=\"3\">Admite tarjetas SD de hasta 128 GB. Compatible con almacenamiento en la nube.<\/td>\n<\/tr>\n<tr>\n<td>Panel solar<\/td>\n<td colspan=\"3\"><a href=\"mailto:0.01Lux@\uff08F2.0\uff0cVGC\u5f00\u542f\uff09\uff0cO.luxIR\">Paneles solares duales de 6 W<\/a><\/td>\n<\/tr>\n<tr>\n<td width=\"143\">bater\u00eda<\/td>\n<td colspan=\"3\">3 bater\u00edas 18650 incorporadas con una capacidad m\u00e1xima de 9600 mAh<\/td>\n<\/tr>\n<tr>\n<td>Modo de operaci\u00f3n<\/td>\n<td colspan=\"3\">Modo de funcionamiento de bajo consumo<\/td>\n<\/tr>\n<tr>\n<td width=\"143\">Consumo de energ\u00eda<\/td>\n<td colspan=\"3\">Consumo en espera: 0,03 W; en funcionamiento: 1,3 W durante el d\u00eda \/ 3 W durante la noche<\/td>\n<\/tr>\n<tr>\n<td>\u00c1ngulo de rotaci\u00f3n<\/td>\n<td colspan=\"3\"><a href=\"mailto:0.01Lux@\uff08F2.0\uff0cVGC\u5f00\u542f\uff09\uff0cO.luxIR\">PTZ: Panor\u00e1mica horizontal: 0\u00b0\uff5e355\u00b0, Inclinaci\u00f3n vertical: 0\u00b0\uff5e120\u00b0;<br \/>\nBala: Panor\u00e1mica horizontal: 0\u00b0\uff5e110\u00b0, Inclinaci\u00f3n vertical: 0\u00b0\uff5e90\u00b0;<\/a><\/td>\n<\/tr>\n<tr>\n<td>Velocidad de centrifugado<\/td>\n<td colspan=\"3\">PTZ: Velocidad horizontal: 10\u00b0\uff5e 30\u00b0\/s; Velocidad vertical: 8\u00b0\uff5e 25\u00b0\/s<br \/>\nBala: Ajuste manual<\/td>\n<\/tr>\n<tr>\n<td>Entrada de potencia<\/td>\n<td colspan=\"3\">CC 5 V 2 A<\/td>\n<\/tr>\n<tr>\n<td width=\"143\">ambiente<\/td>\n<td colspan=\"3\">Entorno: -20 \u2103 ~ +60 \u2103 (-4 \u2109 ~ +140 \u2109), humedad 10% ~ 80%, sin condensaci\u00f3n<\/td>\n<\/tr>\n<tr>\n<td>Material de la carcasa<\/td>\n<td colspan=\"3\">Material pl\u00e1stico ABS ign\u00edfugo, a prueba de vandalismo.<\/td>\n<\/tr>\n<tr>\n<td>Cable de alimentaci\u00f3n<\/td>\n<td colspan=\"3\">Interfaz tipo C, cable de extensi\u00f3n de 3 metros<\/td>\n<\/tr>\n<tr>\n<td width=\"143\">Temperatura de funcionamiento<\/td>\n<td colspan=\"3\">Ambiente -20\u2103~+60\u2103<\/td>\n<\/tr>\n<tr>\n<td>Tama\u00f1o de la caja<\/td>\n<td colspan=\"3\">26,5 x 24,5 x 19,5 cm<\/td>\n<\/tr>\n<tr>\n<td>Peso de la caja<\/td>\n<td colspan=\"3\">2,38 kg<\/td>\n<\/tr>\n<tr>\n<td>Tama\u00f1o del embalaje<\/td>\n<td colspan=\"3\">54,2 x 51 x 40,5 cm<\/td>\n<\/tr>\n<tr>\n<td>Peso del embalaje<\/td>\n<td colspan=\"3\">20,66 kg (8 unidades por caja)<\/td>\n<\/tr>\n<\/tbody>\n<\/table>\n<p><strong>Sobre nosotros:<\/strong><\/p>\n<p><img loading=\"lazy\" decoding=\"async\" class=\"alignnone size-full wp-image-12939\" src=\"https:\/\/bokysee.com\/wp-content\/uploads\/2025\/01\/Bokysee-CCTV-Company.jpg\" alt=\"\" width=\"961\" height=\"543\" srcset=\"https:\/\/bokysee.com\/wp-content\/uploads\/2025\/01\/Bokysee-CCTV-Company.jpg 961w, https:\/\/bokysee.com\/wp-content\/uploads\/2025\/01\/Bokysee-CCTV-Company-300x170.jpg 300w, https:\/\/bokysee.com\/wp-content\/uploads\/2025\/01\/Bokysee-CCTV-Company-768x434.jpg 768w, https:\/\/bokysee.com\/wp-content\/uploads\/2025\/01\/Bokysee-CCTV-Company-600x339.jpg 600w\" sizes=\"(max-width: 961px) 100vw, 961px\" \/><\/p>\n<p>Taller de f\u00e1brica:<\/p>\n<p><img loading=\"lazy\" decoding=\"async\" class=\"alignnone size-full wp-image-12940\" src=\"https:\/\/bokysee.com\/wp-content\/uploads\/2025\/01\/Bokysee-CCTV-Workshop.jpg\" alt=\"\" width=\"1282\" height=\"726\" srcset=\"https:\/\/bokysee.com\/wp-content\/uploads\/2025\/01\/Bokysee-CCTV-Workshop.jpg 1282w, https:\/\/bokysee.com\/wp-content\/uploads\/2025\/01\/Bokysee-CCTV-Workshop-300x170.jpg 300w, https:\/\/bokysee.com\/wp-content\/uploads\/2025\/01\/Bokysee-CCTV-Workshop-1024x580.jpg 1024w, https:\/\/bokysee.com\/wp-content\/uploads\/2025\/01\/Bokysee-CCTV-Workshop-768x435.jpg 768w, https:\/\/bokysee.com\/wp-content\/uploads\/2025\/01\/Bokysee-CCTV-Workshop-600x340.jpg 600w\" sizes=\"(max-width: 1282px) 100vw, 1282px\" \/><\/p>","protected":false},"excerpt":{"rendered":"<p><strong>C\u00e1mara solar de doble panel y doble lente<\/strong><br \/>\n\u25cf Formato de compresi\u00f3n: H.265<br \/>\n\u25cf Procesador principal: T40N<br \/>\n\u25cf Sensor de imagen: Sensor progresivo de 1\/2,7\u2033<br \/>\n\u25cf Audio: audio bidireccional, sensor PIR, detecci\u00f3n humana con IA<br \/>\n\u25cf Lente: ARRIBA: 2,8 mm + Abajo: 6 mm<br \/>\n\u25cf LED: Matriz de 4 + 6 LED, color completo d\u00eda\/noche, distancia IR de 30 M<br \/>\n\u25cf PTZ: Panor\u00e1mica de 355\u00b0, inclinaci\u00f3n de 90\u00b0<br \/>\n\u25cf Material: ABS + material de aluminio, IP65<br \/>\n\u25cf Almacenamiento: Almacenamiento en la nube + tarjeta TF (m\u00e1ximo 128 GB)<br \/>\n\u25cf Panel solar: Paneles duales de 6 W + 6 W = 12 W con cable de extensi\u00f3n de 3 M<br \/>\n\u25cf Bater\u00eda: 3 bater\u00edas recargables 18650, total 9600 mAh<br \/>\n\u25cf Admite modo de bajo consumo + modo de trabajo 24 horas<br \/>\n\u25cf Paquete: 59 x 36,5 x 32,5 cm, 8 piezas\/caja; 16 kg<\/p>","protected":false},"featured_media":13052,"template":"","meta":[],"product_brand":[],"product_cat":[1111],"product_tag":[1188,1189,1190],"class_list":{"0":"post-13050","1":"product","2":"type-product","3":"status-publish","4":"has-post-thumbnail","6":"product_cat-4g-solar-camera","7":"product_tag-4g-camera-solar","8":"product_tag-security-cameras-solar-wireless","9":"product_tag-solar-outdoor-camera-wireless","11":"first","12":"instock","13":"shipping-taxable","14":"product-type-simple"},"acf":[],"yoast_head":"<!-- This site is optimized with the Yoast SEO Premium plugin v20.2.1 (Yoast SEO v26.1.1) - https:\/\/yoast.com\/wordpress\/plugins\/seo\/ -->\n<title>Dual Panels Dual Lens 4G Solar Outdoor Security Camera Wireless - Bokysee Technology Co.,LTD<\/title>\n<meta name=\"description\" content=\"Bokysee Top Sale Dual Panels Dual Lens 4G Solar Outdoor Security Camera Wireless Intelligent Solar Energy Alert PTZ Camera\" \/>\n<meta name=\"robots\" content=\"index, follow, max-snippet:-1, max-image-preview:large, max-video-preview:-1\" \/>\n<link rel=\"canonical\" href=\"https:\/\/bokysee.com\/es\/products\/dual-panels-dual-lens-4g-solar-outdoor-security-camera-wireless\/\" \/>\n<meta property=\"og:locale\" content=\"es_ES\" \/>\n<meta property=\"og:type\" content=\"article\" \/>\n<meta property=\"og:title\" content=\"Dual Panels Dual Lens 4G Solar Outdoor Security Camera Wireless\" \/>\n<meta property=\"og:description\" content=\"Bokysee Top Sale Dual Panels Dual Lens 4G Solar Outdoor Security Camera Wireless Intelligent Solar Energy Alert PTZ Camera\" \/>\n<meta property=\"og:url\" content=\"https:\/\/bokysee.com\/es\/products\/dual-panels-dual-lens-4g-solar-outdoor-security-camera-wireless\/\" \/>\n<meta property=\"og:site_name\" content=\"Bokysee Technology Co.,LTD\" \/>\n<meta property=\"article:modified_time\" content=\"2025-01-22T07:21:26+00:00\" \/>\n<meta property=\"og:image\" content=\"https:\/\/bokysee.com\/wp-content\/uploads\/2025\/01\/BK-LXS20P6M10X-M7-1.jpg\" \/>\n\t<meta property=\"og:image:width\" content=\"800\" \/>\n\t<meta property=\"og:image:height\" content=\"800\" \/>\n\t<meta property=\"og:image:type\" content=\"image\/jpeg\" \/>\n<meta name=\"twitter:card\" content=\"summary_large_image\" \/>\n<meta name=\"twitter:label1\" content=\"Tiempo de lectura\" \/>\n\t<meta name=\"twitter:data1\" content=\"3 minutos\" \/>\n<script type=\"application\/ld+json\" class=\"yoast-schema-graph\">{\"@context\":\"https:\/\/schema.org\",\"@graph\":[{\"@type\":\"WebPage\",\"@id\":\"https:\/\/bokysee.com\/products\/dual-panels-dual-lens-4g-solar-outdoor-security-camera-wireless\/\",\"url\":\"https:\/\/bokysee.com\/products\/dual-panels-dual-lens-4g-solar-outdoor-security-camera-wireless\/\",\"name\":\"Dual Panels Dual Lens 4G Solar Outdoor Security Camera Wireless - Bokysee Technology Co.,LTD\",\"isPartOf\":{\"@id\":\"https:\/\/bokysee.com\/#website\"},\"primaryImageOfPage\":{\"@id\":\"https:\/\/bokysee.com\/products\/dual-panels-dual-lens-4g-solar-outdoor-security-camera-wireless\/#primaryimage\"},\"image\":{\"@id\":\"https:\/\/bokysee.com\/products\/dual-panels-dual-lens-4g-solar-outdoor-security-camera-wireless\/#primaryimage\"},\"thumbnailUrl\":\"https:\/\/bokysee.com\/wp-content\/uploads\/2025\/01\/BK-LXS20P6M10X-M7-1.jpg\",\"datePublished\":\"2025-01-22T07:19:14+00:00\",\"dateModified\":\"2025-01-22T07:21:26+00:00\",\"description\":\"Bokysee Top Sale Dual Panels Dual Lens 4G Solar Outdoor Security Camera Wireless Intelligent Solar Energy Alert PTZ Camera\",\"breadcrumb\":{\"@id\":\"https:\/\/bokysee.com\/products\/dual-panels-dual-lens-4g-solar-outdoor-security-camera-wireless\/#breadcrumb\"},\"inLanguage\":\"es\",\"potentialAction\":[{\"@type\":\"ReadAction\",\"target\":[\"https:\/\/bokysee.com\/products\/dual-panels-dual-lens-4g-solar-outdoor-security-camera-wireless\/\"]}]},{\"@type\":\"ImageObject\",\"inLanguage\":\"es\",\"@id\":\"https:\/\/bokysee.com\/products\/dual-panels-dual-lens-4g-solar-outdoor-security-camera-wireless\/#primaryimage\",\"url\":\"https:\/\/bokysee.com\/wp-content\/uploads\/2025\/01\/BK-LXS20P6M10X-M7-1.jpg\",\"contentUrl\":\"https:\/\/bokysee.com\/wp-content\/uploads\/2025\/01\/BK-LXS20P6M10X-M7-1.jpg\",\"width\":800,\"height\":800},{\"@type\":\"BreadcrumbList\",\"@id\":\"https:\/\/bokysee.com\/products\/dual-panels-dual-lens-4g-solar-outdoor-security-camera-wireless\/#breadcrumb\",\"itemListElement\":[{\"@type\":\"ListItem\",\"position\":1,\"name\":\"Home\",\"item\":\"https:\/\/bokysee.com\/\"},{\"@type\":\"ListItem\",\"position\":2,\"name\":\"Products\",\"item\":\"https:\/\/bokysee.com\/products\/\"},{\"@type\":\"ListItem\",\"position\":3,\"name\":\"Dual Panels Dual Lens 4G Solar Outdoor Security Camera Wireless\"}]},{\"@type\":\"WebSite\",\"@id\":\"https:\/\/bokysee.com\/#website\",\"url\":\"https:\/\/bokysee.com\/\",\"name\":\"Bokysee Technology Co.,LTD\",\"description\":\"Professional Smart Indoor and Outdoor Security Cameras Solution Supplier\",\"potentialAction\":[{\"@type\":\"SearchAction\",\"target\":{\"@type\":\"EntryPoint\",\"urlTemplate\":\"https:\/\/bokysee.com\/?s={search_term_string}\"},\"query-input\":{\"@type\":\"PropertyValueSpecification\",\"valueRequired\":true,\"valueName\":\"search_term_string\"}}],\"inLanguage\":\"es\"}]}<\/script>\n<!-- \/ Yoast SEO Premium plugin. -->","yoast_head_json":{"title":"Dual Panels Dual Lens 4G Solar Outdoor Security Camera Wireless - Bokysee Technology Co.,LTD","description":"Bokysee Top Sale Dual Panels Dual Lens 4G Solar Outdoor Security Camera Wireless Intelligent Solar Energy Alert PTZ Camera","robots":{"index":"index","follow":"follow","max-snippet":"max-snippet:-1","max-image-preview":"max-image-preview:large","max-video-preview":"max-video-preview:-1"},"canonical":"https:\/\/bokysee.com\/es\/products\/dual-panels-dual-lens-4g-solar-outdoor-security-camera-wireless\/","og_locale":"es_ES","og_type":"article","og_title":"Dual Panels Dual Lens 4G Solar Outdoor Security Camera Wireless","og_description":"Bokysee Top Sale Dual Panels Dual Lens 4G Solar Outdoor Security Camera Wireless Intelligent Solar Energy Alert PTZ Camera","og_url":"https:\/\/bokysee.com\/es\/products\/dual-panels-dual-lens-4g-solar-outdoor-security-camera-wireless\/","og_site_name":"Bokysee Technology Co.,LTD","article_modified_time":"2025-01-22T07:21:26+00:00","og_image":[{"width":800,"height":800,"url":"https:\/\/bokysee.com\/wp-content\/uploads\/2025\/01\/BK-LXS20P6M10X-M7-1.jpg","type":"image\/jpeg"}],"twitter_card":"summary_large_image","twitter_misc":{"Tiempo de lectura":"3 minutos"},"schema":{"@context":"https:\/\/schema.org","@graph":[{"@type":"WebPage","@id":"https:\/\/bokysee.com\/products\/dual-panels-dual-lens-4g-solar-outdoor-security-camera-wireless\/","url":"https:\/\/bokysee.com\/products\/dual-panels-dual-lens-4g-solar-outdoor-security-camera-wireless\/","name":"Dual Panels Dual Lens 4G Solar Outdoor Security Camera Wireless - Bokysee Technology Co.,LTD","isPartOf":{"@id":"https:\/\/bokysee.com\/#website"},"primaryImageOfPage":{"@id":"https:\/\/bokysee.com\/products\/dual-panels-dual-lens-4g-solar-outdoor-security-camera-wireless\/#primaryimage"},"image":{"@id":"https:\/\/bokysee.com\/products\/dual-panels-dual-lens-4g-solar-outdoor-security-camera-wireless\/#primaryimage"},"thumbnailUrl":"https:\/\/bokysee.com\/wp-content\/uploads\/2025\/01\/BK-LXS20P6M10X-M7-1.jpg","datePublished":"2025-01-22T07:19:14+00:00","dateModified":"2025-01-22T07:21:26+00:00","description":"Bokysee Top Sale Dual Panels Dual Lens 4G Solar Outdoor Security Camera Wireless Intelligent Solar Energy Alert PTZ Camera","breadcrumb":{"@id":"https:\/\/bokysee.com\/products\/dual-panels-dual-lens-4g-solar-outdoor-security-camera-wireless\/#breadcrumb"},"inLanguage":"es","potentialAction":[{"@type":"ReadAction","target":["https:\/\/bokysee.com\/products\/dual-panels-dual-lens-4g-solar-outdoor-security-camera-wireless\/"]}]},{"@type":"ImageObject","inLanguage":"es","@id":"https:\/\/bokysee.com\/products\/dual-panels-dual-lens-4g-solar-outdoor-security-camera-wireless\/#primaryimage","url":"https:\/\/bokysee.com\/wp-content\/uploads\/2025\/01\/BK-LXS20P6M10X-M7-1.jpg","contentUrl":"https:\/\/bokysee.com\/wp-content\/uploads\/2025\/01\/BK-LXS20P6M10X-M7-1.jpg","width":800,"height":800},{"@type":"BreadcrumbList","@id":"https:\/\/bokysee.com\/products\/dual-panels-dual-lens-4g-solar-outdoor-security-camera-wireless\/#breadcrumb","itemListElement":[{"@type":"ListItem","position":1,"name":"Home","item":"https:\/\/bokysee.com\/"},{"@type":"ListItem","position":2,"name":"Products","item":"https:\/\/bokysee.com\/products\/"},{"@type":"ListItem","position":3,"name":"Dual Panels Dual Lens 4G Solar Outdoor Security Camera Wireless"}]},{"@type":"WebSite","@id":"https:\/\/bokysee.com\/#website","url":"https:\/\/bokysee.com\/","name":"Bokysee Technology Co.,LTD","description":"Professional Smart Indoor and Outdoor Security Cameras Solution Supplier","potentialAction":[{"@type":"SearchAction","target":{"@type":"EntryPoint","urlTemplate":"https:\/\/bokysee.com\/?s={search_term_string}"},"query-input":{"@type":"PropertyValueSpecification","valueRequired":true,"valueName":"search_term_string"}}],"inLanguage":"es"}]}},"_links":{"self":[{"href":"https:\/\/bokysee.com\/es\/wp-json\/wp\/v2\/product\/13050","targetHints":{"allow":["GET"]}}],"collection":[{"href":"https:\/\/bokysee.com\/es\/wp-json\/wp\/v2\/product"}],"about":[{"href":"https:\/\/bokysee.com\/es\/wp-json\/wp\/v2\/types\/product"}],"version-history":[{"count":0,"href":"https:\/\/bokysee.com\/es\/wp-json\/wp\/v2\/product\/13050\/revisions"}],"wp:featuredmedia":[{"embeddable":true,"href":"https:\/\/bokysee.com\/es\/wp-json\/wp\/v2\/media\/13052"}],"wp:attachment":[{"href":"https:\/\/bokysee.com\/es\/wp-json\/wp\/v2\/media?parent=13050"}],"wp:term":[{"taxonomy":"product_brand","embeddable":true,"href":"https:\/\/bokysee.com\/es\/wp-json\/wp\/v2\/product_brand?post=13050"},{"taxonomy":"product_cat","embeddable":true,"href":"https:\/\/bokysee.com\/es\/wp-json\/wp\/v2\/product_cat?post=13050"},{"taxonomy":"product_tag","embeddable":true,"href":"https:\/\/bokysee.com\/es\/wp-json\/wp\/v2\/product_tag?post=13050"}],"curies":[{"name":"wp","href":"https:\/\/api.w.org\/{rel}","templated":true}]}}