{"id":13028,"date":"2025-01-22T12:37:36","date_gmt":"2025-01-22T04:37:36","guid":{"rendered":"https:\/\/bokysee.com\/?post_type=product&#038;p=13028"},"modified":"2025-01-22T12:37:36","modified_gmt":"2025-01-22T04:37:36","slug":"10x-zoom-24h-recording-4g-solar-panel-wireless-camera-with-sim-card","status":"publish","type":"product","link":"https:\/\/bokysee.com\/es\/products\/10x-zoom-24h-recording-4g-solar-panel-wireless-camera-with-sim-card\/","title":{"rendered":"C\u00e1mara inal\u00e1mbrica con panel solar 4G, zoom 10X, grabaci\u00f3n 24 horas y tarjeta SIM"},"content":{"rendered":"<p><strong>C\u00e1mara inal\u00e1mbrica con panel solar 4G, zoom 10X, grabaci\u00f3n 24 horas y tarjeta SIM<\/strong><\/p>\n<p>La c\u00e1mara 4G con bater\u00eda y zoom 10X cuenta con un lente de 5-50 mm, grabaci\u00f3n 24\/7 y alarma PIR para una vigilancia avanzada. Alimentada por energ\u00eda solar, esta c\u00e1mara CCTV inal\u00e1mbrica admite tarjetas SIM para conectividad remota. Ideal para seguridad en exteriores, garantiza una vigilancia fiable con alta resoluci\u00f3n y detecci\u00f3n inteligente.<\/p>\n<p><img fetchpriority=\"high\" decoding=\"async\" class=\"alignnone size-full wp-image-13032\" src=\"https:\/\/bokysee.com\/wp-content\/uploads\/2025\/01\/BK-LXS24P4M-M1-1.jpg\" alt=\"\" width=\"800\" height=\"800\" srcset=\"https:\/\/bokysee.com\/wp-content\/uploads\/2025\/01\/BK-LXS24P4M-M1-1.jpg 800w, https:\/\/bokysee.com\/wp-content\/uploads\/2025\/01\/BK-LXS24P4M-M1-1-300x300.jpg 300w, https:\/\/bokysee.com\/wp-content\/uploads\/2025\/01\/BK-LXS24P4M-M1-1-150x150.jpg 150w, https:\/\/bokysee.com\/wp-content\/uploads\/2025\/01\/BK-LXS24P4M-M1-1-768x768.jpg 768w, https:\/\/bokysee.com\/wp-content\/uploads\/2025\/01\/BK-LXS24P4M-M1-1-600x600.jpg 600w, https:\/\/bokysee.com\/wp-content\/uploads\/2025\/01\/BK-LXS24P4M-M1-1-100x100.jpg 100w\" sizes=\"(max-width: 800px) 100vw, 800px\" \/><\/p>\n<table width=\"741\">\n<tbody>\n<tr>\n<td width=\"114\">N.\u00ba de modelo<\/td>\n<td colspan=\"2\" width=\"627\">BK-LXS24P4M10X<\/td>\n<\/tr>\n<tr>\n<td rowspan=\"6\" width=\"114\">General<\/td>\n<td rowspan=\"2\" width=\"127\">Resoluci\u00f3n<\/td>\n<td width=\"500\">5MP<\/td>\n<\/tr>\n<tr>\n<td width=\"500\">\u00a02592*1944<\/td>\n<\/tr>\n<tr>\n<td width=\"127\">Procesador principal<\/td>\n<td width=\"500\">Ingenic-T40N<\/td>\n<\/tr>\n<tr>\n<td width=\"127\">Imagen Se\u00f1or<\/td>\n<td width=\"500\">GC4653<\/td>\n<\/tr>\n<tr>\n<td width=\"127\">Sistema operativo APP<\/td>\n<td width=\"500\">Android, iOS<\/td>\n<\/tr>\n<tr>\n<td width=\"127\">Compresi\u00f3n<\/td>\n<td width=\"500\">H.264+\/H.265<\/td>\n<\/tr>\n<tr>\n<td rowspan=\"2\" width=\"114\">Conexi\u00f3n a Internet<\/td>\n<td width=\"127\">4G<\/td>\n<td width=\"500\">TD-LTE,TD-LTE \/ LTE FDD TD-LTE \/ LTE-FDD<\/td>\n<\/tr>\n<tr>\n<td width=\"127\">Versi\u00f3n 4G<\/td>\n<td width=\"500\">CN\/ UE\/ EE. UU.\/ ASEAN (opcional)<\/td>\n<\/tr>\n<tr>\n<td rowspan=\"4\">Alarma<\/td>\n<td width=\"127\">Modo de detecci\u00f3n<\/td>\n<td width=\"500\">Detecci\u00f3n humana PIR + Detecci\u00f3n de forma humana con IA<\/td>\n<\/tr>\n<tr>\n<td width=\"127\">Distancia de detecci\u00f3n<\/td>\n<td width=\"500\">0~12M<\/td>\n<\/tr>\n<tr>\n<td width=\"127\">Detectar \u00e1ngulo<\/td>\n<td width=\"500\">95\u00b0<\/td>\n<\/tr>\n<tr>\n<td width=\"127\">Modo de alarma<\/td>\n<td width=\"500\">Llamadas en tiempo real o mensajes push<\/td>\n<\/tr>\n<tr>\n<td rowspan=\"2\">PTZ<\/td>\n<td width=\"127\">\u00c1ngulo PTZ<\/td>\n<td width=\"500\">Horizontal 355\u00b0 Vertical 100\u00b0<\/td>\n<\/tr>\n<tr>\n<td width=\"127\">Velocidad<\/td>\n<td width=\"500\">Horizontal 55\u00b0\/S Vertical 40\u00b0\/S<\/td>\n<\/tr>\n<tr>\n<td rowspan=\"3\" width=\"114\">Visi\u00f3n nocturna<\/td>\n<td width=\"127\">Visi\u00f3n nocturna a todo color<\/td>\n<td width=\"500\">0,00 Lux<\/td>\n<\/tr>\n<tr>\n<td width=\"127\">LED infrarrojo<\/td>\n<td width=\"500\">LED infrarrojo de 30 m de distancia<\/td>\n<\/tr>\n<tr>\n<td width=\"127\">LED de luz blanca<\/td>\n<td width=\"500\">LED de luz blanca de 30 m de distancia<\/td>\n<\/tr>\n<tr>\n<td rowspan=\"2\" width=\"114\">\u00a0Audio<\/td>\n<td width=\"127\">Altavoz incorporado (entrada)<\/td>\n<td width=\"500\">3W<\/td>\n<\/tr>\n<tr>\n<td width=\"127\">Micr\u00f3fono incorporado (salida)<\/td>\n<td width=\"500\">Distancia de monitoreo de voz 20M<\/td>\n<\/tr>\n<tr>\n<td rowspan=\"2\" width=\"114\">Lente<\/td>\n<td width=\"127\">Lente<\/td>\n<td width=\"500\">5-50 mm<\/td>\n<\/tr>\n<tr>\n<td width=\"127\">\u00c1ngulo de la lente<\/td>\n<td width=\"500\">95\u00b0<\/td>\n<\/tr>\n<tr>\n<td rowspan=\"2\" width=\"114\">Almacenamiento<\/td>\n<td width=\"127\">Almacenamiento en la nube<\/td>\n<td width=\"500\">almacenamiento durante la grabaci\u00f3n de alarma<\/td>\n<\/tr>\n<tr>\n<td width=\"127\">Almacenamiento local<\/td>\n<td width=\"500\">Tarjeta TF M\u00e1x. 128G<\/td>\n<\/tr>\n<tr>\n<td rowspan=\"6\">Fuerza<\/td>\n<td width=\"127\">Modo de suministro de energ\u00eda<\/td>\n<td width=\"500\">Panel solar + bater\u00edas incorporadas<\/td>\n<\/tr>\n<tr>\n<td width=\"127\">Material del panel<\/td>\n<td width=\"500\">silicio monocristalino<\/td>\n<\/tr>\n<tr>\n<td width=\"127\">Energ\u00eda de paneles solares<\/td>\n<td width=\"500\">20 W<\/td>\n<\/tr>\n<tr>\n<td width=\"127\">Capacidad de la bater\u00eda<\/td>\n<td width=\"500\">Admite 6 bater\u00edas 21700 de 30000 mAh en total<\/td>\n<\/tr>\n<tr>\n<td width=\"127\">Consumo de energ\u00eda en funcionamiento<\/td>\n<td width=\"500\">4W<\/td>\n<\/tr>\n<tr>\n<td width=\"127\">Consumo en modo de espera<\/td>\n<td width=\"500\">0,00 W<\/td>\n<\/tr>\n<tr>\n<td rowspan=\"3\">Otros<\/td>\n<td width=\"127\">Entorno de trabajo<\/td>\n<td width=\"500\">Interior\/exterior<\/td>\n<\/tr>\n<tr>\n<td width=\"127\">Temperatura de funcionamiento<\/td>\n<td width=\"500\">-30\u00b0~+60\u00b0<\/td>\n<\/tr>\n<tr>\n<td width=\"127\">Humedad<\/td>\n<td width=\"500\">0%~90%RH<\/td>\n<\/tr>\n<tr>\n<td rowspan=\"5\">Paquete<\/td>\n<td>noroeste<\/td>\n<td width=\"500\">3,8 kg\/pieza<\/td>\n<\/tr>\n<tr>\n<td>Tama\u00f1o de la caja de regalo<\/td>\n<td width=\"500\">340*240*180 mm<\/td>\n<\/tr>\n<tr>\n<td>Cantidad en caja<\/td>\n<td width=\"500\">4 piezas<\/td>\n<\/tr>\n<tr>\n<td>GW<\/td>\n<td>16,5 kg\/caja<\/td>\n<\/tr>\n<tr>\n<td>Tama\u00f1o de la caja<\/td>\n<td>355*494*380 mm<\/td>\n<\/tr>\n<\/tbody>\n<\/table>\n<p><strong>Sobre nosotros:<\/strong><\/p>\n<p><img decoding=\"async\" class=\"alignnone size-full wp-image-12939\" src=\"https:\/\/bokysee.com\/wp-content\/uploads\/2025\/01\/Bokysee-CCTV-Company.jpg\" alt=\"\" width=\"961\" height=\"543\" srcset=\"https:\/\/bokysee.com\/wp-content\/uploads\/2025\/01\/Bokysee-CCTV-Company.jpg 961w, https:\/\/bokysee.com\/wp-content\/uploads\/2025\/01\/Bokysee-CCTV-Company-300x170.jpg 300w, https:\/\/bokysee.com\/wp-content\/uploads\/2025\/01\/Bokysee-CCTV-Company-768x434.jpg 768w, https:\/\/bokysee.com\/wp-content\/uploads\/2025\/01\/Bokysee-CCTV-Company-600x339.jpg 600w\" sizes=\"(max-width: 961px) 100vw, 961px\" \/><\/p>\n<p>Taller de f\u00e1brica:<\/p>\n<p><img decoding=\"async\" class=\"alignnone size-full wp-image-12940\" src=\"https:\/\/bokysee.com\/wp-content\/uploads\/2025\/01\/Bokysee-CCTV-Workshop.jpg\" alt=\"\" width=\"1282\" height=\"726\" srcset=\"https:\/\/bokysee.com\/wp-content\/uploads\/2025\/01\/Bokysee-CCTV-Workshop.jpg 1282w, https:\/\/bokysee.com\/wp-content\/uploads\/2025\/01\/Bokysee-CCTV-Workshop-300x170.jpg 300w, https:\/\/bokysee.com\/wp-content\/uploads\/2025\/01\/Bokysee-CCTV-Workshop-1024x580.jpg 1024w, https:\/\/bokysee.com\/wp-content\/uploads\/2025\/01\/Bokysee-CCTV-Workshop-768x435.jpg 768w, https:\/\/bokysee.com\/wp-content\/uploads\/2025\/01\/Bokysee-CCTV-Workshop-600x340.jpg 600w\" sizes=\"(max-width: 1282px) 100vw, 1282px\" \/><\/p>","protected":false},"excerpt":{"rendered":"<p><strong>C\u00e1maras PTZ solares con zoom \u00f3ptico de 10X<\/strong><br \/>\nGrabaci\u00f3n de 24 horas, carcasa de metal<br \/>\nFormato de compresi\u00f3n: H.265<br \/>\nSensor: T31ZL \/ T31ZX<br \/>\nSensor de imagen: Sensor progresivo de 1\/2,7\u2033<br \/>\nAudio: audio bidireccional<br \/>\nLente: 5-50 mm<br \/>\nIluminaci\u00f3n: IR + luz blanca 30M<br \/>\nDetecci\u00f3n: Detecci\u00f3n humana PIR + Detecci\u00f3n humanoide con IA<br \/>\nDistancia: 0 ~ 12 m<br \/>\nAlmacenamiento: Almacenamiento en la nube + tarjeta TF (m\u00e1ximo 128 GB)<br \/>\nPanor\u00e1mica e inclinaci\u00f3n: Horizontal 355\u00b0 Vertical 100\u00b0<br \/>\nPanel solar: silicio monocristalino de 20 W<br \/>\nBater\u00eda: 6x5000mAh<\/p>","protected":false},"featured_media":13030,"template":"","meta":[],"product_brand":[],"product_cat":[1111],"product_tag":[1185,1184,1183],"class_list":{"0":"post-13028","1":"product","2":"type-product","3":"status-publish","4":"has-post-thumbnail","6":"product_cat-4g-solar-camera","7":"product_tag-4g-outdoor-camera","8":"product_tag-solar-camera-with-sim-card","9":"product_tag-solar-panel-wireless-camera","11":"first","12":"instock","13":"shipping-taxable","14":"product-type-simple"},"acf":[],"yoast_head":"<!-- This site is optimized with the Yoast SEO Premium plugin v20.2.1 (Yoast SEO v26.1.1) - https:\/\/yoast.com\/wordpress\/plugins\/seo\/ -->\n<title>10X Zoom 24h Recording 4G Solar Panel Wireless Camera With Sim Card - Bokysee Technology Co.,LTD<\/title>\n<meta name=\"description\" content=\"10X Zoom24h Recording 4G Solar Panel Battery Wireless Camera With 5-50mm Lens SIM Card Pir Alarm CCTV Surveillance Camera\" \/>\n<meta name=\"robots\" content=\"index, follow, max-snippet:-1, max-image-preview:large, max-video-preview:-1\" \/>\n<link rel=\"canonical\" href=\"https:\/\/bokysee.com\/es\/products\/10x-zoom-24h-recording-4g-solar-panel-wireless-camera-with-sim-card\/\" \/>\n<meta property=\"og:locale\" content=\"es_ES\" \/>\n<meta property=\"og:type\" content=\"article\" \/>\n<meta property=\"og:title\" content=\"10X Zoom 24h Recording 4G Solar Panel Wireless Camera With Sim Card\" \/>\n<meta property=\"og:description\" content=\"10X Zoom24h Recording 4G Solar Panel Battery Wireless Camera With 5-50mm Lens SIM Card Pir Alarm CCTV Surveillance Camera\" \/>\n<meta property=\"og:url\" content=\"https:\/\/bokysee.com\/es\/products\/10x-zoom-24h-recording-4g-solar-panel-wireless-camera-with-sim-card\/\" \/>\n<meta property=\"og:site_name\" content=\"Bokysee Technology Co.,LTD\" \/>\n<meta property=\"og:image\" content=\"https:\/\/bokysee.com\/wp-content\/uploads\/2025\/01\/BK-LXS24P4M-M1.jpg\" \/>\n\t<meta property=\"og:image:width\" content=\"800\" \/>\n\t<meta property=\"og:image:height\" content=\"800\" \/>\n\t<meta property=\"og:image:type\" content=\"image\/jpeg\" \/>\n<meta name=\"twitter:card\" content=\"summary_large_image\" \/>\n<meta name=\"twitter:label1\" content=\"Tiempo de lectura\" \/>\n\t<meta name=\"twitter:data1\" content=\"2 minutos\" \/>\n<script type=\"application\/ld+json\" class=\"yoast-schema-graph\">{\"@context\":\"https:\/\/schema.org\",\"@graph\":[{\"@type\":\"WebPage\",\"@id\":\"https:\/\/bokysee.com\/products\/10x-zoom-24h-recording-4g-solar-panel-wireless-camera-with-sim-card\/\",\"url\":\"https:\/\/bokysee.com\/products\/10x-zoom-24h-recording-4g-solar-panel-wireless-camera-with-sim-card\/\",\"name\":\"10X Zoom 24h Recording 4G Solar Panel Wireless Camera With Sim Card - Bokysee Technology Co.,LTD\",\"isPartOf\":{\"@id\":\"https:\/\/bokysee.com\/#website\"},\"primaryImageOfPage\":{\"@id\":\"https:\/\/bokysee.com\/products\/10x-zoom-24h-recording-4g-solar-panel-wireless-camera-with-sim-card\/#primaryimage\"},\"image\":{\"@id\":\"https:\/\/bokysee.com\/products\/10x-zoom-24h-recording-4g-solar-panel-wireless-camera-with-sim-card\/#primaryimage\"},\"thumbnailUrl\":\"https:\/\/bokysee.com\/wp-content\/uploads\/2025\/01\/BK-LXS24P4M-M1.jpg\",\"datePublished\":\"2025-01-22T04:37:36+00:00\",\"description\":\"10X Zoom24h Recording 4G Solar Panel Battery Wireless Camera With 5-50mm Lens SIM Card Pir Alarm CCTV Surveillance Camera\",\"breadcrumb\":{\"@id\":\"https:\/\/bokysee.com\/products\/10x-zoom-24h-recording-4g-solar-panel-wireless-camera-with-sim-card\/#breadcrumb\"},\"inLanguage\":\"es\",\"potentialAction\":[{\"@type\":\"ReadAction\",\"target\":[\"https:\/\/bokysee.com\/products\/10x-zoom-24h-recording-4g-solar-panel-wireless-camera-with-sim-card\/\"]}]},{\"@type\":\"ImageObject\",\"inLanguage\":\"es\",\"@id\":\"https:\/\/bokysee.com\/products\/10x-zoom-24h-recording-4g-solar-panel-wireless-camera-with-sim-card\/#primaryimage\",\"url\":\"https:\/\/bokysee.com\/wp-content\/uploads\/2025\/01\/BK-LXS24P4M-M1.jpg\",\"contentUrl\":\"https:\/\/bokysee.com\/wp-content\/uploads\/2025\/01\/BK-LXS24P4M-M1.jpg\",\"width\":800,\"height\":800,\"caption\":\"4g outdoor camera\"},{\"@type\":\"BreadcrumbList\",\"@id\":\"https:\/\/bokysee.com\/products\/10x-zoom-24h-recording-4g-solar-panel-wireless-camera-with-sim-card\/#breadcrumb\",\"itemListElement\":[{\"@type\":\"ListItem\",\"position\":1,\"name\":\"Home\",\"item\":\"https:\/\/bokysee.com\/\"},{\"@type\":\"ListItem\",\"position\":2,\"name\":\"Products\",\"item\":\"https:\/\/bokysee.com\/products\/\"},{\"@type\":\"ListItem\",\"position\":3,\"name\":\"10X Zoom 24h Recording 4G Solar Panel Wireless Camera With Sim Card\"}]},{\"@type\":\"WebSite\",\"@id\":\"https:\/\/bokysee.com\/#website\",\"url\":\"https:\/\/bokysee.com\/\",\"name\":\"Bokysee Technology Co.,LTD\",\"description\":\"Professional Smart Indoor and Outdoor Security Cameras Solution Supplier\",\"potentialAction\":[{\"@type\":\"SearchAction\",\"target\":{\"@type\":\"EntryPoint\",\"urlTemplate\":\"https:\/\/bokysee.com\/?s={search_term_string}\"},\"query-input\":{\"@type\":\"PropertyValueSpecification\",\"valueRequired\":true,\"valueName\":\"search_term_string\"}}],\"inLanguage\":\"es\"}]}<\/script>\n<!-- \/ Yoast SEO Premium plugin. -->","yoast_head_json":{"title":"10X Zoom 24h Recording 4G Solar Panel Wireless Camera With Sim Card - Bokysee Technology Co.,LTD","description":"10X Zoom24h Recording 4G Solar Panel Battery Wireless Camera With 5-50mm Lens SIM Card Pir Alarm CCTV Surveillance Camera","robots":{"index":"index","follow":"follow","max-snippet":"max-snippet:-1","max-image-preview":"max-image-preview:large","max-video-preview":"max-video-preview:-1"},"canonical":"https:\/\/bokysee.com\/es\/products\/10x-zoom-24h-recording-4g-solar-panel-wireless-camera-with-sim-card\/","og_locale":"es_ES","og_type":"article","og_title":"10X Zoom 24h Recording 4G Solar Panel Wireless Camera With Sim Card","og_description":"10X Zoom24h Recording 4G Solar Panel Battery Wireless Camera With 5-50mm Lens SIM Card Pir Alarm CCTV Surveillance Camera","og_url":"https:\/\/bokysee.com\/es\/products\/10x-zoom-24h-recording-4g-solar-panel-wireless-camera-with-sim-card\/","og_site_name":"Bokysee Technology Co.,LTD","og_image":[{"width":800,"height":800,"url":"https:\/\/bokysee.com\/wp-content\/uploads\/2025\/01\/BK-LXS24P4M-M1.jpg","type":"image\/jpeg"}],"twitter_card":"summary_large_image","twitter_misc":{"Tiempo de lectura":"2 minutos"},"schema":{"@context":"https:\/\/schema.org","@graph":[{"@type":"WebPage","@id":"https:\/\/bokysee.com\/products\/10x-zoom-24h-recording-4g-solar-panel-wireless-camera-with-sim-card\/","url":"https:\/\/bokysee.com\/products\/10x-zoom-24h-recording-4g-solar-panel-wireless-camera-with-sim-card\/","name":"10X Zoom 24h Recording 4G Solar Panel Wireless Camera With Sim Card - Bokysee Technology Co.,LTD","isPartOf":{"@id":"https:\/\/bokysee.com\/#website"},"primaryImageOfPage":{"@id":"https:\/\/bokysee.com\/products\/10x-zoom-24h-recording-4g-solar-panel-wireless-camera-with-sim-card\/#primaryimage"},"image":{"@id":"https:\/\/bokysee.com\/products\/10x-zoom-24h-recording-4g-solar-panel-wireless-camera-with-sim-card\/#primaryimage"},"thumbnailUrl":"https:\/\/bokysee.com\/wp-content\/uploads\/2025\/01\/BK-LXS24P4M-M1.jpg","datePublished":"2025-01-22T04:37:36+00:00","description":"10X Zoom24h Recording 4G Solar Panel Battery Wireless Camera With 5-50mm Lens SIM Card Pir Alarm CCTV Surveillance Camera","breadcrumb":{"@id":"https:\/\/bokysee.com\/products\/10x-zoom-24h-recording-4g-solar-panel-wireless-camera-with-sim-card\/#breadcrumb"},"inLanguage":"es","potentialAction":[{"@type":"ReadAction","target":["https:\/\/bokysee.com\/products\/10x-zoom-24h-recording-4g-solar-panel-wireless-camera-with-sim-card\/"]}]},{"@type":"ImageObject","inLanguage":"es","@id":"https:\/\/bokysee.com\/products\/10x-zoom-24h-recording-4g-solar-panel-wireless-camera-with-sim-card\/#primaryimage","url":"https:\/\/bokysee.com\/wp-content\/uploads\/2025\/01\/BK-LXS24P4M-M1.jpg","contentUrl":"https:\/\/bokysee.com\/wp-content\/uploads\/2025\/01\/BK-LXS24P4M-M1.jpg","width":800,"height":800,"caption":"4g outdoor camera"},{"@type":"BreadcrumbList","@id":"https:\/\/bokysee.com\/products\/10x-zoom-24h-recording-4g-solar-panel-wireless-camera-with-sim-card\/#breadcrumb","itemListElement":[{"@type":"ListItem","position":1,"name":"Home","item":"https:\/\/bokysee.com\/"},{"@type":"ListItem","position":2,"name":"Products","item":"https:\/\/bokysee.com\/products\/"},{"@type":"ListItem","position":3,"name":"10X Zoom 24h Recording 4G Solar Panel Wireless Camera With Sim Card"}]},{"@type":"WebSite","@id":"https:\/\/bokysee.com\/#website","url":"https:\/\/bokysee.com\/","name":"Bokysee Technology Co.,LTD","description":"Professional Smart Indoor and Outdoor Security Cameras Solution Supplier","potentialAction":[{"@type":"SearchAction","target":{"@type":"EntryPoint","urlTemplate":"https:\/\/bokysee.com\/?s={search_term_string}"},"query-input":{"@type":"PropertyValueSpecification","valueRequired":true,"valueName":"search_term_string"}}],"inLanguage":"es"}]}},"_links":{"self":[{"href":"https:\/\/bokysee.com\/es\/wp-json\/wp\/v2\/product\/13028","targetHints":{"allow":["GET"]}}],"collection":[{"href":"https:\/\/bokysee.com\/es\/wp-json\/wp\/v2\/product"}],"about":[{"href":"https:\/\/bokysee.com\/es\/wp-json\/wp\/v2\/types\/product"}],"version-history":[{"count":0,"href":"https:\/\/bokysee.com\/es\/wp-json\/wp\/v2\/product\/13028\/revisions"}],"wp:featuredmedia":[{"embeddable":true,"href":"https:\/\/bokysee.com\/es\/wp-json\/wp\/v2\/media\/13030"}],"wp:attachment":[{"href":"https:\/\/bokysee.com\/es\/wp-json\/wp\/v2\/media?parent=13028"}],"wp:term":[{"taxonomy":"product_brand","embeddable":true,"href":"https:\/\/bokysee.com\/es\/wp-json\/wp\/v2\/product_brand?post=13028"},{"taxonomy":"product_cat","embeddable":true,"href":"https:\/\/bokysee.com\/es\/wp-json\/wp\/v2\/product_cat?post=13028"},{"taxonomy":"product_tag","embeddable":true,"href":"https:\/\/bokysee.com\/es\/wp-json\/wp\/v2\/product_tag?post=13028"}],"curies":[{"name":"wp","href":"https:\/\/api.w.org\/{rel}","templated":true}]}}