{"id":13022,"date":"2025-01-22T12:28:19","date_gmt":"2025-01-22T04:28:19","guid":{"rendered":"https:\/\/bokysee.com\/?post_type=product&#038;p=13022"},"modified":"2025-01-22T12:28:20","modified_gmt":"2025-01-22T04:28:20","slug":"bokysee-10x-zoom-5-50mm-lens-4g-solar-surveillance-security-camera","status":"publish","type":"product","link":"https:\/\/bokysee.com\/es\/products\/bokysee-10x-zoom-5-50mm-lens-4g-solar-surveillance-security-camera\/","title":{"rendered":"C\u00e1mara de seguridad solar Bokysee 4G con zoom 10X y lente de 5-50 mm"},"content":{"rendered":"<p><strong>Lente Bokysee con zoom 10X de 5-50 mm<a href=\"https:\/\/bokysee.com\/es\/product-category\/solar-battery-camera\/\"> C\u00e1mara de seguridad con vigilancia solar 4G<\/a><\/strong><\/p>\n<p>Mejora tu seguridad con Bokysee <a href=\"https:\/\/bokysee.com\/es\/product-category\/solar-battery-camera\/\"><strong>C\u00e1mara solar PTZ 4G LTE con zoom de 10 aumentos<\/strong><\/a>Con un lente de 5-50 mm, visi\u00f3n nocturna IR de 30 M con luz blanca y un \u00e1ngulo de giro de 355\u00b0 y una inclinaci\u00f3n de 100\u00b0, esta c\u00e1mara ofrece una cobertura inigualable. Equipada con detecci\u00f3n humana PIR con IA, audio bidireccional y energ\u00eda solar de 8 W, garantiza vigilancia 24\/7. Mant\u00e9ngase protegido con opciones de almacenamiento inteligentes y la fiabilidad de su bater\u00eda.<\/p>\n<p><img fetchpriority=\"high\" decoding=\"async\" class=\"alignnone size-full wp-image-13026\" src=\"https:\/\/bokysee.com\/wp-content\/uploads\/2025\/01\/BK-LXS26P4M10X-M1-1.jpg\" alt=\"\" width=\"800\" height=\"800\" srcset=\"https:\/\/bokysee.com\/wp-content\/uploads\/2025\/01\/BK-LXS26P4M10X-M1-1.jpg 800w, https:\/\/bokysee.com\/wp-content\/uploads\/2025\/01\/BK-LXS26P4M10X-M1-1-300x300.jpg 300w, https:\/\/bokysee.com\/wp-content\/uploads\/2025\/01\/BK-LXS26P4M10X-M1-1-150x150.jpg 150w, https:\/\/bokysee.com\/wp-content\/uploads\/2025\/01\/BK-LXS26P4M10X-M1-1-768x768.jpg 768w, https:\/\/bokysee.com\/wp-content\/uploads\/2025\/01\/BK-LXS26P4M10X-M1-1-600x600.jpg 600w, https:\/\/bokysee.com\/wp-content\/uploads\/2025\/01\/BK-LXS26P4M10X-M1-1-100x100.jpg 100w\" sizes=\"(max-width: 800px) 100vw, 800px\" \/><\/p>\n<p><strong>Sobre nosotros:<\/strong><\/p>\n<p><img decoding=\"async\" class=\"alignnone size-full wp-image-12939\" src=\"https:\/\/bokysee.com\/wp-content\/uploads\/2025\/01\/Bokysee-CCTV-Company.jpg\" alt=\"\" width=\"961\" height=\"543\" srcset=\"https:\/\/bokysee.com\/wp-content\/uploads\/2025\/01\/Bokysee-CCTV-Company.jpg 961w, https:\/\/bokysee.com\/wp-content\/uploads\/2025\/01\/Bokysee-CCTV-Company-300x170.jpg 300w, https:\/\/bokysee.com\/wp-content\/uploads\/2025\/01\/Bokysee-CCTV-Company-768x434.jpg 768w, https:\/\/bokysee.com\/wp-content\/uploads\/2025\/01\/Bokysee-CCTV-Company-600x339.jpg 600w\" sizes=\"(max-width: 961px) 100vw, 961px\" \/><\/p>\n<p>Taller de f\u00e1brica:<\/p>\n<p><img decoding=\"async\" class=\"alignnone size-full wp-image-12940\" src=\"https:\/\/bokysee.com\/wp-content\/uploads\/2025\/01\/Bokysee-CCTV-Workshop.jpg\" alt=\"\" width=\"1282\" height=\"726\" srcset=\"https:\/\/bokysee.com\/wp-content\/uploads\/2025\/01\/Bokysee-CCTV-Workshop.jpg 1282w, https:\/\/bokysee.com\/wp-content\/uploads\/2025\/01\/Bokysee-CCTV-Workshop-300x170.jpg 300w, https:\/\/bokysee.com\/wp-content\/uploads\/2025\/01\/Bokysee-CCTV-Workshop-1024x580.jpg 1024w, https:\/\/bokysee.com\/wp-content\/uploads\/2025\/01\/Bokysee-CCTV-Workshop-768x435.jpg 768w, https:\/\/bokysee.com\/wp-content\/uploads\/2025\/01\/Bokysee-CCTV-Workshop-600x340.jpg 600w\" sizes=\"(max-width: 1282px) 100vw, 1282px\" \/><\/p>","protected":false},"excerpt":{"rendered":"<p><strong>C\u00e1mara solar con zoom \u00f3ptico de 10X<\/strong><br \/>\nFormato de compresi\u00f3n: H.265<br \/>\nSensor: T31ZL \/ T31ZX<br \/>\nSensor de imagen: Sensor progresivo de 1\/2,7\u2033<br \/>\nAudio:audio bidireccional<br \/>\nLente: 5-50 mm<br \/>\nIluminaci\u00f3n: IR + luz blanca 30M<br \/>\nDetecci\u00f3n: Detecci\u00f3n humana PIR + Detecci\u00f3n humanoide con IA<br \/>\nDistancia: 0 ~ 12 m<br \/>\nAlmacenamiento: Almacenamiento en la nube + tarjeta TF (m\u00e1ximo 128 GB)<br \/>\nPanor\u00e1mica e inclinaci\u00f3n: Horizontal 355\u00b0 Vertical 100\u00b0<br \/>\nPanel solar: silicio monocristalino de 8 W<br \/>\nBater\u00eda: 6 x 2600 mAh<\/p>","protected":false},"featured_media":13024,"template":"","meta":[],"product_brand":[],"product_cat":[1111],"product_tag":[1182,90,1181],"class_list":{"0":"post-13022","1":"product","2":"type-product","3":"status-publish","4":"has-post-thumbnail","6":"product_cat-4g-solar-camera","7":"product_tag-4g-security-camera","8":"product_tag-4g-solar-camera","9":"product_tag-solar-surveillance-camera","11":"first","12":"instock","13":"shipping-taxable","14":"product-type-simple"},"acf":[],"yoast_head":"<!-- This site is optimized with the Yoast SEO Premium plugin v20.2.1 (Yoast SEO v26.1.1) - https:\/\/yoast.com\/wordpress\/plugins\/seo\/ -->\n<title>Bokysee 10X Zoom 5-50mm Lens 4G Solar Surveillance Security Camera - Bokysee Technology Co.,LTD<\/title>\n<meta name=\"description\" content=\"Bokysee 10X Zoom 5-50mm Lens 4G LTE PTZ Solar Panel IP Security Camera PIR Alarm CCTV Surveillance Battery Powered Camera\" \/>\n<meta name=\"robots\" content=\"index, follow, max-snippet:-1, max-image-preview:large, max-video-preview:-1\" \/>\n<link rel=\"canonical\" href=\"https:\/\/bokysee.com\/es\/products\/bokysee-10x-zoom-5-50mm-lens-4g-solar-surveillance-security-camera\/\" \/>\n<meta property=\"og:locale\" content=\"es_ES\" \/>\n<meta property=\"og:type\" content=\"article\" \/>\n<meta property=\"og:title\" content=\"Bokysee 10X Zoom 5-50mm Lens 4G Solar Surveillance Security Camera\" \/>\n<meta property=\"og:description\" content=\"Bokysee 10X Zoom 5-50mm Lens 4G LTE PTZ Solar Panel IP Security Camera PIR Alarm CCTV Surveillance Battery Powered Camera\" \/>\n<meta property=\"og:url\" content=\"https:\/\/bokysee.com\/es\/products\/bokysee-10x-zoom-5-50mm-lens-4g-solar-surveillance-security-camera\/\" \/>\n<meta property=\"og:site_name\" content=\"Bokysee Technology Co.,LTD\" \/>\n<meta property=\"article:modified_time\" content=\"2025-01-22T04:28:20+00:00\" \/>\n<meta property=\"og:image\" content=\"https:\/\/bokysee.com\/wp-content\/uploads\/2025\/01\/BK-LXS26P4M10X-M1.jpg\" \/>\n\t<meta property=\"og:image:width\" content=\"800\" \/>\n\t<meta property=\"og:image:height\" content=\"800\" \/>\n\t<meta property=\"og:image:type\" content=\"image\/jpeg\" \/>\n<meta name=\"twitter:card\" content=\"summary_large_image\" \/>\n<meta name=\"twitter:label1\" content=\"Tiempo de lectura\" \/>\n\t<meta name=\"twitter:data1\" content=\"2 minutos\" \/>\n<script type=\"application\/ld+json\" class=\"yoast-schema-graph\">{\"@context\":\"https:\/\/schema.org\",\"@graph\":[{\"@type\":\"WebPage\",\"@id\":\"https:\/\/bokysee.com\/products\/bokysee-10x-zoom-5-50mm-lens-4g-solar-surveillance-security-camera\/\",\"url\":\"https:\/\/bokysee.com\/products\/bokysee-10x-zoom-5-50mm-lens-4g-solar-surveillance-security-camera\/\",\"name\":\"Bokysee 10X Zoom 5-50mm Lens 4G Solar Surveillance Security Camera - Bokysee Technology Co.,LTD\",\"isPartOf\":{\"@id\":\"https:\/\/bokysee.com\/#website\"},\"primaryImageOfPage\":{\"@id\":\"https:\/\/bokysee.com\/products\/bokysee-10x-zoom-5-50mm-lens-4g-solar-surveillance-security-camera\/#primaryimage\"},\"image\":{\"@id\":\"https:\/\/bokysee.com\/products\/bokysee-10x-zoom-5-50mm-lens-4g-solar-surveillance-security-camera\/#primaryimage\"},\"thumbnailUrl\":\"https:\/\/bokysee.com\/wp-content\/uploads\/2025\/01\/BK-LXS26P4M10X-M1.jpg\",\"datePublished\":\"2025-01-22T04:28:19+00:00\",\"dateModified\":\"2025-01-22T04:28:20+00:00\",\"description\":\"Bokysee 10X Zoom 5-50mm Lens 4G LTE PTZ Solar Panel IP Security Camera PIR Alarm CCTV Surveillance Battery Powered Camera\",\"breadcrumb\":{\"@id\":\"https:\/\/bokysee.com\/products\/bokysee-10x-zoom-5-50mm-lens-4g-solar-surveillance-security-camera\/#breadcrumb\"},\"inLanguage\":\"es\",\"potentialAction\":[{\"@type\":\"ReadAction\",\"target\":[\"https:\/\/bokysee.com\/products\/bokysee-10x-zoom-5-50mm-lens-4g-solar-surveillance-security-camera\/\"]}]},{\"@type\":\"ImageObject\",\"inLanguage\":\"es\",\"@id\":\"https:\/\/bokysee.com\/products\/bokysee-10x-zoom-5-50mm-lens-4g-solar-surveillance-security-camera\/#primaryimage\",\"url\":\"https:\/\/bokysee.com\/wp-content\/uploads\/2025\/01\/BK-LXS26P4M10X-M1.jpg\",\"contentUrl\":\"https:\/\/bokysee.com\/wp-content\/uploads\/2025\/01\/BK-LXS26P4M10X-M1.jpg\",\"width\":800,\"height\":800,\"caption\":\"10X Zoom Solar Camera\"},{\"@type\":\"BreadcrumbList\",\"@id\":\"https:\/\/bokysee.com\/products\/bokysee-10x-zoom-5-50mm-lens-4g-solar-surveillance-security-camera\/#breadcrumb\",\"itemListElement\":[{\"@type\":\"ListItem\",\"position\":1,\"name\":\"Home\",\"item\":\"https:\/\/bokysee.com\/\"},{\"@type\":\"ListItem\",\"position\":2,\"name\":\"Products\",\"item\":\"https:\/\/bokysee.com\/products\/\"},{\"@type\":\"ListItem\",\"position\":3,\"name\":\"Bokysee 10X Zoom 5-50mm Lens 4G Solar Surveillance Security Camera\"}]},{\"@type\":\"WebSite\",\"@id\":\"https:\/\/bokysee.com\/#website\",\"url\":\"https:\/\/bokysee.com\/\",\"name\":\"Bokysee Technology Co.,LTD\",\"description\":\"Professional Smart Indoor and Outdoor Security Cameras Solution Supplier\",\"potentialAction\":[{\"@type\":\"SearchAction\",\"target\":{\"@type\":\"EntryPoint\",\"urlTemplate\":\"https:\/\/bokysee.com\/?s={search_term_string}\"},\"query-input\":{\"@type\":\"PropertyValueSpecification\",\"valueRequired\":true,\"valueName\":\"search_term_string\"}}],\"inLanguage\":\"es\"}]}<\/script>\n<!-- \/ Yoast SEO Premium plugin. -->","yoast_head_json":{"title":"Bokysee 10X Zoom 5-50mm Lens 4G Solar Surveillance Security Camera - Bokysee Technology Co.,LTD","description":"Bokysee 10X Zoom 5-50mm Lens 4G LTE PTZ Solar Panel IP Security Camera PIR Alarm CCTV Surveillance Battery Powered Camera","robots":{"index":"index","follow":"follow","max-snippet":"max-snippet:-1","max-image-preview":"max-image-preview:large","max-video-preview":"max-video-preview:-1"},"canonical":"https:\/\/bokysee.com\/es\/products\/bokysee-10x-zoom-5-50mm-lens-4g-solar-surveillance-security-camera\/","og_locale":"es_ES","og_type":"article","og_title":"Bokysee 10X Zoom 5-50mm Lens 4G Solar Surveillance Security Camera","og_description":"Bokysee 10X Zoom 5-50mm Lens 4G LTE PTZ Solar Panel IP Security Camera PIR Alarm CCTV Surveillance Battery Powered Camera","og_url":"https:\/\/bokysee.com\/es\/products\/bokysee-10x-zoom-5-50mm-lens-4g-solar-surveillance-security-camera\/","og_site_name":"Bokysee Technology Co.,LTD","article_modified_time":"2025-01-22T04:28:20+00:00","og_image":[{"width":800,"height":800,"url":"https:\/\/bokysee.com\/wp-content\/uploads\/2025\/01\/BK-LXS26P4M10X-M1.jpg","type":"image\/jpeg"}],"twitter_card":"summary_large_image","twitter_misc":{"Tiempo de lectura":"2 minutos"},"schema":{"@context":"https:\/\/schema.org","@graph":[{"@type":"WebPage","@id":"https:\/\/bokysee.com\/products\/bokysee-10x-zoom-5-50mm-lens-4g-solar-surveillance-security-camera\/","url":"https:\/\/bokysee.com\/products\/bokysee-10x-zoom-5-50mm-lens-4g-solar-surveillance-security-camera\/","name":"Bokysee 10X Zoom 5-50mm Lens 4G Solar Surveillance Security Camera - Bokysee Technology Co.,LTD","isPartOf":{"@id":"https:\/\/bokysee.com\/#website"},"primaryImageOfPage":{"@id":"https:\/\/bokysee.com\/products\/bokysee-10x-zoom-5-50mm-lens-4g-solar-surveillance-security-camera\/#primaryimage"},"image":{"@id":"https:\/\/bokysee.com\/products\/bokysee-10x-zoom-5-50mm-lens-4g-solar-surveillance-security-camera\/#primaryimage"},"thumbnailUrl":"https:\/\/bokysee.com\/wp-content\/uploads\/2025\/01\/BK-LXS26P4M10X-M1.jpg","datePublished":"2025-01-22T04:28:19+00:00","dateModified":"2025-01-22T04:28:20+00:00","description":"Bokysee 10X Zoom 5-50mm Lens 4G LTE PTZ Solar Panel IP Security Camera PIR Alarm CCTV Surveillance Battery Powered Camera","breadcrumb":{"@id":"https:\/\/bokysee.com\/products\/bokysee-10x-zoom-5-50mm-lens-4g-solar-surveillance-security-camera\/#breadcrumb"},"inLanguage":"es","potentialAction":[{"@type":"ReadAction","target":["https:\/\/bokysee.com\/products\/bokysee-10x-zoom-5-50mm-lens-4g-solar-surveillance-security-camera\/"]}]},{"@type":"ImageObject","inLanguage":"es","@id":"https:\/\/bokysee.com\/products\/bokysee-10x-zoom-5-50mm-lens-4g-solar-surveillance-security-camera\/#primaryimage","url":"https:\/\/bokysee.com\/wp-content\/uploads\/2025\/01\/BK-LXS26P4M10X-M1.jpg","contentUrl":"https:\/\/bokysee.com\/wp-content\/uploads\/2025\/01\/BK-LXS26P4M10X-M1.jpg","width":800,"height":800,"caption":"10X Zoom Solar Camera"},{"@type":"BreadcrumbList","@id":"https:\/\/bokysee.com\/products\/bokysee-10x-zoom-5-50mm-lens-4g-solar-surveillance-security-camera\/#breadcrumb","itemListElement":[{"@type":"ListItem","position":1,"name":"Home","item":"https:\/\/bokysee.com\/"},{"@type":"ListItem","position":2,"name":"Products","item":"https:\/\/bokysee.com\/products\/"},{"@type":"ListItem","position":3,"name":"Bokysee 10X Zoom 5-50mm Lens 4G Solar Surveillance Security Camera"}]},{"@type":"WebSite","@id":"https:\/\/bokysee.com\/#website","url":"https:\/\/bokysee.com\/","name":"Bokysee Technology Co.,LTD","description":"Professional Smart Indoor and Outdoor Security Cameras Solution Supplier","potentialAction":[{"@type":"SearchAction","target":{"@type":"EntryPoint","urlTemplate":"https:\/\/bokysee.com\/?s={search_term_string}"},"query-input":{"@type":"PropertyValueSpecification","valueRequired":true,"valueName":"search_term_string"}}],"inLanguage":"es"}]}},"_links":{"self":[{"href":"https:\/\/bokysee.com\/es\/wp-json\/wp\/v2\/product\/13022","targetHints":{"allow":["GET"]}}],"collection":[{"href":"https:\/\/bokysee.com\/es\/wp-json\/wp\/v2\/product"}],"about":[{"href":"https:\/\/bokysee.com\/es\/wp-json\/wp\/v2\/types\/product"}],"version-history":[{"count":0,"href":"https:\/\/bokysee.com\/es\/wp-json\/wp\/v2\/product\/13022\/revisions"}],"wp:featuredmedia":[{"embeddable":true,"href":"https:\/\/bokysee.com\/es\/wp-json\/wp\/v2\/media\/13024"}],"wp:attachment":[{"href":"https:\/\/bokysee.com\/es\/wp-json\/wp\/v2\/media?parent=13022"}],"wp:term":[{"taxonomy":"product_brand","embeddable":true,"href":"https:\/\/bokysee.com\/es\/wp-json\/wp\/v2\/product_brand?post=13022"},{"taxonomy":"product_cat","embeddable":true,"href":"https:\/\/bokysee.com\/es\/wp-json\/wp\/v2\/product_cat?post=13022"},{"taxonomy":"product_tag","embeddable":true,"href":"https:\/\/bokysee.com\/es\/wp-json\/wp\/v2\/product_tag?post=13022"}],"curies":[{"name":"wp","href":"https:\/\/api.w.org\/{rel}","templated":true}]}}