{"id":13010,"date":"2025-01-22T12:18:31","date_gmt":"2025-01-22T04:18:31","guid":{"rendered":"https:\/\/bokysee.com\/?post_type=product&#038;p=13010"},"modified":"2025-01-22T12:18:31","modified_gmt":"2025-01-22T04:18:31","slug":"best-10x-zoom-4g-sim-card-lte-ptz-solar-powered-security-cctv-cam","status":"publish","type":"product","link":"https:\/\/bokysee.com\/es\/products\/best-10x-zoom-4g-sim-card-lte-ptz-solar-powered-security-cctv-cam\/","title":{"rendered":"La mejor c\u00e1mara de seguridad CCTV con zoom 10X, tarjeta SIM 4G, LTE, PTZ y energ\u00eda solar"},"content":{"rendered":"<p><strong>La mejor tarjeta SIM 4G LTE PTZ con zoom de 10x <a href=\"https:\/\/bokysee.com\/es\/product-category\/solar-battery-camera\/\">C\u00e1mara de seguridad CCTV con energ\u00eda solar<\/a><\/strong><\/p>\n<p>La mejor tarjeta SIM LTE 4G con zoom 10X <a href=\"https:\/\/bokysee.com\/es\/product-category\/solar-battery-camera\/\">C\u00e1mara de seguridad solar<\/a> Cuenta con zoom \u00f3ptico de 5-50 mm para una vigilancia detallada, compresi\u00f3n H.265 y visi\u00f3n nocturna IR de 30 M con luz blanca. Con un giro de 355\u00b0, una inclinaci\u00f3n de 100\u00b0 y detecci\u00f3n de personas PIR con IA, garantiza una amplia cobertura. Alimentada por un panel solar de 8 W, admite audio bidireccional y almacenamiento en tarjeta TF\/nube, lo que la hace perfecta para la seguridad en exteriores.<\/p>\n<p><img fetchpriority=\"high\" decoding=\"async\" class=\"alignnone size-full wp-image-13016\" src=\"https:\/\/bokysee.com\/wp-content\/uploads\/2025\/01\/BK-LXS25P4M10X-D_01.jpg\" alt=\"\" width=\"664\" height=\"726\" srcset=\"https:\/\/bokysee.com\/wp-content\/uploads\/2025\/01\/BK-LXS25P4M10X-D_01.jpg 664w, https:\/\/bokysee.com\/wp-content\/uploads\/2025\/01\/BK-LXS25P4M10X-D_01-274x300.jpg 274w, https:\/\/bokysee.com\/wp-content\/uploads\/2025\/01\/BK-LXS25P4M10X-D_01-549x600.jpg 549w, https:\/\/bokysee.com\/wp-content\/uploads\/2025\/01\/BK-LXS25P4M10X-D_01-600x656.jpg 600w\" sizes=\"(max-width: 664px) 100vw, 664px\" \/> <img decoding=\"async\" class=\"alignnone size-full wp-image-13017\" src=\"https:\/\/bokysee.com\/wp-content\/uploads\/2025\/01\/BK-LXS25P4M10X-D_02.jpg\" alt=\"\" width=\"664\" height=\"887\" srcset=\"https:\/\/bokysee.com\/wp-content\/uploads\/2025\/01\/BK-LXS25P4M10X-D_02.jpg 664w, https:\/\/bokysee.com\/wp-content\/uploads\/2025\/01\/BK-LXS25P4M10X-D_02-225x300.jpg 225w, https:\/\/bokysee.com\/wp-content\/uploads\/2025\/01\/BK-LXS25P4M10X-D_02-449x600.jpg 449w, https:\/\/bokysee.com\/wp-content\/uploads\/2025\/01\/BK-LXS25P4M10X-D_02-600x802.jpg 600w\" sizes=\"(max-width: 664px) 100vw, 664px\" \/> <img decoding=\"async\" class=\"alignnone size-full wp-image-13018\" src=\"https:\/\/bokysee.com\/wp-content\/uploads\/2025\/01\/BK-LXS25P4M10X-D_03.jpg\" alt=\"\" width=\"664\" height=\"690\" srcset=\"https:\/\/bokysee.com\/wp-content\/uploads\/2025\/01\/BK-LXS25P4M10X-D_03.jpg 664w, https:\/\/bokysee.com\/wp-content\/uploads\/2025\/01\/BK-LXS25P4M10X-D_03-289x300.jpg 289w, https:\/\/bokysee.com\/wp-content\/uploads\/2025\/01\/BK-LXS25P4M10X-D_03-577x600.jpg 577w, https:\/\/bokysee.com\/wp-content\/uploads\/2025\/01\/BK-LXS25P4M10X-D_03-600x623.jpg 600w\" sizes=\"(max-width: 664px) 100vw, 664px\" \/> <img loading=\"lazy\" decoding=\"async\" class=\"alignnone size-full wp-image-13019\" src=\"https:\/\/bokysee.com\/wp-content\/uploads\/2025\/01\/BK-LXS25P4M10X-D_04.jpg\" alt=\"\" width=\"664\" height=\"771\" srcset=\"https:\/\/bokysee.com\/wp-content\/uploads\/2025\/01\/BK-LXS25P4M10X-D_04.jpg 664w, https:\/\/bokysee.com\/wp-content\/uploads\/2025\/01\/BK-LXS25P4M10X-D_04-258x300.jpg 258w, https:\/\/bokysee.com\/wp-content\/uploads\/2025\/01\/BK-LXS25P4M10X-D_04-517x600.jpg 517w, https:\/\/bokysee.com\/wp-content\/uploads\/2025\/01\/BK-LXS25P4M10X-D_04-600x697.jpg 600w\" sizes=\"(max-width: 664px) 100vw, 664px\" \/> <img loading=\"lazy\" decoding=\"async\" class=\"alignnone size-full wp-image-13020\" src=\"https:\/\/bokysee.com\/wp-content\/uploads\/2025\/01\/BK-LXS25P4M10X-D_05.jpg\" alt=\"\" width=\"664\" height=\"992\" srcset=\"https:\/\/bokysee.com\/wp-content\/uploads\/2025\/01\/BK-LXS25P4M10X-D_05.jpg 664w, https:\/\/bokysee.com\/wp-content\/uploads\/2025\/01\/BK-LXS25P4M10X-D_05-201x300.jpg 201w, https:\/\/bokysee.com\/wp-content\/uploads\/2025\/01\/BK-LXS25P4M10X-D_05-402x600.jpg 402w, https:\/\/bokysee.com\/wp-content\/uploads\/2025\/01\/BK-LXS25P4M10X-D_05-600x896.jpg 600w\" sizes=\"(max-width: 664px) 100vw, 664px\" \/><\/p>\n<p><strong>Sobre nosotros:<\/strong><\/p>\n<p><img loading=\"lazy\" decoding=\"async\" class=\"alignnone size-full wp-image-12939\" src=\"https:\/\/bokysee.com\/wp-content\/uploads\/2025\/01\/Bokysee-CCTV-Company.jpg\" alt=\"\" width=\"961\" height=\"543\" srcset=\"https:\/\/bokysee.com\/wp-content\/uploads\/2025\/01\/Bokysee-CCTV-Company.jpg 961w, https:\/\/bokysee.com\/wp-content\/uploads\/2025\/01\/Bokysee-CCTV-Company-300x170.jpg 300w, https:\/\/bokysee.com\/wp-content\/uploads\/2025\/01\/Bokysee-CCTV-Company-768x434.jpg 768w, https:\/\/bokysee.com\/wp-content\/uploads\/2025\/01\/Bokysee-CCTV-Company-600x339.jpg 600w\" sizes=\"(max-width: 961px) 100vw, 961px\" \/><\/p>\n<p>Taller de f\u00e1brica:<\/p>\n<p><img loading=\"lazy\" decoding=\"async\" class=\"alignnone size-full wp-image-12940\" src=\"https:\/\/bokysee.com\/wp-content\/uploads\/2025\/01\/Bokysee-CCTV-Workshop.jpg\" alt=\"\" width=\"1282\" height=\"726\" srcset=\"https:\/\/bokysee.com\/wp-content\/uploads\/2025\/01\/Bokysee-CCTV-Workshop.jpg 1282w, https:\/\/bokysee.com\/wp-content\/uploads\/2025\/01\/Bokysee-CCTV-Workshop-300x170.jpg 300w, https:\/\/bokysee.com\/wp-content\/uploads\/2025\/01\/Bokysee-CCTV-Workshop-1024x580.jpg 1024w, https:\/\/bokysee.com\/wp-content\/uploads\/2025\/01\/Bokysee-CCTV-Workshop-768x435.jpg 768w, https:\/\/bokysee.com\/wp-content\/uploads\/2025\/01\/Bokysee-CCTV-Workshop-600x340.jpg 600w\" sizes=\"(max-width: 1282px) 100vw, 1282px\" \/><\/p>","protected":false},"excerpt":{"rendered":"<p>C\u00e1mara solar con zoom \u00f3ptico de 10X<br \/>\nCarcasa de metal<br \/>\nFormato de compresi\u00f3n: H.265<br \/>\nSensor: T31ZL \/ T31ZX<br \/>\nSensor de imagen: sensor progresivo de 1\/2,7\u2033<br \/>\nAudio:audio bidireccional<br \/>\nLente: 5-50 mm<br \/>\nIluminaci\u00f3n: IR + luz blanca 30M<br \/>\nDetecci\u00f3n: PIR Detecci\u00f3n humana<br \/>\n+Detecci\u00f3n de humanoides con IA<br \/>\nDistancia: 0 ~ 12 m<br \/>\nAlmacenamiento: Almacenamiento en la nube + tarjeta TF (m\u00e1ximo 128 GB)<br \/>\nPanor\u00e1mica e inclinaci\u00f3n: Horizontal 355\u00b0 Vertical 100\u00b0<br \/>\nPanel solar: silicio monocristalino de 8 W<br \/>\nBater\u00eda: 6 x 2600 mAh<\/p>","protected":false},"featured_media":13012,"template":"","meta":[],"product_brand":[],"product_cat":[1111],"product_tag":[1180,1179,616],"class_list":{"0":"post-13010","1":"product","2":"type-product","3":"status-publish","4":"has-post-thumbnail","6":"product_cat-4g-solar-camera","7":"product_tag-best-solar-powered-security-camera","8":"product_tag-solar-camera-cctv","9":"product_tag-solar-powered-security-cam","11":"first","12":"instock","13":"shipping-taxable","14":"product-type-simple"},"acf":[],"yoast_head":"<!-- This site is optimized with the Yoast SEO Premium plugin v20.2.1 (Yoast SEO v26.1.1) - https:\/\/yoast.com\/wordpress\/plugins\/seo\/ -->\n<title>Best 10X Zoom 4G Sim Card LTE PTZ Solar Powered Security CCTV Cam - Bokysee Technology Co.,LTD<\/title>\n<meta name=\"description\" content=\"Best 10X Zoom 4G Sim Card LTE PTZ Solar Powered Security PIR Human Detection Audio Color Night Vision CCTV Battery Security Cam\" \/>\n<meta name=\"robots\" content=\"index, follow, max-snippet:-1, max-image-preview:large, max-video-preview:-1\" \/>\n<link rel=\"canonical\" href=\"https:\/\/bokysee.com\/es\/products\/best-10x-zoom-4g-sim-card-lte-ptz-solar-powered-security-cctv-cam\/\" \/>\n<meta property=\"og:locale\" content=\"es_ES\" \/>\n<meta property=\"og:type\" content=\"article\" \/>\n<meta property=\"og:title\" content=\"Best 10X Zoom 4G Sim Card LTE PTZ Solar Powered Security CCTV Cam\" \/>\n<meta property=\"og:description\" content=\"Best 10X Zoom 4G Sim Card LTE PTZ Solar Powered Security PIR Human Detection Audio Color Night Vision CCTV Battery Security Cam\" \/>\n<meta property=\"og:url\" content=\"https:\/\/bokysee.com\/es\/products\/best-10x-zoom-4g-sim-card-lte-ptz-solar-powered-security-cctv-cam\/\" \/>\n<meta property=\"og:site_name\" content=\"Bokysee Technology Co.,LTD\" \/>\n<meta property=\"og:image\" content=\"https:\/\/bokysee.com\/wp-content\/uploads\/2025\/01\/BK-LXS25P4M10X-M1.jpg\" \/>\n\t<meta property=\"og:image:width\" content=\"800\" \/>\n\t<meta property=\"og:image:height\" content=\"800\" \/>\n\t<meta property=\"og:image:type\" content=\"image\/jpeg\" \/>\n<meta name=\"twitter:card\" content=\"summary_large_image\" \/>\n<meta name=\"twitter:label1\" content=\"Tiempo de lectura\" \/>\n\t<meta name=\"twitter:data1\" content=\"2 minutos\" \/>\n<script type=\"application\/ld+json\" class=\"yoast-schema-graph\">{\"@context\":\"https:\/\/schema.org\",\"@graph\":[{\"@type\":\"WebPage\",\"@id\":\"https:\/\/bokysee.com\/products\/best-10x-zoom-4g-sim-card-lte-ptz-solar-powered-security-cctv-cam\/\",\"url\":\"https:\/\/bokysee.com\/products\/best-10x-zoom-4g-sim-card-lte-ptz-solar-powered-security-cctv-cam\/\",\"name\":\"Best 10X Zoom 4G Sim Card LTE PTZ Solar Powered Security CCTV Cam - Bokysee Technology Co.,LTD\",\"isPartOf\":{\"@id\":\"https:\/\/bokysee.com\/#website\"},\"primaryImageOfPage\":{\"@id\":\"https:\/\/bokysee.com\/products\/best-10x-zoom-4g-sim-card-lte-ptz-solar-powered-security-cctv-cam\/#primaryimage\"},\"image\":{\"@id\":\"https:\/\/bokysee.com\/products\/best-10x-zoom-4g-sim-card-lte-ptz-solar-powered-security-cctv-cam\/#primaryimage\"},\"thumbnailUrl\":\"https:\/\/bokysee.com\/wp-content\/uploads\/2025\/01\/BK-LXS25P4M10X-M1.jpg\",\"datePublished\":\"2025-01-22T04:18:31+00:00\",\"description\":\"Best 10X Zoom 4G Sim Card LTE PTZ Solar Powered Security PIR Human Detection Audio Color Night Vision CCTV Battery Security Cam\",\"breadcrumb\":{\"@id\":\"https:\/\/bokysee.com\/products\/best-10x-zoom-4g-sim-card-lte-ptz-solar-powered-security-cctv-cam\/#breadcrumb\"},\"inLanguage\":\"es\",\"potentialAction\":[{\"@type\":\"ReadAction\",\"target\":[\"https:\/\/bokysee.com\/products\/best-10x-zoom-4g-sim-card-lte-ptz-solar-powered-security-cctv-cam\/\"]}]},{\"@type\":\"ImageObject\",\"inLanguage\":\"es\",\"@id\":\"https:\/\/bokysee.com\/products\/best-10x-zoom-4g-sim-card-lte-ptz-solar-powered-security-cctv-cam\/#primaryimage\",\"url\":\"https:\/\/bokysee.com\/wp-content\/uploads\/2025\/01\/BK-LXS25P4M10X-M1.jpg\",\"contentUrl\":\"https:\/\/bokysee.com\/wp-content\/uploads\/2025\/01\/BK-LXS25P4M10X-M1.jpg\",\"width\":800,\"height\":800},{\"@type\":\"BreadcrumbList\",\"@id\":\"https:\/\/bokysee.com\/products\/best-10x-zoom-4g-sim-card-lte-ptz-solar-powered-security-cctv-cam\/#breadcrumb\",\"itemListElement\":[{\"@type\":\"ListItem\",\"position\":1,\"name\":\"Home\",\"item\":\"https:\/\/bokysee.com\/\"},{\"@type\":\"ListItem\",\"position\":2,\"name\":\"Products\",\"item\":\"https:\/\/bokysee.com\/products\/\"},{\"@type\":\"ListItem\",\"position\":3,\"name\":\"Best 10X Zoom 4G Sim Card LTE PTZ Solar Powered Security CCTV Cam\"}]},{\"@type\":\"WebSite\",\"@id\":\"https:\/\/bokysee.com\/#website\",\"url\":\"https:\/\/bokysee.com\/\",\"name\":\"Bokysee Technology Co.,LTD\",\"description\":\"Professional Smart Indoor and Outdoor Security Cameras Solution Supplier\",\"potentialAction\":[{\"@type\":\"SearchAction\",\"target\":{\"@type\":\"EntryPoint\",\"urlTemplate\":\"https:\/\/bokysee.com\/?s={search_term_string}\"},\"query-input\":{\"@type\":\"PropertyValueSpecification\",\"valueRequired\":true,\"valueName\":\"search_term_string\"}}],\"inLanguage\":\"es\"}]}<\/script>\n<!-- \/ Yoast SEO Premium plugin. -->","yoast_head_json":{"title":"Best 10X Zoom 4G Sim Card LTE PTZ Solar Powered Security CCTV Cam - Bokysee Technology Co.,LTD","description":"Best 10X Zoom 4G Sim Card LTE PTZ Solar Powered Security PIR Human Detection Audio Color Night Vision CCTV Battery Security Cam","robots":{"index":"index","follow":"follow","max-snippet":"max-snippet:-1","max-image-preview":"max-image-preview:large","max-video-preview":"max-video-preview:-1"},"canonical":"https:\/\/bokysee.com\/es\/products\/best-10x-zoom-4g-sim-card-lte-ptz-solar-powered-security-cctv-cam\/","og_locale":"es_ES","og_type":"article","og_title":"Best 10X Zoom 4G Sim Card LTE PTZ Solar Powered Security CCTV Cam","og_description":"Best 10X Zoom 4G Sim Card LTE PTZ Solar Powered Security PIR Human Detection Audio Color Night Vision CCTV Battery Security Cam","og_url":"https:\/\/bokysee.com\/es\/products\/best-10x-zoom-4g-sim-card-lte-ptz-solar-powered-security-cctv-cam\/","og_site_name":"Bokysee Technology Co.,LTD","og_image":[{"width":800,"height":800,"url":"https:\/\/bokysee.com\/wp-content\/uploads\/2025\/01\/BK-LXS25P4M10X-M1.jpg","type":"image\/jpeg"}],"twitter_card":"summary_large_image","twitter_misc":{"Tiempo de lectura":"2 minutos"},"schema":{"@context":"https:\/\/schema.org","@graph":[{"@type":"WebPage","@id":"https:\/\/bokysee.com\/products\/best-10x-zoom-4g-sim-card-lte-ptz-solar-powered-security-cctv-cam\/","url":"https:\/\/bokysee.com\/products\/best-10x-zoom-4g-sim-card-lte-ptz-solar-powered-security-cctv-cam\/","name":"Best 10X Zoom 4G Sim Card LTE PTZ Solar Powered Security CCTV Cam - Bokysee Technology Co.,LTD","isPartOf":{"@id":"https:\/\/bokysee.com\/#website"},"primaryImageOfPage":{"@id":"https:\/\/bokysee.com\/products\/best-10x-zoom-4g-sim-card-lte-ptz-solar-powered-security-cctv-cam\/#primaryimage"},"image":{"@id":"https:\/\/bokysee.com\/products\/best-10x-zoom-4g-sim-card-lte-ptz-solar-powered-security-cctv-cam\/#primaryimage"},"thumbnailUrl":"https:\/\/bokysee.com\/wp-content\/uploads\/2025\/01\/BK-LXS25P4M10X-M1.jpg","datePublished":"2025-01-22T04:18:31+00:00","description":"Best 10X Zoom 4G Sim Card LTE PTZ Solar Powered Security PIR Human Detection Audio Color Night Vision CCTV Battery Security Cam","breadcrumb":{"@id":"https:\/\/bokysee.com\/products\/best-10x-zoom-4g-sim-card-lte-ptz-solar-powered-security-cctv-cam\/#breadcrumb"},"inLanguage":"es","potentialAction":[{"@type":"ReadAction","target":["https:\/\/bokysee.com\/products\/best-10x-zoom-4g-sim-card-lte-ptz-solar-powered-security-cctv-cam\/"]}]},{"@type":"ImageObject","inLanguage":"es","@id":"https:\/\/bokysee.com\/products\/best-10x-zoom-4g-sim-card-lte-ptz-solar-powered-security-cctv-cam\/#primaryimage","url":"https:\/\/bokysee.com\/wp-content\/uploads\/2025\/01\/BK-LXS25P4M10X-M1.jpg","contentUrl":"https:\/\/bokysee.com\/wp-content\/uploads\/2025\/01\/BK-LXS25P4M10X-M1.jpg","width":800,"height":800},{"@type":"BreadcrumbList","@id":"https:\/\/bokysee.com\/products\/best-10x-zoom-4g-sim-card-lte-ptz-solar-powered-security-cctv-cam\/#breadcrumb","itemListElement":[{"@type":"ListItem","position":1,"name":"Home","item":"https:\/\/bokysee.com\/"},{"@type":"ListItem","position":2,"name":"Products","item":"https:\/\/bokysee.com\/products\/"},{"@type":"ListItem","position":3,"name":"Best 10X Zoom 4G Sim Card LTE PTZ Solar Powered Security CCTV Cam"}]},{"@type":"WebSite","@id":"https:\/\/bokysee.com\/#website","url":"https:\/\/bokysee.com\/","name":"Bokysee Technology Co.,LTD","description":"Professional Smart Indoor and Outdoor Security Cameras Solution Supplier","potentialAction":[{"@type":"SearchAction","target":{"@type":"EntryPoint","urlTemplate":"https:\/\/bokysee.com\/?s={search_term_string}"},"query-input":{"@type":"PropertyValueSpecification","valueRequired":true,"valueName":"search_term_string"}}],"inLanguage":"es"}]}},"_links":{"self":[{"href":"https:\/\/bokysee.com\/es\/wp-json\/wp\/v2\/product\/13010","targetHints":{"allow":["GET"]}}],"collection":[{"href":"https:\/\/bokysee.com\/es\/wp-json\/wp\/v2\/product"}],"about":[{"href":"https:\/\/bokysee.com\/es\/wp-json\/wp\/v2\/types\/product"}],"version-history":[{"count":0,"href":"https:\/\/bokysee.com\/es\/wp-json\/wp\/v2\/product\/13010\/revisions"}],"wp:featuredmedia":[{"embeddable":true,"href":"https:\/\/bokysee.com\/es\/wp-json\/wp\/v2\/media\/13012"}],"wp:attachment":[{"href":"https:\/\/bokysee.com\/es\/wp-json\/wp\/v2\/media?parent=13010"}],"wp:term":[{"taxonomy":"product_brand","embeddable":true,"href":"https:\/\/bokysee.com\/es\/wp-json\/wp\/v2\/product_brand?post=13010"},{"taxonomy":"product_cat","embeddable":true,"href":"https:\/\/bokysee.com\/es\/wp-json\/wp\/v2\/product_cat?post=13010"},{"taxonomy":"product_tag","embeddable":true,"href":"https:\/\/bokysee.com\/es\/wp-json\/wp\/v2\/product_tag?post=13010"}],"curies":[{"name":"wp","href":"https:\/\/api.w.org\/{rel}","templated":true}]}}