{"id":12968,"date":"2025-01-21T18:12:11","date_gmt":"2025-01-21T10:12:11","guid":{"rendered":"https:\/\/bokysee.com\/?post_type=product&#038;p=12968"},"modified":"2025-01-21T18:12:44","modified_gmt":"2025-01-21T10:12:44","slug":"hot-private-4g-dual-lens-solar-ptz-cctv-camera-outdoor-wifi-cam","status":"publish","type":"product","link":"https:\/\/bokysee.com\/es\/products\/hot-private-4g-dual-lens-solar-ptz-cctv-camera-outdoor-wifi-cam\/","title":{"rendered":"C\u00e1mara CCTV PTZ solar de doble lente 4G privada para exteriores con WiFi"},"content":{"rendered":"<p><strong>C\u00e1mara CCTV PTZ solar de doble lente 4G privada para exteriores con WiFi<\/strong><\/p>\n<p>La c\u00e1mara IP PTZ solar de doble lente HOT Private 4G Ubox ofrece una resoluci\u00f3n de 4 MP, lentes duales para una amplia cobertura y un dise\u00f1o resistente al agua IP66. Con 4G de bajo consumo, visi\u00f3n nocturna, detecci\u00f3n de movimiento PIR y audio bidireccional, garantiza seguridad 24\/7. Alimentada por energ\u00eda solar y controlada por app, es perfecta para una monitorizaci\u00f3n de exteriores sin complicaciones.<\/p>\n<p><img fetchpriority=\"high\" decoding=\"async\" class=\"alignnone size-full wp-image-12974\" src=\"https:\/\/bokysee.com\/wp-content\/uploads\/2025\/01\/BK-LXS05P-PSD_01.jpg\" alt=\"\" width=\"800\" height=\"861\" srcset=\"https:\/\/bokysee.com\/wp-content\/uploads\/2025\/01\/BK-LXS05P-PSD_01.jpg 800w, https:\/\/bokysee.com\/wp-content\/uploads\/2025\/01\/BK-LXS05P-PSD_01-279x300.jpg 279w, https:\/\/bokysee.com\/wp-content\/uploads\/2025\/01\/BK-LXS05P-PSD_01-768x827.jpg 768w, https:\/\/bokysee.com\/wp-content\/uploads\/2025\/01\/BK-LXS05P-PSD_01-557x600.jpg 557w, https:\/\/bokysee.com\/wp-content\/uploads\/2025\/01\/BK-LXS05P-PSD_01-600x646.jpg 600w\" sizes=\"(max-width: 800px) 100vw, 800px\" \/> <img decoding=\"async\" class=\"alignnone size-full wp-image-12975\" src=\"https:\/\/bokysee.com\/wp-content\/uploads\/2025\/01\/BK-LXS05P-PSD_02.jpg\" alt=\"\" width=\"800\" height=\"720\" srcset=\"https:\/\/bokysee.com\/wp-content\/uploads\/2025\/01\/BK-LXS05P-PSD_02.jpg 800w, https:\/\/bokysee.com\/wp-content\/uploads\/2025\/01\/BK-LXS05P-PSD_02-300x270.jpg 300w, https:\/\/bokysee.com\/wp-content\/uploads\/2025\/01\/BK-LXS05P-PSD_02-768x691.jpg 768w, https:\/\/bokysee.com\/wp-content\/uploads\/2025\/01\/BK-LXS05P-PSD_02-600x540.jpg 600w\" sizes=\"(max-width: 800px) 100vw, 800px\" \/> <img decoding=\"async\" class=\"alignnone size-full wp-image-12976\" src=\"https:\/\/bokysee.com\/wp-content\/uploads\/2025\/01\/BK-LXS05P-PSD_03.jpg\" alt=\"\" width=\"800\" height=\"1003\" srcset=\"https:\/\/bokysee.com\/wp-content\/uploads\/2025\/01\/BK-LXS05P-PSD_03.jpg 800w, https:\/\/bokysee.com\/wp-content\/uploads\/2025\/01\/BK-LXS05P-PSD_03-239x300.jpg 239w, https:\/\/bokysee.com\/wp-content\/uploads\/2025\/01\/BK-LXS05P-PSD_03-768x963.jpg 768w, https:\/\/bokysee.com\/wp-content\/uploads\/2025\/01\/BK-LXS05P-PSD_03-479x600.jpg 479w, https:\/\/bokysee.com\/wp-content\/uploads\/2025\/01\/BK-LXS05P-PSD_03-600x752.jpg 600w\" sizes=\"(max-width: 800px) 100vw, 800px\" \/> <img loading=\"lazy\" decoding=\"async\" class=\"alignnone size-full wp-image-12977\" src=\"https:\/\/bokysee.com\/wp-content\/uploads\/2025\/01\/BK-LXS05P-PSD_04.jpg\" alt=\"\" width=\"800\" height=\"1052\" srcset=\"https:\/\/bokysee.com\/wp-content\/uploads\/2025\/01\/BK-LXS05P-PSD_04.jpg 800w, https:\/\/bokysee.com\/wp-content\/uploads\/2025\/01\/BK-LXS05P-PSD_04-228x300.jpg 228w, https:\/\/bokysee.com\/wp-content\/uploads\/2025\/01\/BK-LXS05P-PSD_04-779x1024.jpg 779w, https:\/\/bokysee.com\/wp-content\/uploads\/2025\/01\/BK-LXS05P-PSD_04-768x1010.jpg 768w, https:\/\/bokysee.com\/wp-content\/uploads\/2025\/01\/BK-LXS05P-PSD_04-456x600.jpg 456w, https:\/\/bokysee.com\/wp-content\/uploads\/2025\/01\/BK-LXS05P-PSD_04-600x789.jpg 600w\" sizes=\"(max-width: 800px) 100vw, 800px\" \/> <img loading=\"lazy\" decoding=\"async\" class=\"alignnone size-full wp-image-12978\" src=\"https:\/\/bokysee.com\/wp-content\/uploads\/2025\/01\/BK-LXS05P-PSD_05.jpg\" alt=\"\" width=\"800\" height=\"1028\" srcset=\"https:\/\/bokysee.com\/wp-content\/uploads\/2025\/01\/BK-LXS05P-PSD_05.jpg 800w, https:\/\/bokysee.com\/wp-content\/uploads\/2025\/01\/BK-LXS05P-PSD_05-233x300.jpg 233w, https:\/\/bokysee.com\/wp-content\/uploads\/2025\/01\/BK-LXS05P-PSD_05-797x1024.jpg 797w, https:\/\/bokysee.com\/wp-content\/uploads\/2025\/01\/BK-LXS05P-PSD_05-768x987.jpg 768w, https:\/\/bokysee.com\/wp-content\/uploads\/2025\/01\/BK-LXS05P-PSD_05-467x600.jpg 467w, https:\/\/bokysee.com\/wp-content\/uploads\/2025\/01\/BK-LXS05P-PSD_05-600x771.jpg 600w\" sizes=\"(max-width: 800px) 100vw, 800px\" \/> <img loading=\"lazy\" decoding=\"async\" class=\"alignnone size-full wp-image-12979\" src=\"https:\/\/bokysee.com\/wp-content\/uploads\/2025\/01\/BK-LXS05P-PSD_06.jpg\" alt=\"\" width=\"800\" height=\"961\" srcset=\"https:\/\/bokysee.com\/wp-content\/uploads\/2025\/01\/BK-LXS05P-PSD_06.jpg 800w, https:\/\/bokysee.com\/wp-content\/uploads\/2025\/01\/BK-LXS05P-PSD_06-250x300.jpg 250w, https:\/\/bokysee.com\/wp-content\/uploads\/2025\/01\/BK-LXS05P-PSD_06-768x923.jpg 768w, https:\/\/bokysee.com\/wp-content\/uploads\/2025\/01\/BK-LXS05P-PSD_06-499x600.jpg 499w, https:\/\/bokysee.com\/wp-content\/uploads\/2025\/01\/BK-LXS05P-PSD_06-600x721.jpg 600w\" sizes=\"(max-width: 800px) 100vw, 800px\" \/><\/p>\n<p>Sobre nosotros:<\/p>\n<p><img loading=\"lazy\" decoding=\"async\" class=\"alignnone size-full wp-image-12939\" src=\"https:\/\/bokysee.com\/wp-content\/uploads\/2025\/01\/Bokysee-CCTV-Company.jpg\" alt=\"\" width=\"961\" height=\"543\" srcset=\"https:\/\/bokysee.com\/wp-content\/uploads\/2025\/01\/Bokysee-CCTV-Company.jpg 961w, https:\/\/bokysee.com\/wp-content\/uploads\/2025\/01\/Bokysee-CCTV-Company-300x170.jpg 300w, https:\/\/bokysee.com\/wp-content\/uploads\/2025\/01\/Bokysee-CCTV-Company-768x434.jpg 768w, https:\/\/bokysee.com\/wp-content\/uploads\/2025\/01\/Bokysee-CCTV-Company-600x339.jpg 600w\" sizes=\"(max-width: 961px) 100vw, 961px\" \/><\/p>\n<p>Taller de f\u00e1brica:<\/p>\n<p><img loading=\"lazy\" decoding=\"async\" class=\"alignnone size-full wp-image-12940\" src=\"https:\/\/bokysee.com\/wp-content\/uploads\/2025\/01\/Bokysee-CCTV-Workshop.jpg\" alt=\"\" width=\"1282\" height=\"726\" srcset=\"https:\/\/bokysee.com\/wp-content\/uploads\/2025\/01\/Bokysee-CCTV-Workshop.jpg 1282w, https:\/\/bokysee.com\/wp-content\/uploads\/2025\/01\/Bokysee-CCTV-Workshop-300x170.jpg 300w, https:\/\/bokysee.com\/wp-content\/uploads\/2025\/01\/Bokysee-CCTV-Workshop-1024x580.jpg 1024w, https:\/\/bokysee.com\/wp-content\/uploads\/2025\/01\/Bokysee-CCTV-Workshop-768x435.jpg 768w, https:\/\/bokysee.com\/wp-content\/uploads\/2025\/01\/Bokysee-CCTV-Workshop-600x340.jpg 600w\" sizes=\"(max-width: 1282px) 100vw, 1282px\" \/><\/p>","protected":false},"excerpt":{"rendered":"<p><strong>C\u00e1mara PTZ solar de doble lente<\/strong><br \/>\n\u25cf Formato de compresi\u00f3n: H.265<br \/>\n\u25cf Procesador principal: T40N<br \/>\n\u25cf Sensor de imagen: Sensor progresivo de 1\/2,7\u2033<br \/>\n\u25cf Audio: audio bidireccional, sensor PIR, detecci\u00f3n humana con IA<br \/>\n\u25cf Lente: Lente HD de 3,2 mm + 6 mm<br \/>\n\u25cf LED: 6 piezas de luz dual, distancia IR: 20-30 m<br \/>\n\u25cf Detecci\u00f3n: Detecci\u00f3n humana PIR + Detecci\u00f3n humanoide IA<br \/>\n\u25cf Almacenamiento: Almacenamiento en la nube + tarjeta TF (m\u00e1ximo 128 GB)<br \/>\n\u25cf Panel solar: 5W<br \/>\n\u25cf Bater\u00eda: 4 bater\u00edas recargables 18650, total 10400 mAh<\/p>","protected":false},"featured_media":12970,"template":"","meta":[],"product_brand":[],"product_cat":[1111],"product_tag":[1172,1174,1173],"class_list":{"0":"post-12968","1":"product","2":"type-product","3":"status-publish","4":"has-post-thumbnail","6":"product_cat-4g-solar-camera","7":"product_tag-solar-cctv-camera","8":"product_tag-solar-outdoor-camera","9":"product_tag-solar-wifi-cam","11":"first","12":"instock","13":"shipping-taxable","14":"product-type-simple"},"acf":[],"yoast_head":"<!-- This site is optimized with the Yoast SEO Premium plugin v20.2.1 (Yoast SEO v26.1.1) - https:\/\/yoast.com\/wordpress\/plugins\/seo\/ -->\n<title>HOT Private 4G Dual Lens Solar PTZ CCTV Camera Outdoor WiFi Cam - Bokysee Technology Co.,LTD<\/title>\n<meta name=\"description\" content=\"HOT Private 4G Ubox Dual Lens Solar Powered PTZ IP Camera, Low Consumption, Outdoor Night Vision PTZ Cam for European Market\" \/>\n<meta name=\"robots\" content=\"index, follow, max-snippet:-1, max-image-preview:large, max-video-preview:-1\" \/>\n<link rel=\"canonical\" href=\"https:\/\/bokysee.com\/es\/products\/hot-private-4g-dual-lens-solar-ptz-cctv-camera-outdoor-wifi-cam\/\" \/>\n<meta property=\"og:locale\" content=\"es_ES\" \/>\n<meta property=\"og:type\" content=\"article\" \/>\n<meta property=\"og:title\" content=\"HOT Private 4G Dual Lens Solar PTZ CCTV Camera Outdoor WiFi Cam\" \/>\n<meta property=\"og:description\" content=\"HOT Private 4G Ubox Dual Lens Solar Powered PTZ IP Camera, Low Consumption, Outdoor Night Vision PTZ Cam for European Market\" \/>\n<meta property=\"og:url\" content=\"https:\/\/bokysee.com\/es\/products\/hot-private-4g-dual-lens-solar-ptz-cctv-camera-outdoor-wifi-cam\/\" \/>\n<meta property=\"og:site_name\" content=\"Bokysee Technology Co.,LTD\" \/>\n<meta property=\"article:modified_time\" content=\"2025-01-21T10:12:44+00:00\" \/>\n<meta property=\"og:image\" content=\"https:\/\/bokysee.com\/wp-content\/uploads\/2025\/01\/BK-LXS05P-M4.jpg\" \/>\n\t<meta property=\"og:image:width\" content=\"800\" \/>\n\t<meta property=\"og:image:height\" content=\"800\" \/>\n\t<meta property=\"og:image:type\" content=\"image\/jpeg\" \/>\n<meta name=\"twitter:card\" content=\"summary_large_image\" \/>\n<meta name=\"twitter:label1\" content=\"Tiempo de lectura\" \/>\n\t<meta name=\"twitter:data1\" content=\"3 minutos\" \/>\n<script type=\"application\/ld+json\" class=\"yoast-schema-graph\">{\"@context\":\"https:\/\/schema.org\",\"@graph\":[{\"@type\":\"WebPage\",\"@id\":\"https:\/\/bokysee.com\/products\/hot-private-4g-dual-lens-solar-ptz-cctv-camera-outdoor-wifi-cam\/\",\"url\":\"https:\/\/bokysee.com\/products\/hot-private-4g-dual-lens-solar-ptz-cctv-camera-outdoor-wifi-cam\/\",\"name\":\"HOT Private 4G Dual Lens Solar PTZ CCTV Camera Outdoor WiFi Cam - Bokysee Technology Co.,LTD\",\"isPartOf\":{\"@id\":\"https:\/\/bokysee.com\/#website\"},\"primaryImageOfPage\":{\"@id\":\"https:\/\/bokysee.com\/products\/hot-private-4g-dual-lens-solar-ptz-cctv-camera-outdoor-wifi-cam\/#primaryimage\"},\"image\":{\"@id\":\"https:\/\/bokysee.com\/products\/hot-private-4g-dual-lens-solar-ptz-cctv-camera-outdoor-wifi-cam\/#primaryimage\"},\"thumbnailUrl\":\"https:\/\/bokysee.com\/wp-content\/uploads\/2025\/01\/BK-LXS05P-M4.jpg\",\"datePublished\":\"2025-01-21T10:12:11+00:00\",\"dateModified\":\"2025-01-21T10:12:44+00:00\",\"description\":\"HOT Private 4G Ubox Dual Lens Solar Powered PTZ IP Camera, Low Consumption, Outdoor Night Vision PTZ Cam for European Market\",\"breadcrumb\":{\"@id\":\"https:\/\/bokysee.com\/products\/hot-private-4g-dual-lens-solar-ptz-cctv-camera-outdoor-wifi-cam\/#breadcrumb\"},\"inLanguage\":\"es\",\"potentialAction\":[{\"@type\":\"ReadAction\",\"target\":[\"https:\/\/bokysee.com\/products\/hot-private-4g-dual-lens-solar-ptz-cctv-camera-outdoor-wifi-cam\/\"]}]},{\"@type\":\"ImageObject\",\"inLanguage\":\"es\",\"@id\":\"https:\/\/bokysee.com\/products\/hot-private-4g-dual-lens-solar-ptz-cctv-camera-outdoor-wifi-cam\/#primaryimage\",\"url\":\"https:\/\/bokysee.com\/wp-content\/uploads\/2025\/01\/BK-LXS05P-M4.jpg\",\"contentUrl\":\"https:\/\/bokysee.com\/wp-content\/uploads\/2025\/01\/BK-LXS05P-M4.jpg\",\"width\":800,\"height\":800},{\"@type\":\"BreadcrumbList\",\"@id\":\"https:\/\/bokysee.com\/products\/hot-private-4g-dual-lens-solar-ptz-cctv-camera-outdoor-wifi-cam\/#breadcrumb\",\"itemListElement\":[{\"@type\":\"ListItem\",\"position\":1,\"name\":\"Home\",\"item\":\"https:\/\/bokysee.com\/\"},{\"@type\":\"ListItem\",\"position\":2,\"name\":\"Products\",\"item\":\"https:\/\/bokysee.com\/products\/\"},{\"@type\":\"ListItem\",\"position\":3,\"name\":\"HOT Private 4G Dual Lens Solar PTZ CCTV Camera Outdoor WiFi Cam\"}]},{\"@type\":\"WebSite\",\"@id\":\"https:\/\/bokysee.com\/#website\",\"url\":\"https:\/\/bokysee.com\/\",\"name\":\"Bokysee Technology Co.,LTD\",\"description\":\"Professional Smart Indoor and Outdoor Security Cameras Solution Supplier\",\"potentialAction\":[{\"@type\":\"SearchAction\",\"target\":{\"@type\":\"EntryPoint\",\"urlTemplate\":\"https:\/\/bokysee.com\/?s={search_term_string}\"},\"query-input\":{\"@type\":\"PropertyValueSpecification\",\"valueRequired\":true,\"valueName\":\"search_term_string\"}}],\"inLanguage\":\"es\"}]}<\/script>\n<!-- \/ Yoast SEO Premium plugin. -->","yoast_head_json":{"title":"HOT Private 4G Dual Lens Solar PTZ CCTV Camera Outdoor WiFi Cam - Bokysee Technology Co.,LTD","description":"HOT Private 4G Ubox Dual Lens Solar Powered PTZ IP Camera, Low Consumption, Outdoor Night Vision PTZ Cam for European Market","robots":{"index":"index","follow":"follow","max-snippet":"max-snippet:-1","max-image-preview":"max-image-preview:large","max-video-preview":"max-video-preview:-1"},"canonical":"https:\/\/bokysee.com\/es\/products\/hot-private-4g-dual-lens-solar-ptz-cctv-camera-outdoor-wifi-cam\/","og_locale":"es_ES","og_type":"article","og_title":"HOT Private 4G Dual Lens Solar PTZ CCTV Camera Outdoor WiFi Cam","og_description":"HOT Private 4G Ubox Dual Lens Solar Powered PTZ IP Camera, Low Consumption, Outdoor Night Vision PTZ Cam for European Market","og_url":"https:\/\/bokysee.com\/es\/products\/hot-private-4g-dual-lens-solar-ptz-cctv-camera-outdoor-wifi-cam\/","og_site_name":"Bokysee Technology Co.,LTD","article_modified_time":"2025-01-21T10:12:44+00:00","og_image":[{"width":800,"height":800,"url":"https:\/\/bokysee.com\/wp-content\/uploads\/2025\/01\/BK-LXS05P-M4.jpg","type":"image\/jpeg"}],"twitter_card":"summary_large_image","twitter_misc":{"Tiempo de lectura":"3 minutos"},"schema":{"@context":"https:\/\/schema.org","@graph":[{"@type":"WebPage","@id":"https:\/\/bokysee.com\/products\/hot-private-4g-dual-lens-solar-ptz-cctv-camera-outdoor-wifi-cam\/","url":"https:\/\/bokysee.com\/products\/hot-private-4g-dual-lens-solar-ptz-cctv-camera-outdoor-wifi-cam\/","name":"HOT Private 4G Dual Lens Solar PTZ CCTV Camera Outdoor WiFi Cam - Bokysee Technology Co.,LTD","isPartOf":{"@id":"https:\/\/bokysee.com\/#website"},"primaryImageOfPage":{"@id":"https:\/\/bokysee.com\/products\/hot-private-4g-dual-lens-solar-ptz-cctv-camera-outdoor-wifi-cam\/#primaryimage"},"image":{"@id":"https:\/\/bokysee.com\/products\/hot-private-4g-dual-lens-solar-ptz-cctv-camera-outdoor-wifi-cam\/#primaryimage"},"thumbnailUrl":"https:\/\/bokysee.com\/wp-content\/uploads\/2025\/01\/BK-LXS05P-M4.jpg","datePublished":"2025-01-21T10:12:11+00:00","dateModified":"2025-01-21T10:12:44+00:00","description":"HOT Private 4G Ubox Dual Lens Solar Powered PTZ IP Camera, Low Consumption, Outdoor Night Vision PTZ Cam for European Market","breadcrumb":{"@id":"https:\/\/bokysee.com\/products\/hot-private-4g-dual-lens-solar-ptz-cctv-camera-outdoor-wifi-cam\/#breadcrumb"},"inLanguage":"es","potentialAction":[{"@type":"ReadAction","target":["https:\/\/bokysee.com\/products\/hot-private-4g-dual-lens-solar-ptz-cctv-camera-outdoor-wifi-cam\/"]}]},{"@type":"ImageObject","inLanguage":"es","@id":"https:\/\/bokysee.com\/products\/hot-private-4g-dual-lens-solar-ptz-cctv-camera-outdoor-wifi-cam\/#primaryimage","url":"https:\/\/bokysee.com\/wp-content\/uploads\/2025\/01\/BK-LXS05P-M4.jpg","contentUrl":"https:\/\/bokysee.com\/wp-content\/uploads\/2025\/01\/BK-LXS05P-M4.jpg","width":800,"height":800},{"@type":"BreadcrumbList","@id":"https:\/\/bokysee.com\/products\/hot-private-4g-dual-lens-solar-ptz-cctv-camera-outdoor-wifi-cam\/#breadcrumb","itemListElement":[{"@type":"ListItem","position":1,"name":"Home","item":"https:\/\/bokysee.com\/"},{"@type":"ListItem","position":2,"name":"Products","item":"https:\/\/bokysee.com\/products\/"},{"@type":"ListItem","position":3,"name":"HOT Private 4G Dual Lens Solar PTZ CCTV Camera Outdoor WiFi Cam"}]},{"@type":"WebSite","@id":"https:\/\/bokysee.com\/#website","url":"https:\/\/bokysee.com\/","name":"Bokysee Technology Co.,LTD","description":"Professional Smart Indoor and Outdoor Security Cameras Solution Supplier","potentialAction":[{"@type":"SearchAction","target":{"@type":"EntryPoint","urlTemplate":"https:\/\/bokysee.com\/?s={search_term_string}"},"query-input":{"@type":"PropertyValueSpecification","valueRequired":true,"valueName":"search_term_string"}}],"inLanguage":"es"}]}},"_links":{"self":[{"href":"https:\/\/bokysee.com\/es\/wp-json\/wp\/v2\/product\/12968","targetHints":{"allow":["GET"]}}],"collection":[{"href":"https:\/\/bokysee.com\/es\/wp-json\/wp\/v2\/product"}],"about":[{"href":"https:\/\/bokysee.com\/es\/wp-json\/wp\/v2\/types\/product"}],"version-history":[{"count":0,"href":"https:\/\/bokysee.com\/es\/wp-json\/wp\/v2\/product\/12968\/revisions"}],"wp:featuredmedia":[{"embeddable":true,"href":"https:\/\/bokysee.com\/es\/wp-json\/wp\/v2\/media\/12970"}],"wp:attachment":[{"href":"https:\/\/bokysee.com\/es\/wp-json\/wp\/v2\/media?parent=12968"}],"wp:term":[{"taxonomy":"product_brand","embeddable":true,"href":"https:\/\/bokysee.com\/es\/wp-json\/wp\/v2\/product_brand?post=12968"},{"taxonomy":"product_cat","embeddable":true,"href":"https:\/\/bokysee.com\/es\/wp-json\/wp\/v2\/product_cat?post=12968"},{"taxonomy":"product_tag","embeddable":true,"href":"https:\/\/bokysee.com\/es\/wp-json\/wp\/v2\/product_tag?post=12968"}],"curies":[{"name":"wp","href":"https:\/\/api.w.org\/{rel}","templated":true}]}}