{"id":12950,"date":"2025-01-21T18:01:13","date_gmt":"2025-01-21T10:01:13","guid":{"rendered":"https:\/\/bokysee.com\/?post_type=product&#038;p=12950"},"modified":"2025-02-24T11:57:04","modified_gmt":"2025-02-24T03:57:04","slug":"best-4mp-full-metal-8w-solar-powered-wireless-ptz-security-camera","status":"publish","type":"product","link":"https:\/\/bokysee.com\/es\/products\/best-4mp-full-metal-8w-solar-powered-wireless-ptz-security-camera\/","title":{"rendered":"La mejor c\u00e1mara de seguridad PTZ inal\u00e1mbrica de 4 MP y 8 W con energ\u00eda solar"},"content":{"rendered":"<p><strong>La mejor c\u00e1mara de seguridad PTZ inal\u00e1mbrica de 4 MP y 8 W con energ\u00eda solar<\/strong><\/p>\n<p>Esta c\u00e1mara de seguridad inal\u00e1mbrica, totalmente met\u00e1lica y alimentada por energ\u00eda solar, cuenta con compresi\u00f3n H.265, detecci\u00f3n de personas por infrarrojos pasivos (PIR) e inteligencia artificial, y visi\u00f3n nocturna infrarroja de 30 m. Equipada con un lente HD de 3,6 mm, LED de doble iluminaci\u00f3n y audio bidireccional, garantiza una vigilancia fiable. Alimentada por un panel solar de 8 W y 3 bater\u00edas recargables, admite tarjetas TF de 128 GB y almacenamiento en la nube.<\/p>\n<p><img fetchpriority=\"high\" decoding=\"async\" class=\"alignnone size-full wp-image-12963\" src=\"https:\/\/bokysee.com\/wp-content\/uploads\/2025\/01\/BK-LXS13P-\u8be6\u60c5PSD_01.jpg\" alt=\"\" width=\"800\" height=\"816\" srcset=\"https:\/\/bokysee.com\/wp-content\/uploads\/2025\/01\/BK-LXS13P-\u8be6\u60c5PSD_01.jpg 800w, https:\/\/bokysee.com\/wp-content\/uploads\/2025\/01\/BK-LXS13P-\u8be6\u60c5PSD_01-294x300.jpg 294w, https:\/\/bokysee.com\/wp-content\/uploads\/2025\/01\/BK-LXS13P-\u8be6\u60c5PSD_01-768x783.jpg 768w, https:\/\/bokysee.com\/wp-content\/uploads\/2025\/01\/BK-LXS13P-\u8be6\u60c5PSD_01-588x600.jpg 588w, https:\/\/bokysee.com\/wp-content\/uploads\/2025\/01\/BK-LXS13P-\u8be6\u60c5PSD_01-600x612.jpg 600w\" sizes=\"(max-width: 800px) 100vw, 800px\" \/> <img decoding=\"async\" class=\"alignnone size-full wp-image-12964\" src=\"https:\/\/bokysee.com\/wp-content\/uploads\/2025\/01\/BK-LXS13P-\u8be6\u60c5PSD_02.jpg\" alt=\"\" width=\"800\" height=\"801\" srcset=\"https:\/\/bokysee.com\/wp-content\/uploads\/2025\/01\/BK-LXS13P-\u8be6\u60c5PSD_02.jpg 800w, https:\/\/bokysee.com\/wp-content\/uploads\/2025\/01\/BK-LXS13P-\u8be6\u60c5PSD_02-300x300.jpg 300w, https:\/\/bokysee.com\/wp-content\/uploads\/2025\/01\/BK-LXS13P-\u8be6\u60c5PSD_02-150x150.jpg 150w, https:\/\/bokysee.com\/wp-content\/uploads\/2025\/01\/BK-LXS13P-\u8be6\u60c5PSD_02-768x769.jpg 768w, https:\/\/bokysee.com\/wp-content\/uploads\/2025\/01\/BK-LXS13P-\u8be6\u60c5PSD_02-600x601.jpg 600w, https:\/\/bokysee.com\/wp-content\/uploads\/2025\/01\/BK-LXS13P-\u8be6\u60c5PSD_02-100x100.jpg 100w\" sizes=\"(max-width: 800px) 100vw, 800px\" \/> <img decoding=\"async\" class=\"alignnone size-full wp-image-12965\" src=\"https:\/\/bokysee.com\/wp-content\/uploads\/2025\/01\/BK-LXS13P-\u8be6\u60c5PSD_03.jpg\" alt=\"\" width=\"800\" height=\"864\" srcset=\"https:\/\/bokysee.com\/wp-content\/uploads\/2025\/01\/BK-LXS13P-\u8be6\u60c5PSD_03.jpg 800w, https:\/\/bokysee.com\/wp-content\/uploads\/2025\/01\/BK-LXS13P-\u8be6\u60c5PSD_03-278x300.jpg 278w, https:\/\/bokysee.com\/wp-content\/uploads\/2025\/01\/BK-LXS13P-\u8be6\u60c5PSD_03-768x829.jpg 768w, https:\/\/bokysee.com\/wp-content\/uploads\/2025\/01\/BK-LXS13P-\u8be6\u60c5PSD_03-556x600.jpg 556w, https:\/\/bokysee.com\/wp-content\/uploads\/2025\/01\/BK-LXS13P-\u8be6\u60c5PSD_03-600x648.jpg 600w\" sizes=\"(max-width: 800px) 100vw, 800px\" \/> <img loading=\"lazy\" decoding=\"async\" class=\"alignnone size-full wp-image-12966\" src=\"https:\/\/bokysee.com\/wp-content\/uploads\/2025\/01\/BK-LXS13P-\u8be6\u60c5PSD_04.jpg\" alt=\"\" width=\"800\" height=\"753\" srcset=\"https:\/\/bokysee.com\/wp-content\/uploads\/2025\/01\/BK-LXS13P-\u8be6\u60c5PSD_04.jpg 800w, https:\/\/bokysee.com\/wp-content\/uploads\/2025\/01\/BK-LXS13P-\u8be6\u60c5PSD_04-300x282.jpg 300w, https:\/\/bokysee.com\/wp-content\/uploads\/2025\/01\/BK-LXS13P-\u8be6\u60c5PSD_04-768x723.jpg 768w, https:\/\/bokysee.com\/wp-content\/uploads\/2025\/01\/BK-LXS13P-\u8be6\u60c5PSD_04-600x565.jpg 600w\" sizes=\"(max-width: 800px) 100vw, 800px\" \/><\/p>\n<p><img loading=\"lazy\" decoding=\"async\" class=\"alignnone size-full wp-image-12962\" src=\"https:\/\/bokysee.com\/wp-content\/uploads\/2025\/01\/BK-LXS13P-Specification.jpg\" alt=\"\" width=\"790\" height=\"1665\" srcset=\"https:\/\/bokysee.com\/wp-content\/uploads\/2025\/01\/BK-LXS13P-Specification.jpg 790w, https:\/\/bokysee.com\/wp-content\/uploads\/2025\/01\/BK-LXS13P-Specification-142x300.jpg 142w, https:\/\/bokysee.com\/wp-content\/uploads\/2025\/01\/BK-LXS13P-Specification-486x1024.jpg 486w, https:\/\/bokysee.com\/wp-content\/uploads\/2025\/01\/BK-LXS13P-Specification-768x1619.jpg 768w, https:\/\/bokysee.com\/wp-content\/uploads\/2025\/01\/BK-LXS13P-Specification-729x1536.jpg 729w, https:\/\/bokysee.com\/wp-content\/uploads\/2025\/01\/BK-LXS13P-Specification-285x600.jpg 285w, https:\/\/bokysee.com\/wp-content\/uploads\/2025\/01\/BK-LXS13P-Specification-600x1265.jpg 600w\" sizes=\"(max-width: 790px) 100vw, 790px\" \/><\/p>\n<p>Sobre nosotros:<\/p>\n<p><img loading=\"lazy\" decoding=\"async\" class=\"alignnone size-full wp-image-12939\" src=\"https:\/\/bokysee.com\/wp-content\/uploads\/2025\/01\/Bokysee-CCTV-Company.jpg\" alt=\"\" width=\"961\" height=\"543\" srcset=\"https:\/\/bokysee.com\/wp-content\/uploads\/2025\/01\/Bokysee-CCTV-Company.jpg 961w, https:\/\/bokysee.com\/wp-content\/uploads\/2025\/01\/Bokysee-CCTV-Company-300x170.jpg 300w, https:\/\/bokysee.com\/wp-content\/uploads\/2025\/01\/Bokysee-CCTV-Company-768x434.jpg 768w, https:\/\/bokysee.com\/wp-content\/uploads\/2025\/01\/Bokysee-CCTV-Company-600x339.jpg 600w\" sizes=\"(max-width: 961px) 100vw, 961px\" \/><\/p>\n<p>Taller de f\u00e1brica:<\/p>\n<p><img loading=\"lazy\" decoding=\"async\" class=\"alignnone size-full wp-image-12940\" src=\"https:\/\/bokysee.com\/wp-content\/uploads\/2025\/01\/Bokysee-CCTV-Workshop.jpg\" alt=\"\" width=\"1282\" height=\"726\" srcset=\"https:\/\/bokysee.com\/wp-content\/uploads\/2025\/01\/Bokysee-CCTV-Workshop.jpg 1282w, https:\/\/bokysee.com\/wp-content\/uploads\/2025\/01\/Bokysee-CCTV-Workshop-300x170.jpg 300w, https:\/\/bokysee.com\/wp-content\/uploads\/2025\/01\/Bokysee-CCTV-Workshop-1024x580.jpg 1024w, https:\/\/bokysee.com\/wp-content\/uploads\/2025\/01\/Bokysee-CCTV-Workshop-768x435.jpg 768w, https:\/\/bokysee.com\/wp-content\/uploads\/2025\/01\/Bokysee-CCTV-Workshop-600x340.jpg 600w\" sizes=\"(max-width: 1282px) 100vw, 1282px\" \/><\/p>","protected":false},"excerpt":{"rendered":"<p><strong>C\u00e1mara solar PTZ de metal completo<\/strong><br \/>\n\u25cf Formato de compresi\u00f3n: H.265<br \/>\n\u25cf Procesador principal: T40N<br \/>\n\u25cf Sensor de imagen: Sensor progresivo de 1\/2,7\u2033<br \/>\n\u25cf Audio: audio bidireccional, sensor PIR, detecci\u00f3n humana con IA<br \/>\n\u25cf Lente: HD 3,6 mm<br \/>\n\u25cf LED: 6 piezas de luz dual, distancia IR: 30 m<br \/>\n\u25cf Detecci\u00f3n: Detecci\u00f3n humana PIR + Detecci\u00f3n humanoide IA<br \/>\n\u25cf Almacenamiento: Almacenamiento en la nube + tarjeta TF (m\u00e1ximo 128 GB)<br \/>\n\u25cf Panel solar: 8 W con cable de extensi\u00f3n de 2 metros y panel solar dividido y soporte integrado<br \/>\n\u25cf Bater\u00eda: 3 bater\u00edas recargables 18650, total 9600 mAh<\/p>","protected":false},"featured_media":12960,"template":"","meta":[],"product_brand":[],"product_cat":[1111],"product_tag":[1171,613,1170],"class_list":{"0":"post-12950","1":"product","2":"type-product","3":"status-publish","4":"has-post-thumbnail","6":"product_cat-4g-solar-camera","7":"product_tag-best-solar-security-camera","8":"product_tag-solar-powered-wireless-security-camera","9":"product_tag-solar-security-camera","11":"first","12":"instock","13":"shipping-taxable","14":"product-type-simple"},"acf":[],"yoast_head":"<!-- This site is optimized with the Yoast SEO Premium plugin v20.2.1 (Yoast SEO v26.1.1) - https:\/\/yoast.com\/wordpress\/plugins\/seo\/ -->\n<title>Best 4MP Full Metal 8W Solar Powered Wireless PTZ Security Camera - Bokysee Technology Co.,LTD<\/title>\n<meta name=\"description\" content=\"Best 4M Full Metal 8W Solar Powered Wireless PTZ Security Camera with AI human detection, dual light LEDs, PIR Sensor\" \/>\n<meta name=\"robots\" content=\"index, follow, max-snippet:-1, max-image-preview:large, max-video-preview:-1\" \/>\n<link rel=\"canonical\" href=\"https:\/\/bokysee.com\/es\/products\/best-4mp-full-metal-8w-solar-powered-wireless-ptz-security-camera\/\" \/>\n<meta property=\"og:locale\" content=\"es_ES\" \/>\n<meta property=\"og:type\" content=\"article\" \/>\n<meta property=\"og:title\" content=\"Best 4MP Full Metal 8W Solar Powered Wireless PTZ Security Camera\" \/>\n<meta property=\"og:description\" content=\"Best 4M Full Metal 8W Solar Powered Wireless PTZ Security Camera with AI human detection, dual light LEDs, PIR Sensor\" \/>\n<meta property=\"og:url\" content=\"https:\/\/bokysee.com\/es\/products\/best-4mp-full-metal-8w-solar-powered-wireless-ptz-security-camera\/\" \/>\n<meta property=\"og:site_name\" content=\"Bokysee Technology Co.,LTD\" \/>\n<meta property=\"article:modified_time\" content=\"2025-02-24T03:57:04+00:00\" \/>\n<meta property=\"og:image\" content=\"https:\/\/bokysee.com\/wp-content\/uploads\/2025\/01\/BK-LXS13P-M9.jpg\" \/>\n\t<meta property=\"og:image:width\" content=\"800\" \/>\n\t<meta property=\"og:image:height\" content=\"800\" \/>\n\t<meta property=\"og:image:type\" content=\"image\/jpeg\" \/>\n<meta name=\"twitter:card\" content=\"summary_large_image\" \/>\n<meta name=\"twitter:label1\" content=\"Tiempo de lectura\" \/>\n\t<meta name=\"twitter:data1\" content=\"2 minutos\" \/>\n<script type=\"application\/ld+json\" class=\"yoast-schema-graph\">{\"@context\":\"https:\/\/schema.org\",\"@graph\":[{\"@type\":\"WebPage\",\"@id\":\"https:\/\/bokysee.com\/products\/best-4mp-full-metal-8w-solar-powered-wireless-ptz-security-camera\/\",\"url\":\"https:\/\/bokysee.com\/products\/best-4mp-full-metal-8w-solar-powered-wireless-ptz-security-camera\/\",\"name\":\"Best 4MP Full Metal 8W Solar Powered Wireless PTZ Security Camera - Bokysee Technology Co.,LTD\",\"isPartOf\":{\"@id\":\"https:\/\/bokysee.com\/#website\"},\"primaryImageOfPage\":{\"@id\":\"https:\/\/bokysee.com\/products\/best-4mp-full-metal-8w-solar-powered-wireless-ptz-security-camera\/#primaryimage\"},\"image\":{\"@id\":\"https:\/\/bokysee.com\/products\/best-4mp-full-metal-8w-solar-powered-wireless-ptz-security-camera\/#primaryimage\"},\"thumbnailUrl\":\"https:\/\/bokysee.com\/wp-content\/uploads\/2025\/01\/BK-LXS13P-M9.jpg\",\"datePublished\":\"2025-01-21T10:01:13+00:00\",\"dateModified\":\"2025-02-24T03:57:04+00:00\",\"description\":\"Best 4M Full Metal 8W Solar Powered Wireless PTZ Security Camera with AI human detection, dual light LEDs, PIR Sensor\",\"breadcrumb\":{\"@id\":\"https:\/\/bokysee.com\/products\/best-4mp-full-metal-8w-solar-powered-wireless-ptz-security-camera\/#breadcrumb\"},\"inLanguage\":\"es\",\"potentialAction\":[{\"@type\":\"ReadAction\",\"target\":[\"https:\/\/bokysee.com\/products\/best-4mp-full-metal-8w-solar-powered-wireless-ptz-security-camera\/\"]}]},{\"@type\":\"ImageObject\",\"inLanguage\":\"es\",\"@id\":\"https:\/\/bokysee.com\/products\/best-4mp-full-metal-8w-solar-powered-wireless-ptz-security-camera\/#primaryimage\",\"url\":\"https:\/\/bokysee.com\/wp-content\/uploads\/2025\/01\/BK-LXS13P-M9.jpg\",\"contentUrl\":\"https:\/\/bokysee.com\/wp-content\/uploads\/2025\/01\/BK-LXS13P-M9.jpg\",\"width\":800,\"height\":800},{\"@type\":\"BreadcrumbList\",\"@id\":\"https:\/\/bokysee.com\/products\/best-4mp-full-metal-8w-solar-powered-wireless-ptz-security-camera\/#breadcrumb\",\"itemListElement\":[{\"@type\":\"ListItem\",\"position\":1,\"name\":\"Home\",\"item\":\"https:\/\/bokysee.com\/\"},{\"@type\":\"ListItem\",\"position\":2,\"name\":\"Products\",\"item\":\"https:\/\/bokysee.com\/products\/\"},{\"@type\":\"ListItem\",\"position\":3,\"name\":\"Best 4MP Full Metal 8W Solar Powered Wireless PTZ Security Camera\"}]},{\"@type\":\"WebSite\",\"@id\":\"https:\/\/bokysee.com\/#website\",\"url\":\"https:\/\/bokysee.com\/\",\"name\":\"Bokysee Technology Co.,LTD\",\"description\":\"Professional Smart Indoor and Outdoor Security Cameras Solution Supplier\",\"potentialAction\":[{\"@type\":\"SearchAction\",\"target\":{\"@type\":\"EntryPoint\",\"urlTemplate\":\"https:\/\/bokysee.com\/?s={search_term_string}\"},\"query-input\":{\"@type\":\"PropertyValueSpecification\",\"valueRequired\":true,\"valueName\":\"search_term_string\"}}],\"inLanguage\":\"es\"}]}<\/script>\n<!-- \/ Yoast SEO Premium plugin. -->","yoast_head_json":{"title":"Best 4MP Full Metal 8W Solar Powered Wireless PTZ Security Camera - Bokysee Technology Co.,LTD","description":"Best 4M Full Metal 8W Solar Powered Wireless PTZ Security Camera with AI human detection, dual light LEDs, PIR Sensor","robots":{"index":"index","follow":"follow","max-snippet":"max-snippet:-1","max-image-preview":"max-image-preview:large","max-video-preview":"max-video-preview:-1"},"canonical":"https:\/\/bokysee.com\/es\/products\/best-4mp-full-metal-8w-solar-powered-wireless-ptz-security-camera\/","og_locale":"es_ES","og_type":"article","og_title":"Best 4MP Full Metal 8W Solar Powered Wireless PTZ Security Camera","og_description":"Best 4M Full Metal 8W Solar Powered Wireless PTZ Security Camera with AI human detection, dual light LEDs, PIR Sensor","og_url":"https:\/\/bokysee.com\/es\/products\/best-4mp-full-metal-8w-solar-powered-wireless-ptz-security-camera\/","og_site_name":"Bokysee Technology Co.,LTD","article_modified_time":"2025-02-24T03:57:04+00:00","og_image":[{"width":800,"height":800,"url":"https:\/\/bokysee.com\/wp-content\/uploads\/2025\/01\/BK-LXS13P-M9.jpg","type":"image\/jpeg"}],"twitter_card":"summary_large_image","twitter_misc":{"Tiempo de lectura":"2 minutos"},"schema":{"@context":"https:\/\/schema.org","@graph":[{"@type":"WebPage","@id":"https:\/\/bokysee.com\/products\/best-4mp-full-metal-8w-solar-powered-wireless-ptz-security-camera\/","url":"https:\/\/bokysee.com\/products\/best-4mp-full-metal-8w-solar-powered-wireless-ptz-security-camera\/","name":"Best 4MP Full Metal 8W Solar Powered Wireless PTZ Security Camera - Bokysee Technology Co.,LTD","isPartOf":{"@id":"https:\/\/bokysee.com\/#website"},"primaryImageOfPage":{"@id":"https:\/\/bokysee.com\/products\/best-4mp-full-metal-8w-solar-powered-wireless-ptz-security-camera\/#primaryimage"},"image":{"@id":"https:\/\/bokysee.com\/products\/best-4mp-full-metal-8w-solar-powered-wireless-ptz-security-camera\/#primaryimage"},"thumbnailUrl":"https:\/\/bokysee.com\/wp-content\/uploads\/2025\/01\/BK-LXS13P-M9.jpg","datePublished":"2025-01-21T10:01:13+00:00","dateModified":"2025-02-24T03:57:04+00:00","description":"Best 4M Full Metal 8W Solar Powered Wireless PTZ Security Camera with AI human detection, dual light LEDs, PIR Sensor","breadcrumb":{"@id":"https:\/\/bokysee.com\/products\/best-4mp-full-metal-8w-solar-powered-wireless-ptz-security-camera\/#breadcrumb"},"inLanguage":"es","potentialAction":[{"@type":"ReadAction","target":["https:\/\/bokysee.com\/products\/best-4mp-full-metal-8w-solar-powered-wireless-ptz-security-camera\/"]}]},{"@type":"ImageObject","inLanguage":"es","@id":"https:\/\/bokysee.com\/products\/best-4mp-full-metal-8w-solar-powered-wireless-ptz-security-camera\/#primaryimage","url":"https:\/\/bokysee.com\/wp-content\/uploads\/2025\/01\/BK-LXS13P-M9.jpg","contentUrl":"https:\/\/bokysee.com\/wp-content\/uploads\/2025\/01\/BK-LXS13P-M9.jpg","width":800,"height":800},{"@type":"BreadcrumbList","@id":"https:\/\/bokysee.com\/products\/best-4mp-full-metal-8w-solar-powered-wireless-ptz-security-camera\/#breadcrumb","itemListElement":[{"@type":"ListItem","position":1,"name":"Home","item":"https:\/\/bokysee.com\/"},{"@type":"ListItem","position":2,"name":"Products","item":"https:\/\/bokysee.com\/products\/"},{"@type":"ListItem","position":3,"name":"Best 4MP Full Metal 8W Solar Powered Wireless PTZ Security Camera"}]},{"@type":"WebSite","@id":"https:\/\/bokysee.com\/#website","url":"https:\/\/bokysee.com\/","name":"Bokysee Technology Co.,LTD","description":"Professional Smart Indoor and Outdoor Security Cameras Solution Supplier","potentialAction":[{"@type":"SearchAction","target":{"@type":"EntryPoint","urlTemplate":"https:\/\/bokysee.com\/?s={search_term_string}"},"query-input":{"@type":"PropertyValueSpecification","valueRequired":true,"valueName":"search_term_string"}}],"inLanguage":"es"}]}},"_links":{"self":[{"href":"https:\/\/bokysee.com\/es\/wp-json\/wp\/v2\/product\/12950","targetHints":{"allow":["GET"]}}],"collection":[{"href":"https:\/\/bokysee.com\/es\/wp-json\/wp\/v2\/product"}],"about":[{"href":"https:\/\/bokysee.com\/es\/wp-json\/wp\/v2\/types\/product"}],"version-history":[{"count":0,"href":"https:\/\/bokysee.com\/es\/wp-json\/wp\/v2\/product\/12950\/revisions"}],"wp:featuredmedia":[{"embeddable":true,"href":"https:\/\/bokysee.com\/es\/wp-json\/wp\/v2\/media\/12960"}],"wp:attachment":[{"href":"https:\/\/bokysee.com\/es\/wp-json\/wp\/v2\/media?parent=12950"}],"wp:term":[{"taxonomy":"product_brand","embeddable":true,"href":"https:\/\/bokysee.com\/es\/wp-json\/wp\/v2\/product_brand?post=12950"},{"taxonomy":"product_cat","embeddable":true,"href":"https:\/\/bokysee.com\/es\/wp-json\/wp\/v2\/product_cat?post=12950"},{"taxonomy":"product_tag","embeddable":true,"href":"https:\/\/bokysee.com\/es\/wp-json\/wp\/v2\/product_tag?post=12950"}],"curies":[{"name":"wp","href":"https:\/\/api.w.org\/{rel}","templated":true}]}}