{"id":12942,"date":"2025-01-21T17:52:47","date_gmt":"2025-01-21T09:52:47","guid":{"rendered":"https:\/\/bokysee.com\/?post_type=product&#038;p=12942"},"modified":"2025-02-24T11:55:25","modified_gmt":"2025-02-24T03:55:25","slug":"bokysee-solar-powered-video-surveillance-camera-with-ai-detection","status":"publish","type":"product","link":"https:\/\/bokysee.com\/es\/products\/bokysee-solar-powered-video-surveillance-camera-with-ai-detection\/","title":{"rendered":"C\u00e1mara de videovigilancia solar Bokysee con detecci\u00f3n de IA"},"content":{"rendered":"<p><strong>C\u00e1mara de videovigilancia solar Bokysee con detecci\u00f3n de IA<\/strong><\/p>\n<p>La c\u00e1mara CCTV solar Bokysee ofrece una resoluci\u00f3n de 2 MP, es compatible con la app UBOX y se instala f\u00e1cilmente con un panel solar, sin necesidad de cableado. Supervise espacios interiores y exteriores de forma remota a trav\u00e9s de su tel\u00e9fono, tableta o Smart TV. Incluye detecci\u00f3n de movimiento PIR, visi\u00f3n nocturna, audio bidireccional, dise\u00f1o resistente al agua y alertas en tiempo real para una vigilancia segura en cualquier momento.<\/p>\n<p><img fetchpriority=\"high\" decoding=\"async\" class=\"alignnone size-full wp-image-12946\" src=\"https:\/\/bokysee.com\/wp-content\/uploads\/2025\/01\/BK-LXS34P-4G-1.jpg\" alt=\"\" width=\"800\" height=\"800\" srcset=\"https:\/\/bokysee.com\/wp-content\/uploads\/2025\/01\/BK-LXS34P-4G-1.jpg 800w, https:\/\/bokysee.com\/wp-content\/uploads\/2025\/01\/BK-LXS34P-4G-1-300x300.jpg 300w, https:\/\/bokysee.com\/wp-content\/uploads\/2025\/01\/BK-LXS34P-4G-1-150x150.jpg 150w, https:\/\/bokysee.com\/wp-content\/uploads\/2025\/01\/BK-LXS34P-4G-1-768x768.jpg 768w, https:\/\/bokysee.com\/wp-content\/uploads\/2025\/01\/BK-LXS34P-4G-1-600x600.jpg 600w, https:\/\/bokysee.com\/wp-content\/uploads\/2025\/01\/BK-LXS34P-4G-1-100x100.jpg 100w\" sizes=\"(max-width: 800px) 100vw, 800px\" \/><\/p>\n<p>&nbsp;<\/p>\n<table width=\"786\">\n<tbody>\n<tr>\n<td width=\"114\">N.\u00ba de modelo<\/td>\n<td colspan=\"3\" width=\"672\">BK-LXS34P<\/td>\n<\/tr>\n<tr>\n<td rowspan=\"6\">General<\/td>\n<td rowspan=\"2\" width=\"172\">Resoluci\u00f3n<\/td>\n<td width=\"268\">3MP<\/td>\n<td width=\"232\">4MP<\/td>\n<\/tr>\n<tr>\n<td width=\"268\">2304*1296<\/td>\n<td width=\"232\">\u00a02592*1520<\/td>\n<\/tr>\n<tr>\n<td width=\"172\">Procesador principal<\/td>\n<td width=\"268\">\u00a0Ingenic-T31ZL<\/td>\n<td width=\"232\">Ingenic-T31ZX<\/td>\n<\/tr>\n<tr>\n<td width=\"172\">Imagen Se\u00f1or<\/td>\n<td width=\"268\">GC2009<\/td>\n<td width=\"232\">GC4653<\/td>\n<\/tr>\n<tr>\n<td width=\"172\">Sistema operativo APP<\/td>\n<td colspan=\"2\" width=\"500\">Android, iOS<\/td>\n<\/tr>\n<tr>\n<td width=\"172\">Compresi\u00f3n<\/td>\n<td colspan=\"2\" width=\"500\">H.264+\/H.265<\/td>\n<\/tr>\n<tr>\n<td width=\"114\">Conexi\u00f3n a Internet<\/td>\n<td width=\"172\">Wi-Fi<\/td>\n<td colspan=\"2\" width=\"500\">Wi-Fi de 2,4 GHz<\/td>\n<\/tr>\n<tr>\n<td rowspan=\"4\">Alarma<\/td>\n<td width=\"172\">Modo de detecci\u00f3n<\/td>\n<td colspan=\"2\" width=\"500\">Detecci\u00f3n humana PIR + Detecci\u00f3n de forma humana con IA<\/td>\n<\/tr>\n<tr>\n<td width=\"172\">Distancia de detecci\u00f3n<\/td>\n<td colspan=\"2\" width=\"500\">0~12M<\/td>\n<\/tr>\n<tr>\n<td width=\"172\">Detectar \u00e1ngulo<\/td>\n<td colspan=\"2\" width=\"500\">95\u00b0<\/td>\n<\/tr>\n<tr>\n<td width=\"172\">Alarma<\/td>\n<td colspan=\"2\" width=\"500\">Llamada o mensaje push en tiempo real<\/td>\n<\/tr>\n<tr>\n<td rowspan=\"3\" width=\"114\">Visi\u00f3n nocturna<\/td>\n<td width=\"172\">Visi\u00f3n nocturna a todo color<\/td>\n<td colspan=\"2\" width=\"500\">0,001 lux<\/td>\n<\/tr>\n<tr>\n<td width=\"172\">LED infrarrojo<\/td>\n<td colspan=\"2\" width=\"500\">LED infrarrojo de 15 m de distancia<\/td>\n<\/tr>\n<tr>\n<td width=\"172\">LED de luz blanca<\/td>\n<td colspan=\"2\" width=\"500\">LED de luz blanca de 15 m de distancia<\/td>\n<\/tr>\n<tr>\n<td rowspan=\"2\" width=\"114\">\u00a0Audio<\/td>\n<td width=\"172\">Altavoz incorporado<\/td>\n<td colspan=\"2\" width=\"500\">3W<\/td>\n<\/tr>\n<tr>\n<td width=\"172\">Micr\u00f3fono incorporado<\/td>\n<td colspan=\"2\" width=\"500\">Distancia de monitoreo de voz 20M<\/td>\n<\/tr>\n<tr>\n<td rowspan=\"2\" width=\"114\">Lente<\/td>\n<td width=\"172\">Lente<\/td>\n<td colspan=\"2\" width=\"500\">2,8 mm<\/td>\n<\/tr>\n<tr>\n<td width=\"172\">\u00c1ngulo de la lente<\/td>\n<td colspan=\"2\" width=\"500\">105\u00b0<\/td>\n<\/tr>\n<tr>\n<td rowspan=\"2\" width=\"114\">Almacenamiento<\/td>\n<td width=\"172\">Almacenamiento en la nube<\/td>\n<td colspan=\"2\" width=\"500\">Almacenamiento (grabaci\u00f3n de eventos)<\/td>\n<\/tr>\n<tr>\n<td width=\"172\">Almacenamiento local<\/td>\n<td colspan=\"2\" width=\"500\">Tarjeta TF M\u00e1x. 128G<\/td>\n<\/tr>\n<tr>\n<td rowspan=\"6\">Fuerza<\/td>\n<td width=\"172\">Modo de suministro de energ\u00eda<\/td>\n<td colspan=\"2\" width=\"500\">Panel solar + bater\u00edas incorporadas<\/td>\n<\/tr>\n<tr>\n<td width=\"172\">Material del panel<\/td>\n<td colspan=\"2\" width=\"500\">silicio monocristalino<\/td>\n<\/tr>\n<tr>\n<td width=\"172\">Energ\u00eda solar<\/td>\n<td colspan=\"2\" width=\"500\">3,5 W<\/td>\n<\/tr>\n<tr>\n<td width=\"172\">Capacidad de la bater\u00eda<\/td>\n<td colspan=\"2\" width=\"500\">Incorpora 2 bater\u00edas 18650 de 5200 mAh en total<\/td>\n<\/tr>\n<tr>\n<td width=\"172\">Consumo de energ\u00eda en funcionamiento<\/td>\n<td colspan=\"2\" width=\"500\">2,5 W<\/td>\n<\/tr>\n<tr>\n<td width=\"172\">Consumo en modo de espera<\/td>\n<td colspan=\"2\" width=\"500\">0,003 W<\/td>\n<\/tr>\n<tr>\n<td rowspan=\"3\">Otros<\/td>\n<td width=\"172\">Entorno de trabajo<\/td>\n<td colspan=\"2\" width=\"500\">Interior\/exterior<\/td>\n<\/tr>\n<tr>\n<td width=\"172\">Temperatura de funcionamiento<\/td>\n<td colspan=\"2\" width=\"500\">-30\u00b0~+60\u00b0<\/td>\n<\/tr>\n<tr>\n<td width=\"172\">Humedad<\/td>\n<td colspan=\"2\" width=\"500\">0%~90%RH<\/td>\n<\/tr>\n<tr>\n<td rowspan=\"5\">Paquete<\/td>\n<td>noroeste<\/td>\n<td colspan=\"2\">0,65 kg\/pieza<\/td>\n<\/tr>\n<tr>\n<td>Tama\u00f1o de la caja de regalo<\/td>\n<td colspan=\"2\">185*130*90 mm<\/td>\n<\/tr>\n<tr>\n<td>Cantidad en caja<\/td>\n<td colspan=\"2\">16 piezas<\/td>\n<\/tr>\n<tr>\n<td>GW<\/td>\n<td colspan=\"2\">11 kg<\/td>\n<\/tr>\n<tr>\n<td>Tama\u00f1o de la caja<\/td>\n<td colspan=\"2\">383*273*400 mm<\/td>\n<\/tr>\n<\/tbody>\n<\/table>\n<p>Sobre nosotros:<\/p>\n<p><img decoding=\"async\" class=\"alignnone size-full wp-image-12939\" src=\"https:\/\/bokysee.com\/wp-content\/uploads\/2025\/01\/Bokysee-CCTV-Company.jpg\" alt=\"\" width=\"961\" height=\"543\" srcset=\"https:\/\/bokysee.com\/wp-content\/uploads\/2025\/01\/Bokysee-CCTV-Company.jpg 961w, https:\/\/bokysee.com\/wp-content\/uploads\/2025\/01\/Bokysee-CCTV-Company-300x170.jpg 300w, https:\/\/bokysee.com\/wp-content\/uploads\/2025\/01\/Bokysee-CCTV-Company-768x434.jpg 768w, https:\/\/bokysee.com\/wp-content\/uploads\/2025\/01\/Bokysee-CCTV-Company-600x339.jpg 600w\" sizes=\"(max-width: 961px) 100vw, 961px\" \/><\/p>\n<p>Taller de f\u00e1brica:<\/p>\n<p><img decoding=\"async\" class=\"alignnone size-full wp-image-12940\" src=\"https:\/\/bokysee.com\/wp-content\/uploads\/2025\/01\/Bokysee-CCTV-Workshop.jpg\" alt=\"\" width=\"1282\" height=\"726\" srcset=\"https:\/\/bokysee.com\/wp-content\/uploads\/2025\/01\/Bokysee-CCTV-Workshop.jpg 1282w, https:\/\/bokysee.com\/wp-content\/uploads\/2025\/01\/Bokysee-CCTV-Workshop-300x170.jpg 300w, https:\/\/bokysee.com\/wp-content\/uploads\/2025\/01\/Bokysee-CCTV-Workshop-1024x580.jpg 1024w, https:\/\/bokysee.com\/wp-content\/uploads\/2025\/01\/Bokysee-CCTV-Workshop-768x435.jpg 768w, https:\/\/bokysee.com\/wp-content\/uploads\/2025\/01\/Bokysee-CCTV-Workshop-600x340.jpg 600w\" sizes=\"(max-width: 1282px) 100vw, 1282px\" \/><\/p>","protected":false},"excerpt":{"rendered":"<p>C\u00e1maras con bater\u00eda solar<br \/>\n\u25cf Formato de compresi\u00f3n: H.265<br \/>\n\u25cf Procesador principal: T31ZL \/ T31ZX.<br \/>\n\u25cf Sensor de imagen: sensor progresivo de 1\/2,7\u2033<br \/>\n\u25cf Lente: 2,8 mm<br \/>\n\u25cf Distancia IR: visi\u00f3n nocturna a todo color de 20 M<br \/>\n\u25cf Alarma: Detecci\u00f3n humana PIR + IA humana<br \/>\n\u25cf detecci\u00f3n de forma 0~12M<br \/>\n\u25cf Audio: Audio bidireccional;<br \/>\n\u25cf Almacenamiento: Tarjeta TF (m\u00e1x. 128G); Almacenamiento en la nube<\/p>","protected":false},"featured_media":12946,"template":"","meta":[],"product_brand":[],"product_cat":[1111],"product_tag":[88,615,1169],"class_list":{"0":"post-12942","1":"product","2":"type-product","3":"status-publish","4":"has-post-thumbnail","6":"product_cat-4g-solar-camera","7":"product_tag-solar-camera-outdoor","8":"product_tag-solar-powered-video-surveillance-camera","9":"product_tag-solar-video-surveillance","11":"first","12":"instock","13":"shipping-taxable","14":"product-type-simple"},"acf":[],"yoast_head":"<!-- This site is optimized with the Yoast SEO Premium plugin v20.2.1 (Yoast SEO v26.1.1) - https:\/\/yoast.com\/wordpress\/plugins\/seo\/ -->\n<title>Bokysee Solar-Powered Video Surveillance Camera with AI Detection - Bokysee Technology Co.,LTD<\/title>\n<meta name=\"description\" content=\"Bokysee Solar Powered Video Surveillance Camera with AI Detection, UBOX app, PIR detection, outdoor, remote view for home security\" \/>\n<meta name=\"robots\" content=\"index, follow, max-snippet:-1, max-image-preview:large, max-video-preview:-1\" \/>\n<link rel=\"canonical\" href=\"https:\/\/bokysee.com\/es\/products\/bokysee-solar-powered-video-surveillance-camera-with-ai-detection\/\" \/>\n<meta property=\"og:locale\" content=\"es_ES\" \/>\n<meta property=\"og:type\" content=\"article\" \/>\n<meta property=\"og:title\" content=\"Bokysee Solar-Powered Video Surveillance Camera with AI Detection\" \/>\n<meta property=\"og:description\" content=\"Bokysee Solar Powered Video Surveillance Camera with AI Detection, UBOX app, PIR detection, outdoor, remote view for home security\" \/>\n<meta property=\"og:url\" content=\"https:\/\/bokysee.com\/es\/products\/bokysee-solar-powered-video-surveillance-camera-with-ai-detection\/\" \/>\n<meta property=\"og:site_name\" content=\"Bokysee Technology Co.,LTD\" \/>\n<meta property=\"article:modified_time\" content=\"2025-02-24T03:55:25+00:00\" \/>\n<meta property=\"og:image\" content=\"https:\/\/bokysee.com\/wp-content\/uploads\/2025\/01\/BK-LXS34P-4G-1.jpg\" \/>\n\t<meta property=\"og:image:width\" content=\"800\" \/>\n\t<meta property=\"og:image:height\" content=\"800\" \/>\n\t<meta property=\"og:image:type\" content=\"image\/jpeg\" \/>\n<meta name=\"twitter:card\" content=\"summary_large_image\" \/>\n<meta name=\"twitter:label1\" content=\"Tiempo de lectura\" \/>\n\t<meta name=\"twitter:data1\" content=\"2 minutos\" \/>\n<script type=\"application\/ld+json\" class=\"yoast-schema-graph\">{\"@context\":\"https:\/\/schema.org\",\"@graph\":[{\"@type\":\"WebPage\",\"@id\":\"https:\/\/bokysee.com\/products\/bokysee-solar-powered-video-surveillance-camera-with-ai-detection\/\",\"url\":\"https:\/\/bokysee.com\/products\/bokysee-solar-powered-video-surveillance-camera-with-ai-detection\/\",\"name\":\"Bokysee Solar-Powered Video Surveillance Camera with AI Detection - Bokysee Technology Co.,LTD\",\"isPartOf\":{\"@id\":\"https:\/\/bokysee.com\/#website\"},\"primaryImageOfPage\":{\"@id\":\"https:\/\/bokysee.com\/products\/bokysee-solar-powered-video-surveillance-camera-with-ai-detection\/#primaryimage\"},\"image\":{\"@id\":\"https:\/\/bokysee.com\/products\/bokysee-solar-powered-video-surveillance-camera-with-ai-detection\/#primaryimage\"},\"thumbnailUrl\":\"https:\/\/bokysee.com\/wp-content\/uploads\/2025\/01\/BK-LXS34P-4G-1.jpg\",\"datePublished\":\"2025-01-21T09:52:47+00:00\",\"dateModified\":\"2025-02-24T03:55:25+00:00\",\"description\":\"Bokysee Solar Powered Video Surveillance Camera with AI Detection, UBOX app, PIR detection, outdoor, remote view for home security\",\"breadcrumb\":{\"@id\":\"https:\/\/bokysee.com\/products\/bokysee-solar-powered-video-surveillance-camera-with-ai-detection\/#breadcrumb\"},\"inLanguage\":\"es\",\"potentialAction\":[{\"@type\":\"ReadAction\",\"target\":[\"https:\/\/bokysee.com\/products\/bokysee-solar-powered-video-surveillance-camera-with-ai-detection\/\"]}]},{\"@type\":\"ImageObject\",\"inLanguage\":\"es\",\"@id\":\"https:\/\/bokysee.com\/products\/bokysee-solar-powered-video-surveillance-camera-with-ai-detection\/#primaryimage\",\"url\":\"https:\/\/bokysee.com\/wp-content\/uploads\/2025\/01\/BK-LXS34P-4G-1.jpg\",\"contentUrl\":\"https:\/\/bokysee.com\/wp-content\/uploads\/2025\/01\/BK-LXS34P-4G-1.jpg\",\"width\":800,\"height\":800},{\"@type\":\"BreadcrumbList\",\"@id\":\"https:\/\/bokysee.com\/products\/bokysee-solar-powered-video-surveillance-camera-with-ai-detection\/#breadcrumb\",\"itemListElement\":[{\"@type\":\"ListItem\",\"position\":1,\"name\":\"Home\",\"item\":\"https:\/\/bokysee.com\/\"},{\"@type\":\"ListItem\",\"position\":2,\"name\":\"Products\",\"item\":\"https:\/\/bokysee.com\/products\/\"},{\"@type\":\"ListItem\",\"position\":3,\"name\":\"Bokysee Solar-Powered Video Surveillance Camera with AI Detection\"}]},{\"@type\":\"WebSite\",\"@id\":\"https:\/\/bokysee.com\/#website\",\"url\":\"https:\/\/bokysee.com\/\",\"name\":\"Bokysee Technology Co.,LTD\",\"description\":\"Professional Smart Indoor and Outdoor Security Cameras Solution Supplier\",\"potentialAction\":[{\"@type\":\"SearchAction\",\"target\":{\"@type\":\"EntryPoint\",\"urlTemplate\":\"https:\/\/bokysee.com\/?s={search_term_string}\"},\"query-input\":{\"@type\":\"PropertyValueSpecification\",\"valueRequired\":true,\"valueName\":\"search_term_string\"}}],\"inLanguage\":\"es\"}]}<\/script>\n<!-- \/ Yoast SEO Premium plugin. -->","yoast_head_json":{"title":"Bokysee Solar-Powered Video Surveillance Camera with AI Detection - Bokysee Technology Co.,LTD","description":"Bokysee Solar Powered Video Surveillance Camera with AI Detection, UBOX app, PIR detection, outdoor, remote view for home security","robots":{"index":"index","follow":"follow","max-snippet":"max-snippet:-1","max-image-preview":"max-image-preview:large","max-video-preview":"max-video-preview:-1"},"canonical":"https:\/\/bokysee.com\/es\/products\/bokysee-solar-powered-video-surveillance-camera-with-ai-detection\/","og_locale":"es_ES","og_type":"article","og_title":"Bokysee Solar-Powered Video Surveillance Camera with AI Detection","og_description":"Bokysee Solar Powered Video Surveillance Camera with AI Detection, UBOX app, PIR detection, outdoor, remote view for home security","og_url":"https:\/\/bokysee.com\/es\/products\/bokysee-solar-powered-video-surveillance-camera-with-ai-detection\/","og_site_name":"Bokysee Technology Co.,LTD","article_modified_time":"2025-02-24T03:55:25+00:00","og_image":[{"width":800,"height":800,"url":"https:\/\/bokysee.com\/wp-content\/uploads\/2025\/01\/BK-LXS34P-4G-1.jpg","type":"image\/jpeg"}],"twitter_card":"summary_large_image","twitter_misc":{"Tiempo de lectura":"2 minutos"},"schema":{"@context":"https:\/\/schema.org","@graph":[{"@type":"WebPage","@id":"https:\/\/bokysee.com\/products\/bokysee-solar-powered-video-surveillance-camera-with-ai-detection\/","url":"https:\/\/bokysee.com\/products\/bokysee-solar-powered-video-surveillance-camera-with-ai-detection\/","name":"Bokysee Solar-Powered Video Surveillance Camera with AI Detection - Bokysee Technology Co.,LTD","isPartOf":{"@id":"https:\/\/bokysee.com\/#website"},"primaryImageOfPage":{"@id":"https:\/\/bokysee.com\/products\/bokysee-solar-powered-video-surveillance-camera-with-ai-detection\/#primaryimage"},"image":{"@id":"https:\/\/bokysee.com\/products\/bokysee-solar-powered-video-surveillance-camera-with-ai-detection\/#primaryimage"},"thumbnailUrl":"https:\/\/bokysee.com\/wp-content\/uploads\/2025\/01\/BK-LXS34P-4G-1.jpg","datePublished":"2025-01-21T09:52:47+00:00","dateModified":"2025-02-24T03:55:25+00:00","description":"Bokysee Solar Powered Video Surveillance Camera with AI Detection, UBOX app, PIR detection, outdoor, remote view for home security","breadcrumb":{"@id":"https:\/\/bokysee.com\/products\/bokysee-solar-powered-video-surveillance-camera-with-ai-detection\/#breadcrumb"},"inLanguage":"es","potentialAction":[{"@type":"ReadAction","target":["https:\/\/bokysee.com\/products\/bokysee-solar-powered-video-surveillance-camera-with-ai-detection\/"]}]},{"@type":"ImageObject","inLanguage":"es","@id":"https:\/\/bokysee.com\/products\/bokysee-solar-powered-video-surveillance-camera-with-ai-detection\/#primaryimage","url":"https:\/\/bokysee.com\/wp-content\/uploads\/2025\/01\/BK-LXS34P-4G-1.jpg","contentUrl":"https:\/\/bokysee.com\/wp-content\/uploads\/2025\/01\/BK-LXS34P-4G-1.jpg","width":800,"height":800},{"@type":"BreadcrumbList","@id":"https:\/\/bokysee.com\/products\/bokysee-solar-powered-video-surveillance-camera-with-ai-detection\/#breadcrumb","itemListElement":[{"@type":"ListItem","position":1,"name":"Home","item":"https:\/\/bokysee.com\/"},{"@type":"ListItem","position":2,"name":"Products","item":"https:\/\/bokysee.com\/products\/"},{"@type":"ListItem","position":3,"name":"Bokysee Solar-Powered Video Surveillance Camera with AI Detection"}]},{"@type":"WebSite","@id":"https:\/\/bokysee.com\/#website","url":"https:\/\/bokysee.com\/","name":"Bokysee Technology Co.,LTD","description":"Professional Smart Indoor and Outdoor Security Cameras Solution Supplier","potentialAction":[{"@type":"SearchAction","target":{"@type":"EntryPoint","urlTemplate":"https:\/\/bokysee.com\/?s={search_term_string}"},"query-input":{"@type":"PropertyValueSpecification","valueRequired":true,"valueName":"search_term_string"}}],"inLanguage":"es"}]}},"_links":{"self":[{"href":"https:\/\/bokysee.com\/es\/wp-json\/wp\/v2\/product\/12942","targetHints":{"allow":["GET"]}}],"collection":[{"href":"https:\/\/bokysee.com\/es\/wp-json\/wp\/v2\/product"}],"about":[{"href":"https:\/\/bokysee.com\/es\/wp-json\/wp\/v2\/types\/product"}],"version-history":[{"count":0,"href":"https:\/\/bokysee.com\/es\/wp-json\/wp\/v2\/product\/12942\/revisions"}],"wp:featuredmedia":[{"embeddable":true,"href":"https:\/\/bokysee.com\/es\/wp-json\/wp\/v2\/media\/12946"}],"wp:attachment":[{"href":"https:\/\/bokysee.com\/es\/wp-json\/wp\/v2\/media?parent=12942"}],"wp:term":[{"taxonomy":"product_brand","embeddable":true,"href":"https:\/\/bokysee.com\/es\/wp-json\/wp\/v2\/product_brand?post=12942"},{"taxonomy":"product_cat","embeddable":true,"href":"https:\/\/bokysee.com\/es\/wp-json\/wp\/v2\/product_cat?post=12942"},{"taxonomy":"product_tag","embeddable":true,"href":"https:\/\/bokysee.com\/es\/wp-json\/wp\/v2\/product_tag?post=12942"}],"curies":[{"name":"wp","href":"https:\/\/api.w.org\/{rel}","templated":true}]}}