{"id":1281,"date":"2023-04-11T08:52:32","date_gmt":"2023-04-11T08:52:32","guid":{"rendered":"https:\/\/bokysee.com\/?post_type=product&#038;p=1281"},"modified":"2023-04-19T05:59:07","modified_gmt":"2023-04-19T05:59:07","slug":"2mp-e27-light-bulb-camera-dual-lens-socket-360-2-4g-wifi-security-protection-full-color-night-vision-auto-tracking-cameras","status":"publish","type":"product","link":"https:\/\/bokysee.com\/es\/products\/2mp-e27-light-bulb-camera-dual-lens-socket-360-2-4g-wifi-security-protection-full-color-night-vision-auto-tracking-cameras\/","title":{"rendered":"C\u00e1mara de seguridad con bombilla E27 de 2 MP y doble lente, 355\u00b0, WiFi 2,4 G, visi\u00f3n nocturna a todo color, seguimiento autom\u00e1tico"},"content":{"rendered":"<p>C\u00e1mara de seguridad con bombilla E27 de 2 MP, 355\u00b0, WiFi 2,4 G, visi\u00f3n nocturna a todo color y seguimiento autom\u00e1tico.<br \/>\n* Instalaci\u00f3n inal\u00e1mbrica y f\u00e1cil<br \/>\n* Resoluci\u00f3n de video Ultra HD de 2K y 4 MP<br \/>\n* Lentes duales: 3,6 mm + 12 mm, lente con zoom de 8X<br \/>\n* PTZ: Panor\u00e1mica: 355\u00b0, Inclinaci\u00f3n: 90\u00b0<br \/>\n* Luces duales: 8 luces blancas + 4 infrarrojas, distancia IR de 50 M<br \/>\n* Detecci\u00f3n de movimiento, seguimiento autom\u00e1tico y alerta en tiempo real<br \/>\n* Alarma de audio y sonido bidireccional<br \/>\n* M\u00faltiples vistas y doble almacenamiento con protecci\u00f3n de la privacidad<\/p>\n<p><img fetchpriority=\"high\" decoding=\"async\" class=\"alignnone size-full wp-image-1358\" src=\"https:\/\/bokysee.com\/wp-content\/uploads\/2023\/04\/BK-DL09D-800-1-with-Logo.jpg\" alt=\"\" width=\"800\" height=\"1087\" srcset=\"https:\/\/bokysee.com\/wp-content\/uploads\/2023\/04\/BK-DL09D-800-1-with-Logo.jpg 800w, https:\/\/bokysee.com\/wp-content\/uploads\/2023\/04\/BK-DL09D-800-1-with-Logo-754x1024.jpg 754w\" sizes=\"(max-width: 800px) 100vw, 800px\" \/> <img decoding=\"async\" class=\"alignnone size-full wp-image-1359\" src=\"https:\/\/bokysee.com\/wp-content\/uploads\/2023\/04\/BK-DL09D-800-2.jpg\" alt=\"\" width=\"800\" height=\"1232\" srcset=\"https:\/\/bokysee.com\/wp-content\/uploads\/2023\/04\/BK-DL09D-800-2.jpg 800w, https:\/\/bokysee.com\/wp-content\/uploads\/2023\/04\/BK-DL09D-800-2-665x1024.jpg 665w\" sizes=\"(max-width: 800px) 100vw, 800px\" \/><\/p>\n<table width=\"815\">\n<tbody>\n<tr>\n<td rowspan=\"7\" width=\"101\">Sistema<\/td>\n<td width=\"211\">Proveedor de servicios de Internet<\/td>\n<td width=\"503\">NT98566<\/td>\n<\/tr>\n<tr>\n<td width=\"211\">Sensor<\/td>\n<td width=\"503\">2 * 1\/3\u2033SC2336<\/td>\n<\/tr>\n<tr>\n<td width=\"211\">Alta definici\u00f3n<\/td>\n<td width=\"503\">2MP+2MP<\/td>\n<\/tr>\n<tr>\n<td width=\"211\">Velocidad de cuadros<\/td>\n<td width=\"503\">25 fps<\/td>\n<\/tr>\n<tr>\n<td width=\"211\">Resoluci\u00f3n<\/td>\n<td width=\"503\">2560*1440<\/td>\n<\/tr>\n<tr>\n<td width=\"211\">Lente<\/td>\n<td width=\"503\">3,6 mm y 12 mm<\/td>\n<\/tr>\n<tr>\n<td width=\"211\">Visi\u00f3n nocturna<\/td>\n<td width=\"503\">4 LED infrarrojos + 8 LED de luz blanca, alcance IR: 50 m<\/td>\n<\/tr>\n<tr>\n<td rowspan=\"2\" width=\"101\">Audio<\/td>\n<td width=\"211\">Est\u00e1ndar de codificaci\u00f3n<\/td>\n<td width=\"503\">G.711<\/td>\n<\/tr>\n<tr>\n<td width=\"211\">Audio bidireccional<\/td>\n<td width=\"503\">Apoyo<\/td>\n<\/tr>\n<tr>\n<td rowspan=\"2\" width=\"101\">Almacenamiento<\/td>\n<td width=\"211\">Nube<\/td>\n<td width=\"503\">Admite almacenamiento en la nube<\/td>\n<\/tr>\n<tr>\n<td width=\"211\">Tarjeta TF<\/td>\n<td width=\"503\">Tarjeta TF de 128 GB como m\u00e1ximo<\/td>\n<\/tr>\n<tr>\n<td rowspan=\"6\" width=\"101\">Red<\/td>\n<td width=\"211\">Nombre de la aplicaci\u00f3n<\/td>\n<td width=\"503\">iCSee<\/td>\n<\/tr>\n<tr>\n<td width=\"211\">Wi-Fi (2,4 GHz)<\/td>\n<td width=\"503\">IEEE 802.11 b\/g\/n<\/td>\n<\/tr>\n<tr>\n<td width=\"211\">Protocolo de red<\/td>\n<td width=\"503\">Admite TCP\/IP, RTSP y ONVIF<\/td>\n<\/tr>\n<tr>\n<td width=\"211\">Descargar<\/td>\n<td width=\"503\">iOS en App Store, Android en Google Play<\/td>\n<\/tr>\n<tr>\n<td width=\"211\">Conexi\u00f3n WIFI<\/td>\n<td width=\"503\">Escanear c\u00f3digo QR, Conexi\u00f3n de cable de red, Conexi\u00f3n de punto de acceso AP<\/td>\n<\/tr>\n<tr>\n<td width=\"211\">noticias<\/td>\n<td width=\"503\">Aplicaci\u00f3n Push<\/td>\n<\/tr>\n<tr>\n<td rowspan=\"3\" width=\"101\">PTZ<\/td>\n<td width=\"211\">Cacerola<\/td>\n<td width=\"503\">355\u00b0<\/td>\n<\/tr>\n<tr>\n<td width=\"211\">Inclinaci\u00f3n<\/td>\n<td width=\"503\">90\u00b0<\/td>\n<\/tr>\n<tr>\n<td width=\"211\">Zoom<\/td>\n<td width=\"503\">8X<\/td>\n<\/tr>\n<tr>\n<td rowspan=\"6\" width=\"101\">Otros<\/td>\n<td width=\"211\">Voltaje de \u00e1pice<\/td>\n<td width=\"503\">CC 12 V 2 A<\/td>\n<\/tr>\n<tr>\n<td width=\"211\">A prueba de la intemperie<\/td>\n<td width=\"503\">IP66<\/td>\n<\/tr>\n<tr>\n<td width=\"211\">Lugar adecuado<\/td>\n<td width=\"503\">Hogar, tienda, escuela, f\u00e1brica<\/td>\n<\/tr>\n<tr>\n<td width=\"211\">Temperatura de trabajo<\/td>\n<td>-20\u2103\uff0d\uff0b55\u2103<\/td>\n<\/tr>\n<tr>\n<td width=\"211\">Humedad de trabajo<\/td>\n<td>10%\uff0d90%<\/td>\n<\/tr>\n<tr>\n<td>Tama\u00f1o<\/td>\n<td>156 x 105 x 170 mm (largo x ancho x alto)<\/td>\n<\/tr>\n<\/tbody>\n<\/table>","protected":false},"excerpt":{"rendered":"<p>C\u00e1mara con lente dual, zoom 8X y casquillo E27:<br \/>\n* Resoluci\u00f3n: 2MP+2MP<br \/>\n* DSP de 32 bits de doble n\u00facleo (NT98566), compresi\u00f3n dura pura<br \/>\n* Lentes duales: 3,6 mm + 12 mm, lente con zoom de 8X<br \/>\n* PTZ: Panor\u00e1mica: 355\u00b0, Inclinaci\u00f3n: 90\u00b0<br \/>\n* Luces duales: 8 luces blancas + 4 infrarrojas, distancia IR de 50 M<br \/>\n* Vista previa de pantalla dual, vista previa de imagen en imagen<br \/>\n* Seguimiento humano Zoom 8X; Audio bidireccional, Detecci\u00f3n humana<br \/>\n* Escanee el c\u00f3digo QR, el cable de red y la conexi\u00f3n del punto de acceso AP<br \/>\n* Admite tarjeta de memoria de 128G y almacenamiento en la nube.<\/p>","protected":false},"featured_media":1282,"template":"","meta":[],"product_brand":[],"product_cat":[27],"product_tag":[68,67,69],"class_list":{"0":"post-1281","1":"product","2":"type-product","3":"status-publish","4":"has-post-thumbnail","6":"product_cat-dual-lens-wifi-camera","7":"product_tag-home-camera-system","8":"product_tag-light-bulb-camera","9":"product_tag-smart-home-security-wireless-camera","11":"first","12":"instock","13":"shipping-taxable","14":"product-type-simple"},"acf":[],"yoast_head":"<!-- This site is optimized with the Yoast SEO Premium plugin v20.2.1 (Yoast SEO v26.1.1) - https:\/\/yoast.com\/wordpress\/plugins\/seo\/ -->\n<title>2MP E27 Light Bulb Camera Dual Lens Socket 355\u00b0 2.4G WiFi Security Protection Full Color Night Vision Auto Tracking Cameras - Bokysee Technology Co.,LTD<\/title>\n<meta name=\"description\" content=\"2MP Dual Lens E27 Light Bulb Camera Socket 2.4G WiFi Smart Home Camera Security System Protection Full Color Night Vision Auto Tracking Wireless Cameras\" \/>\n<meta name=\"robots\" content=\"index, follow, max-snippet:-1, max-image-preview:large, max-video-preview:-1\" \/>\n<link rel=\"canonical\" href=\"https:\/\/bokysee.com\/es\/products\/2mp-e27-light-bulb-camera-dual-lens-socket-360-2-4g-wifi-security-protection-full-color-night-vision-auto-tracking-cameras\/\" \/>\n<meta property=\"og:locale\" content=\"es_ES\" \/>\n<meta property=\"og:type\" content=\"article\" \/>\n<meta property=\"og:title\" content=\"2MP E27 Light Bulb Camera Dual Lens Socket 355\u00b0 2.4G WiFi Security Protection Full Color Night Vision Auto Tracking Cameras\" \/>\n<meta property=\"og:description\" content=\"2MP Dual Lens E27 Light Bulb Camera Socket 2.4G WiFi Smart Home Camera Security System Protection Full Color Night Vision Auto Tracking Wireless Cameras\" \/>\n<meta property=\"og:url\" content=\"https:\/\/bokysee.com\/es\/products\/2mp-e27-light-bulb-camera-dual-lens-socket-360-2-4g-wifi-security-protection-full-color-night-vision-auto-tracking-cameras\/\" \/>\n<meta property=\"og:site_name\" content=\"Bokysee Technology Co.,LTD\" \/>\n<meta property=\"article:modified_time\" content=\"2023-04-19T05:59:07+00:00\" \/>\n<meta property=\"og:image\" content=\"https:\/\/bokysee.com\/wp-content\/uploads\/2023\/04\/BK-DL09D-1.jpg\" \/>\n\t<meta property=\"og:image:width\" content=\"800\" \/>\n\t<meta property=\"og:image:height\" content=\"800\" \/>\n\t<meta property=\"og:image:type\" content=\"image\/jpeg\" \/>\n<meta name=\"twitter:card\" content=\"summary_large_image\" \/>\n<meta name=\"twitter:label1\" content=\"Tiempo de lectura\" \/>\n\t<meta name=\"twitter:data1\" content=\"2 minutos\" \/>\n<script type=\"application\/ld+json\" class=\"yoast-schema-graph\">{\"@context\":\"https:\/\/schema.org\",\"@graph\":[{\"@type\":\"WebPage\",\"@id\":\"https:\/\/bokysee.com\/products\/2mp-e27-light-bulb-camera-dual-lens-socket-360-2-4g-wifi-security-protection-full-color-night-vision-auto-tracking-cameras\/\",\"url\":\"https:\/\/bokysee.com\/products\/2mp-e27-light-bulb-camera-dual-lens-socket-360-2-4g-wifi-security-protection-full-color-night-vision-auto-tracking-cameras\/\",\"name\":\"2MP E27 Light Bulb Camera Dual Lens Socket 355\u00b0 2.4G WiFi Security Protection Full Color Night Vision Auto Tracking Cameras - Bokysee Technology Co.,LTD\",\"isPartOf\":{\"@id\":\"https:\/\/bokysee.com\/#website\"},\"primaryImageOfPage\":{\"@id\":\"https:\/\/bokysee.com\/products\/2mp-e27-light-bulb-camera-dual-lens-socket-360-2-4g-wifi-security-protection-full-color-night-vision-auto-tracking-cameras\/#primaryimage\"},\"image\":{\"@id\":\"https:\/\/bokysee.com\/products\/2mp-e27-light-bulb-camera-dual-lens-socket-360-2-4g-wifi-security-protection-full-color-night-vision-auto-tracking-cameras\/#primaryimage\"},\"thumbnailUrl\":\"https:\/\/bokysee.com\/wp-content\/uploads\/2023\/04\/BK-DL09D-1.jpg\",\"datePublished\":\"2023-04-11T08:52:32+00:00\",\"dateModified\":\"2023-04-19T05:59:07+00:00\",\"description\":\"2MP Dual Lens E27 Light Bulb Camera Socket 2.4G WiFi Smart Home Camera Security System Protection Full Color Night Vision Auto Tracking Wireless Cameras\",\"breadcrumb\":{\"@id\":\"https:\/\/bokysee.com\/products\/2mp-e27-light-bulb-camera-dual-lens-socket-360-2-4g-wifi-security-protection-full-color-night-vision-auto-tracking-cameras\/#breadcrumb\"},\"inLanguage\":\"es\",\"potentialAction\":[{\"@type\":\"ReadAction\",\"target\":[\"https:\/\/bokysee.com\/products\/2mp-e27-light-bulb-camera-dual-lens-socket-360-2-4g-wifi-security-protection-full-color-night-vision-auto-tracking-cameras\/\"]}]},{\"@type\":\"ImageObject\",\"inLanguage\":\"es\",\"@id\":\"https:\/\/bokysee.com\/products\/2mp-e27-light-bulb-camera-dual-lens-socket-360-2-4g-wifi-security-protection-full-color-night-vision-auto-tracking-cameras\/#primaryimage\",\"url\":\"https:\/\/bokysee.com\/wp-content\/uploads\/2023\/04\/BK-DL09D-1.jpg\",\"contentUrl\":\"https:\/\/bokysee.com\/wp-content\/uploads\/2023\/04\/BK-DL09D-1.jpg\",\"width\":800,\"height\":800,\"caption\":\"wifi home security camera\"},{\"@type\":\"BreadcrumbList\",\"@id\":\"https:\/\/bokysee.com\/products\/2mp-e27-light-bulb-camera-dual-lens-socket-360-2-4g-wifi-security-protection-full-color-night-vision-auto-tracking-cameras\/#breadcrumb\",\"itemListElement\":[{\"@type\":\"ListItem\",\"position\":1,\"name\":\"Home\",\"item\":\"https:\/\/bokysee.com\/\"},{\"@type\":\"ListItem\",\"position\":2,\"name\":\"Products\",\"item\":\"https:\/\/bokysee.com\/products\/\"},{\"@type\":\"ListItem\",\"position\":3,\"name\":\"2MP E27 Light Bulb Camera Dual Lens Socket 355\u00b0 2.4G WiFi Security Protection Full Color Night Vision Auto Tracking Cameras\"}]},{\"@type\":\"WebSite\",\"@id\":\"https:\/\/bokysee.com\/#website\",\"url\":\"https:\/\/bokysee.com\/\",\"name\":\"Bokysee Technology Co.,LTD\",\"description\":\"Professional Smart Indoor and Outdoor Security Cameras Solution Supplier\",\"potentialAction\":[{\"@type\":\"SearchAction\",\"target\":{\"@type\":\"EntryPoint\",\"urlTemplate\":\"https:\/\/bokysee.com\/?s={search_term_string}\"},\"query-input\":{\"@type\":\"PropertyValueSpecification\",\"valueRequired\":true,\"valueName\":\"search_term_string\"}}],\"inLanguage\":\"es\"}]}<\/script>\n<!-- \/ Yoast SEO Premium plugin. -->","yoast_head_json":{"title":"2MP E27 Light Bulb Camera Dual Lens Socket 355\u00b0 2.4G WiFi Security Protection Full Color Night Vision Auto Tracking Cameras - Bokysee Technology Co.,LTD","description":"2MP Dual Lens E27 Light Bulb Camera Socket 2.4G WiFi Smart Home Camera Security System Protection Full Color Night Vision Auto Tracking Wireless Cameras","robots":{"index":"index","follow":"follow","max-snippet":"max-snippet:-1","max-image-preview":"max-image-preview:large","max-video-preview":"max-video-preview:-1"},"canonical":"https:\/\/bokysee.com\/es\/products\/2mp-e27-light-bulb-camera-dual-lens-socket-360-2-4g-wifi-security-protection-full-color-night-vision-auto-tracking-cameras\/","og_locale":"es_ES","og_type":"article","og_title":"2MP E27 Light Bulb Camera Dual Lens Socket 355\u00b0 2.4G WiFi Security Protection Full Color Night Vision Auto Tracking Cameras","og_description":"2MP Dual Lens E27 Light Bulb Camera Socket 2.4G WiFi Smart Home Camera Security System Protection Full Color Night Vision Auto Tracking Wireless Cameras","og_url":"https:\/\/bokysee.com\/es\/products\/2mp-e27-light-bulb-camera-dual-lens-socket-360-2-4g-wifi-security-protection-full-color-night-vision-auto-tracking-cameras\/","og_site_name":"Bokysee Technology Co.,LTD","article_modified_time":"2023-04-19T05:59:07+00:00","og_image":[{"width":800,"height":800,"url":"https:\/\/bokysee.com\/wp-content\/uploads\/2023\/04\/BK-DL09D-1.jpg","type":"image\/jpeg"}],"twitter_card":"summary_large_image","twitter_misc":{"Tiempo de lectura":"2 minutos"},"schema":{"@context":"https:\/\/schema.org","@graph":[{"@type":"WebPage","@id":"https:\/\/bokysee.com\/products\/2mp-e27-light-bulb-camera-dual-lens-socket-360-2-4g-wifi-security-protection-full-color-night-vision-auto-tracking-cameras\/","url":"https:\/\/bokysee.com\/products\/2mp-e27-light-bulb-camera-dual-lens-socket-360-2-4g-wifi-security-protection-full-color-night-vision-auto-tracking-cameras\/","name":"2MP E27 Light Bulb Camera Dual Lens Socket 355\u00b0 2.4G WiFi Security Protection Full Color Night Vision Auto Tracking Cameras - Bokysee Technology Co.,LTD","isPartOf":{"@id":"https:\/\/bokysee.com\/#website"},"primaryImageOfPage":{"@id":"https:\/\/bokysee.com\/products\/2mp-e27-light-bulb-camera-dual-lens-socket-360-2-4g-wifi-security-protection-full-color-night-vision-auto-tracking-cameras\/#primaryimage"},"image":{"@id":"https:\/\/bokysee.com\/products\/2mp-e27-light-bulb-camera-dual-lens-socket-360-2-4g-wifi-security-protection-full-color-night-vision-auto-tracking-cameras\/#primaryimage"},"thumbnailUrl":"https:\/\/bokysee.com\/wp-content\/uploads\/2023\/04\/BK-DL09D-1.jpg","datePublished":"2023-04-11T08:52:32+00:00","dateModified":"2023-04-19T05:59:07+00:00","description":"2MP Dual Lens E27 Light Bulb Camera Socket 2.4G WiFi Smart Home Camera Security System Protection Full Color Night Vision Auto Tracking Wireless Cameras","breadcrumb":{"@id":"https:\/\/bokysee.com\/products\/2mp-e27-light-bulb-camera-dual-lens-socket-360-2-4g-wifi-security-protection-full-color-night-vision-auto-tracking-cameras\/#breadcrumb"},"inLanguage":"es","potentialAction":[{"@type":"ReadAction","target":["https:\/\/bokysee.com\/products\/2mp-e27-light-bulb-camera-dual-lens-socket-360-2-4g-wifi-security-protection-full-color-night-vision-auto-tracking-cameras\/"]}]},{"@type":"ImageObject","inLanguage":"es","@id":"https:\/\/bokysee.com\/products\/2mp-e27-light-bulb-camera-dual-lens-socket-360-2-4g-wifi-security-protection-full-color-night-vision-auto-tracking-cameras\/#primaryimage","url":"https:\/\/bokysee.com\/wp-content\/uploads\/2023\/04\/BK-DL09D-1.jpg","contentUrl":"https:\/\/bokysee.com\/wp-content\/uploads\/2023\/04\/BK-DL09D-1.jpg","width":800,"height":800,"caption":"wifi home security camera"},{"@type":"BreadcrumbList","@id":"https:\/\/bokysee.com\/products\/2mp-e27-light-bulb-camera-dual-lens-socket-360-2-4g-wifi-security-protection-full-color-night-vision-auto-tracking-cameras\/#breadcrumb","itemListElement":[{"@type":"ListItem","position":1,"name":"Home","item":"https:\/\/bokysee.com\/"},{"@type":"ListItem","position":2,"name":"Products","item":"https:\/\/bokysee.com\/products\/"},{"@type":"ListItem","position":3,"name":"2MP E27 Light Bulb Camera Dual Lens Socket 355\u00b0 2.4G WiFi Security Protection Full Color Night Vision Auto Tracking Cameras"}]},{"@type":"WebSite","@id":"https:\/\/bokysee.com\/#website","url":"https:\/\/bokysee.com\/","name":"Bokysee Technology Co.,LTD","description":"Professional Smart Indoor and Outdoor Security Cameras Solution Supplier","potentialAction":[{"@type":"SearchAction","target":{"@type":"EntryPoint","urlTemplate":"https:\/\/bokysee.com\/?s={search_term_string}"},"query-input":{"@type":"PropertyValueSpecification","valueRequired":true,"valueName":"search_term_string"}}],"inLanguage":"es"}]}},"_links":{"self":[{"href":"https:\/\/bokysee.com\/es\/wp-json\/wp\/v2\/product\/1281","targetHints":{"allow":["GET"]}}],"collection":[{"href":"https:\/\/bokysee.com\/es\/wp-json\/wp\/v2\/product"}],"about":[{"href":"https:\/\/bokysee.com\/es\/wp-json\/wp\/v2\/types\/product"}],"version-history":[{"count":0,"href":"https:\/\/bokysee.com\/es\/wp-json\/wp\/v2\/product\/1281\/revisions"}],"wp:featuredmedia":[{"embeddable":true,"href":"https:\/\/bokysee.com\/es\/wp-json\/wp\/v2\/media\/1282"}],"wp:attachment":[{"href":"https:\/\/bokysee.com\/es\/wp-json\/wp\/v2\/media?parent=1281"}],"wp:term":[{"taxonomy":"product_brand","embeddable":true,"href":"https:\/\/bokysee.com\/es\/wp-json\/wp\/v2\/product_brand?post=1281"},{"taxonomy":"product_cat","embeddable":true,"href":"https:\/\/bokysee.com\/es\/wp-json\/wp\/v2\/product_cat?post=1281"},{"taxonomy":"product_tag","embeddable":true,"href":"https:\/\/bokysee.com\/es\/wp-json\/wp\/v2\/product_tag?post=1281"}],"curies":[{"name":"wp","href":"https:\/\/api.w.org\/{rel}","templated":true}]}}