{"id":12795,"date":"2024-11-12T15:36:59","date_gmt":"2024-11-12T07:36:59","guid":{"rendered":"https:\/\/bokysee.com\/?post_type=product&#038;p=12795"},"modified":"2024-11-12T15:37:00","modified_gmt":"2024-11-12T07:37:00","slug":"tuya-smart-outdoor-ip66-metal-5x-zoom-wifi-poe-ptz-dome-camera-sd-card","status":"publish","type":"product","link":"https:\/\/bokysee.com\/es\/products\/tuya-smart-outdoor-ip66-metal-5x-zoom-wifi-poe-ptz-dome-camera-sd-card\/","title":{"rendered":"C\u00e1mara domo PTZ Tuya Smart para exteriores, IP66, de metal, con zoom 5X, WiFi, PoE, tarjeta SD"},"content":{"rendered":"<p>C\u00e1mara domo PTZ Tuya Smart para exteriores, IP66, de metal, con zoom 5X, WiFi, PoE, tarjeta SD<\/p>\n<p>La c\u00e1mara domo Tuya Smart para exteriores de 5 MP ofrece zoom \u00f3ptico de 5x (lente de 2,7-13,5 mm) y conectividad Wi-Fi\/PoE para una instalaci\u00f3n flexible. Cuenta con 8 LED IR para una visi\u00f3n nocturna de hasta 20 m (98 pies), detecci\u00f3n de humanoides con IA, seguimiento autom\u00e1tico e intercomunicador de voz bidireccional. Con un giro de 350\u00b0, una inclinaci\u00f3n de 90\u00b0 y una clasificaci\u00f3n de impermeabilidad IP66, garantiza vigilancia en cualquier condici\u00f3n clim\u00e1tica. Admite patrullaje panor\u00e1mico, tarjeta SD de 1 TB y almacenamiento en la nube.<\/p>\n<p><strong>C\u00e1mara de seguridad PTZ HD de 5 MP para im\u00e1genes de alta definici\u00f3n<\/strong>:<\/p>\n<p>Capture im\u00e1genes de vigilancia n\u00edtidas con una resoluci\u00f3n de 5 MP, lo que garantiza una calidad de video detallada para una monitorizaci\u00f3n \u00f3ptima tanto de d\u00eda como de noche. Ideal para propietarios de viviendas y empresas que buscan una calidad superior. <em>c\u00e1maras de vigilancia<\/em>.<\/p>\n<p><img fetchpriority=\"high\" decoding=\"async\" class=\"alignnone size-full wp-image-12797\" src=\"https:\/\/bokysee.com\/wp-content\/uploads\/2024\/11\/BK-SC42D5M-D1.jpg\" alt=\"\" width=\"800\" height=\"737\" srcset=\"https:\/\/bokysee.com\/wp-content\/uploads\/2024\/11\/BK-SC42D5M-D1.jpg 800w, https:\/\/bokysee.com\/wp-content\/uploads\/2024\/11\/BK-SC42D5M-D1-300x276.jpg 300w, https:\/\/bokysee.com\/wp-content\/uploads\/2024\/11\/BK-SC42D5M-D1-768x708.jpg 768w, https:\/\/bokysee.com\/wp-content\/uploads\/2024\/11\/BK-SC42D5M-D1-600x553.jpg 600w\" sizes=\"(max-width: 800px) 100vw, 800px\" \/><\/p>\n<p><strong>Monitoreo 24\/7 con soporte NVR Onvif<\/strong>:<\/p>\n<p>Disfrute de un servicio confiable e ininterrumpido <em>Monitoreo de CCTV<\/em> que se integra perfectamente con los NVR compatibles con Onvif, lo que lo convierte en un complemento perfecto para cualquier <em>sistema de c\u00e1maras de seguridad<\/em>.<\/p>\n<p><img decoding=\"async\" class=\"alignnone size-full wp-image-12798\" src=\"https:\/\/bokysee.com\/wp-content\/uploads\/2024\/11\/BK-SC42D5M-D2.jpg\" alt=\"\" width=\"800\" height=\"800\" srcset=\"https:\/\/bokysee.com\/wp-content\/uploads\/2024\/11\/BK-SC42D5M-D2.jpg 800w, https:\/\/bokysee.com\/wp-content\/uploads\/2024\/11\/BK-SC42D5M-D2-300x300.jpg 300w, https:\/\/bokysee.com\/wp-content\/uploads\/2024\/11\/BK-SC42D5M-D2-150x150.jpg 150w, https:\/\/bokysee.com\/wp-content\/uploads\/2024\/11\/BK-SC42D5M-D2-768x768.jpg 768w, https:\/\/bokysee.com\/wp-content\/uploads\/2024\/11\/BK-SC42D5M-D2-600x600.jpg 600w, https:\/\/bokysee.com\/wp-content\/uploads\/2024\/11\/BK-SC42D5M-D2-100x100.jpg 100w\" sizes=\"(max-width: 800px) 100vw, 800px\" \/><\/p>\n<p><strong>Detecci\u00f3n humana y seguimiento autom\u00e1tico para una mayor seguridad<\/strong>:<\/p>\n<p>Avanzado <em>C\u00e1mara de seguridad impulsada por IA<\/em> La tecnolog\u00eda detecta y rastrea el movimiento humano, reduciendo las falsas alarmas y proporcionando una vigilancia precisa y en tiempo real para una seguridad proactiva.<\/p>\n<p><img decoding=\"async\" class=\"alignnone size-full wp-image-12799\" src=\"https:\/\/bokysee.com\/wp-content\/uploads\/2024\/11\/BK-SC42D5M-D3.jpg\" alt=\"\" width=\"800\" height=\"800\" srcset=\"https:\/\/bokysee.com\/wp-content\/uploads\/2024\/11\/BK-SC42D5M-D3.jpg 800w, https:\/\/bokysee.com\/wp-content\/uploads\/2024\/11\/BK-SC42D5M-D3-300x300.jpg 300w, https:\/\/bokysee.com\/wp-content\/uploads\/2024\/11\/BK-SC42D5M-D3-150x150.jpg 150w, https:\/\/bokysee.com\/wp-content\/uploads\/2024\/11\/BK-SC42D5M-D3-768x768.jpg 768w, https:\/\/bokysee.com\/wp-content\/uploads\/2024\/11\/BK-SC42D5M-D3-600x600.jpg 600w, https:\/\/bokysee.com\/wp-content\/uploads\/2024\/11\/BK-SC42D5M-D3-100x100.jpg 100w\" sizes=\"(max-width: 800px) 100vw, 800px\" \/><\/p>\n<p><strong>Admite comunicaci\u00f3n de audio bidireccional<\/strong>:<\/p>\n<p>Este <em>c\u00e1mara de seguridad inal\u00e1mbrica<\/em> Incluye audio bidireccional incorporado, lo que permite la interacci\u00f3n en tiempo real para una mayor seguridad y comunicaci\u00f3n remota, perfecto para <em>sistemas de seguridad para el hogar<\/em>.<\/p>\n<p><img loading=\"lazy\" decoding=\"async\" class=\"alignnone size-full wp-image-12800\" src=\"https:\/\/bokysee.com\/wp-content\/uploads\/2024\/11\/BK-SC42D5M-D4.jpg\" alt=\"\" width=\"800\" height=\"800\" srcset=\"https:\/\/bokysee.com\/wp-content\/uploads\/2024\/11\/BK-SC42D5M-D4.jpg 800w, https:\/\/bokysee.com\/wp-content\/uploads\/2024\/11\/BK-SC42D5M-D4-300x300.jpg 300w, https:\/\/bokysee.com\/wp-content\/uploads\/2024\/11\/BK-SC42D5M-D4-150x150.jpg 150w, https:\/\/bokysee.com\/wp-content\/uploads\/2024\/11\/BK-SC42D5M-D4-768x768.jpg 768w, https:\/\/bokysee.com\/wp-content\/uploads\/2024\/11\/BK-SC42D5M-D4-600x600.jpg 600w, https:\/\/bokysee.com\/wp-content\/uploads\/2024\/11\/BK-SC42D5M-D4-100x100.jpg 100w\" sizes=\"(max-width: 800px) 100vw, 800px\" \/><\/p>\n<p><strong>Funcionalidad de grabaci\u00f3n y reproducci\u00f3n de tarjetas SD<\/strong>:<\/p>\n<p>Caracter\u00edsticas <em>C\u00e1mara CCTV con tarjeta SD<\/em> Soporte de almacenamiento para grabaci\u00f3n y reproducci\u00f3n local sencillas. Ideal para quienes buscan <em>Soluciones de seguridad sin NVR<\/em>.<\/p>\n<p><img loading=\"lazy\" decoding=\"async\" class=\"alignnone size-full wp-image-12801\" src=\"https:\/\/bokysee.com\/wp-content\/uploads\/2024\/11\/BK-SC42D5M-D5.jpg\" alt=\"\" width=\"800\" height=\"495\" srcset=\"https:\/\/bokysee.com\/wp-content\/uploads\/2024\/11\/BK-SC42D5M-D5.jpg 800w, https:\/\/bokysee.com\/wp-content\/uploads\/2024\/11\/BK-SC42D5M-D5-300x186.jpg 300w, https:\/\/bokysee.com\/wp-content\/uploads\/2024\/11\/BK-SC42D5M-D5-768x475.jpg 768w, https:\/\/bokysee.com\/wp-content\/uploads\/2024\/11\/BK-SC42D5M-D5-600x371.jpg 600w\" sizes=\"(max-width: 800px) 100vw, 800px\" \/><\/p>\n<p><strong>8 LED IR para visi\u00f3n nocturna de hasta 20 m en calidad HD de 5 MP<\/strong>:<\/p>\n<p>Equipado con 8 potentes LED IR, este <em>c\u00e1mara de seguridad con visi\u00f3n nocturna<\/em> garantiza una vigilancia clara hasta 20 metros en la oscuridad, ofreciendo una calidad de video HD para <em>Monitoreo las 24 horas<\/em>.<\/p>\n<p><img loading=\"lazy\" decoding=\"async\" class=\"alignnone size-full wp-image-12802\" src=\"https:\/\/bokysee.com\/wp-content\/uploads\/2024\/11\/BK-SC42D5M-D6.jpg\" alt=\"\" width=\"800\" height=\"800\" srcset=\"https:\/\/bokysee.com\/wp-content\/uploads\/2024\/11\/BK-SC42D5M-D6.jpg 800w, https:\/\/bokysee.com\/wp-content\/uploads\/2024\/11\/BK-SC42D5M-D6-300x300.jpg 300w, https:\/\/bokysee.com\/wp-content\/uploads\/2024\/11\/BK-SC42D5M-D6-150x150.jpg 150w, https:\/\/bokysee.com\/wp-content\/uploads\/2024\/11\/BK-SC42D5M-D6-768x768.jpg 768w, https:\/\/bokysee.com\/wp-content\/uploads\/2024\/11\/BK-SC42D5M-D6-600x600.jpg 600w, https:\/\/bokysee.com\/wp-content\/uploads\/2024\/11\/BK-SC42D5M-D6-100x100.jpg 100w\" sizes=\"(max-width: 800px) 100vw, 800px\" \/><\/p>\n<p><strong>Clasificaci\u00f3n de impermeabilidad IP66 con construcci\u00f3n totalmente de aluminio<\/strong>:<\/p>\n<p>Con una s\u00f3lida clasificaci\u00f3n IP66, este <em>c\u00e1mara de seguridad exterior<\/em> Resiste duras condiciones clim\u00e1ticas, lo que garantiza un rendimiento confiable con su cuerpo totalmente de aluminio. <em>seguridad duradera para exteriores<\/em>.<\/p>\n<p>&nbsp;<\/p>\n<p><img loading=\"lazy\" decoding=\"async\" class=\"alignnone size-full wp-image-12803\" src=\"https:\/\/bokysee.com\/wp-content\/uploads\/2024\/11\/BK-SC42D5M-D7.jpg\" alt=\"\" width=\"800\" height=\"495\" srcset=\"https:\/\/bokysee.com\/wp-content\/uploads\/2024\/11\/BK-SC42D5M-D7.jpg 800w, https:\/\/bokysee.com\/wp-content\/uploads\/2024\/11\/BK-SC42D5M-D7-300x186.jpg 300w, https:\/\/bokysee.com\/wp-content\/uploads\/2024\/11\/BK-SC42D5M-D7-768x475.jpg 768w, https:\/\/bokysee.com\/wp-content\/uploads\/2024\/11\/BK-SC42D5M-D7-600x371.jpg 600w\" sizes=\"(max-width: 800px) 100vw, 800px\" \/><\/p>\n<p><strong>Adecuado para monitoreo tanto en interiores como en exteriores.<\/strong>:<\/p>\n<p>Su dise\u00f1o vers\u00e1til lo hace <em>c\u00e1mara de seguridad interior\/exterior<\/em> Perfecto para diversos entornos, proporcionando una cobertura integral para hogares, oficinas y almacenes.<\/p>\n<p><img loading=\"lazy\" decoding=\"async\" class=\"alignnone size-full wp-image-12804\" src=\"https:\/\/bokysee.com\/wp-content\/uploads\/2024\/11\/BK-SC42D5M-D8.jpg\" alt=\"\" width=\"800\" height=\"974\" srcset=\"https:\/\/bokysee.com\/wp-content\/uploads\/2024\/11\/BK-SC42D5M-D8.jpg 800w, https:\/\/bokysee.com\/wp-content\/uploads\/2024\/11\/BK-SC42D5M-D8-246x300.jpg 246w, https:\/\/bokysee.com\/wp-content\/uploads\/2024\/11\/BK-SC42D5M-D8-768x935.jpg 768w, https:\/\/bokysee.com\/wp-content\/uploads\/2024\/11\/BK-SC42D5M-D8-493x600.jpg 493w, https:\/\/bokysee.com\/wp-content\/uploads\/2024\/11\/BK-SC42D5M-D8-600x731.jpg 600w\" sizes=\"(max-width: 800px) 100vw, 800px\" \/><\/p>\n<p><strong>Admite m\u00faltiples visualizadores para un acceso vers\u00e1til<\/strong>:<\/p>\n<p>Varios usuarios pueden acceder simult\u00e1neamente a la transmisi\u00f3n de la c\u00e1mara, lo que lo convierte en un excelente complemento para la vigilancia compartida en <em>sistemas de seguridad para el hogar multiusuario<\/em> o <em>soluciones de seguridad empresarial<\/em>.<\/p>\n<p><img loading=\"lazy\" decoding=\"async\" class=\"alignnone size-full wp-image-12805\" src=\"https:\/\/bokysee.com\/wp-content\/uploads\/2024\/11\/BK-SC42D5M-D9.jpg\" alt=\"\" width=\"800\" height=\"495\" srcset=\"https:\/\/bokysee.com\/wp-content\/uploads\/2024\/11\/BK-SC42D5M-D9.jpg 800w, https:\/\/bokysee.com\/wp-content\/uploads\/2024\/11\/BK-SC42D5M-D9-300x186.jpg 300w, https:\/\/bokysee.com\/wp-content\/uploads\/2024\/11\/BK-SC42D5M-D9-768x475.jpg 768w, https:\/\/bokysee.com\/wp-content\/uploads\/2024\/11\/BK-SC42D5M-D9-600x371.jpg 600w\" sizes=\"(max-width: 800px) 100vw, 800px\" \/><\/p>\n<table style=\"border-collapse: collapse; width: 589.52pt;\" border=\"0\" width=\"786\" cellspacing=\"0\" cellpadding=\"0\">\n<tbody>\n<tr style=\"height: 33.00pt;\">\n<td class=\"et4\" style=\"height: 33.00pt; width: 589.50pt;\" colspan=\"4\" width=\"786\" height=\"44\">Descripci\u00f3n del Producto<\/td>\n<\/tr>\n<tr style=\"height: 25.00pt;\">\n<td class=\"et6\" style=\"height: 25.00pt;\" height=\"33\">Sensor<\/td>\n<td class=\"et7\" colspan=\"3\">CMOS 1\/2.8<\/td>\n<\/tr>\n<tr style=\"height: 25.00pt;\">\n<td class=\"et6\" style=\"height: 25.00pt;\" height=\"33\">Sistema<\/td>\n<td class=\"et7\" colspan=\"3\">Sistema operativo Lite<\/td>\n<\/tr>\n<tr style=\"height: 25.00pt;\">\n<td class=\"et6\" style=\"height: 50.00pt;\" rowspan=\"2\" height=\"66\">Codificaci\u00f3n de v\u00eddeo<\/td>\n<td class=\"et7\" colspan=\"3\">5 MP, 2880 x 1620<\/td>\n<\/tr>\n<tr style=\"height: 25.00pt;\">\n<td class=\"et7\" colspan=\"3\">H.265 \/ H.264<\/td>\n<\/tr>\n<tr style=\"height: 25.00pt;\">\n<td class=\"et6\" style=\"height: 25.00pt;\" height=\"33\">Conexi\u00f3n de red<\/td>\n<td class=\"et7\" colspan=\"3\">Puerto WiFi\/LAN<\/td>\n<\/tr>\n<tr style=\"height: 25.00pt;\">\n<td class=\"et6\" style=\"height: 75.00pt;\" rowspan=\"3\" height=\"100\">CONDUJO<\/td>\n<td class=\"et7\" colspan=\"3\">8 LED infrarrojos<\/td>\n<\/tr>\n<tr style=\"height: 25.00pt;\">\n<td class=\"et7\" colspan=\"3\">Alcance IR 20M<\/td>\n<\/tr>\n<tr style=\"height: 25.00pt;\">\n<td class=\"et7\" colspan=\"3\">Color 0,01 Lux a F1,2, B\/N 0,08 Lux a F1,2<\/td>\n<\/tr>\n<tr style=\"height: 25.00pt;\">\n<td class=\"et6\" style=\"height: 25.00pt;\" height=\"33\">Modo de conmutaci\u00f3n d\u00eda-noche<\/td>\n<td class=\"et7\" colspan=\"3\">Corte infrarrojo<\/td>\n<\/tr>\n<tr style=\"height: 25.00pt;\">\n<td class=\"et6\" style=\"height: 25.00pt;\" height=\"33\">Modo de visi\u00f3n nocturna<\/td>\n<td class=\"et7\" colspan=\"3\">Visi\u00f3n nocturna a color o en blanco y negro. Se puede cambiar el modo de visi\u00f3n nocturna en la aplicaci\u00f3n.<\/td>\n<\/tr>\n<tr style=\"height: 25.00pt;\">\n<td class=\"et6\" style=\"height: 25.00pt;\" height=\"33\">Lente<\/td>\n<td class=\"et7\" colspan=\"3\">2,7-13,5 mm<\/td>\n<\/tr>\n<tr style=\"height: 25.00pt;\">\n<td class=\"et6\" style=\"height: 75.00pt;\" rowspan=\"3\" height=\"100\">Alarma<\/td>\n<td class=\"et7\" colspan=\"3\">detecci\u00f3n de movimiento, detecci\u00f3n humana con IA<\/td>\n<\/tr>\n<tr style=\"height: 25.00pt;\">\n<td class=\"et7\" colspan=\"3\">alarma de voz de apoyo<\/td>\n<\/tr>\n<tr style=\"height: 25.00pt;\">\n<td class=\"et7\" colspan=\"3\">Mensaje de detecci\u00f3n de movimiento enviado a la aplicaci\u00f3n<\/td>\n<\/tr>\n<tr style=\"height: 25.00pt;\">\n<td class=\"et6\" style=\"height: 75.00pt;\" rowspan=\"3\" height=\"100\">Panor\u00e1mica e inclinaci\u00f3n<\/td>\n<td class=\"et7\" colspan=\"3\">Rotaci\u00f3n: panor\u00e1mica 350\u00b0, inclinaci\u00f3n 90\u00b0<\/td>\n<\/tr>\n<tr style=\"height: 25.00pt;\">\n<td class=\"et7\" colspan=\"3\">Puede configurar sitios favoritos (preajustes)<\/td>\n<\/tr>\n<tr style=\"height: 25.00pt;\">\n<td class=\"et7\" colspan=\"3\">Funci\u00f3n de patrulla: patrulla panor\u00e1mica o por sitios guardados<\/td>\n<\/tr>\n<tr style=\"height: 25.00pt;\">\n<td class=\"et6\" style=\"height: 25.00pt;\" height=\"33\">Audio<\/td>\n<td class=\"et7\" colspan=\"3\">Admite audio bidireccional<\/td>\n<\/tr>\n<tr style=\"height: 25.00pt;\">\n<td class=\"et6\" style=\"height: 50.00pt;\" rowspan=\"2\" height=\"66\">Almacenamiento de v\u00eddeo<\/td>\n<td class=\"et7\" colspan=\"3\">Admite tarjeta Micro SD, hasta 1 TB<\/td>\n<\/tr>\n<tr style=\"height: 25.00pt;\">\n<td class=\"et7\" colspan=\"3\">Admite grabaci\u00f3n de v\u00eddeo en la nube (servicio pago)<\/td>\n<\/tr>\n<tr style=\"height: 25.00pt;\">\n<td class=\"et6\" style=\"height: 25.00pt;\" height=\"33\">Grabaci\u00f3n de v\u00eddeo<\/td>\n<td class=\"et7\" colspan=\"3\">grabaci\u00f3n de v\u00eddeo continua o grabaci\u00f3n de eventos de detecci\u00f3n de movimiento<\/td>\n<\/tr>\n<tr style=\"height: 25.00pt;\">\n<td class=\"et6\" style=\"height: 25.00pt;\" height=\"33\">Funci\u00f3n de reinicio<\/td>\n<td class=\"et7\" colspan=\"3\">Configuraci\u00f3n de f\u00e1brica mediante el bot\u00f3n de reinicio o quitando el dispositivo en la aplicaci\u00f3n<\/td>\n<\/tr>\n<tr style=\"height: 25.00pt;\">\n<td class=\"et6\" style=\"height: 25.00pt;\" height=\"33\">Fuerza<\/td>\n<td class=\"et7\" colspan=\"3\">DC 12 V \/ POE (opcional)<\/td>\n<\/tr>\n<tr style=\"height: 25.00pt;\">\n<td class=\"et6\" style=\"height: 25.00pt;\" height=\"33\">Entorno de trabajo<\/td>\n<td class=\"et7\" colspan=\"3\">Temperatura -20<span class=\"font6\">\u00b0C<\/span><span class=\"font5\">~+60<\/span><span class=\"font6\">\u00b0C<\/span><span class=\"font5\">, Humedad\u226465%<\/span><\/td>\n<\/tr>\n<tr style=\"height: 25.00pt;\">\n<td class=\"et6\" style=\"height: 25.00pt;\" height=\"33\">Impermeable<\/td>\n<td class=\"et7\" colspan=\"3\">IP66<\/td>\n<\/tr>\n<tr style=\"height: 25.00pt;\">\n<td class=\"et6\" style=\"height: 25.00pt;\" height=\"33\">Aplicaci\u00f3n m\u00f3vil<\/td>\n<td class=\"et7\" colspan=\"3\">Tuya Smart, o Vida Inteligente<\/td>\n<\/tr>\n<\/tbody>\n<\/table>","protected":false},"excerpt":{"rendered":"<p>C\u00e1mara domo met\u00e1lica para exteriores Tuya con zoom 5X, WiFi\/PoE y PTZ<br \/>\n\u25cf Resoluci\u00f3n: HD 5MP (2880*1620)<br \/>\n\u25cf LED: 8 LED IR, hasta 98 pies de distancia de visi\u00f3n nocturna (20 M)<br \/>\n\u25cf Lente: 2,7-13,5 mm, zoom 5X<br \/>\n\u25cf Panor\u00e1mica: 350\u00b0, Inclinaci\u00f3n: 90\u00b0, IP66 a prueba de agua<br \/>\n\u25cf Admite intercomunicador de voz bidireccional<br \/>\n\u25cf Admite detecci\u00f3n de humanoides con IA, seguimiento autom\u00e1tico y alarma.<br \/>\n\u25cf Funci\u00f3n de patrulla: patrulla panor\u00e1mica o por sitios guardados<br \/>\n\u25cf Admite grabaci\u00f3n en tarjeta SD de hasta 1 TB y almacenamiento en la nube<br \/>\n\u25cf Admite que varias personas miren, reproduzcan videos y los vean sin conexi\u00f3n.<br \/>\n\u25cf El soporte de techo es opcional<\/p>","protected":false},"featured_media":12806,"template":"","meta":[],"product_brand":[],"product_cat":[549],"product_tag":[1166,1165,1164],"class_list":{"0":"post-12795","1":"product","2":"type-product","3":"status-publish","4":"has-post-thumbnail","6":"product_cat-smart-wifi-camera","7":"product_tag-5x-ptz-wifi-outdoor-dome-camera","8":"product_tag-ip66-dome-wireless-ptz-camera","9":"product_tag-tuya-smart-wifi-camera","11":"first","12":"instock","13":"shipping-taxable","14":"product-type-simple"},"acf":[],"yoast_head":"<!-- This site is optimized with the Yoast SEO Premium plugin v20.2.1 (Yoast SEO v26.1.1) - https:\/\/yoast.com\/wordpress\/plugins\/seo\/ -->\n<title>Tuya Smart Outdoor IP66 Metal 5X Zoom WiFi PoE PTZ Dome Camera SD Card - Bokysee Technology Co.,LTD<\/title>\n<meta name=\"description\" content=\"Bokysee New 5MP Tuya Smart Wifi PTZ Camera 5X Digital Zoom AI Human Detection ONVIF Wireless CCTV IP Camera Support SD Card &amp; Built-in PoE\" \/>\n<meta name=\"robots\" content=\"index, follow, max-snippet:-1, max-image-preview:large, max-video-preview:-1\" \/>\n<link rel=\"canonical\" href=\"https:\/\/bokysee.com\/es\/products\/tuya-smart-outdoor-ip66-metal-5x-zoom-wifi-poe-ptz-dome-camera-sd-card\/\" \/>\n<meta property=\"og:locale\" content=\"es_ES\" \/>\n<meta property=\"og:type\" content=\"article\" \/>\n<meta property=\"og:title\" content=\"Tuya Smart Outdoor IP66 Metal 5X Zoom WiFi PoE PTZ Dome Camera SD Card\" \/>\n<meta property=\"og:description\" content=\"Bokysee New 5MP Tuya Smart Wifi PTZ Camera 5X Digital Zoom AI Human Detection ONVIF Wireless CCTV IP Camera Support SD Card &amp; Built-in PoE\" \/>\n<meta property=\"og:url\" content=\"https:\/\/bokysee.com\/es\/products\/tuya-smart-outdoor-ip66-metal-5x-zoom-wifi-poe-ptz-dome-camera-sd-card\/\" \/>\n<meta property=\"og:site_name\" content=\"Bokysee Technology Co.,LTD\" \/>\n<meta property=\"article:modified_time\" content=\"2024-11-12T07:37:00+00:00\" \/>\n<meta property=\"og:image\" content=\"https:\/\/bokysee.com\/wp-content\/uploads\/2024\/11\/BK-SC42D5M.jpg\" \/>\n\t<meta property=\"og:image:width\" content=\"800\" \/>\n\t<meta property=\"og:image:height\" content=\"800\" \/>\n\t<meta property=\"og:image:type\" content=\"image\/jpeg\" \/>\n<meta name=\"twitter:card\" content=\"summary_large_image\" \/>\n<meta name=\"twitter:label1\" content=\"Tiempo de lectura\" \/>\n\t<meta name=\"twitter:data1\" content=\"5 minutos\" \/>\n<script type=\"application\/ld+json\" class=\"yoast-schema-graph\">{\"@context\":\"https:\/\/schema.org\",\"@graph\":[{\"@type\":\"WebPage\",\"@id\":\"https:\/\/bokysee.com\/products\/tuya-smart-outdoor-ip66-metal-5x-zoom-wifi-poe-ptz-dome-camera-sd-card\/\",\"url\":\"https:\/\/bokysee.com\/products\/tuya-smart-outdoor-ip66-metal-5x-zoom-wifi-poe-ptz-dome-camera-sd-card\/\",\"name\":\"Tuya Smart Outdoor IP66 Metal 5X Zoom WiFi PoE PTZ Dome Camera SD Card - Bokysee Technology Co.,LTD\",\"isPartOf\":{\"@id\":\"https:\/\/bokysee.com\/#website\"},\"primaryImageOfPage\":{\"@id\":\"https:\/\/bokysee.com\/products\/tuya-smart-outdoor-ip66-metal-5x-zoom-wifi-poe-ptz-dome-camera-sd-card\/#primaryimage\"},\"image\":{\"@id\":\"https:\/\/bokysee.com\/products\/tuya-smart-outdoor-ip66-metal-5x-zoom-wifi-poe-ptz-dome-camera-sd-card\/#primaryimage\"},\"thumbnailUrl\":\"https:\/\/bokysee.com\/wp-content\/uploads\/2024\/11\/BK-SC42D5M.jpg\",\"datePublished\":\"2024-11-12T07:36:59+00:00\",\"dateModified\":\"2024-11-12T07:37:00+00:00\",\"description\":\"Bokysee New 5MP Tuya Smart Wifi PTZ Camera 5X Digital Zoom AI Human Detection ONVIF Wireless CCTV IP Camera Support SD Card & Built-in PoE\",\"breadcrumb\":{\"@id\":\"https:\/\/bokysee.com\/products\/tuya-smart-outdoor-ip66-metal-5x-zoom-wifi-poe-ptz-dome-camera-sd-card\/#breadcrumb\"},\"inLanguage\":\"es\",\"potentialAction\":[{\"@type\":\"ReadAction\",\"target\":[\"https:\/\/bokysee.com\/products\/tuya-smart-outdoor-ip66-metal-5x-zoom-wifi-poe-ptz-dome-camera-sd-card\/\"]}]},{\"@type\":\"ImageObject\",\"inLanguage\":\"es\",\"@id\":\"https:\/\/bokysee.com\/products\/tuya-smart-outdoor-ip66-metal-5x-zoom-wifi-poe-ptz-dome-camera-sd-card\/#primaryimage\",\"url\":\"https:\/\/bokysee.com\/wp-content\/uploads\/2024\/11\/BK-SC42D5M.jpg\",\"contentUrl\":\"https:\/\/bokysee.com\/wp-content\/uploads\/2024\/11\/BK-SC42D5M.jpg\",\"width\":800,\"height\":800},{\"@type\":\"BreadcrumbList\",\"@id\":\"https:\/\/bokysee.com\/products\/tuya-smart-outdoor-ip66-metal-5x-zoom-wifi-poe-ptz-dome-camera-sd-card\/#breadcrumb\",\"itemListElement\":[{\"@type\":\"ListItem\",\"position\":1,\"name\":\"Home\",\"item\":\"https:\/\/bokysee.com\/\"},{\"@type\":\"ListItem\",\"position\":2,\"name\":\"Products\",\"item\":\"https:\/\/bokysee.com\/products\/\"},{\"@type\":\"ListItem\",\"position\":3,\"name\":\"Tuya Smart Outdoor IP66 Metal 5X Zoom WiFi PoE PTZ Dome Camera SD Card\"}]},{\"@type\":\"WebSite\",\"@id\":\"https:\/\/bokysee.com\/#website\",\"url\":\"https:\/\/bokysee.com\/\",\"name\":\"Bokysee Technology Co.,LTD\",\"description\":\"Professional Smart Indoor and Outdoor Security Cameras Solution Supplier\",\"potentialAction\":[{\"@type\":\"SearchAction\",\"target\":{\"@type\":\"EntryPoint\",\"urlTemplate\":\"https:\/\/bokysee.com\/?s={search_term_string}\"},\"query-input\":{\"@type\":\"PropertyValueSpecification\",\"valueRequired\":true,\"valueName\":\"search_term_string\"}}],\"inLanguage\":\"es\"}]}<\/script>\n<!-- \/ Yoast SEO Premium plugin. -->","yoast_head_json":{"title":"Tuya Smart Outdoor IP66 Metal 5X Zoom WiFi PoE PTZ Dome Camera SD Card - Bokysee Technology Co.,LTD","description":"Bokysee New 5MP Tuya Smart Wifi PTZ Camera 5X Digital Zoom AI Human Detection ONVIF Wireless CCTV IP Camera Support SD Card & Built-in PoE","robots":{"index":"index","follow":"follow","max-snippet":"max-snippet:-1","max-image-preview":"max-image-preview:large","max-video-preview":"max-video-preview:-1"},"canonical":"https:\/\/bokysee.com\/es\/products\/tuya-smart-outdoor-ip66-metal-5x-zoom-wifi-poe-ptz-dome-camera-sd-card\/","og_locale":"es_ES","og_type":"article","og_title":"Tuya Smart Outdoor IP66 Metal 5X Zoom WiFi PoE PTZ Dome Camera SD Card","og_description":"Bokysee New 5MP Tuya Smart Wifi PTZ Camera 5X Digital Zoom AI Human Detection ONVIF Wireless CCTV IP Camera Support SD Card & Built-in PoE","og_url":"https:\/\/bokysee.com\/es\/products\/tuya-smart-outdoor-ip66-metal-5x-zoom-wifi-poe-ptz-dome-camera-sd-card\/","og_site_name":"Bokysee Technology Co.,LTD","article_modified_time":"2024-11-12T07:37:00+00:00","og_image":[{"width":800,"height":800,"url":"https:\/\/bokysee.com\/wp-content\/uploads\/2024\/11\/BK-SC42D5M.jpg","type":"image\/jpeg"}],"twitter_card":"summary_large_image","twitter_misc":{"Tiempo de lectura":"5 minutos"},"schema":{"@context":"https:\/\/schema.org","@graph":[{"@type":"WebPage","@id":"https:\/\/bokysee.com\/products\/tuya-smart-outdoor-ip66-metal-5x-zoom-wifi-poe-ptz-dome-camera-sd-card\/","url":"https:\/\/bokysee.com\/products\/tuya-smart-outdoor-ip66-metal-5x-zoom-wifi-poe-ptz-dome-camera-sd-card\/","name":"Tuya Smart Outdoor IP66 Metal 5X Zoom WiFi PoE PTZ Dome Camera SD Card - Bokysee Technology Co.,LTD","isPartOf":{"@id":"https:\/\/bokysee.com\/#website"},"primaryImageOfPage":{"@id":"https:\/\/bokysee.com\/products\/tuya-smart-outdoor-ip66-metal-5x-zoom-wifi-poe-ptz-dome-camera-sd-card\/#primaryimage"},"image":{"@id":"https:\/\/bokysee.com\/products\/tuya-smart-outdoor-ip66-metal-5x-zoom-wifi-poe-ptz-dome-camera-sd-card\/#primaryimage"},"thumbnailUrl":"https:\/\/bokysee.com\/wp-content\/uploads\/2024\/11\/BK-SC42D5M.jpg","datePublished":"2024-11-12T07:36:59+00:00","dateModified":"2024-11-12T07:37:00+00:00","description":"Bokysee New 5MP Tuya Smart Wifi PTZ Camera 5X Digital Zoom AI Human Detection ONVIF Wireless CCTV IP Camera Support SD Card & Built-in PoE","breadcrumb":{"@id":"https:\/\/bokysee.com\/products\/tuya-smart-outdoor-ip66-metal-5x-zoom-wifi-poe-ptz-dome-camera-sd-card\/#breadcrumb"},"inLanguage":"es","potentialAction":[{"@type":"ReadAction","target":["https:\/\/bokysee.com\/products\/tuya-smart-outdoor-ip66-metal-5x-zoom-wifi-poe-ptz-dome-camera-sd-card\/"]}]},{"@type":"ImageObject","inLanguage":"es","@id":"https:\/\/bokysee.com\/products\/tuya-smart-outdoor-ip66-metal-5x-zoom-wifi-poe-ptz-dome-camera-sd-card\/#primaryimage","url":"https:\/\/bokysee.com\/wp-content\/uploads\/2024\/11\/BK-SC42D5M.jpg","contentUrl":"https:\/\/bokysee.com\/wp-content\/uploads\/2024\/11\/BK-SC42D5M.jpg","width":800,"height":800},{"@type":"BreadcrumbList","@id":"https:\/\/bokysee.com\/products\/tuya-smart-outdoor-ip66-metal-5x-zoom-wifi-poe-ptz-dome-camera-sd-card\/#breadcrumb","itemListElement":[{"@type":"ListItem","position":1,"name":"Home","item":"https:\/\/bokysee.com\/"},{"@type":"ListItem","position":2,"name":"Products","item":"https:\/\/bokysee.com\/products\/"},{"@type":"ListItem","position":3,"name":"Tuya Smart Outdoor IP66 Metal 5X Zoom WiFi PoE PTZ Dome Camera SD Card"}]},{"@type":"WebSite","@id":"https:\/\/bokysee.com\/#website","url":"https:\/\/bokysee.com\/","name":"Bokysee Technology Co.,LTD","description":"Professional Smart Indoor and Outdoor Security Cameras Solution Supplier","potentialAction":[{"@type":"SearchAction","target":{"@type":"EntryPoint","urlTemplate":"https:\/\/bokysee.com\/?s={search_term_string}"},"query-input":{"@type":"PropertyValueSpecification","valueRequired":true,"valueName":"search_term_string"}}],"inLanguage":"es"}]}},"_links":{"self":[{"href":"https:\/\/bokysee.com\/es\/wp-json\/wp\/v2\/product\/12795","targetHints":{"allow":["GET"]}}],"collection":[{"href":"https:\/\/bokysee.com\/es\/wp-json\/wp\/v2\/product"}],"about":[{"href":"https:\/\/bokysee.com\/es\/wp-json\/wp\/v2\/types\/product"}],"version-history":[{"count":0,"href":"https:\/\/bokysee.com\/es\/wp-json\/wp\/v2\/product\/12795\/revisions"}],"wp:featuredmedia":[{"embeddable":true,"href":"https:\/\/bokysee.com\/es\/wp-json\/wp\/v2\/media\/12806"}],"wp:attachment":[{"href":"https:\/\/bokysee.com\/es\/wp-json\/wp\/v2\/media?parent=12795"}],"wp:term":[{"taxonomy":"product_brand","embeddable":true,"href":"https:\/\/bokysee.com\/es\/wp-json\/wp\/v2\/product_brand?post=12795"},{"taxonomy":"product_cat","embeddable":true,"href":"https:\/\/bokysee.com\/es\/wp-json\/wp\/v2\/product_cat?post=12795"},{"taxonomy":"product_tag","embeddable":true,"href":"https:\/\/bokysee.com\/es\/wp-json\/wp\/v2\/product_tag?post=12795"}],"curies":[{"name":"wp","href":"https:\/\/api.w.org\/{rel}","templated":true}]}}