{"id":12737,"date":"2024-10-31T17:22:59","date_gmt":"2024-10-31T09:22:59","guid":{"rendered":"https:\/\/bokysee.com\/?post_type=product&#038;p=12737"},"modified":"2024-10-31T17:22:59","modified_gmt":"2024-10-31T09:22:59","slug":"bokysee-5-inch-4k-8mp-18x-wireless-ptz-cameras-outdoor","status":"publish","type":"product","link":"https:\/\/bokysee.com\/es\/products\/bokysee-5-inch-4k-8mp-18x-wireless-ptz-cameras-outdoor\/","title":{"rendered":"C\u00e1maras PTZ inal\u00e1mbricas Bokysee de 5 pulgadas 4K, 8 MP, 18 aumentos para exteriores"},"content":{"rendered":"<p>C\u00e1maras PTZ inal\u00e1mbricas Bokysee de 5 pulgadas 4K, 8 MP, 18 aumentos para exteriores<\/p>\n<p>La c\u00e1mara PTZ inal\u00e1mbrica Bokysee de 5 pulgadas, 4K, 8 MP y 18X es la soluci\u00f3n definitiva para la vigilancia en exteriores. Con una carcasa met\u00e1lica resistente y certificaci\u00f3n IP65 de impermeabilidad, ofrece una impresionante resoluci\u00f3n 4K. Disfruta de un zoom \u00f3ptico de 18X, una potente visi\u00f3n nocturna de hasta 120 metros y funciones inteligentes como la navegaci\u00f3n preestablecida y el intercomunicador.<\/p>\n<p><img fetchpriority=\"high\" decoding=\"async\" class=\"alignnone size-full wp-image-12739\" src=\"https:\/\/bokysee.com\/wp-content\/uploads\/2024\/10\/BK-PT12D8M-1.jpg\" alt=\"\" width=\"1000\" height=\"1272\" srcset=\"https:\/\/bokysee.com\/wp-content\/uploads\/2024\/10\/BK-PT12D8M-1.jpg 1000w, https:\/\/bokysee.com\/wp-content\/uploads\/2024\/10\/BK-PT12D8M-1-236x300.jpg 236w, https:\/\/bokysee.com\/wp-content\/uploads\/2024\/10\/BK-PT12D8M-1-805x1024.jpg 805w, https:\/\/bokysee.com\/wp-content\/uploads\/2024\/10\/BK-PT12D8M-1-768x977.jpg 768w, https:\/\/bokysee.com\/wp-content\/uploads\/2024\/10\/BK-PT12D8M-1-472x600.jpg 472w, https:\/\/bokysee.com\/wp-content\/uploads\/2024\/10\/BK-PT12D8M-1-600x763.jpg 600w\" sizes=\"(max-width: 1000px) 100vw, 1000px\" \/><\/p>\n<h3>Capacidad de zoom de 50X<\/h3>\n<p><strong>Zoom potente<\/strong>: Disfrutar <strong>Zoom \u00f3ptico de 18X<\/strong> (4,7-94MM) y soporte para <strong>Pantalla 50X<\/strong> para un seguimiento detallado.<\/p>\n<p><img decoding=\"async\" class=\"alignnone size-full wp-image-12740\" src=\"https:\/\/bokysee.com\/wp-content\/uploads\/2024\/10\/BK-PT12D8M-D2.jpg\" alt=\"\" width=\"1000\" height=\"1020\" srcset=\"https:\/\/bokysee.com\/wp-content\/uploads\/2024\/10\/BK-PT12D8M-D2.jpg 1000w, https:\/\/bokysee.com\/wp-content\/uploads\/2024\/10\/BK-PT12D8M-D2-294x300.jpg 294w, https:\/\/bokysee.com\/wp-content\/uploads\/2024\/10\/BK-PT12D8M-D2-768x783.jpg 768w, https:\/\/bokysee.com\/wp-content\/uploads\/2024\/10\/BK-PT12D8M-D2-588x600.jpg 588w, https:\/\/bokysee.com\/wp-content\/uploads\/2024\/10\/BK-PT12D8M-D2-600x612.jpg 600w\" sizes=\"(max-width: 1000px) 100vw, 1000px\" \/><\/p>\n<h3>Crucero de 16 puntos preestablecidos<\/h3>\n<p>El <strong>C\u00e1mara PTZ inal\u00e1mbrica 4K de 5 pulgadas, 8 MP y 18 aumentos<\/strong> cuenta con una <strong>Crucero de 16 puntos preestablecidos<\/strong> Funci\u00f3n que permite que la c\u00e1mara rote autom\u00e1ticamente entre ubicaciones clave. Esto garantiza una cobertura completa del \u00e1rea monitoreada sin necesidad de ajustes manuales. Ideal tanto para uso residencial como comercial, esta funci\u00f3n mejora la eficiencia de la vigilancia y permite la observaci\u00f3n continua de puntos importantes.<\/p>\n<p><img decoding=\"async\" class=\"alignnone size-full wp-image-12741\" src=\"https:\/\/bokysee.com\/wp-content\/uploads\/2024\/10\/BK-PT12D8M-D3.jpg\" alt=\"\" width=\"1000\" height=\"1020\" srcset=\"https:\/\/bokysee.com\/wp-content\/uploads\/2024\/10\/BK-PT12D8M-D3.jpg 1000w, https:\/\/bokysee.com\/wp-content\/uploads\/2024\/10\/BK-PT12D8M-D3-294x300.jpg 294w, https:\/\/bokysee.com\/wp-content\/uploads\/2024\/10\/BK-PT12D8M-D3-768x783.jpg 768w, https:\/\/bokysee.com\/wp-content\/uploads\/2024\/10\/BK-PT12D8M-D3-588x600.jpg 588w, https:\/\/bokysee.com\/wp-content\/uploads\/2024\/10\/BK-PT12D8M-D3-600x612.jpg 600w\" sizes=\"(max-width: 1000px) 100vw, 1000px\" \/><\/p>\n<h3>Calidad s\u00faper n\u00edtida de 4K y 8 MP<\/h3>\n<p>Experimente una claridad asombrosa con el <strong>C\u00e1mara PTZ inal\u00e1mbrica 4K de 5 pulgadas y 8 MP<\/strong>, ofreciendo un servicio excepcional <strong>Resoluci\u00f3n 4K de 8 MP<\/strong> (3840*2160). Esta calidad de alta definici\u00f3n garantiza la captura de cada detalle, brindando im\u00e1genes n\u00edtidas y v\u00edvidas para una vigilancia eficaz. Tanto de d\u00eda como de noche, disfrute de un rendimiento de video superior que mejora su experiencia de seguridad.<\/p>\n<p><img loading=\"lazy\" decoding=\"async\" class=\"alignnone size-full wp-image-12742\" src=\"https:\/\/bokysee.com\/wp-content\/uploads\/2024\/10\/BK-PT12D8M-D4.jpg\" alt=\"\" width=\"1000\" height=\"858\" srcset=\"https:\/\/bokysee.com\/wp-content\/uploads\/2024\/10\/BK-PT12D8M-D4.jpg 1000w, https:\/\/bokysee.com\/wp-content\/uploads\/2024\/10\/BK-PT12D8M-D4-300x257.jpg 300w, https:\/\/bokysee.com\/wp-content\/uploads\/2024\/10\/BK-PT12D8M-D4-768x659.jpg 768w, https:\/\/bokysee.com\/wp-content\/uploads\/2024\/10\/BK-PT12D8M-D4-600x515.jpg 600w\" sizes=\"(max-width: 1000px) 100vw, 1000px\" \/><\/p>\n<h3>Rotaci\u00f3n panor\u00e1mica\/inclinaci\u00f3n<\/h3>\n<p>El <strong>C\u00e1mara PTZ inal\u00e1mbrica 4K de 5 pulgadas y 8 MP<\/strong> caracter\u00edsticas flexibles <strong>rotaci\u00f3n panor\u00e1mica\/inclinaci\u00f3n<\/strong> con un <strong>rango de giro de 0 a 300\u00b0<\/strong> y un <strong>rango de inclinaci\u00f3n de 0 a 90\u00b0<\/strong>Esto garantiza una cobertura completa y un seguimiento preciso para cualquier entorno.<\/p>\n<p><img loading=\"lazy\" decoding=\"async\" class=\"alignnone size-full wp-image-12743\" src=\"https:\/\/bokysee.com\/wp-content\/uploads\/2024\/10\/BK-PT12D8M-D5.jpg\" alt=\"\" width=\"1000\" height=\"1014\" srcset=\"https:\/\/bokysee.com\/wp-content\/uploads\/2024\/10\/BK-PT12D8M-D5.jpg 1000w, https:\/\/bokysee.com\/wp-content\/uploads\/2024\/10\/BK-PT12D8M-D5-296x300.jpg 296w, https:\/\/bokysee.com\/wp-content\/uploads\/2024\/10\/BK-PT12D8M-D5-768x779.jpg 768w, https:\/\/bokysee.com\/wp-content\/uploads\/2024\/10\/BK-PT12D8M-D5-592x600.jpg 592w, https:\/\/bokysee.com\/wp-content\/uploads\/2024\/10\/BK-PT12D8M-D5-600x608.jpg 600w, https:\/\/bokysee.com\/wp-content\/uploads\/2024\/10\/BK-PT12D8M-D5-100x100.jpg 100w\" sizes=\"(max-width: 1000px) 100vw, 1000px\" \/><\/p>\n<h3>Visi\u00f3n nocturna de alta definici\u00f3n de 393 pies<\/h3>\n<p>El <strong>C\u00e1mara PTZ inal\u00e1mbrica 4K de 5 pulgadas y 8 MP<\/strong> Proporciona impresionante <strong>Visi\u00f3n nocturna de hasta 393 pies<\/strong>Garantiza una visibilidad n\u00edtida en condiciones de poca luz. Equipada con tecnolog\u00eda infrarroja avanzada, esta funci\u00f3n permite una vigilancia y seguridad eficaces incluso en la oscuridad total, brind\u00e1ndole tranquilidad las 24 horas.<\/p>\n<p><img loading=\"lazy\" decoding=\"async\" class=\"alignnone size-full wp-image-12744\" src=\"https:\/\/bokysee.com\/wp-content\/uploads\/2024\/10\/BK-PT12D8M-D6.jpg\" alt=\"\" width=\"1000\" height=\"1020\" srcset=\"https:\/\/bokysee.com\/wp-content\/uploads\/2024\/10\/BK-PT12D8M-D6.jpg 1000w, https:\/\/bokysee.com\/wp-content\/uploads\/2024\/10\/BK-PT12D8M-D6-294x300.jpg 294w, https:\/\/bokysee.com\/wp-content\/uploads\/2024\/10\/BK-PT12D8M-D6-768x783.jpg 768w, https:\/\/bokysee.com\/wp-content\/uploads\/2024\/10\/BK-PT12D8M-D6-588x600.jpg 588w, https:\/\/bokysee.com\/wp-content\/uploads\/2024\/10\/BK-PT12D8M-D6-600x612.jpg 600w\" sizes=\"(max-width: 1000px) 100vw, 1000px\" \/><\/p>\n<h3>Alarma audible y visual<\/h3>\n<p>El <strong>C\u00e1mara PTZ inal\u00e1mbrica 4K de 5 pulgadas y 8 MP<\/strong> incluye ambos <strong>alarmas audibles y visuales<\/strong> Para mejorar la seguridad. El altavoz integrado emite alertas sonoras, mientras que los indicadores visuales pueden se\u00f1alar posibles amenazas. Este sistema de doble alarma garantiza notificaciones oportunas, lo que le ayuda a responder r\u00e1pidamente a cualquier problema de seguridad.<\/p>\n<p><img loading=\"lazy\" decoding=\"async\" class=\"alignnone size-full wp-image-12745\" src=\"https:\/\/bokysee.com\/wp-content\/uploads\/2024\/10\/BK-PT12D8M-D7.jpg\" alt=\"\" width=\"1000\" height=\"1402\" srcset=\"https:\/\/bokysee.com\/wp-content\/uploads\/2024\/10\/BK-PT12D8M-D7.jpg 1000w, https:\/\/bokysee.com\/wp-content\/uploads\/2024\/10\/BK-PT12D8M-D7-214x300.jpg 214w, https:\/\/bokysee.com\/wp-content\/uploads\/2024\/10\/BK-PT12D8M-D7-730x1024.jpg 730w, https:\/\/bokysee.com\/wp-content\/uploads\/2024\/10\/BK-PT12D8M-D7-768x1077.jpg 768w, https:\/\/bokysee.com\/wp-content\/uploads\/2024\/10\/BK-PT12D8M-D7-428x600.jpg 428w, https:\/\/bokysee.com\/wp-content\/uploads\/2024\/10\/BK-PT12D8M-D7-600x841.jpg 600w\" sizes=\"(max-width: 1000px) 100vw, 1000px\" \/><\/p>\n<h3>Crucero autom\u00e1tico<\/h3>\n<p>El <strong>C\u00e1mara PTZ inal\u00e1mbrica 4K de 5 pulgadas y 8 MP<\/strong> cuenta con una <strong>Crucero autom\u00e1tico<\/strong> funci\u00f3n, que permite que la c\u00e1mara se mueva sin problemas entre <strong>16 puntos preestablecidos<\/strong>Esto garantiza una cobertura completa de su \u00e1rea de vigilancia sin ajustes manuales, mejorando la eficiencia del monitoreo y proporcionando una observaci\u00f3n continua de ubicaciones clave.<\/p>\n<p><img loading=\"lazy\" decoding=\"async\" class=\"alignnone size-full wp-image-12746\" src=\"https:\/\/bokysee.com\/wp-content\/uploads\/2024\/10\/BK-PT12D8M-D8.jpg\" alt=\"\" width=\"1000\" height=\"890\" srcset=\"https:\/\/bokysee.com\/wp-content\/uploads\/2024\/10\/BK-PT12D8M-D8.jpg 1000w, https:\/\/bokysee.com\/wp-content\/uploads\/2024\/10\/BK-PT12D8M-D8-300x267.jpg 300w, https:\/\/bokysee.com\/wp-content\/uploads\/2024\/10\/BK-PT12D8M-D8-768x684.jpg 768w, https:\/\/bokysee.com\/wp-content\/uploads\/2024\/10\/BK-PT12D8M-D8-600x534.jpg 600w\" sizes=\"(max-width: 1000px) 100vw, 1000px\" \/><\/p>\n<h3>Soporte para tarjeta micro TF<\/h3>\n<p>El <strong>C\u00e1mara PTZ inal\u00e1mbrica 4K de 5 pulgadas y 8 MP<\/strong> apoya <strong>Tarjetas micro TF<\/strong> arriba a <strong>256 GB<\/strong>Proporciona amplio almacenamiento para sus grabaciones de video. Esta funci\u00f3n facilita la gesti\u00f3n de las grabaciones, lo que le permite almacenar y acceder c\u00f3modamente a datos de vigilancia importantes. \u00a1Disfrute de un almacenamiento local confiable para una mejor monitorizaci\u00f3n de la seguridad!<\/p>\n<p><img loading=\"lazy\" decoding=\"async\" class=\"alignnone size-full wp-image-12747\" src=\"https:\/\/bokysee.com\/wp-content\/uploads\/2024\/10\/BK-PT12D8M-D9.jpg\" alt=\"\" width=\"1000\" height=\"956\" srcset=\"https:\/\/bokysee.com\/wp-content\/uploads\/2024\/10\/BK-PT12D8M-D9.jpg 1000w, https:\/\/bokysee.com\/wp-content\/uploads\/2024\/10\/BK-PT12D8M-D9-300x287.jpg 300w, https:\/\/bokysee.com\/wp-content\/uploads\/2024\/10\/BK-PT12D8M-D9-768x734.jpg 768w, https:\/\/bokysee.com\/wp-content\/uploads\/2024\/10\/BK-PT12D8M-D9-600x574.jpg 600w\" sizes=\"(max-width: 1000px) 100vw, 1000px\" \/><\/p>\n<h3>Compatibilidad con terceros<\/h3>\n<p>El <strong>C\u00e1mara PTZ inal\u00e1mbrica 4K de 5 pulgadas y 8 MP<\/strong> es compatible con sistemas de terceros a trav\u00e9s de <strong>Compatibilidad con ONVIF<\/strong>, lo que permite una integraci\u00f3n perfecta con varios NVR, incluidos los de <strong>Hikvision<\/strong> y <strong>Dahua<\/strong>Esta flexibilidad le permite mejorar su configuraci\u00f3n de seguridad existente sin esfuerzo, proporcionando una soluci\u00f3n vers\u00e1til para sus necesidades de vigilancia.<\/p>\n<p><img loading=\"lazy\" decoding=\"async\" class=\"alignnone size-full wp-image-12748\" src=\"https:\/\/bokysee.com\/wp-content\/uploads\/2024\/10\/BK-PT12D8M-D10.jpg\" alt=\"\" width=\"1000\" height=\"904\" srcset=\"https:\/\/bokysee.com\/wp-content\/uploads\/2024\/10\/BK-PT12D8M-D10.jpg 1000w, https:\/\/bokysee.com\/wp-content\/uploads\/2024\/10\/BK-PT12D8M-D10-300x271.jpg 300w, https:\/\/bokysee.com\/wp-content\/uploads\/2024\/10\/BK-PT12D8M-D10-768x694.jpg 768w, https:\/\/bokysee.com\/wp-content\/uploads\/2024\/10\/BK-PT12D8M-D10-600x542.jpg 600w\" sizes=\"(max-width: 1000px) 100vw, 1000px\" \/> <img loading=\"lazy\" decoding=\"async\" class=\"alignnone size-full wp-image-12749\" src=\"https:\/\/bokysee.com\/wp-content\/uploads\/2024\/10\/BK-PT12D8M-D11.jpg\" alt=\"\" width=\"1000\" height=\"1358\" srcset=\"https:\/\/bokysee.com\/wp-content\/uploads\/2024\/10\/BK-PT12D8M-D11.jpg 1000w, https:\/\/bokysee.com\/wp-content\/uploads\/2024\/10\/BK-PT12D8M-D11-221x300.jpg 221w, https:\/\/bokysee.com\/wp-content\/uploads\/2024\/10\/BK-PT12D8M-D11-754x1024.jpg 754w, https:\/\/bokysee.com\/wp-content\/uploads\/2024\/10\/BK-PT12D8M-D11-768x1043.jpg 768w, https:\/\/bokysee.com\/wp-content\/uploads\/2024\/10\/BK-PT12D8M-D11-442x600.jpg 442w, https:\/\/bokysee.com\/wp-content\/uploads\/2024\/10\/BK-PT12D8M-D11-600x815.jpg 600w\" sizes=\"(max-width: 1000px) 100vw, 1000px\" \/><\/p>","protected":false},"excerpt":{"rendered":"<p>C\u00e1maras PTZ inal\u00e1mbricas 4K de 5 pulgadas, 8 MP y 18 aumentos<br \/>\n* Resoluci\u00f3n: 4K 8MP (3840*2160) NT98566+SC501AI<br \/>\n* Caja: Carcasa de metal, resistente al agua IP65<br \/>\n* Lente: zoom \u00f3ptico 18X (4,7-94MM), compatible con pantalla 50X.<br \/>\n* Utilizando 8 luces de visi\u00f3n nocturna de matriz de puntos de alta potencia, distancia IR de 120 metros;<br \/>\n* PTZ gira: Pan: 0-300\u00b0, Inclinaci\u00f3n: 0-90\u00b0; velocidad 0-20\u00b0\/s.<br \/>\n* Admite 16 puntos preestablecidos de crucero, admite escaneo de dos puntos,<br \/>\nguardia de vigilancia, memoria de falla de energ\u00eda<br \/>\n* Con funci\u00f3n de captaci\u00f3n de 15 metros, subwoofer incorporado para intercomunicador a 40 metros.<br \/>\n* Altavoz incorporado, alarma de voz opcional:<br \/>\n* Admite WiFi 2.4G, la distancia de conexi\u00f3n es de aproximadamente 30 m;<br \/>\nVersi\u00f3n europea\/estadounidense opcional 4G<br \/>\n* Compatible con ONVIF, compatible con Hikvision, Dahua NVR.<br \/>\n* Admite tarjeta de memoria de 128G y almacenamiento en la nube.<br \/>\n* Panel solar BK-SP80W40AH disponible (a\u00f1adir $88\/juego)<br \/>\n* Alimentaci\u00f3n: CC 12 V 2 A (no incluida)<br \/>\n* Temperatura de trabajo: -20 \u00b0 C ~ 60 \u00b0 C<br \/>\n* Paquete unitario: 19,5 x 18,5 x 25 cm; peso: 2 kg\/pieza<br \/>\n* Paquete de cart\u00f3n: 41*39*52,5 cm, 8 piezas\/caja, 17 kg\/caja<\/p>","protected":false},"featured_media":12750,"template":"","meta":[],"product_brand":[],"product_cat":[546],"product_tag":[1160,1162,1161],"class_list":{"0":"post-12737","1":"product","2":"type-product","3":"status-publish","4":"has-post-thumbnail","6":"product_cat-wireless-ip-camera","7":"product_tag-4k-ptz-camera","8":"product_tag-wifi-camera-ptz-outdoor","9":"product_tag-wireless-ptz-camera","11":"first","12":"instock","13":"shipping-taxable","14":"product-type-simple"},"acf":[],"yoast_head":"<!-- This site is optimized with the Yoast SEO Premium plugin v20.2.1 (Yoast SEO v26.1.1) - https:\/\/yoast.com\/wordpress\/plugins\/seo\/ -->\n<title>Bokysee 5-inch 4K 8MP 18X Wireless PTZ Cameras Outdoor - Bokysee Technology Co.,LTD<\/title>\n<meta name=\"description\" content=\"Bokysee 5-inch 4K 8MP 18X Wireless PTZ Cameras Outdoor with 18X zoom, night vision, and IP65 for reliable outdoor surveillance\" \/>\n<meta name=\"robots\" content=\"index, follow, max-snippet:-1, max-image-preview:large, max-video-preview:-1\" \/>\n<link rel=\"canonical\" href=\"https:\/\/bokysee.com\/es\/products\/bokysee-5-inch-4k-8mp-18x-wireless-ptz-cameras-outdoor\/\" \/>\n<meta property=\"og:locale\" content=\"es_ES\" \/>\n<meta property=\"og:type\" content=\"article\" \/>\n<meta property=\"og:title\" content=\"Bokysee 5-inch 4K 8MP 18X Wireless PTZ Cameras Outdoor\" \/>\n<meta property=\"og:description\" content=\"Bokysee 5-inch 4K 8MP 18X Wireless PTZ Cameras Outdoor with 18X zoom, night vision, and IP65 for reliable outdoor surveillance\" \/>\n<meta property=\"og:url\" content=\"https:\/\/bokysee.com\/es\/products\/bokysee-5-inch-4k-8mp-18x-wireless-ptz-cameras-outdoor\/\" \/>\n<meta property=\"og:site_name\" content=\"Bokysee Technology Co.,LTD\" \/>\n<meta property=\"og:image\" content=\"https:\/\/bokysee.com\/wp-content\/uploads\/2024\/10\/BK-PT11D8M-1-1.jpg\" \/>\n\t<meta property=\"og:image:width\" content=\"800\" \/>\n\t<meta property=\"og:image:height\" content=\"800\" \/>\n\t<meta property=\"og:image:type\" content=\"image\/jpeg\" \/>\n<meta name=\"twitter:card\" content=\"summary_large_image\" \/>\n<meta name=\"twitter:label1\" content=\"Tiempo de lectura\" \/>\n\t<meta name=\"twitter:data1\" content=\"5 minutos\" \/>\n<script type=\"application\/ld+json\" class=\"yoast-schema-graph\">{\"@context\":\"https:\/\/schema.org\",\"@graph\":[{\"@type\":\"WebPage\",\"@id\":\"https:\/\/bokysee.com\/products\/bokysee-5-inch-4k-8mp-18x-wireless-ptz-cameras-outdoor\/\",\"url\":\"https:\/\/bokysee.com\/products\/bokysee-5-inch-4k-8mp-18x-wireless-ptz-cameras-outdoor\/\",\"name\":\"Bokysee 5-inch 4K 8MP 18X Wireless PTZ Cameras Outdoor - Bokysee Technology Co.,LTD\",\"isPartOf\":{\"@id\":\"https:\/\/bokysee.com\/#website\"},\"primaryImageOfPage\":{\"@id\":\"https:\/\/bokysee.com\/products\/bokysee-5-inch-4k-8mp-18x-wireless-ptz-cameras-outdoor\/#primaryimage\"},\"image\":{\"@id\":\"https:\/\/bokysee.com\/products\/bokysee-5-inch-4k-8mp-18x-wireless-ptz-cameras-outdoor\/#primaryimage\"},\"thumbnailUrl\":\"https:\/\/bokysee.com\/wp-content\/uploads\/2024\/10\/BK-PT11D8M-1-1.jpg\",\"datePublished\":\"2024-10-31T09:22:59+00:00\",\"description\":\"Bokysee 5-inch 4K 8MP 18X Wireless PTZ Cameras Outdoor with 18X zoom, night vision, and IP65 for reliable outdoor surveillance\",\"breadcrumb\":{\"@id\":\"https:\/\/bokysee.com\/products\/bokysee-5-inch-4k-8mp-18x-wireless-ptz-cameras-outdoor\/#breadcrumb\"},\"inLanguage\":\"es\",\"potentialAction\":[{\"@type\":\"ReadAction\",\"target\":[\"https:\/\/bokysee.com\/products\/bokysee-5-inch-4k-8mp-18x-wireless-ptz-cameras-outdoor\/\"]}]},{\"@type\":\"ImageObject\",\"inLanguage\":\"es\",\"@id\":\"https:\/\/bokysee.com\/products\/bokysee-5-inch-4k-8mp-18x-wireless-ptz-cameras-outdoor\/#primaryimage\",\"url\":\"https:\/\/bokysee.com\/wp-content\/uploads\/2024\/10\/BK-PT11D8M-1-1.jpg\",\"contentUrl\":\"https:\/\/bokysee.com\/wp-content\/uploads\/2024\/10\/BK-PT11D8M-1-1.jpg\",\"width\":800,\"height\":800},{\"@type\":\"BreadcrumbList\",\"@id\":\"https:\/\/bokysee.com\/products\/bokysee-5-inch-4k-8mp-18x-wireless-ptz-cameras-outdoor\/#breadcrumb\",\"itemListElement\":[{\"@type\":\"ListItem\",\"position\":1,\"name\":\"Home\",\"item\":\"https:\/\/bokysee.com\/\"},{\"@type\":\"ListItem\",\"position\":2,\"name\":\"Products\",\"item\":\"https:\/\/bokysee.com\/products\/\"},{\"@type\":\"ListItem\",\"position\":3,\"name\":\"Bokysee 5-inch 4K 8MP 18X Wireless PTZ Cameras Outdoor\"}]},{\"@type\":\"WebSite\",\"@id\":\"https:\/\/bokysee.com\/#website\",\"url\":\"https:\/\/bokysee.com\/\",\"name\":\"Bokysee Technology Co.,LTD\",\"description\":\"Professional Smart Indoor and Outdoor Security Cameras Solution Supplier\",\"potentialAction\":[{\"@type\":\"SearchAction\",\"target\":{\"@type\":\"EntryPoint\",\"urlTemplate\":\"https:\/\/bokysee.com\/?s={search_term_string}\"},\"query-input\":{\"@type\":\"PropertyValueSpecification\",\"valueRequired\":true,\"valueName\":\"search_term_string\"}}],\"inLanguage\":\"es\"}]}<\/script>\n<!-- \/ Yoast SEO Premium plugin. -->","yoast_head_json":{"title":"Bokysee 5-inch 4K 8MP 18X Wireless PTZ Cameras Outdoor - Bokysee Technology Co.,LTD","description":"Bokysee 5-inch 4K 8MP 18X Wireless PTZ Cameras Outdoor with 18X zoom, night vision, and IP65 for reliable outdoor surveillance","robots":{"index":"index","follow":"follow","max-snippet":"max-snippet:-1","max-image-preview":"max-image-preview:large","max-video-preview":"max-video-preview:-1"},"canonical":"https:\/\/bokysee.com\/es\/products\/bokysee-5-inch-4k-8mp-18x-wireless-ptz-cameras-outdoor\/","og_locale":"es_ES","og_type":"article","og_title":"Bokysee 5-inch 4K 8MP 18X Wireless PTZ Cameras Outdoor","og_description":"Bokysee 5-inch 4K 8MP 18X Wireless PTZ Cameras Outdoor with 18X zoom, night vision, and IP65 for reliable outdoor surveillance","og_url":"https:\/\/bokysee.com\/es\/products\/bokysee-5-inch-4k-8mp-18x-wireless-ptz-cameras-outdoor\/","og_site_name":"Bokysee Technology Co.,LTD","og_image":[{"width":800,"height":800,"url":"https:\/\/bokysee.com\/wp-content\/uploads\/2024\/10\/BK-PT11D8M-1-1.jpg","type":"image\/jpeg"}],"twitter_card":"summary_large_image","twitter_misc":{"Tiempo de lectura":"5 minutos"},"schema":{"@context":"https:\/\/schema.org","@graph":[{"@type":"WebPage","@id":"https:\/\/bokysee.com\/products\/bokysee-5-inch-4k-8mp-18x-wireless-ptz-cameras-outdoor\/","url":"https:\/\/bokysee.com\/products\/bokysee-5-inch-4k-8mp-18x-wireless-ptz-cameras-outdoor\/","name":"Bokysee 5-inch 4K 8MP 18X Wireless PTZ Cameras Outdoor - Bokysee Technology Co.,LTD","isPartOf":{"@id":"https:\/\/bokysee.com\/#website"},"primaryImageOfPage":{"@id":"https:\/\/bokysee.com\/products\/bokysee-5-inch-4k-8mp-18x-wireless-ptz-cameras-outdoor\/#primaryimage"},"image":{"@id":"https:\/\/bokysee.com\/products\/bokysee-5-inch-4k-8mp-18x-wireless-ptz-cameras-outdoor\/#primaryimage"},"thumbnailUrl":"https:\/\/bokysee.com\/wp-content\/uploads\/2024\/10\/BK-PT11D8M-1-1.jpg","datePublished":"2024-10-31T09:22:59+00:00","description":"Bokysee 5-inch 4K 8MP 18X Wireless PTZ Cameras Outdoor with 18X zoom, night vision, and IP65 for reliable outdoor surveillance","breadcrumb":{"@id":"https:\/\/bokysee.com\/products\/bokysee-5-inch-4k-8mp-18x-wireless-ptz-cameras-outdoor\/#breadcrumb"},"inLanguage":"es","potentialAction":[{"@type":"ReadAction","target":["https:\/\/bokysee.com\/products\/bokysee-5-inch-4k-8mp-18x-wireless-ptz-cameras-outdoor\/"]}]},{"@type":"ImageObject","inLanguage":"es","@id":"https:\/\/bokysee.com\/products\/bokysee-5-inch-4k-8mp-18x-wireless-ptz-cameras-outdoor\/#primaryimage","url":"https:\/\/bokysee.com\/wp-content\/uploads\/2024\/10\/BK-PT11D8M-1-1.jpg","contentUrl":"https:\/\/bokysee.com\/wp-content\/uploads\/2024\/10\/BK-PT11D8M-1-1.jpg","width":800,"height":800},{"@type":"BreadcrumbList","@id":"https:\/\/bokysee.com\/products\/bokysee-5-inch-4k-8mp-18x-wireless-ptz-cameras-outdoor\/#breadcrumb","itemListElement":[{"@type":"ListItem","position":1,"name":"Home","item":"https:\/\/bokysee.com\/"},{"@type":"ListItem","position":2,"name":"Products","item":"https:\/\/bokysee.com\/products\/"},{"@type":"ListItem","position":3,"name":"Bokysee 5-inch 4K 8MP 18X Wireless PTZ Cameras Outdoor"}]},{"@type":"WebSite","@id":"https:\/\/bokysee.com\/#website","url":"https:\/\/bokysee.com\/","name":"Bokysee Technology Co.,LTD","description":"Professional Smart Indoor and Outdoor Security Cameras Solution Supplier","potentialAction":[{"@type":"SearchAction","target":{"@type":"EntryPoint","urlTemplate":"https:\/\/bokysee.com\/?s={search_term_string}"},"query-input":{"@type":"PropertyValueSpecification","valueRequired":true,"valueName":"search_term_string"}}],"inLanguage":"es"}]}},"_links":{"self":[{"href":"https:\/\/bokysee.com\/es\/wp-json\/wp\/v2\/product\/12737","targetHints":{"allow":["GET"]}}],"collection":[{"href":"https:\/\/bokysee.com\/es\/wp-json\/wp\/v2\/product"}],"about":[{"href":"https:\/\/bokysee.com\/es\/wp-json\/wp\/v2\/types\/product"}],"version-history":[{"count":0,"href":"https:\/\/bokysee.com\/es\/wp-json\/wp\/v2\/product\/12737\/revisions"}],"wp:featuredmedia":[{"embeddable":true,"href":"https:\/\/bokysee.com\/es\/wp-json\/wp\/v2\/media\/12750"}],"wp:attachment":[{"href":"https:\/\/bokysee.com\/es\/wp-json\/wp\/v2\/media?parent=12737"}],"wp:term":[{"taxonomy":"product_brand","embeddable":true,"href":"https:\/\/bokysee.com\/es\/wp-json\/wp\/v2\/product_brand?post=12737"},{"taxonomy":"product_cat","embeddable":true,"href":"https:\/\/bokysee.com\/es\/wp-json\/wp\/v2\/product_cat?post=12737"},{"taxonomy":"product_tag","embeddable":true,"href":"https:\/\/bokysee.com\/es\/wp-json\/wp\/v2\/product_tag?post=12737"}],"curies":[{"name":"wp","href":"https:\/\/api.w.org\/{rel}","templated":true}]}}