{"id":1273,"date":"2023-04-11T08:27:09","date_gmt":"2023-04-11T08:27:09","guid":{"rendered":"https:\/\/bokysee.com\/?post_type=product&#038;p=1273"},"modified":"2023-04-11T08:40:31","modified_gmt":"2023-04-11T08:40:31","slug":"bokysee-hd-8x-digital-zoom-smart-wifi-ptz-camera-with-2-8mm-12mm-dual-lens-and-ai-human-detection-alert","status":"publish","type":"product","link":"https:\/\/bokysee.com\/es\/products\/bokysee-hd-8x-digital-zoom-smart-wifi-ptz-camera-with-2-8mm-12mm-dual-lens-and-ai-human-detection-alert\/","title":{"rendered":"C\u00e1mara PTZ inteligente Bokysee HD con zoom digital de 8X, WiFi, lente dual de 2,8 mm + 12 mm y alerta de detecci\u00f3n humana con IA"},"content":{"rendered":"<p><strong>C\u00e1mara PTZ inteligente Bokysee HD con zoom digital de 8X, WiFi, lente dual de 2,8 mm + 12 mm y alerta de detecci\u00f3n humana con IA<\/strong><\/p>\n<p>* Grabaci\u00f3n de v\u00eddeo con resoluci\u00f3n Ultra HD 4K\/2.5K.<br \/>\n* Admite lente dual de 2,8 mm + 12 mm<br \/>\n* Admite zoom de seguimiento humano con IA<br \/>\n* Admite zoom digital 8X.<br \/>\n* Admite almacenamiento m\u00e1ximo con tarjeta TF de 128G.<br \/>\n* Admite detecci\u00f3n de movimiento.<br \/>\n* Admite movimiento panor\u00e1mico\/inclinaci\u00f3n, gira 355 grados hacia la izquierda y hacia la derecha y gira 90 grados verticalmente.<br \/>\n* Admite audio de dos v\u00edas, puede escuchar y hablar con el otro lado.<br \/>\n* Compatible con IP66 a prueba de agua, se puede utilizar en interiores o exteriores.<br \/>\n* Admite visi\u00f3n nocturna en color, 3 LED blancos + 3 LED infrarrojos.<br \/>\n* Admite conexi\u00f3n directa de punto de acceso AP\/conexi\u00f3n WiFi inal\u00e1mbrica\/conexi\u00f3n por cable de puerto de red.<br \/>\n* Admite almacenamiento con tarjeta TF y almacenamiento en la nube.<\/p>\n<table style=\"border-collapse: collapse; width: 631.52pt;\" border=\"0\" width=\"842\" cellspacing=\"0\" cellpadding=\"0\">\n<tbody>\n<tr style=\"height: 35.00pt;\">\n<td class=\"et2\" style=\"height: 35.00pt; width: 119.10pt;\" width=\"158\" height=\"46\">Modelo<\/td>\n<td class=\"et2\" style=\"width: 235.85pt;\" width=\"314\">BK-DL07D8MP<\/td>\n<td class=\"et3\" style=\"width: 276.65pt;\" width=\"368\">BK-DL07D4MP<\/td>\n<\/tr>\n<tr style=\"height: 25.00pt;\">\n<td class=\"et4\" style=\"height: 25.00pt; width: 119.10pt;\" width=\"158\" height=\"33\">control maestro<\/td>\n<td class=\"et5\">DSP de 32 bits de doble n\u00facleo (NT98566)<\/td>\n<td class=\"et6\">DSP de 32 bits de doble n\u00facleo (XM650V200)<\/td>\n<\/tr>\n<tr style=\"height: 32.00pt;\">\n<td class=\"et4\" style=\"height: 32.00pt; width: 119.10pt;\" width=\"158\" height=\"42\">sensor<\/td>\n<td class=\"et5\">Dos sensores CMOS de alto rendimiento de 4 millones de 1\/3\u201d<\/td>\n<td class=\"et6\">Dos sensores CMOS de alto rendimiento SC2336 de 2 millones de 1\/3\u201d<\/td>\n<\/tr>\n<tr style=\"height: 38.00pt;\">\n<td class=\"et4\" style=\"height: 38.00pt; width: 119.10pt;\" width=\"158\" height=\"50\">Iluminaci\u00f3n m\u00ednima<\/td>\n<td class=\"et7\" style=\"width: 512.50pt;\" colspan=\"2\" width=\"683\">Color: 0,01 Lux a (F1.2, AGC activado); 0 Lux con IR<span class=\"font2\">\uff1b<\/span><span class=\"font1\"><br \/>\nBlanco y negro: 0,001 Lux a (F1.2, AGC activado), 0 Lux con IR<\/span><\/td>\n<\/tr>\n<tr style=\"height: 25.00pt;\">\n<td class=\"et4\" style=\"height: 25.00pt; width: 119.10pt;\" width=\"158\" height=\"33\">obturador<\/td>\n<td class=\"et9\" colspan=\"2\">1\/50 (1\/60) de segundo a 1\/10000 de segundo<\/td>\n<\/tr>\n<tr style=\"height: 25.00pt;\">\n<td class=\"et4\" style=\"height: 25.00pt; width: 119.10pt;\" width=\"158\" height=\"33\">distancia focal<\/td>\n<td class=\"et9\" colspan=\"2\">F1.4*3.6MM+F1.4*12MM<\/td>\n<\/tr>\n<tr style=\"height: 25.00pt;\">\n<td class=\"et4\" style=\"height: 25.00pt; width: 119.10pt;\" width=\"158\" height=\"33\">reducci\u00f3n de ruido<\/td>\n<td class=\"et9\" colspan=\"2\">Admite reducci\u00f3n de ruido 2D\/3D<\/td>\n<\/tr>\n<tr style=\"height: 25.00pt;\">\n<td class=\"et4\" style=\"height: 25.00pt; width: 119.10pt;\" width=\"158\" height=\"33\">Formato de v\u00eddeo<\/td>\n<td class=\"et9\" colspan=\"2\">H.265AI<\/td>\n<\/tr>\n<tr style=\"height: 25.00pt;\">\n<td class=\"et4\" style=\"height: 25.00pt; width: 119.10pt;\" width=\"158\" height=\"33\">poder de resoluci\u00f3n<\/td>\n<td class=\"et9\">Flujo de c\u00f3digo principal: 2560 * 1440; Flujo secundario: 800 * 448<\/td>\n<td class=\"et10\">Flujo de c\u00f3digo principal: 1920 * 1080; Flujo secundario: 800 * 448<\/td>\n<\/tr>\n<tr style=\"height: 25.00pt;\">\n<td class=\"et4\" style=\"height: 25.00pt; width: 119.10pt;\" width=\"158\" height=\"33\">Velocidad de cuadros<\/td>\n<td class=\"et7\" style=\"width: 512.50pt;\" colspan=\"2\" width=\"683\">12 fps<\/td>\n<\/tr>\n<tr style=\"height: 25.00pt;\">\n<td class=\"et4\" style=\"height: 25.00pt; width: 119.10pt;\" width=\"158\" height=\"33\">An\u00e1lisis inteligente<\/td>\n<td class=\"et7\" style=\"width: 512.50pt;\" colspan=\"2\" width=\"683\">Admite detecci\u00f3n de forma humana<\/td>\n<\/tr>\n<tr style=\"height: 25.00pt;\">\n<td class=\"et4\" style=\"height: 25.00pt; width: 119.10pt;\" width=\"158\" height=\"33\">Funci\u00f3n de seguimiento<\/td>\n<td class=\"et11\" style=\"width: 512.50pt; border-right: 1.0pt solid #000000;\" colspan=\"2\" width=\"683\">Admite seguimiento de zoom con forma humana<\/td>\n<\/tr>\n<tr style=\"height: 25.00pt;\">\n<td class=\"et4\" style=\"height: 25.00pt; width: 119.10pt;\" width=\"158\" height=\"33\">fuente de luz<\/td>\n<td class=\"et7\" style=\"width: 512.50pt;\" colspan=\"2\" width=\"683\">6 infrarrojos + 6 luces blancas<\/td>\n<\/tr>\n<tr style=\"height: 25.00pt;\">\n<td class=\"et4\" style=\"height: 25.00pt; width: 119.10pt;\" width=\"158\" height=\"33\">Modo claro<\/td>\n<td class=\"et7\" style=\"width: 512.50pt;\" colspan=\"2\" width=\"683\">Luz de estrellas a todo color\/visi\u00f3n nocturna infrarroja\/advertencia de luz dual<\/td>\n<\/tr>\n<tr style=\"height: 25.00pt;\">\n<td class=\"et4\" style=\"height: 25.00pt; width: 119.10pt;\" width=\"158\" height=\"33\">Funci\u00f3n de zoom<\/td>\n<td class=\"et11\" style=\"width: 512.50pt; border-right: 1.0pt solid #000000;\" colspan=\"2\" width=\"683\">Zoom digital h\u00edbrido de 8x<\/td>\n<\/tr>\n<tr style=\"height: 31.00pt;\">\n<td class=\"et4\" style=\"height: 31.00pt; width: 119.10pt;\" width=\"158\" height=\"41\">Funci\u00f3n de reproducci\u00f3n<\/td>\n<td class=\"et7\" style=\"width: 235.85pt;\" width=\"314\">No se admite el zoom de reproducci\u00f3n<\/td>\n<td class=\"et8\" style=\"width: 276.65pt;\" width=\"368\">Admite zoom de reproducci\u00f3n<\/td>\n<\/tr>\n<tr style=\"height: 25.00pt;\">\n<td class=\"et4\" style=\"height: 25.00pt; width: 119.10pt;\" width=\"158\" height=\"33\">Voz bidireccional<\/td>\n<td class=\"et9\" colspan=\"2\">sostener<\/td>\n<\/tr>\n<tr style=\"height: 25.00pt;\">\n<td class=\"et4\" style=\"height: 25.00pt; width: 119.10pt;\" width=\"158\" height=\"33\">almacenamiento en la nube<\/td>\n<td class=\"et9\" colspan=\"2\">sostener<\/td>\n<\/tr>\n<tr style=\"height: 25.00pt;\">\n<td class=\"et4\" style=\"height: 25.00pt; width: 119.10pt;\" width=\"158\" height=\"33\">Acuerdo de soporte<\/td>\n<td class=\"et7\" style=\"width: 512.50pt;\" colspan=\"2\" width=\"683\">Admite el protocolo NETIP y el protocolo ONVIF<\/td>\n<\/tr>\n<tr style=\"height: 25.00pt;\">\n<td class=\"et4\" style=\"height: 25.00pt; width: 119.10pt;\" width=\"158\" height=\"33\">interfaz de red<\/td>\n<td class=\"et9\" colspan=\"2\">Puerto Ethernet adaptable de 10M\/100M<\/td>\n<\/tr>\n<tr style=\"height: 25.00pt;\">\n<td class=\"et4\" style=\"height: 25.00pt; width: 119.10pt;\" width=\"158\" height=\"33\">Interfaz de almacenamiento<\/td>\n<td class=\"et9\" colspan=\"2\">Tarjeta TF local (hasta 256G)<\/td>\n<\/tr>\n<tr style=\"height: 25.00pt;\">\n<td class=\"et4\" style=\"height: 25.00pt; width: 119.10pt;\" width=\"158\" height=\"33\">Interfaz de tecla de reinicio<\/td>\n<td class=\"et13\" style=\"border-right: 1.0pt solid #000000;\" colspan=\"2\">Admite recuperaci\u00f3n con un solo clic<\/td>\n<\/tr>\n<tr style=\"height: 25.00pt;\">\n<td class=\"et4\" style=\"height: 25.00pt; width: 119.10pt;\" width=\"158\" height=\"33\">Est\u00e1ndar inal\u00e1mbrico<\/td>\n<td class=\"et9\" colspan=\"2\">IEEE802.11b, 802.11g, 802.11n<\/td>\n<\/tr>\n<tr style=\"height: 25.00pt;\">\n<td class=\"et4\" style=\"height: 25.00pt; width: 119.10pt;\" width=\"158\" height=\"33\">rango de frecuencia<\/td>\n<td class=\"et9\" colspan=\"2\">2,4 GHz ~ 2,4835 GHz<\/td>\n<\/tr>\n<tr style=\"height: 25.00pt;\">\n<td class=\"et4\" style=\"height: 25.00pt; width: 119.10pt;\" width=\"158\" height=\"33\">desperdicio de energ\u00eda<\/td>\n<td class=\"et9\" colspan=\"2\">9W<\/td>\n<\/tr>\n<tr style=\"height: 25.00pt;\">\n<td class=\"et4\" style=\"height: 25.00pt; width: 119.10pt;\" width=\"158\" height=\"33\">Tama\u00f1o del producto<\/td>\n<td class=\"et9\" colspan=\"2\">162*107*107 mm<\/td>\n<\/tr>\n<tr style=\"height: 25.00pt;\">\n<td class=\"et4\" style=\"height: 25.00pt; width: 119.10pt;\" width=\"158\" height=\"33\">Tama\u00f1o de la caja de color<\/td>\n<td class=\"et9\" colspan=\"2\">205*190*120 mm<\/td>\n<\/tr>\n<tr style=\"height: 25.00pt;\">\n<td class=\"et4\" style=\"height: 25.00pt; width: 119.10pt;\" width=\"158\" height=\"33\">temperatura<\/td>\n<td class=\"et9\" colspan=\"2\">Cero 10 \u00b0 C - 60 \u00b0 C, humedad inferior a 90% [sin condensaci\u00f3n]<\/td>\n<\/tr>\n<tr style=\"height: 25.00pt;\">\n<td class=\"et4\" style=\"height: 25.00pt; width: 119.10pt;\" width=\"158\" height=\"33\">Fuente de alimentaci\u00f3n<\/td>\n<td class=\"et9\" colspan=\"2\">CC 12 V \u00b1 10%<\/td>\n<\/tr>\n<tr style=\"height: 25.00pt;\">\n<td class=\"et16\" style=\"height: 25.00pt; width: 119.10pt;\" width=\"158\" height=\"33\">peso<\/td>\n<td class=\"et17\" colspan=\"2\">Peso neto: 450 g Peso bruto: 650 g (Nota: producto real)<\/td>\n<\/tr>\n<\/tbody>\n<\/table>","protected":false},"excerpt":{"rendered":"<p>C\u00e1mara de seguimiento humano con zoom de 8X y lente dual de 2\u2033:<br \/>\n1. Resoluci\u00f3n: 4K\/2.5K<br \/>\n2. DSP de 32 bits de doble n\u00facleo (NT98566), compresi\u00f3n pura, vigilancia<br \/>\n3. Lentes duales: lente Starlight F1.4, 2,8 mm + 12 mm<br \/>\n4. Luces duales: 6 luces blancas + 6 infrarrojas<br \/>\n5. Vista previa en pantalla dual, vista previa de imagen en imagen<br \/>\n6. Seguimiento humano con zoom de 8X<br \/>\n7. La posici\u00f3n preestablecida de la aplicaci\u00f3n admite zoom continuo, preajuste y seguimiento.<br \/>\n8. Al ver desde lejos, la imagen en imagen se muestra autom\u00e1ticamente.<br \/>\n9. Admite tarjeta de memoria de 128G y almacenamiento en la nube.<\/p>","protected":false},"featured_media":1276,"template":"","meta":[],"product_brand":[],"product_cat":[27],"product_tag":[62,63,51,61],"class_list":{"0":"post-1273","1":"product","2":"type-product","3":"status-publish","4":"has-post-thumbnail","6":"product_cat-dual-lens-wifi-camera","7":"product_tag-home-security-cameras","8":"product_tag-outdoor-security-cameras","9":"product_tag-wifi-ptz-ip-camera","10":"product_tag-wireless-security-cameras","12":"first","13":"instock","14":"shipping-taxable","15":"product-type-simple"},"acf":[],"yoast_head":"<!-- This site is optimized with the Yoast SEO Premium plugin v20.2.1 (Yoast SEO v26.1.1) - https:\/\/yoast.com\/wordpress\/plugins\/seo\/ -->\n<title>Bokysee HD 8X Digital Zoom Smart WiFi PTZ Camera with 2.8mm +12mm Dual Lens and Ai Human Detection Alert - Bokysee Technology Co.,LTD<\/title>\n<meta name=\"description\" content=\"Bokysee New Design HD 4K 8X Digital Zoom 2.8mm +12mm Dual Lens Ai Human Detection Alert Smart Motion Detection Wireless Outdoor IP66 Home PTZ Security Cameras\" \/>\n<meta name=\"robots\" content=\"index, follow, max-snippet:-1, max-image-preview:large, max-video-preview:-1\" \/>\n<link rel=\"canonical\" href=\"https:\/\/bokysee.com\/es\/products\/bokysee-hd-8x-digital-zoom-smart-wifi-ptz-camera-with-2-8mm-12mm-dual-lens-and-ai-human-detection-alert\/\" \/>\n<meta property=\"og:locale\" content=\"es_ES\" \/>\n<meta property=\"og:type\" content=\"article\" \/>\n<meta property=\"og:title\" content=\"Bokysee HD 8X Digital Zoom Smart WiFi PTZ Camera with 2.8mm +12mm Dual Lens and Ai Human Detection Alert\" \/>\n<meta property=\"og:description\" content=\"Bokysee New Design HD 4K 8X Digital Zoom 2.8mm +12mm Dual Lens Ai Human Detection Alert Smart Motion Detection Wireless Outdoor IP66 Home PTZ Security Cameras\" \/>\n<meta property=\"og:url\" content=\"https:\/\/bokysee.com\/es\/products\/bokysee-hd-8x-digital-zoom-smart-wifi-ptz-camera-with-2-8mm-12mm-dual-lens-and-ai-human-detection-alert\/\" \/>\n<meta property=\"og:site_name\" content=\"Bokysee Technology Co.,LTD\" \/>\n<meta property=\"article:modified_time\" content=\"2023-04-11T08:40:31+00:00\" \/>\n<meta property=\"og:image\" content=\"https:\/\/bokysee.com\/wp-content\/uploads\/2023\/04\/BK-DL07D-1.jpg\" \/>\n\t<meta property=\"og:image:width\" content=\"800\" \/>\n\t<meta property=\"og:image:height\" content=\"800\" \/>\n\t<meta property=\"og:image:type\" content=\"image\/jpeg\" \/>\n<meta name=\"twitter:card\" content=\"summary_large_image\" \/>\n<meta name=\"twitter:label1\" content=\"Tiempo de lectura\" \/>\n\t<meta name=\"twitter:data1\" content=\"2 minutos\" \/>\n<script type=\"application\/ld+json\" class=\"yoast-schema-graph\">{\"@context\":\"https:\/\/schema.org\",\"@graph\":[{\"@type\":\"WebPage\",\"@id\":\"https:\/\/bokysee.com\/products\/bokysee-hd-8x-digital-zoom-smart-wifi-ptz-camera-with-2-8mm-12mm-dual-lens-and-ai-human-detection-alert\/\",\"url\":\"https:\/\/bokysee.com\/products\/bokysee-hd-8x-digital-zoom-smart-wifi-ptz-camera-with-2-8mm-12mm-dual-lens-and-ai-human-detection-alert\/\",\"name\":\"Bokysee HD 8X Digital Zoom Smart WiFi PTZ Camera with 2.8mm +12mm Dual Lens and Ai Human Detection Alert - Bokysee Technology Co.,LTD\",\"isPartOf\":{\"@id\":\"https:\/\/bokysee.com\/#website\"},\"primaryImageOfPage\":{\"@id\":\"https:\/\/bokysee.com\/products\/bokysee-hd-8x-digital-zoom-smart-wifi-ptz-camera-with-2-8mm-12mm-dual-lens-and-ai-human-detection-alert\/#primaryimage\"},\"image\":{\"@id\":\"https:\/\/bokysee.com\/products\/bokysee-hd-8x-digital-zoom-smart-wifi-ptz-camera-with-2-8mm-12mm-dual-lens-and-ai-human-detection-alert\/#primaryimage\"},\"thumbnailUrl\":\"https:\/\/bokysee.com\/wp-content\/uploads\/2023\/04\/BK-DL07D-1.jpg\",\"datePublished\":\"2023-04-11T08:27:09+00:00\",\"dateModified\":\"2023-04-11T08:40:31+00:00\",\"description\":\"Bokysee New Design HD 4K 8X Digital Zoom 2.8mm +12mm Dual Lens Ai Human Detection Alert Smart Motion Detection Wireless Outdoor IP66 Home PTZ Security Cameras\",\"breadcrumb\":{\"@id\":\"https:\/\/bokysee.com\/products\/bokysee-hd-8x-digital-zoom-smart-wifi-ptz-camera-with-2-8mm-12mm-dual-lens-and-ai-human-detection-alert\/#breadcrumb\"},\"inLanguage\":\"es\",\"potentialAction\":[{\"@type\":\"ReadAction\",\"target\":[\"https:\/\/bokysee.com\/products\/bokysee-hd-8x-digital-zoom-smart-wifi-ptz-camera-with-2-8mm-12mm-dual-lens-and-ai-human-detection-alert\/\"]}]},{\"@type\":\"ImageObject\",\"inLanguage\":\"es\",\"@id\":\"https:\/\/bokysee.com\/products\/bokysee-hd-8x-digital-zoom-smart-wifi-ptz-camera-with-2-8mm-12mm-dual-lens-and-ai-human-detection-alert\/#primaryimage\",\"url\":\"https:\/\/bokysee.com\/wp-content\/uploads\/2023\/04\/BK-DL07D-1.jpg\",\"contentUrl\":\"https:\/\/bokysee.com\/wp-content\/uploads\/2023\/04\/BK-DL07D-1.jpg\",\"width\":800,\"height\":800,\"caption\":\"high resolution security camera\"},{\"@type\":\"BreadcrumbList\",\"@id\":\"https:\/\/bokysee.com\/products\/bokysee-hd-8x-digital-zoom-smart-wifi-ptz-camera-with-2-8mm-12mm-dual-lens-and-ai-human-detection-alert\/#breadcrumb\",\"itemListElement\":[{\"@type\":\"ListItem\",\"position\":1,\"name\":\"Home\",\"item\":\"https:\/\/bokysee.com\/\"},{\"@type\":\"ListItem\",\"position\":2,\"name\":\"Products\",\"item\":\"https:\/\/bokysee.com\/products\/\"},{\"@type\":\"ListItem\",\"position\":3,\"name\":\"Bokysee HD 8X Digital Zoom Smart WiFi PTZ Camera with 2.8mm +12mm Dual Lens and Ai Human Detection Alert\"}]},{\"@type\":\"WebSite\",\"@id\":\"https:\/\/bokysee.com\/#website\",\"url\":\"https:\/\/bokysee.com\/\",\"name\":\"Bokysee Technology Co.,LTD\",\"description\":\"Professional Smart Indoor and Outdoor Security Cameras Solution Supplier\",\"potentialAction\":[{\"@type\":\"SearchAction\",\"target\":{\"@type\":\"EntryPoint\",\"urlTemplate\":\"https:\/\/bokysee.com\/?s={search_term_string}\"},\"query-input\":{\"@type\":\"PropertyValueSpecification\",\"valueRequired\":true,\"valueName\":\"search_term_string\"}}],\"inLanguage\":\"es\"}]}<\/script>\n<!-- \/ Yoast SEO Premium plugin. -->","yoast_head_json":{"title":"Bokysee HD 8X Digital Zoom Smart WiFi PTZ Camera with 2.8mm +12mm Dual Lens and Ai Human Detection Alert - Bokysee Technology Co.,LTD","description":"Bokysee New Design HD 4K 8X Digital Zoom 2.8mm +12mm Dual Lens Ai Human Detection Alert Smart Motion Detection Wireless Outdoor IP66 Home PTZ Security Cameras","robots":{"index":"index","follow":"follow","max-snippet":"max-snippet:-1","max-image-preview":"max-image-preview:large","max-video-preview":"max-video-preview:-1"},"canonical":"https:\/\/bokysee.com\/es\/products\/bokysee-hd-8x-digital-zoom-smart-wifi-ptz-camera-with-2-8mm-12mm-dual-lens-and-ai-human-detection-alert\/","og_locale":"es_ES","og_type":"article","og_title":"Bokysee HD 8X Digital Zoom Smart WiFi PTZ Camera with 2.8mm +12mm Dual Lens and Ai Human Detection Alert","og_description":"Bokysee New Design HD 4K 8X Digital Zoom 2.8mm +12mm Dual Lens Ai Human Detection Alert Smart Motion Detection Wireless Outdoor IP66 Home PTZ Security Cameras","og_url":"https:\/\/bokysee.com\/es\/products\/bokysee-hd-8x-digital-zoom-smart-wifi-ptz-camera-with-2-8mm-12mm-dual-lens-and-ai-human-detection-alert\/","og_site_name":"Bokysee Technology Co.,LTD","article_modified_time":"2023-04-11T08:40:31+00:00","og_image":[{"width":800,"height":800,"url":"https:\/\/bokysee.com\/wp-content\/uploads\/2023\/04\/BK-DL07D-1.jpg","type":"image\/jpeg"}],"twitter_card":"summary_large_image","twitter_misc":{"Tiempo de lectura":"2 minutos"},"schema":{"@context":"https:\/\/schema.org","@graph":[{"@type":"WebPage","@id":"https:\/\/bokysee.com\/products\/bokysee-hd-8x-digital-zoom-smart-wifi-ptz-camera-with-2-8mm-12mm-dual-lens-and-ai-human-detection-alert\/","url":"https:\/\/bokysee.com\/products\/bokysee-hd-8x-digital-zoom-smart-wifi-ptz-camera-with-2-8mm-12mm-dual-lens-and-ai-human-detection-alert\/","name":"Bokysee HD 8X Digital Zoom Smart WiFi PTZ Camera with 2.8mm +12mm Dual Lens and Ai Human Detection Alert - Bokysee Technology Co.,LTD","isPartOf":{"@id":"https:\/\/bokysee.com\/#website"},"primaryImageOfPage":{"@id":"https:\/\/bokysee.com\/products\/bokysee-hd-8x-digital-zoom-smart-wifi-ptz-camera-with-2-8mm-12mm-dual-lens-and-ai-human-detection-alert\/#primaryimage"},"image":{"@id":"https:\/\/bokysee.com\/products\/bokysee-hd-8x-digital-zoom-smart-wifi-ptz-camera-with-2-8mm-12mm-dual-lens-and-ai-human-detection-alert\/#primaryimage"},"thumbnailUrl":"https:\/\/bokysee.com\/wp-content\/uploads\/2023\/04\/BK-DL07D-1.jpg","datePublished":"2023-04-11T08:27:09+00:00","dateModified":"2023-04-11T08:40:31+00:00","description":"Bokysee New Design HD 4K 8X Digital Zoom 2.8mm +12mm Dual Lens Ai Human Detection Alert Smart Motion Detection Wireless Outdoor IP66 Home PTZ Security Cameras","breadcrumb":{"@id":"https:\/\/bokysee.com\/products\/bokysee-hd-8x-digital-zoom-smart-wifi-ptz-camera-with-2-8mm-12mm-dual-lens-and-ai-human-detection-alert\/#breadcrumb"},"inLanguage":"es","potentialAction":[{"@type":"ReadAction","target":["https:\/\/bokysee.com\/products\/bokysee-hd-8x-digital-zoom-smart-wifi-ptz-camera-with-2-8mm-12mm-dual-lens-and-ai-human-detection-alert\/"]}]},{"@type":"ImageObject","inLanguage":"es","@id":"https:\/\/bokysee.com\/products\/bokysee-hd-8x-digital-zoom-smart-wifi-ptz-camera-with-2-8mm-12mm-dual-lens-and-ai-human-detection-alert\/#primaryimage","url":"https:\/\/bokysee.com\/wp-content\/uploads\/2023\/04\/BK-DL07D-1.jpg","contentUrl":"https:\/\/bokysee.com\/wp-content\/uploads\/2023\/04\/BK-DL07D-1.jpg","width":800,"height":800,"caption":"high resolution security camera"},{"@type":"BreadcrumbList","@id":"https:\/\/bokysee.com\/products\/bokysee-hd-8x-digital-zoom-smart-wifi-ptz-camera-with-2-8mm-12mm-dual-lens-and-ai-human-detection-alert\/#breadcrumb","itemListElement":[{"@type":"ListItem","position":1,"name":"Home","item":"https:\/\/bokysee.com\/"},{"@type":"ListItem","position":2,"name":"Products","item":"https:\/\/bokysee.com\/products\/"},{"@type":"ListItem","position":3,"name":"Bokysee HD 8X Digital Zoom Smart WiFi PTZ Camera with 2.8mm +12mm Dual Lens and Ai Human Detection Alert"}]},{"@type":"WebSite","@id":"https:\/\/bokysee.com\/#website","url":"https:\/\/bokysee.com\/","name":"Bokysee Technology Co.,LTD","description":"Professional Smart Indoor and Outdoor Security Cameras Solution Supplier","potentialAction":[{"@type":"SearchAction","target":{"@type":"EntryPoint","urlTemplate":"https:\/\/bokysee.com\/?s={search_term_string}"},"query-input":{"@type":"PropertyValueSpecification","valueRequired":true,"valueName":"search_term_string"}}],"inLanguage":"es"}]}},"_links":{"self":[{"href":"https:\/\/bokysee.com\/es\/wp-json\/wp\/v2\/product\/1273","targetHints":{"allow":["GET"]}}],"collection":[{"href":"https:\/\/bokysee.com\/es\/wp-json\/wp\/v2\/product"}],"about":[{"href":"https:\/\/bokysee.com\/es\/wp-json\/wp\/v2\/types\/product"}],"version-history":[{"count":0,"href":"https:\/\/bokysee.com\/es\/wp-json\/wp\/v2\/product\/1273\/revisions"}],"wp:featuredmedia":[{"embeddable":true,"href":"https:\/\/bokysee.com\/es\/wp-json\/wp\/v2\/media\/1276"}],"wp:attachment":[{"href":"https:\/\/bokysee.com\/es\/wp-json\/wp\/v2\/media?parent=1273"}],"wp:term":[{"taxonomy":"product_brand","embeddable":true,"href":"https:\/\/bokysee.com\/es\/wp-json\/wp\/v2\/product_brand?post=1273"},{"taxonomy":"product_cat","embeddable":true,"href":"https:\/\/bokysee.com\/es\/wp-json\/wp\/v2\/product_cat?post=1273"},{"taxonomy":"product_tag","embeddable":true,"href":"https:\/\/bokysee.com\/es\/wp-json\/wp\/v2\/product_tag?post=1273"}],"curies":[{"name":"wp","href":"https:\/\/api.w.org\/{rel}","templated":true}]}}