{"id":12721,"date":"2024-10-31T16:59:39","date_gmt":"2024-10-31T08:59:39","guid":{"rendered":"https:\/\/bokysee.com\/?post_type=product&#038;p=12721"},"modified":"2024-10-31T16:59:40","modified_gmt":"2024-10-31T08:59:40","slug":"5-inch-4k-8mp-pan-tile-zoom-18x-wireless-ptz-security-cameras","status":"publish","type":"product","link":"https:\/\/bokysee.com\/es\/products\/5-inch-4k-8mp-pan-tile-zoom-18x-wireless-ptz-security-cameras\/","title":{"rendered":"C\u00e1maras de seguridad PTZ inal\u00e1mbricas de 5 pulgadas, 4K, 8 MP, zoom panor\u00e1mico de 18 aumentos"},"content":{"rendered":"<p>C\u00e1maras de seguridad PTZ inal\u00e1mbricas de 5 pulgadas, 4K, 8 MP, zoom panor\u00e1mico de 18 aumentos<\/p>\n<p>C\u00e1mara PTZ inal\u00e1mbrica 4K 18X, dise\u00f1ada para una vigilancia superior. Con una robusta carcasa met\u00e1lica y certificaci\u00f3n de impermeabilidad IP66, ofrece una resoluci\u00f3n 4K n\u00edtida. Disfruta de zoom \u00f3ptico de 18X, potente visi\u00f3n nocturna de hasta 120 metros y funciones inteligentes como navegaci\u00f3n preestablecida e intercomunicador. \u00a1Ideal para cualquier necesidad de seguridad!<\/p>\n<p><img fetchpriority=\"high\" decoding=\"async\" class=\"alignnone size-full wp-image-12724\" src=\"https:\/\/bokysee.com\/wp-content\/uploads\/2024\/10\/50X-Zoom-IP-PTZ-Camera-1-1.jpg\" alt=\"\" width=\"800\" height=\"994\" srcset=\"https:\/\/bokysee.com\/wp-content\/uploads\/2024\/10\/50X-Zoom-IP-PTZ-Camera-1-1.jpg 800w, https:\/\/bokysee.com\/wp-content\/uploads\/2024\/10\/50X-Zoom-IP-PTZ-Camera-1-1-241x300.jpg 241w, https:\/\/bokysee.com\/wp-content\/uploads\/2024\/10\/50X-Zoom-IP-PTZ-Camera-1-1-768x954.jpg 768w, https:\/\/bokysee.com\/wp-content\/uploads\/2024\/10\/50X-Zoom-IP-PTZ-Camera-1-1-483x600.jpg 483w, https:\/\/bokysee.com\/wp-content\/uploads\/2024\/10\/50X-Zoom-IP-PTZ-Camera-1-1-600x746.jpg 600w\" sizes=\"(max-width: 800px) 100vw, 800px\" \/> <img decoding=\"async\" class=\"alignnone size-full wp-image-12725\" src=\"https:\/\/bokysee.com\/wp-content\/uploads\/2024\/10\/50X-Zoom-IP-PTZ-Camera-2.jpg\" alt=\"\" width=\"800\" height=\"866\" srcset=\"https:\/\/bokysee.com\/wp-content\/uploads\/2024\/10\/50X-Zoom-IP-PTZ-Camera-2.jpg 800w, https:\/\/bokysee.com\/wp-content\/uploads\/2024\/10\/50X-Zoom-IP-PTZ-Camera-2-277x300.jpg 277w, https:\/\/bokysee.com\/wp-content\/uploads\/2024\/10\/50X-Zoom-IP-PTZ-Camera-2-768x831.jpg 768w, https:\/\/bokysee.com\/wp-content\/uploads\/2024\/10\/50X-Zoom-IP-PTZ-Camera-2-554x600.jpg 554w, https:\/\/bokysee.com\/wp-content\/uploads\/2024\/10\/50X-Zoom-IP-PTZ-Camera-2-600x650.jpg 600w\" sizes=\"(max-width: 800px) 100vw, 800px\" \/><\/p>\n<h3>Compatibilidad con NVR de terceros (compatible con ONVIF)<\/h3>\n<p>Nuestro <strong>C\u00e1mara PTZ inal\u00e1mbrica 4K de 5 pulgadas, 8 MP y 18 aumentos<\/strong> apoya <strong>ONVIF<\/strong>, lo que permite una integraci\u00f3n perfecta con sistemas NVR de terceros como Hikvision y Dahua. Esta compatibilidad garantiza una conexi\u00f3n sencilla y una gesti\u00f3n de v\u00eddeo eficiente, brind\u00e1ndole la flexibilidad de ampliar su configuraci\u00f3n de vigilancia con sus equipos preferidos.<\/p>\n<p><img decoding=\"async\" class=\"alignnone size-full wp-image-12726\" src=\"https:\/\/bokysee.com\/wp-content\/uploads\/2024\/10\/50X-Zoom-IP-PTZ-Camera-3.jpg\" alt=\"\" width=\"1000\" height=\"887\" srcset=\"https:\/\/bokysee.com\/wp-content\/uploads\/2024\/10\/50X-Zoom-IP-PTZ-Camera-3.jpg 1000w, https:\/\/bokysee.com\/wp-content\/uploads\/2024\/10\/50X-Zoom-IP-PTZ-Camera-3-300x266.jpg 300w, https:\/\/bokysee.com\/wp-content\/uploads\/2024\/10\/50X-Zoom-IP-PTZ-Camera-3-768x681.jpg 768w, https:\/\/bokysee.com\/wp-content\/uploads\/2024\/10\/50X-Zoom-IP-PTZ-Camera-3-600x532.jpg 600w\" sizes=\"(max-width: 1000px) 100vw, 1000px\" \/><\/p>\n<h3>M\u00e9todo de conexi\u00f3n<\/h3>\n<p>Nuestro <strong>C\u00e1mara PTZ inal\u00e1mbrica 4K de 5 pulgadas, 8 MP y 18 aumentos<\/strong> Ofrece opciones de conexi\u00f3n flexibles. Puede conectarse de forma inal\u00e1mbrica a trav\u00e9s de <strong>Wi-Fi<\/strong> Para una f\u00e1cil instalaci\u00f3n o utilice un <strong>Cable LAN<\/strong> Para una conexi\u00f3n cableada estable. Esta versatilidad le permite configurar su sistema de vigilancia como mejor se adapte a sus necesidades, ofreciendo un rendimiento confiable tanto en interiores como en exteriores.<\/p>\n<p><img loading=\"lazy\" decoding=\"async\" class=\"alignnone size-full wp-image-12727\" src=\"https:\/\/bokysee.com\/wp-content\/uploads\/2024\/10\/50X-Zoom-IP-PTZ-Camera-4.jpg\" alt=\"\" width=\"1000\" height=\"969\" srcset=\"https:\/\/bokysee.com\/wp-content\/uploads\/2024\/10\/50X-Zoom-IP-PTZ-Camera-4.jpg 1000w, https:\/\/bokysee.com\/wp-content\/uploads\/2024\/10\/50X-Zoom-IP-PTZ-Camera-4-300x291.jpg 300w, https:\/\/bokysee.com\/wp-content\/uploads\/2024\/10\/50X-Zoom-IP-PTZ-Camera-4-768x744.jpg 768w, https:\/\/bokysee.com\/wp-content\/uploads\/2024\/10\/50X-Zoom-IP-PTZ-Camera-4-600x581.jpg 600w\" sizes=\"(max-width: 1000px) 100vw, 1000px\" \/><\/p>\n<h3>Admite tarjeta Micro TF de 256G<\/h3>\n<p>Nuestro <strong>C\u00e1mara PTZ inal\u00e1mbrica 4K de 5 pulgadas, 8 MP y 18 aumentos<\/strong> apoya <strong>Tarjetas micro TF de hasta 256G<\/strong>, lo que le permite almacenar una gran cantidad de grabaciones de video directamente en el dispositivo. Esta funci\u00f3n le garantiza un amplio espacio para grabaciones, lo que facilita la gesti\u00f3n y el acceso a videos de seguridad importantes cuando los necesite. \u00a1Disfrute de la tranquilidad de un almacenamiento local confiable para todas sus necesidades de vigilancia!<\/p>\n<p><img loading=\"lazy\" decoding=\"async\" class=\"alignnone size-full wp-image-12728\" src=\"https:\/\/bokysee.com\/wp-content\/uploads\/2024\/10\/50X-Zoom-IP-PTZ-Camera-5.jpg\" alt=\"\" width=\"1000\" height=\"1042\" srcset=\"https:\/\/bokysee.com\/wp-content\/uploads\/2024\/10\/50X-Zoom-IP-PTZ-Camera-5.jpg 1000w, https:\/\/bokysee.com\/wp-content\/uploads\/2024\/10\/50X-Zoom-IP-PTZ-Camera-5-288x300.jpg 288w, https:\/\/bokysee.com\/wp-content\/uploads\/2024\/10\/50X-Zoom-IP-PTZ-Camera-5-983x1024.jpg 983w, https:\/\/bokysee.com\/wp-content\/uploads\/2024\/10\/50X-Zoom-IP-PTZ-Camera-5-768x800.jpg 768w, https:\/\/bokysee.com\/wp-content\/uploads\/2024\/10\/50X-Zoom-IP-PTZ-Camera-5-576x600.jpg 576w, https:\/\/bokysee.com\/wp-content\/uploads\/2024\/10\/50X-Zoom-IP-PTZ-Camera-5-600x625.jpg 600w\" sizes=\"(max-width: 1000px) 100vw, 1000px\" \/><\/p>\n<h3>Crucero autom\u00e1tico<\/h3>\n<p>El <strong>C\u00e1mara PTZ inal\u00e1mbrica 4K de 5 pulgadas, 8 MP y 18 aumentos<\/strong> cuenta con una <strong>Crucero autom\u00e1tico<\/strong> Funci\u00f3n que permite que la c\u00e1mara se mueva suavemente entre <strong>16 puntos preestablecidos<\/strong>Esta funci\u00f3n garantiza una cobertura completa del \u00e1rea monitoreada sin necesidad de ajustes manuales, lo que proporciona una vigilancia eficiente y tranquilidad. Ya sea para uso residencial o comercial, la funci\u00f3n de crucero autom\u00e1tico mejora la seguridad al permitir la observaci\u00f3n continua de ubicaciones clave.<\/p>\n<p><img loading=\"lazy\" decoding=\"async\" class=\"alignnone size-full wp-image-12730\" src=\"https:\/\/bokysee.com\/wp-content\/uploads\/2024\/10\/50X-Zoom-IP-PTZ-Camera-6-1.jpg\" alt=\"\" width=\"1000\" height=\"909\" srcset=\"https:\/\/bokysee.com\/wp-content\/uploads\/2024\/10\/50X-Zoom-IP-PTZ-Camera-6-1.jpg 1000w, https:\/\/bokysee.com\/wp-content\/uploads\/2024\/10\/50X-Zoom-IP-PTZ-Camera-6-1-300x273.jpg 300w, https:\/\/bokysee.com\/wp-content\/uploads\/2024\/10\/50X-Zoom-IP-PTZ-Camera-6-1-768x698.jpg 768w, https:\/\/bokysee.com\/wp-content\/uploads\/2024\/10\/50X-Zoom-IP-PTZ-Camera-6-1-600x545.jpg 600w\" sizes=\"(max-width: 1000px) 100vw, 1000px\" \/> <img loading=\"lazy\" decoding=\"async\" class=\"alignnone size-full wp-image-12731\" src=\"https:\/\/bokysee.com\/wp-content\/uploads\/2024\/10\/50X-Zoom-IP-PTZ-Camera-7.jpg\" alt=\"\" width=\"1000\" height=\"1212\" srcset=\"https:\/\/bokysee.com\/wp-content\/uploads\/2024\/10\/50X-Zoom-IP-PTZ-Camera-7.jpg 1000w, https:\/\/bokysee.com\/wp-content\/uploads\/2024\/10\/50X-Zoom-IP-PTZ-Camera-7-248x300.jpg 248w, https:\/\/bokysee.com\/wp-content\/uploads\/2024\/10\/50X-Zoom-IP-PTZ-Camera-7-845x1024.jpg 845w, https:\/\/bokysee.com\/wp-content\/uploads\/2024\/10\/50X-Zoom-IP-PTZ-Camera-7-768x931.jpg 768w, https:\/\/bokysee.com\/wp-content\/uploads\/2024\/10\/50X-Zoom-IP-PTZ-Camera-7-495x600.jpg 495w, https:\/\/bokysee.com\/wp-content\/uploads\/2024\/10\/50X-Zoom-IP-PTZ-Camera-7-600x727.jpg 600w\" sizes=\"(max-width: 1000px) 100vw, 1000px\" \/><\/p>","protected":false},"excerpt":{"rendered":"<p>C\u00e1maras PTZ inal\u00e1mbricas 4K de 5 pulgadas, 8 MP y 18 aumentos<br \/>\n* Resoluci\u00f3n: 4K 8MP (3840*2160) NT98566+SC501AI<br \/>\n* Caja: Carcasa de metal, resistente al agua IP66<br \/>\n* Lente: zoom \u00f3ptico 18X (4,7-94MM), compatible con pantalla 50X.<br \/>\n* Utiliza 8 luces de visi\u00f3n nocturna de matriz de puntos de alta potencia, distancia IR 120 metros<br \/>\n* PTZ gira: Pan: 0-300\u00b0, Inclinaci\u00f3n: 0-90\u00b0; velocidad 0-20\u00b0\/s<br \/>\n* Admite 16 puntos preestablecidos de crucero y admite escaneo de dos puntos.<br \/>\nguardia de vigilancia, memoria de falla de energ\u00eda<br \/>\n* Con funci\u00f3n de captaci\u00f3n de 15 metros, subwoofer incorporado<br \/>\nPara intercomunicaci\u00f3n a 40 metros.<br \/>\n* Altavoz incorporado, alarma de voz opcional.<br \/>\n* Admite WiFi 2.4G, la distancia de conexi\u00f3n es de aproximadamente 30 m.<br \/>\nVersi\u00f3n europea\/estadounidense opcional 4G<br \/>\n* Compatible con ONVIF, compatible con Hikvision, Dahua NVR<br \/>\n* Admite tarjeta de memoria de 128G y almacenamiento en la nube.<br \/>\n* Panel solar BK-SP80W40AH disponible (a\u00f1adir $88\/juego)<br \/>\n* Alimentaci\u00f3n: CC 12 V 2 A (no incluida)<br \/>\n* Temperatura de trabajo: -20 \u00b0 C ~ 60 \u00b0 C<br \/>\n* Paquete unitario: 19,5 x 18,5 x 25 cm; peso: 2 kg\/pieza<br \/>\n* Paquete de cart\u00f3n: 41*39*52,5 cm, 8 piezas\/caja, 17 kg\/caja<\/p>","protected":false},"featured_media":12732,"template":"","meta":[],"product_brand":[],"product_cat":[546],"product_tag":[1157,1159,1158],"class_list":{"0":"post-12721","1":"product","2":"type-product","3":"status-publish","4":"has-post-thumbnail","6":"product_cat-wireless-ip-camera","7":"product_tag-4k-pan-tilt-zoom-camera","8":"product_tag-pan-tilt-zoom-security-camera","9":"product_tag-speed-dome-camera","11":"first","12":"instock","13":"shipping-taxable","14":"product-type-simple"},"acf":[],"yoast_head":"<!-- This site is optimized with the Yoast SEO Premium plugin v20.2.1 (Yoast SEO v26.1.1) - https:\/\/yoast.com\/wordpress\/plugins\/seo\/ -->\n<title>5-inch 4K 8MP Pan Tile Zoom 18X Wireless PTZ Security Cameras - Bokysee Technology Co.,LTD<\/title>\n<meta name=\"description\" content=\"5-inch 4K PTZ PoE IP Camera Outoodoor Speed Dome, 18x Optical Zoom Wireless Security Camera with Auto Tracking, Human Vehicle Detection IP66\" \/>\n<meta name=\"robots\" content=\"index, follow, max-snippet:-1, max-image-preview:large, max-video-preview:-1\" \/>\n<link rel=\"canonical\" href=\"https:\/\/bokysee.com\/es\/products\/5-inch-4k-8mp-pan-tile-zoom-18x-wireless-ptz-security-cameras\/\" \/>\n<meta property=\"og:locale\" content=\"es_ES\" \/>\n<meta property=\"og:type\" content=\"article\" \/>\n<meta property=\"og:title\" content=\"5-inch 4K 8MP Pan Tile Zoom 18X Wireless PTZ Security Cameras\" \/>\n<meta property=\"og:description\" content=\"5-inch 4K PTZ PoE IP Camera Outoodoor Speed Dome, 18x Optical Zoom Wireless Security Camera with Auto Tracking, Human Vehicle Detection IP66\" \/>\n<meta property=\"og:url\" content=\"https:\/\/bokysee.com\/es\/products\/5-inch-4k-8mp-pan-tile-zoom-18x-wireless-ptz-security-cameras\/\" \/>\n<meta property=\"og:site_name\" content=\"Bokysee Technology Co.,LTD\" \/>\n<meta property=\"article:modified_time\" content=\"2024-10-31T08:59:40+00:00\" \/>\n<meta property=\"og:image\" content=\"https:\/\/bokysee.com\/wp-content\/uploads\/2024\/10\/BK-PT11D8M-1.jpg\" \/>\n\t<meta property=\"og:image:width\" content=\"800\" \/>\n\t<meta property=\"og:image:height\" content=\"800\" \/>\n\t<meta property=\"og:image:type\" content=\"image\/jpeg\" \/>\n<meta name=\"twitter:card\" content=\"summary_large_image\" \/>\n<meta name=\"twitter:label1\" content=\"Tiempo de lectura\" \/>\n\t<meta name=\"twitter:data1\" content=\"3 minutos\" \/>\n<script type=\"application\/ld+json\" class=\"yoast-schema-graph\">{\"@context\":\"https:\/\/schema.org\",\"@graph\":[{\"@type\":\"WebPage\",\"@id\":\"https:\/\/bokysee.com\/products\/5-inch-4k-8mp-pan-tile-zoom-18x-wireless-ptz-security-cameras\/\",\"url\":\"https:\/\/bokysee.com\/products\/5-inch-4k-8mp-pan-tile-zoom-18x-wireless-ptz-security-cameras\/\",\"name\":\"5-inch 4K 8MP Pan Tile Zoom 18X Wireless PTZ Security Cameras - Bokysee Technology Co.,LTD\",\"isPartOf\":{\"@id\":\"https:\/\/bokysee.com\/#website\"},\"primaryImageOfPage\":{\"@id\":\"https:\/\/bokysee.com\/products\/5-inch-4k-8mp-pan-tile-zoom-18x-wireless-ptz-security-cameras\/#primaryimage\"},\"image\":{\"@id\":\"https:\/\/bokysee.com\/products\/5-inch-4k-8mp-pan-tile-zoom-18x-wireless-ptz-security-cameras\/#primaryimage\"},\"thumbnailUrl\":\"https:\/\/bokysee.com\/wp-content\/uploads\/2024\/10\/BK-PT11D8M-1.jpg\",\"datePublished\":\"2024-10-31T08:59:39+00:00\",\"dateModified\":\"2024-10-31T08:59:40+00:00\",\"description\":\"5-inch 4K PTZ PoE IP Camera Outoodoor Speed Dome, 18x Optical Zoom Wireless Security Camera with Auto Tracking, Human Vehicle Detection IP66\",\"breadcrumb\":{\"@id\":\"https:\/\/bokysee.com\/products\/5-inch-4k-8mp-pan-tile-zoom-18x-wireless-ptz-security-cameras\/#breadcrumb\"},\"inLanguage\":\"es\",\"potentialAction\":[{\"@type\":\"ReadAction\",\"target\":[\"https:\/\/bokysee.com\/products\/5-inch-4k-8mp-pan-tile-zoom-18x-wireless-ptz-security-cameras\/\"]}]},{\"@type\":\"ImageObject\",\"inLanguage\":\"es\",\"@id\":\"https:\/\/bokysee.com\/products\/5-inch-4k-8mp-pan-tile-zoom-18x-wireless-ptz-security-cameras\/#primaryimage\",\"url\":\"https:\/\/bokysee.com\/wp-content\/uploads\/2024\/10\/BK-PT11D8M-1.jpg\",\"contentUrl\":\"https:\/\/bokysee.com\/wp-content\/uploads\/2024\/10\/BK-PT11D8M-1.jpg\",\"width\":800,\"height\":800},{\"@type\":\"BreadcrumbList\",\"@id\":\"https:\/\/bokysee.com\/products\/5-inch-4k-8mp-pan-tile-zoom-18x-wireless-ptz-security-cameras\/#breadcrumb\",\"itemListElement\":[{\"@type\":\"ListItem\",\"position\":1,\"name\":\"Home\",\"item\":\"https:\/\/bokysee.com\/\"},{\"@type\":\"ListItem\",\"position\":2,\"name\":\"Products\",\"item\":\"https:\/\/bokysee.com\/products\/\"},{\"@type\":\"ListItem\",\"position\":3,\"name\":\"5-inch 4K 8MP Pan Tile Zoom 18X Wireless PTZ Security Cameras\"}]},{\"@type\":\"WebSite\",\"@id\":\"https:\/\/bokysee.com\/#website\",\"url\":\"https:\/\/bokysee.com\/\",\"name\":\"Bokysee Technology Co.,LTD\",\"description\":\"Professional Smart Indoor and Outdoor Security Cameras Solution Supplier\",\"potentialAction\":[{\"@type\":\"SearchAction\",\"target\":{\"@type\":\"EntryPoint\",\"urlTemplate\":\"https:\/\/bokysee.com\/?s={search_term_string}\"},\"query-input\":{\"@type\":\"PropertyValueSpecification\",\"valueRequired\":true,\"valueName\":\"search_term_string\"}}],\"inLanguage\":\"es\"}]}<\/script>\n<!-- \/ Yoast SEO Premium plugin. -->","yoast_head_json":{"title":"5-inch 4K 8MP Pan Tile Zoom 18X Wireless PTZ Security Cameras - Bokysee Technology Co.,LTD","description":"5-inch 4K PTZ PoE IP Camera Outoodoor Speed Dome, 18x Optical Zoom Wireless Security Camera with Auto Tracking, Human Vehicle Detection IP66","robots":{"index":"index","follow":"follow","max-snippet":"max-snippet:-1","max-image-preview":"max-image-preview:large","max-video-preview":"max-video-preview:-1"},"canonical":"https:\/\/bokysee.com\/es\/products\/5-inch-4k-8mp-pan-tile-zoom-18x-wireless-ptz-security-cameras\/","og_locale":"es_ES","og_type":"article","og_title":"5-inch 4K 8MP Pan Tile Zoom 18X Wireless PTZ Security Cameras","og_description":"5-inch 4K PTZ PoE IP Camera Outoodoor Speed Dome, 18x Optical Zoom Wireless Security Camera with Auto Tracking, Human Vehicle Detection IP66","og_url":"https:\/\/bokysee.com\/es\/products\/5-inch-4k-8mp-pan-tile-zoom-18x-wireless-ptz-security-cameras\/","og_site_name":"Bokysee Technology Co.,LTD","article_modified_time":"2024-10-31T08:59:40+00:00","og_image":[{"width":800,"height":800,"url":"https:\/\/bokysee.com\/wp-content\/uploads\/2024\/10\/BK-PT11D8M-1.jpg","type":"image\/jpeg"}],"twitter_card":"summary_large_image","twitter_misc":{"Tiempo de lectura":"3 minutos"},"schema":{"@context":"https:\/\/schema.org","@graph":[{"@type":"WebPage","@id":"https:\/\/bokysee.com\/products\/5-inch-4k-8mp-pan-tile-zoom-18x-wireless-ptz-security-cameras\/","url":"https:\/\/bokysee.com\/products\/5-inch-4k-8mp-pan-tile-zoom-18x-wireless-ptz-security-cameras\/","name":"5-inch 4K 8MP Pan Tile Zoom 18X Wireless PTZ Security Cameras - Bokysee Technology Co.,LTD","isPartOf":{"@id":"https:\/\/bokysee.com\/#website"},"primaryImageOfPage":{"@id":"https:\/\/bokysee.com\/products\/5-inch-4k-8mp-pan-tile-zoom-18x-wireless-ptz-security-cameras\/#primaryimage"},"image":{"@id":"https:\/\/bokysee.com\/products\/5-inch-4k-8mp-pan-tile-zoom-18x-wireless-ptz-security-cameras\/#primaryimage"},"thumbnailUrl":"https:\/\/bokysee.com\/wp-content\/uploads\/2024\/10\/BK-PT11D8M-1.jpg","datePublished":"2024-10-31T08:59:39+00:00","dateModified":"2024-10-31T08:59:40+00:00","description":"5-inch 4K PTZ PoE IP Camera Outoodoor Speed Dome, 18x Optical Zoom Wireless Security Camera with Auto Tracking, Human Vehicle Detection IP66","breadcrumb":{"@id":"https:\/\/bokysee.com\/products\/5-inch-4k-8mp-pan-tile-zoom-18x-wireless-ptz-security-cameras\/#breadcrumb"},"inLanguage":"es","potentialAction":[{"@type":"ReadAction","target":["https:\/\/bokysee.com\/products\/5-inch-4k-8mp-pan-tile-zoom-18x-wireless-ptz-security-cameras\/"]}]},{"@type":"ImageObject","inLanguage":"es","@id":"https:\/\/bokysee.com\/products\/5-inch-4k-8mp-pan-tile-zoom-18x-wireless-ptz-security-cameras\/#primaryimage","url":"https:\/\/bokysee.com\/wp-content\/uploads\/2024\/10\/BK-PT11D8M-1.jpg","contentUrl":"https:\/\/bokysee.com\/wp-content\/uploads\/2024\/10\/BK-PT11D8M-1.jpg","width":800,"height":800},{"@type":"BreadcrumbList","@id":"https:\/\/bokysee.com\/products\/5-inch-4k-8mp-pan-tile-zoom-18x-wireless-ptz-security-cameras\/#breadcrumb","itemListElement":[{"@type":"ListItem","position":1,"name":"Home","item":"https:\/\/bokysee.com\/"},{"@type":"ListItem","position":2,"name":"Products","item":"https:\/\/bokysee.com\/products\/"},{"@type":"ListItem","position":3,"name":"5-inch 4K 8MP Pan Tile Zoom 18X Wireless PTZ Security Cameras"}]},{"@type":"WebSite","@id":"https:\/\/bokysee.com\/#website","url":"https:\/\/bokysee.com\/","name":"Bokysee Technology Co.,LTD","description":"Professional Smart Indoor and Outdoor Security Cameras Solution Supplier","potentialAction":[{"@type":"SearchAction","target":{"@type":"EntryPoint","urlTemplate":"https:\/\/bokysee.com\/?s={search_term_string}"},"query-input":{"@type":"PropertyValueSpecification","valueRequired":true,"valueName":"search_term_string"}}],"inLanguage":"es"}]}},"_links":{"self":[{"href":"https:\/\/bokysee.com\/es\/wp-json\/wp\/v2\/product\/12721","targetHints":{"allow":["GET"]}}],"collection":[{"href":"https:\/\/bokysee.com\/es\/wp-json\/wp\/v2\/product"}],"about":[{"href":"https:\/\/bokysee.com\/es\/wp-json\/wp\/v2\/types\/product"}],"version-history":[{"count":0,"href":"https:\/\/bokysee.com\/es\/wp-json\/wp\/v2\/product\/12721\/revisions"}],"wp:featuredmedia":[{"embeddable":true,"href":"https:\/\/bokysee.com\/es\/wp-json\/wp\/v2\/media\/12732"}],"wp:attachment":[{"href":"https:\/\/bokysee.com\/es\/wp-json\/wp\/v2\/media?parent=12721"}],"wp:term":[{"taxonomy":"product_brand","embeddable":true,"href":"https:\/\/bokysee.com\/es\/wp-json\/wp\/v2\/product_brand?post=12721"},{"taxonomy":"product_cat","embeddable":true,"href":"https:\/\/bokysee.com\/es\/wp-json\/wp\/v2\/product_cat?post=12721"},{"taxonomy":"product_tag","embeddable":true,"href":"https:\/\/bokysee.com\/es\/wp-json\/wp\/v2\/product_tag?post=12721"}],"curies":[{"name":"wp","href":"https:\/\/api.w.org\/{rel}","templated":true}]}}