{"id":12706,"date":"2024-10-31T16:05:47","date_gmt":"2024-10-31T08:05:47","guid":{"rendered":"https:\/\/bokysee.com\/?post_type=product&#038;p=12706"},"modified":"2024-10-31T16:12:16","modified_gmt":"2024-10-31T08:12:16","slug":"mini-pan-tilt-zoom-poe-ptz-video-camera-good-price-cctv-camera","status":"publish","type":"product","link":"https:\/\/bokysee.com\/es\/products\/mini-pan-tilt-zoom-poe-ptz-video-camera-good-price-cctv-camera\/","title":{"rendered":"Mini c\u00e1mara de video PTZ con sensor panor\u00e1mico, inclinaci\u00f3n y zoom POE. C\u00e1mara CCTV a buen precio."},"content":{"rendered":"<p>Mini c\u00e1mara de video PTZ con sensor panor\u00e1mico, inclinaci\u00f3n y zoom POE. C\u00e1mara CCTV a buen precio.<\/p>\n<p>Esta c\u00e1mara PTZ POE de 2 pulgadas ofrece una n\u00edtida resoluci\u00f3n de 5 MP y 4K, un lente de 4 mm y visi\u00f3n nocturna infrarroja dual de hasta 20 m. La funci\u00f3n de zoom pan-tilt proporciona un amplio rango de vigilancia, mientras que la detecci\u00f3n por IA y las alarmas de voz mejoran la seguridad. Compatible con ONVIF, admite Wi-Fi, 4G y POE para una monitorizaci\u00f3n fluida en exteriores.<\/p>\n<h3>Kits de monitoreo de conexi\u00f3n de la serie POE<\/h3>\n<p>Nuestro <strong>Kits de monitoreo de conexi\u00f3n de la serie POE<\/strong> Ofrecen una soluci\u00f3n optimizada para sus necesidades de vigilancia, permiti\u00e9ndole conectar m\u00faltiples c\u00e1maras sin esfuerzo. Dise\u00f1ados para una f\u00e1cil instalaci\u00f3n, estos kits proporcionan alimentaci\u00f3n y transmisi\u00f3n de datos confiables a trav\u00e9s de un solo cable, simplificando su configuraci\u00f3n y reduciendo el desorden. Al ser compatibles con m\u00faltiples c\u00e1maras, puede mejorar su cobertura de seguridad sin comprometer el rendimiento.<\/p>\n<p><img fetchpriority=\"high\" decoding=\"async\" class=\"alignnone size-full wp-image-12708\" src=\"https:\/\/bokysee.com\/wp-content\/uploads\/2024\/10\/BK-PT07D_01.jpg\" alt=\"\" width=\"1000\" height=\"1020\" srcset=\"https:\/\/bokysee.com\/wp-content\/uploads\/2024\/10\/BK-PT07D_01.jpg 1000w, https:\/\/bokysee.com\/wp-content\/uploads\/2024\/10\/BK-PT07D_01-294x300.jpg 294w, https:\/\/bokysee.com\/wp-content\/uploads\/2024\/10\/BK-PT07D_01-768x783.jpg 768w, https:\/\/bokysee.com\/wp-content\/uploads\/2024\/10\/BK-PT07D_01-588x600.jpg 588w, https:\/\/bokysee.com\/wp-content\/uploads\/2024\/10\/BK-PT07D_01-600x612.jpg 600w\" sizes=\"(max-width: 1000px) 100vw, 1000px\" \/><\/p>\n<h3>Conexi\u00f3n de la serie PoE One for Five<\/h3>\n<p>Experimente la eficiencia de nuestra <strong>Conexi\u00f3n de la serie PoE One for Five<\/strong> Funci\u00f3n que permite conectar hasta cinco c\u00e1maras a una sola fuente PoE. Este innovador dise\u00f1o minimiza los requisitos de cableado y maximiza sus capacidades de vigilancia. Perfecta para monitorear \u00e1reas extensas, esta soluci\u00f3n proporciona conectividad y distribuci\u00f3n de energ\u00eda fluidas, garantizando el funcionamiento eficaz y confiable de todas sus c\u00e1maras.<\/p>\n<p><img decoding=\"async\" class=\"alignnone size-full wp-image-12709\" src=\"https:\/\/bokysee.com\/wp-content\/uploads\/2024\/10\/BK-PT07D_02.jpg\" alt=\"\" width=\"1000\" height=\"1055\" srcset=\"https:\/\/bokysee.com\/wp-content\/uploads\/2024\/10\/BK-PT07D_02.jpg 1000w, https:\/\/bokysee.com\/wp-content\/uploads\/2024\/10\/BK-PT07D_02-284x300.jpg 284w, https:\/\/bokysee.com\/wp-content\/uploads\/2024\/10\/BK-PT07D_02-971x1024.jpg 971w, https:\/\/bokysee.com\/wp-content\/uploads\/2024\/10\/BK-PT07D_02-768x810.jpg 768w, https:\/\/bokysee.com\/wp-content\/uploads\/2024\/10\/BK-PT07D_02-569x600.jpg 569w, https:\/\/bokysee.com\/wp-content\/uploads\/2024\/10\/BK-PT07D_02-600x633.jpg 600w\" sizes=\"(max-width: 1000px) 100vw, 1000px\" \/> <img decoding=\"async\" class=\"alignnone size-full wp-image-12710\" src=\"https:\/\/bokysee.com\/wp-content\/uploads\/2024\/10\/BK-PT07D_03.jpg\" alt=\"\" width=\"1000\" height=\"1050\" srcset=\"https:\/\/bokysee.com\/wp-content\/uploads\/2024\/10\/BK-PT07D_03.jpg 1000w, https:\/\/bokysee.com\/wp-content\/uploads\/2024\/10\/BK-PT07D_03-286x300.jpg 286w, https:\/\/bokysee.com\/wp-content\/uploads\/2024\/10\/BK-PT07D_03-975x1024.jpg 975w, https:\/\/bokysee.com\/wp-content\/uploads\/2024\/10\/BK-PT07D_03-768x806.jpg 768w, https:\/\/bokysee.com\/wp-content\/uploads\/2024\/10\/BK-PT07D_03-571x600.jpg 571w, https:\/\/bokysee.com\/wp-content\/uploads\/2024\/10\/BK-PT07D_03-600x630.jpg 600w\" sizes=\"(max-width: 1000px) 100vw, 1000px\" \/><\/p>\n<h3>Diagrama de conexi\u00f3n de cientos de c\u00e1maras<\/h3>\n<p>Nuestro <strong>Diagrama de conexi\u00f3n de cientos de c\u00e1maras<\/strong> Ilustra la versatilidad y escalabilidad de nuestros sistemas de vigilancia. Esta funci\u00f3n le permite visualizar c\u00f3mo se pueden integrar varias c\u00e1maras en una sola red, garantizando una cobertura completa para grandes instalaciones o \u00e1reas exteriores. Con nuestro dise\u00f1o avanzado, ampliar sus capacidades de vigilancia para incluir cientos de c\u00e1maras nunca ha sido tan f\u00e1cil, permiti\u00e9ndole monitorear cada rinc\u00f3n con confianza.<\/p>\n<p><img loading=\"lazy\" decoding=\"async\" class=\"alignnone size-full wp-image-12711\" src=\"https:\/\/bokysee.com\/wp-content\/uploads\/2024\/10\/BK-PT07D_04.jpg\" alt=\"\" width=\"1000\" height=\"1025\" srcset=\"https:\/\/bokysee.com\/wp-content\/uploads\/2024\/10\/BK-PT07D_04.jpg 1000w, https:\/\/bokysee.com\/wp-content\/uploads\/2024\/10\/BK-PT07D_04-293x300.jpg 293w, https:\/\/bokysee.com\/wp-content\/uploads\/2024\/10\/BK-PT07D_04-768x787.jpg 768w, https:\/\/bokysee.com\/wp-content\/uploads\/2024\/10\/BK-PT07D_04-585x600.jpg 585w, https:\/\/bokysee.com\/wp-content\/uploads\/2024\/10\/BK-PT07D_04-600x615.jpg 600w\" sizes=\"(max-width: 1000px) 100vw, 1000px\" \/><\/p>\n<h3>Vista remota de conversaci\u00f3n bidireccional<\/h3>\n<p>Mejore sus interacciones de seguridad con el <strong>Vista remota de conversaci\u00f3n bidireccional<\/strong> Esta funci\u00f3n permite a los usuarios comunicarse directamente a trav\u00e9s de la c\u00e1mara, proporcionando retroalimentaci\u00f3n de audio en tiempo real, tanto si est\u00e1n en casa como fuera. Perfecta para supervisar entradas o gestionar entregas, la funci\u00f3n de comunicaci\u00f3n bidireccional a\u00f1ade un nivel adicional de seguridad y comodidad, permiti\u00e9ndole interactuar con visitantes o disuadir a posibles intrusos de forma remota. Con esta funci\u00f3n, puede mantener la comunicaci\u00f3n y el control, mejorando su experiencia de vigilancia.<\/p>\n<p><img loading=\"lazy\" decoding=\"async\" class=\"alignnone size-full wp-image-12712\" src=\"https:\/\/bokysee.com\/wp-content\/uploads\/2024\/10\/BK-PT07D_05.jpg\" alt=\"\" width=\"1000\" height=\"1098\" srcset=\"https:\/\/bokysee.com\/wp-content\/uploads\/2024\/10\/BK-PT07D_05.jpg 1000w, https:\/\/bokysee.com\/wp-content\/uploads\/2024\/10\/BK-PT07D_05-273x300.jpg 273w, https:\/\/bokysee.com\/wp-content\/uploads\/2024\/10\/BK-PT07D_05-933x1024.jpg 933w, https:\/\/bokysee.com\/wp-content\/uploads\/2024\/10\/BK-PT07D_05-768x843.jpg 768w, https:\/\/bokysee.com\/wp-content\/uploads\/2024\/10\/BK-PT07D_05-546x600.jpg 546w, https:\/\/bokysee.com\/wp-content\/uploads\/2024\/10\/BK-PT07D_05-600x659.jpg 600w\" sizes=\"(max-width: 1000px) 100vw, 1000px\" \/><\/p>\n<h3>Admite almacenamiento en tarjeta TF de 128G<\/h3>\n<p>Nuestra c\u00e1mara es compatible <strong>Almacenamiento en tarjeta TF de 128 G<\/strong>, lo que le permite guardar y administrar de forma segura sus grabaciones de video directamente en el dispositivo. Esta funci\u00f3n le garantiza amplio espacio para almacenar grabaciones importantes sin depender de sistemas externos. Con f\u00e1cil acceso a sus grabaciones, puede revisar eventos pasados cuando lo desee, mejorando su experiencia de vigilancia y brind\u00e1ndole tranquilidad. \u00a1Mantenga sus grabaciones de seguridad seguras y organizadas con nuestra confiable opci\u00f3n de almacenamiento en tarjeta TF!<\/p>\n<p><img loading=\"lazy\" decoding=\"async\" class=\"alignnone size-full wp-image-12713\" src=\"https:\/\/bokysee.com\/wp-content\/uploads\/2024\/10\/BK-PT07D_06.jpg\" alt=\"\" width=\"1000\" height=\"1037\" srcset=\"https:\/\/bokysee.com\/wp-content\/uploads\/2024\/10\/BK-PT07D_06.jpg 1000w, https:\/\/bokysee.com\/wp-content\/uploads\/2024\/10\/BK-PT07D_06-289x300.jpg 289w, https:\/\/bokysee.com\/wp-content\/uploads\/2024\/10\/BK-PT07D_06-987x1024.jpg 987w, https:\/\/bokysee.com\/wp-content\/uploads\/2024\/10\/BK-PT07D_06-768x796.jpg 768w, https:\/\/bokysee.com\/wp-content\/uploads\/2024\/10\/BK-PT07D_06-579x600.jpg 579w, https:\/\/bokysee.com\/wp-content\/uploads\/2024\/10\/BK-PT07D_06-600x622.jpg 600w\" sizes=\"(max-width: 1000px) 100vw, 1000px\" \/><\/p>\n<h3>Visi\u00f3n nocturna en color excepcional<\/h3>\n<p>Disfrute de im\u00e1genes claras y vibrantes incluso de noche con nuestro <strong>Visi\u00f3n nocturna en color excepcional<\/strong> caracter\u00edstica. Esta tecnolog\u00eda utiliza potentes luces l\u00e1ser duales para capturar videos a todo color de hasta <strong>60 metros<\/strong>Le garantiza ver detalles importantes en condiciones de poca luz. Ideal para monitoreo en exteriores, le ayuda a identificar personas y objetos con claridad, mejorando su seguridad d\u00eda y noche. \u00a1Mant\u00e9ngase protegido con nuestra avanzada tecnolog\u00eda de visi\u00f3n nocturna a color!<\/p>\n<p><img loading=\"lazy\" decoding=\"async\" class=\"alignnone size-full wp-image-12714\" src=\"https:\/\/bokysee.com\/wp-content\/uploads\/2024\/10\/BK-PT07D_07.jpg\" alt=\"\" width=\"1000\" height=\"1002\" srcset=\"https:\/\/bokysee.com\/wp-content\/uploads\/2024\/10\/BK-PT07D_07.jpg 1000w, https:\/\/bokysee.com\/wp-content\/uploads\/2024\/10\/BK-PT07D_07-300x300.jpg 300w, https:\/\/bokysee.com\/wp-content\/uploads\/2024\/10\/BK-PT07D_07-150x150.jpg 150w, https:\/\/bokysee.com\/wp-content\/uploads\/2024\/10\/BK-PT07D_07-768x770.jpg 768w, https:\/\/bokysee.com\/wp-content\/uploads\/2024\/10\/BK-PT07D_07-600x601.jpg 600w, https:\/\/bokysee.com\/wp-content\/uploads\/2024\/10\/BK-PT07D_07-100x100.jpg 100w\" sizes=\"(max-width: 1000px) 100vw, 1000px\" \/><\/p>\n<p><strong>Funcionalidad PTZ<\/strong>:Disfruta de la flexibilidad <strong>Rotaci\u00f3n de PTZ<\/strong> con un <strong>cacerola<\/strong> de <strong>0-300\u00b0<\/strong> y <strong>inclinaci\u00f3n<\/strong> de <strong>0-90\u00b0<\/strong>, lo que le permite cubrir \u00e1reas amplias a velocidades de hasta <strong>20\u00b0\/s<\/strong>. <img loading=\"lazy\" decoding=\"async\" class=\"alignnone size-full wp-image-12715\" src=\"https:\/\/bokysee.com\/wp-content\/uploads\/2024\/10\/BK-PT07D_08.jpg\" alt=\"\" width=\"1000\" height=\"1086\" srcset=\"https:\/\/bokysee.com\/wp-content\/uploads\/2024\/10\/BK-PT07D_08.jpg 1000w, https:\/\/bokysee.com\/wp-content\/uploads\/2024\/10\/BK-PT07D_08-276x300.jpg 276w, https:\/\/bokysee.com\/wp-content\/uploads\/2024\/10\/BK-PT07D_08-943x1024.jpg 943w, https:\/\/bokysee.com\/wp-content\/uploads\/2024\/10\/BK-PT07D_08-768x834.jpg 768w, https:\/\/bokysee.com\/wp-content\/uploads\/2024\/10\/BK-PT07D_08-552x600.jpg 552w, https:\/\/bokysee.com\/wp-content\/uploads\/2024\/10\/BK-PT07D_08-600x652.jpg 600w\" sizes=\"(max-width: 1000px) 100vw, 1000px\" \/><\/p>\n<h3>Clasificaci\u00f3n de impermeabilidad IP66 para uso en exteriores<\/h3>\n<p>Nuestra c\u00e1mara est\u00e1 dise\u00f1ada con un <strong>Clasificaci\u00f3n de impermeabilidad IP66<\/strong>, lo que la hace perfecta para exteriores. Este alto nivel de protecci\u00f3n garantiza que la c\u00e1mara resista la lluvia, el polvo y las inclemencias del tiempo, garantizando un rendimiento fiable durante todo el a\u00f1o. Gracias a esta durabilidad, puede confiar en que su sistema de vigilancia funcionar\u00e1 eficazmente en cualquier entorno exterior, manteniendo su propiedad segura en cualquier condici\u00f3n. \u00a1Disfrute de la tranquilidad de saber que su c\u00e1mara est\u00e1 dise\u00f1ada para durar!<\/p>\n<p><img loading=\"lazy\" decoding=\"async\" class=\"alignnone size-full wp-image-12716\" src=\"https:\/\/bokysee.com\/wp-content\/uploads\/2024\/10\/BK-PT07D_09.jpg\" alt=\"\" width=\"1000\" height=\"1169\" srcset=\"https:\/\/bokysee.com\/wp-content\/uploads\/2024\/10\/BK-PT07D_09.jpg 1000w, https:\/\/bokysee.com\/wp-content\/uploads\/2024\/10\/BK-PT07D_09-257x300.jpg 257w, https:\/\/bokysee.com\/wp-content\/uploads\/2024\/10\/BK-PT07D_09-876x1024.jpg 876w, https:\/\/bokysee.com\/wp-content\/uploads\/2024\/10\/BK-PT07D_09-768x898.jpg 768w, https:\/\/bokysee.com\/wp-content\/uploads\/2024\/10\/BK-PT07D_09-513x600.jpg 513w, https:\/\/bokysee.com\/wp-content\/uploads\/2024\/10\/BK-PT07D_09-600x701.jpg 600w\" sizes=\"(max-width: 1000px) 100vw, 1000px\" \/><\/p>\n<p>Este <strong>c\u00e1mara de v\u00eddeo PTZ<\/strong> Es una soluci\u00f3n ideal para las necesidades de vigilancia residencial y comercial. Explore nuestra gama competitiva. <strong>Precios de c\u00e1maras PTZ<\/strong> \u00a1y mejore su sistema de seguridad hoy mismo!<\/p>","protected":false},"excerpt":{"rendered":"<p>C\u00e1maras PTZ POE de 2 pulgadas<br \/>\n* Resoluci\u00f3n: 5M (2880*1620) GK7205v300+SC5339S;<br \/>\n4K (3840*2160) NT98566-N8S+SONY415<br \/>\n* Caja: Cubierta frontal de metal + cubierta superior de ABS, IP65<br \/>\n* Lente: lente de 4 mm<br \/>\n* Utilizando l\u00e1mparas de visi\u00f3n nocturna infrarrojas duales de alta potencia, visi\u00f3n nocturna infrarroja de 20 M<br \/>\n* PTZ gira: Pan: 0-300\u00b0, Inclinaci\u00f3n: 0-90\u00b0; velocidad 0-20\u00b0\/s.<br \/>\n* Altavoz incorporado, alarma de voz opcional.<br \/>\n* Admite WiFi 2.4G, la distancia de conexi\u00f3n es de aproximadamente 30 m; versi\u00f3n europea\/estadounidense 4G opcional<br \/>\n* Compatible con ONVIF, compatible con Hikvision, Dahua NVR.<br \/>\n* Admite tarjeta de memoria de 128G y almacenamiento en la nube.<br \/>\n* Fuente de alimentaci\u00f3n POE, compatible con fuente de alimentaci\u00f3n DC12V 2A<br \/>\n* Temperatura de trabajo: -20 \u00b0 C ~ 60 \u00b0 C<br \/>\n* Paquete unitario: 19,5 x 17,5 x 12 cm; peso: 0,8 kg\/pieza<br \/>\n* Paquete de cart\u00f3n: 41*37*5 cm, 16 piezas\/caja, 12 kg\/caja<\/p>","protected":false},"featured_media":12717,"template":"","meta":[],"product_brand":[],"product_cat":[1107],"product_tag":[1155,1156,1154],"class_list":{"0":"post-12706","1":"product","2":"type-product","3":"status-publish","4":"has-post-thumbnail","6":"product_cat-bullet-poe-ip-camera","7":"product_tag-pan-tilt-zoom-cctv-camera","8":"product_tag-ptz-camera-price","9":"product_tag-ptz-video-camera","11":"first","12":"instock","13":"shipping-taxable","14":"product-type-simple"},"acf":[],"yoast_head":"<!-- This site is optimized with the Yoast SEO Premium plugin v20.2.1 (Yoast SEO v26.1.1) - https:\/\/yoast.com\/wordpress\/plugins\/seo\/ -->\n<title>Mini Pan Tilt Zoom POE PTZ Video Camera Good Price CCTV Camera - Bokysee Technology Co.,LTD<\/title>\n<meta name=\"description\" content=\"2-inch 5MP POE PTZ camera, Mini Pan Tilt Zoom Video Camera with Good Price, infrared night vision, AI detection, ONVIF, IP66 Waterproof.\" \/>\n<meta name=\"robots\" content=\"index, follow, max-snippet:-1, max-image-preview:large, max-video-preview:-1\" \/>\n<link rel=\"canonical\" href=\"https:\/\/bokysee.com\/es\/products\/mini-pan-tilt-zoom-poe-ptz-video-camera-good-price-cctv-camera\/\" \/>\n<meta property=\"og:locale\" content=\"es_ES\" \/>\n<meta property=\"og:type\" content=\"article\" \/>\n<meta property=\"og:title\" content=\"Mini Pan Tilt Zoom POE PTZ Video Camera Good Price CCTV Camera\" \/>\n<meta property=\"og:description\" content=\"2-inch 5MP POE PTZ camera, Mini Pan Tilt Zoom Video Camera with Good Price, infrared night vision, AI detection, ONVIF, IP66 Waterproof.\" \/>\n<meta property=\"og:url\" content=\"https:\/\/bokysee.com\/es\/products\/mini-pan-tilt-zoom-poe-ptz-video-camera-good-price-cctv-camera\/\" \/>\n<meta property=\"og:site_name\" content=\"Bokysee Technology Co.,LTD\" \/>\n<meta property=\"article:modified_time\" content=\"2024-10-31T08:12:16+00:00\" \/>\n<meta property=\"og:image\" content=\"https:\/\/bokysee.com\/wp-content\/uploads\/2024\/10\/BK-PT07D-1.jpg\" \/>\n\t<meta property=\"og:image:width\" content=\"800\" \/>\n\t<meta property=\"og:image:height\" content=\"800\" \/>\n\t<meta property=\"og:image:type\" content=\"image\/jpeg\" \/>\n<meta name=\"twitter:card\" content=\"summary_large_image\" \/>\n<meta name=\"twitter:label1\" content=\"Tiempo de lectura\" \/>\n\t<meta name=\"twitter:data1\" content=\"5 minutos\" \/>\n<script type=\"application\/ld+json\" class=\"yoast-schema-graph\">{\"@context\":\"https:\/\/schema.org\",\"@graph\":[{\"@type\":\"WebPage\",\"@id\":\"https:\/\/bokysee.com\/products\/mini-pan-tilt-zoom-poe-ptz-video-camera-good-price-cctv-camera\/\",\"url\":\"https:\/\/bokysee.com\/products\/mini-pan-tilt-zoom-poe-ptz-video-camera-good-price-cctv-camera\/\",\"name\":\"Mini Pan Tilt Zoom POE PTZ Video Camera Good Price CCTV Camera - Bokysee Technology Co.,LTD\",\"isPartOf\":{\"@id\":\"https:\/\/bokysee.com\/#website\"},\"primaryImageOfPage\":{\"@id\":\"https:\/\/bokysee.com\/products\/mini-pan-tilt-zoom-poe-ptz-video-camera-good-price-cctv-camera\/#primaryimage\"},\"image\":{\"@id\":\"https:\/\/bokysee.com\/products\/mini-pan-tilt-zoom-poe-ptz-video-camera-good-price-cctv-camera\/#primaryimage\"},\"thumbnailUrl\":\"https:\/\/bokysee.com\/wp-content\/uploads\/2024\/10\/BK-PT07D-1.jpg\",\"datePublished\":\"2024-10-31T08:05:47+00:00\",\"dateModified\":\"2024-10-31T08:12:16+00:00\",\"description\":\"2-inch 5MP POE PTZ camera, Mini Pan Tilt Zoom Video Camera with Good Price, infrared night vision, AI detection, ONVIF, IP66 Waterproof.\",\"breadcrumb\":{\"@id\":\"https:\/\/bokysee.com\/products\/mini-pan-tilt-zoom-poe-ptz-video-camera-good-price-cctv-camera\/#breadcrumb\"},\"inLanguage\":\"es\",\"potentialAction\":[{\"@type\":\"ReadAction\",\"target\":[\"https:\/\/bokysee.com\/products\/mini-pan-tilt-zoom-poe-ptz-video-camera-good-price-cctv-camera\/\"]}]},{\"@type\":\"ImageObject\",\"inLanguage\":\"es\",\"@id\":\"https:\/\/bokysee.com\/products\/mini-pan-tilt-zoom-poe-ptz-video-camera-good-price-cctv-camera\/#primaryimage\",\"url\":\"https:\/\/bokysee.com\/wp-content\/uploads\/2024\/10\/BK-PT07D-1.jpg\",\"contentUrl\":\"https:\/\/bokysee.com\/wp-content\/uploads\/2024\/10\/BK-PT07D-1.jpg\",\"width\":800,\"height\":800},{\"@type\":\"BreadcrumbList\",\"@id\":\"https:\/\/bokysee.com\/products\/mini-pan-tilt-zoom-poe-ptz-video-camera-good-price-cctv-camera\/#breadcrumb\",\"itemListElement\":[{\"@type\":\"ListItem\",\"position\":1,\"name\":\"Home\",\"item\":\"https:\/\/bokysee.com\/\"},{\"@type\":\"ListItem\",\"position\":2,\"name\":\"Products\",\"item\":\"https:\/\/bokysee.com\/products\/\"},{\"@type\":\"ListItem\",\"position\":3,\"name\":\"Mini Pan Tilt Zoom POE PTZ Video Camera Good Price CCTV Camera\"}]},{\"@type\":\"WebSite\",\"@id\":\"https:\/\/bokysee.com\/#website\",\"url\":\"https:\/\/bokysee.com\/\",\"name\":\"Bokysee Technology Co.,LTD\",\"description\":\"Professional Smart Indoor and Outdoor Security Cameras Solution Supplier\",\"potentialAction\":[{\"@type\":\"SearchAction\",\"target\":{\"@type\":\"EntryPoint\",\"urlTemplate\":\"https:\/\/bokysee.com\/?s={search_term_string}\"},\"query-input\":{\"@type\":\"PropertyValueSpecification\",\"valueRequired\":true,\"valueName\":\"search_term_string\"}}],\"inLanguage\":\"es\"}]}<\/script>\n<!-- \/ Yoast SEO Premium plugin. -->","yoast_head_json":{"title":"Mini Pan Tilt Zoom POE PTZ Video Camera Good Price CCTV Camera - Bokysee Technology Co.,LTD","description":"2-inch 5MP POE PTZ camera, Mini Pan Tilt Zoom Video Camera with Good Price, infrared night vision, AI detection, ONVIF, IP66 Waterproof.","robots":{"index":"index","follow":"follow","max-snippet":"max-snippet:-1","max-image-preview":"max-image-preview:large","max-video-preview":"max-video-preview:-1"},"canonical":"https:\/\/bokysee.com\/es\/products\/mini-pan-tilt-zoom-poe-ptz-video-camera-good-price-cctv-camera\/","og_locale":"es_ES","og_type":"article","og_title":"Mini Pan Tilt Zoom POE PTZ Video Camera Good Price CCTV Camera","og_description":"2-inch 5MP POE PTZ camera, Mini Pan Tilt Zoom Video Camera with Good Price, infrared night vision, AI detection, ONVIF, IP66 Waterproof.","og_url":"https:\/\/bokysee.com\/es\/products\/mini-pan-tilt-zoom-poe-ptz-video-camera-good-price-cctv-camera\/","og_site_name":"Bokysee Technology Co.,LTD","article_modified_time":"2024-10-31T08:12:16+00:00","og_image":[{"width":800,"height":800,"url":"https:\/\/bokysee.com\/wp-content\/uploads\/2024\/10\/BK-PT07D-1.jpg","type":"image\/jpeg"}],"twitter_card":"summary_large_image","twitter_misc":{"Tiempo de lectura":"5 minutos"},"schema":{"@context":"https:\/\/schema.org","@graph":[{"@type":"WebPage","@id":"https:\/\/bokysee.com\/products\/mini-pan-tilt-zoom-poe-ptz-video-camera-good-price-cctv-camera\/","url":"https:\/\/bokysee.com\/products\/mini-pan-tilt-zoom-poe-ptz-video-camera-good-price-cctv-camera\/","name":"Mini Pan Tilt Zoom POE PTZ Video Camera Good Price CCTV Camera - Bokysee Technology Co.,LTD","isPartOf":{"@id":"https:\/\/bokysee.com\/#website"},"primaryImageOfPage":{"@id":"https:\/\/bokysee.com\/products\/mini-pan-tilt-zoom-poe-ptz-video-camera-good-price-cctv-camera\/#primaryimage"},"image":{"@id":"https:\/\/bokysee.com\/products\/mini-pan-tilt-zoom-poe-ptz-video-camera-good-price-cctv-camera\/#primaryimage"},"thumbnailUrl":"https:\/\/bokysee.com\/wp-content\/uploads\/2024\/10\/BK-PT07D-1.jpg","datePublished":"2024-10-31T08:05:47+00:00","dateModified":"2024-10-31T08:12:16+00:00","description":"2-inch 5MP POE PTZ camera, Mini Pan Tilt Zoom Video Camera with Good Price, infrared night vision, AI detection, ONVIF, IP66 Waterproof.","breadcrumb":{"@id":"https:\/\/bokysee.com\/products\/mini-pan-tilt-zoom-poe-ptz-video-camera-good-price-cctv-camera\/#breadcrumb"},"inLanguage":"es","potentialAction":[{"@type":"ReadAction","target":["https:\/\/bokysee.com\/products\/mini-pan-tilt-zoom-poe-ptz-video-camera-good-price-cctv-camera\/"]}]},{"@type":"ImageObject","inLanguage":"es","@id":"https:\/\/bokysee.com\/products\/mini-pan-tilt-zoom-poe-ptz-video-camera-good-price-cctv-camera\/#primaryimage","url":"https:\/\/bokysee.com\/wp-content\/uploads\/2024\/10\/BK-PT07D-1.jpg","contentUrl":"https:\/\/bokysee.com\/wp-content\/uploads\/2024\/10\/BK-PT07D-1.jpg","width":800,"height":800},{"@type":"BreadcrumbList","@id":"https:\/\/bokysee.com\/products\/mini-pan-tilt-zoom-poe-ptz-video-camera-good-price-cctv-camera\/#breadcrumb","itemListElement":[{"@type":"ListItem","position":1,"name":"Home","item":"https:\/\/bokysee.com\/"},{"@type":"ListItem","position":2,"name":"Products","item":"https:\/\/bokysee.com\/products\/"},{"@type":"ListItem","position":3,"name":"Mini Pan Tilt Zoom POE PTZ Video Camera Good Price CCTV Camera"}]},{"@type":"WebSite","@id":"https:\/\/bokysee.com\/#website","url":"https:\/\/bokysee.com\/","name":"Bokysee Technology Co.,LTD","description":"Professional Smart Indoor and Outdoor Security Cameras Solution Supplier","potentialAction":[{"@type":"SearchAction","target":{"@type":"EntryPoint","urlTemplate":"https:\/\/bokysee.com\/?s={search_term_string}"},"query-input":{"@type":"PropertyValueSpecification","valueRequired":true,"valueName":"search_term_string"}}],"inLanguage":"es"}]}},"_links":{"self":[{"href":"https:\/\/bokysee.com\/es\/wp-json\/wp\/v2\/product\/12706","targetHints":{"allow":["GET"]}}],"collection":[{"href":"https:\/\/bokysee.com\/es\/wp-json\/wp\/v2\/product"}],"about":[{"href":"https:\/\/bokysee.com\/es\/wp-json\/wp\/v2\/types\/product"}],"version-history":[{"count":0,"href":"https:\/\/bokysee.com\/es\/wp-json\/wp\/v2\/product\/12706\/revisions"}],"wp:featuredmedia":[{"embeddable":true,"href":"https:\/\/bokysee.com\/es\/wp-json\/wp\/v2\/media\/12717"}],"wp:attachment":[{"href":"https:\/\/bokysee.com\/es\/wp-json\/wp\/v2\/media?parent=12706"}],"wp:term":[{"taxonomy":"product_brand","embeddable":true,"href":"https:\/\/bokysee.com\/es\/wp-json\/wp\/v2\/product_brand?post=12706"},{"taxonomy":"product_cat","embeddable":true,"href":"https:\/\/bokysee.com\/es\/wp-json\/wp\/v2\/product_cat?post=12706"},{"taxonomy":"product_tag","embeddable":true,"href":"https:\/\/bokysee.com\/es\/wp-json\/wp\/v2\/product_tag?post=12706"}],"curies":[{"name":"wp","href":"https:\/\/api.w.org\/{rel}","templated":true}]}}