{"id":12689,"date":"2024-10-31T12:05:25","date_gmt":"2024-10-31T04:05:25","guid":{"rendered":"https:\/\/bokysee.com\/?post_type=product&#038;p=12689"},"modified":"2024-10-31T12:05:26","modified_gmt":"2024-10-31T04:05:26","slug":"6-0mp-36x-dual-lens-ptz-surveillance-pan-tilt-zoom-camera-outdoor","status":"publish","type":"product","link":"https:\/\/bokysee.com\/es\/products\/6-0mp-36x-dual-lens-ptz-surveillance-pan-tilt-zoom-camera-outdoor\/","title":{"rendered":"C\u00e1mara de vigilancia PTZ de doble lente de 6.0 MP y 36 aumentos con zoom horizontal y vertical para exteriores"},"content":{"rendered":"<p>C\u00e1mara de vigilancia PTZ de doble lente de 6.0 MP y 36 aumentos con zoom horizontal y vertical para exteriores<\/p>\n<p>Esta c\u00e1mara PTZ de doble lente de 6.0 MP y 36X cuenta con un potente zoom \u00f3ptico de 18X y dos luces l\u00e1ser para una visi\u00f3n a todo color de hasta 60 m e IR de hasta 120 m. Con detecci\u00f3n humanoide con IA, alarmas de voz y seguimiento autom\u00e1tico, garantiza una seguridad superior en exteriores. Compatible con Wi-Fi 2.4G, ONVIF y 4G opcional para una monitorizaci\u00f3n flexible.<\/p>\n<p><img fetchpriority=\"high\" decoding=\"async\" class=\"alignnone size-full wp-image-12692\" src=\"https:\/\/bokysee.com\/wp-content\/uploads\/2024\/10\/BK-PT09D5M-D2.jpg\" alt=\"\" width=\"1000\" height=\"1000\" srcset=\"https:\/\/bokysee.com\/wp-content\/uploads\/2024\/10\/BK-PT09D5M-D2.jpg 1000w, https:\/\/bokysee.com\/wp-content\/uploads\/2024\/10\/BK-PT09D5M-D2-300x300.jpg 300w, https:\/\/bokysee.com\/wp-content\/uploads\/2024\/10\/BK-PT09D5M-D2-150x150.jpg 150w, https:\/\/bokysee.com\/wp-content\/uploads\/2024\/10\/BK-PT09D5M-D2-768x768.jpg 768w, https:\/\/bokysee.com\/wp-content\/uploads\/2024\/10\/BK-PT09D5M-D2-600x600.jpg 600w, https:\/\/bokysee.com\/wp-content\/uploads\/2024\/10\/BK-PT09D5M-D2-100x100.jpg 100w\" sizes=\"(max-width: 1000px) 100vw, 1000px\" \/><img decoding=\"async\" class=\"alignnone size-full wp-image-12691\" src=\"https:\/\/bokysee.com\/wp-content\/uploads\/2024\/10\/BK-PT09D5M-D1.jpg\" alt=\"\" width=\"1000\" height=\"1000\" srcset=\"https:\/\/bokysee.com\/wp-content\/uploads\/2024\/10\/BK-PT09D5M-D1.jpg 1000w, https:\/\/bokysee.com\/wp-content\/uploads\/2024\/10\/BK-PT09D5M-D1-300x300.jpg 300w, https:\/\/bokysee.com\/wp-content\/uploads\/2024\/10\/BK-PT09D5M-D1-150x150.jpg 150w, https:\/\/bokysee.com\/wp-content\/uploads\/2024\/10\/BK-PT09D5M-D1-768x768.jpg 768w, https:\/\/bokysee.com\/wp-content\/uploads\/2024\/10\/BK-PT09D5M-D1-600x600.jpg 600w, https:\/\/bokysee.com\/wp-content\/uploads\/2024\/10\/BK-PT09D5M-D1-100x100.jpg 100w\" sizes=\"(max-width: 1000px) 100vw, 1000px\" \/><\/p>\n<p><strong>Funcionalidad PTZ<\/strong>: Vers\u00e1til <strong>Rotaci\u00f3n de PTZ<\/strong> con un completo <strong>Panor\u00e1mica de 355\u00b0<\/strong> y <strong>Inclinaci\u00f3n de 90\u00b0<\/strong>, lo que permite un monitoreo integral a velocidades de hasta <strong>20\u00b0\/s<\/strong>.<img decoding=\"async\" class=\"alignnone size-full wp-image-12693\" src=\"https:\/\/bokysee.com\/wp-content\/uploads\/2024\/10\/BK-PT09D5M-D3.jpg\" alt=\"\" width=\"1000\" height=\"1000\" srcset=\"https:\/\/bokysee.com\/wp-content\/uploads\/2024\/10\/BK-PT09D5M-D3.jpg 1000w, https:\/\/bokysee.com\/wp-content\/uploads\/2024\/10\/BK-PT09D5M-D3-300x300.jpg 300w, https:\/\/bokysee.com\/wp-content\/uploads\/2024\/10\/BK-PT09D5M-D3-150x150.jpg 150w, https:\/\/bokysee.com\/wp-content\/uploads\/2024\/10\/BK-PT09D5M-D3-768x768.jpg 768w, https:\/\/bokysee.com\/wp-content\/uploads\/2024\/10\/BK-PT09D5M-D3-600x600.jpg 600w, https:\/\/bokysee.com\/wp-content\/uploads\/2024\/10\/BK-PT09D5M-D3-100x100.jpg 100w\" sizes=\"(max-width: 1000px) 100vw, 1000px\" \/><\/p>\n<p><strong>Luces duales<\/strong>:Las luces l\u00e1ser duales de alta potencia mejoran la visibilidad y brindan una cobertura a todo color hasta <strong>60 metros<\/strong> y soporte infrarrojo hasta <strong>120 metros<\/strong>.<\/p>\n<p>Esta tecnolog\u00eda avanzada garantiza la visibilidad de cada detalle, permiti\u00e9ndole distinguir colores e identificar objetos con precisi\u00f3n, mejorando as\u00ed la eficacia de su vigilancia. Ya sea que est\u00e9 vigilando una entrada, un estacionamiento o un \u00e1rea exterior, nuestra visi\u00f3n nocturna a color le permite mantener la seguridad con confianza, transformando la noche en d\u00eda para su tranquilidad.<\/p>\n<p><img loading=\"lazy\" decoding=\"async\" class=\"alignnone size-full wp-image-12694\" src=\"https:\/\/bokysee.com\/wp-content\/uploads\/2024\/10\/BK-PT09D5M-D4.jpg\" alt=\"\" width=\"1000\" height=\"1000\" srcset=\"https:\/\/bokysee.com\/wp-content\/uploads\/2024\/10\/BK-PT09D5M-D4.jpg 1000w, https:\/\/bokysee.com\/wp-content\/uploads\/2024\/10\/BK-PT09D5M-D4-300x300.jpg 300w, https:\/\/bokysee.com\/wp-content\/uploads\/2024\/10\/BK-PT09D5M-D4-150x150.jpg 150w, https:\/\/bokysee.com\/wp-content\/uploads\/2024\/10\/BK-PT09D5M-D4-768x768.jpg 768w, https:\/\/bokysee.com\/wp-content\/uploads\/2024\/10\/BK-PT09D5M-D4-600x600.jpg 600w, https:\/\/bokysee.com\/wp-content\/uploads\/2024\/10\/BK-PT09D5M-D4-100x100.jpg 100w\" sizes=\"(max-width: 1000px) 100vw, 1000px\" \/><\/p>\n<p>Proporciona capacidades excepcionales de visi\u00f3n nocturna. Con un impresionante alcance infrarrojo de hasta <strong>120 metros<\/strong>Esta c\u00e1mara garantiza una visibilidad clara en completa oscuridad, lo que la hace ideal para vigilancia 24 horas al d\u00eda, 7 d\u00edas a la semana. <img loading=\"lazy\" decoding=\"async\" class=\"alignnone size-full wp-image-12695\" src=\"https:\/\/bokysee.com\/wp-content\/uploads\/2024\/10\/BK-PT09D5M-D5.jpg\" alt=\"\" width=\"1000\" height=\"1000\" srcset=\"https:\/\/bokysee.com\/wp-content\/uploads\/2024\/10\/BK-PT09D5M-D5.jpg 1000w, https:\/\/bokysee.com\/wp-content\/uploads\/2024\/10\/BK-PT09D5M-D5-300x300.jpg 300w, https:\/\/bokysee.com\/wp-content\/uploads\/2024\/10\/BK-PT09D5M-D5-150x150.jpg 150w, https:\/\/bokysee.com\/wp-content\/uploads\/2024\/10\/BK-PT09D5M-D5-768x768.jpg 768w, https:\/\/bokysee.com\/wp-content\/uploads\/2024\/10\/BK-PT09D5M-D5-600x600.jpg 600w, https:\/\/bokysee.com\/wp-content\/uploads\/2024\/10\/BK-PT09D5M-D5-100x100.jpg 100w\" sizes=\"(max-width: 1000px) 100vw, 1000px\" \/><\/p>\n<p>Mejore su seguridad con nuestra <strong>Sirena de detecci\u00f3n humana y alarma<\/strong> caracter\u00edstica. El <strong>C\u00e1mara PTZ inteligente de doble lente con zoom 36X de 4,5 pulgadas y 6,0 MP<\/strong> Utiliza IA avanzada para detectar con precisi\u00f3n el movimiento humano. Al detectarlo, la sirena de alarma integrada se activa, alert\u00e1ndole de posibles intrusiones. Esta medida proactiva impide el acceso no autorizado y garantiza que reciba notificaciones r\u00e1pidas de actividades sospechosas, brind\u00e1ndole tranquilidad y permitiendo una respuesta r\u00e1pida ante amenazas. Mant\u00e9ngase protegido con nuestro confiable sistema de detecci\u00f3n y alarma de personas. <img loading=\"lazy\" decoding=\"async\" class=\"alignnone size-full wp-image-12696\" src=\"https:\/\/bokysee.com\/wp-content\/uploads\/2024\/10\/BK-PT09D5M-D6.jpg\" alt=\"\" width=\"1000\" height=\"1000\" srcset=\"https:\/\/bokysee.com\/wp-content\/uploads\/2024\/10\/BK-PT09D5M-D6.jpg 1000w, https:\/\/bokysee.com\/wp-content\/uploads\/2024\/10\/BK-PT09D5M-D6-300x300.jpg 300w, https:\/\/bokysee.com\/wp-content\/uploads\/2024\/10\/BK-PT09D5M-D6-150x150.jpg 150w, https:\/\/bokysee.com\/wp-content\/uploads\/2024\/10\/BK-PT09D5M-D6-768x768.jpg 768w, https:\/\/bokysee.com\/wp-content\/uploads\/2024\/10\/BK-PT09D5M-D6-600x600.jpg 600w, https:\/\/bokysee.com\/wp-content\/uploads\/2024\/10\/BK-PT09D5M-D6-100x100.jpg 100w\" sizes=\"(max-width: 1000px) 100vw, 1000px\" \/><\/p>\n<p><strong>Conectividad<\/strong>:Conexi\u00f3n inal\u00e1mbrica a trav\u00e9s de <strong>Wi-Fi de 2,4 G<\/strong> (arriba a <strong>30 metros<\/strong>) o bien optar por el <strong>Versi\u00f3n europea 4G<\/strong> para una cobertura ampliada.<\/p>\n<p><strong>Opciones de almacenamiento<\/strong>:Admite hasta <strong>Tarjetas de memoria de 128G<\/strong> y almacenamiento en la nube para la gesti\u00f3n segura de datos. <img loading=\"lazy\" decoding=\"async\" class=\"alignnone size-full wp-image-12697\" src=\"https:\/\/bokysee.com\/wp-content\/uploads\/2024\/10\/BK-PT09D5M-D7.jpg\" alt=\"\" width=\"1000\" height=\"1000\" srcset=\"https:\/\/bokysee.com\/wp-content\/uploads\/2024\/10\/BK-PT09D5M-D7.jpg 1000w, https:\/\/bokysee.com\/wp-content\/uploads\/2024\/10\/BK-PT09D5M-D7-300x300.jpg 300w, https:\/\/bokysee.com\/wp-content\/uploads\/2024\/10\/BK-PT09D5M-D7-150x150.jpg 150w, https:\/\/bokysee.com\/wp-content\/uploads\/2024\/10\/BK-PT09D5M-D7-768x768.jpg 768w, https:\/\/bokysee.com\/wp-content\/uploads\/2024\/10\/BK-PT09D5M-D7-600x600.jpg 600w, https:\/\/bokysee.com\/wp-content\/uploads\/2024\/10\/BK-PT09D5M-D7-100x100.jpg 100w\" sizes=\"(max-width: 1000px) 100vw, 1000px\" \/> <img loading=\"lazy\" decoding=\"async\" class=\"alignnone size-full wp-image-12698\" src=\"https:\/\/bokysee.com\/wp-content\/uploads\/2024\/10\/BK-PT09D5M-D8.jpg\" alt=\"\" width=\"1000\" height=\"1000\" srcset=\"https:\/\/bokysee.com\/wp-content\/uploads\/2024\/10\/BK-PT09D5M-D8.jpg 1000w, https:\/\/bokysee.com\/wp-content\/uploads\/2024\/10\/BK-PT09D5M-D8-300x300.jpg 300w, https:\/\/bokysee.com\/wp-content\/uploads\/2024\/10\/BK-PT09D5M-D8-150x150.jpg 150w, https:\/\/bokysee.com\/wp-content\/uploads\/2024\/10\/BK-PT09D5M-D8-768x768.jpg 768w, https:\/\/bokysee.com\/wp-content\/uploads\/2024\/10\/BK-PT09D5M-D8-600x600.jpg 600w, https:\/\/bokysee.com\/wp-content\/uploads\/2024\/10\/BK-PT09D5M-D8-100x100.jpg 100w\" sizes=\"(max-width: 1000px) 100vw, 1000px\" \/><\/p>","protected":false},"excerpt":{"rendered":"<p>C\u00e1maras PTZ inal\u00e1mbricas de 4,5 pulgadas, 5,0 MP y 36X<br \/>\n* Resoluci\u00f3n: 5.0MP XM550AI+ SC5335P<br \/>\n* Caja: Carcasa de metal y pl\u00e1stico ABS IP65<br \/>\n* Zoom \u00f3ptico de 18X (4,7-94MM), compatible con pantalla de 36X.<br \/>\n* Luces duales: l\u00e1ser dual de alta potencia, distancia de color completa de 60 m, distancia IR: 120 m<br \/>\n* PTZ gira: Pan: 0-300\u00b0, Inclinaci\u00f3n: 0-90\u00b0; velocidad 0-20\u00b0\/s.<br \/>\n* Compatible con ONVIF, compatible con Hikvision, Dahua NVR.<br \/>\n* Admite crucero de 8 puntos preestablecidos, admite escaneo de dos puntos, seguimiento autom\u00e1tico de direcci\u00f3n horizontal;<br \/>\n* Detecci\u00f3n inteligente de humanoides con IA<br \/>\n* Bocina incorporada, alarma de voz opcional: Alguien ingresa al \u00e1rea de monitoreo, la sirena sonar\u00e1.<br \/>\n* Admite WiFi 2.4G, la distancia de conexi\u00f3n inal\u00e1mbrica es de aproximadamente 30 metros; versi\u00f3n europea 4G opcional<br \/>\n* Admite tarjeta de memoria de 128G, admite almacenamiento en la nube;<br \/>\n* Potencia: DC 12 V 2 A (no incluida); Temperatura de trabajo: -20 \u00b0 C ~ 60 \u00b0 C<br \/>\n* Tama\u00f1o del embalaje A: 252 x 202 x 162 mm; peso: 1,5 kg<\/p>","protected":false},"featured_media":12699,"template":"","meta":[],"product_brand":[],"product_cat":[546],"product_tag":[1151,1153,1152],"class_list":{"0":"post-12689","1":"product","2":"type-product","3":"status-publish","4":"has-post-thumbnail","6":"product_cat-wireless-ip-camera","7":"product_tag-pan-tilt-zoom-camera","8":"product_tag-ptz-camera-outdoor","9":"product_tag-ptz-surveillance-camera","11":"first","12":"instock","13":"shipping-taxable","14":"product-type-simple"},"acf":[],"yoast_head":"<!-- This site is optimized with the Yoast SEO Premium plugin v20.2.1 (Yoast SEO v26.1.1) - https:\/\/yoast.com\/wordpress\/plugins\/seo\/ -->\n<title>6.0MP 36X Dual Lens PTZ Surveillance Pan Tilt Zoom Camera Outdoor - Bokysee Technology Co.,LTD<\/title>\n<meta name=\"description\" content=\"Bokysee 6.0MP PTZ outdoor surveillance camera with 36X zoom, dual lens, AI detection, night vision, and ONVIF compatibility\" \/>\n<meta name=\"robots\" content=\"index, follow, max-snippet:-1, max-image-preview:large, max-video-preview:-1\" \/>\n<link rel=\"canonical\" href=\"https:\/\/bokysee.com\/es\/products\/6-0mp-36x-dual-lens-ptz-surveillance-pan-tilt-zoom-camera-outdoor\/\" \/>\n<meta property=\"og:locale\" content=\"es_ES\" \/>\n<meta property=\"og:type\" content=\"article\" \/>\n<meta property=\"og:title\" content=\"6.0MP 36X Dual Lens PTZ Surveillance Pan Tilt Zoom Camera Outdoor\" \/>\n<meta property=\"og:description\" content=\"Bokysee 6.0MP PTZ outdoor surveillance camera with 36X zoom, dual lens, AI detection, night vision, and ONVIF compatibility\" \/>\n<meta property=\"og:url\" content=\"https:\/\/bokysee.com\/es\/products\/6-0mp-36x-dual-lens-ptz-surveillance-pan-tilt-zoom-camera-outdoor\/\" \/>\n<meta property=\"og:site_name\" content=\"Bokysee Technology Co.,LTD\" \/>\n<meta property=\"article:modified_time\" content=\"2024-10-31T04:05:26+00:00\" \/>\n<meta property=\"og:image\" content=\"https:\/\/bokysee.com\/wp-content\/uploads\/2024\/10\/BK-PT09D5M-1.jpg\" \/>\n\t<meta property=\"og:image:width\" content=\"800\" \/>\n\t<meta property=\"og:image:height\" content=\"800\" \/>\n\t<meta property=\"og:image:type\" content=\"image\/jpeg\" \/>\n<meta name=\"twitter:card\" content=\"summary_large_image\" \/>\n<meta name=\"twitter:label1\" content=\"Tiempo de lectura\" \/>\n\t<meta name=\"twitter:data1\" content=\"4 minutos\" \/>\n<script type=\"application\/ld+json\" class=\"yoast-schema-graph\">{\"@context\":\"https:\/\/schema.org\",\"@graph\":[{\"@type\":\"WebPage\",\"@id\":\"https:\/\/bokysee.com\/products\/6-0mp-36x-dual-lens-ptz-surveillance-pan-tilt-zoom-camera-outdoor\/\",\"url\":\"https:\/\/bokysee.com\/products\/6-0mp-36x-dual-lens-ptz-surveillance-pan-tilt-zoom-camera-outdoor\/\",\"name\":\"6.0MP 36X Dual Lens PTZ Surveillance Pan Tilt Zoom Camera Outdoor - Bokysee Technology Co.,LTD\",\"isPartOf\":{\"@id\":\"https:\/\/bokysee.com\/#website\"},\"primaryImageOfPage\":{\"@id\":\"https:\/\/bokysee.com\/products\/6-0mp-36x-dual-lens-ptz-surveillance-pan-tilt-zoom-camera-outdoor\/#primaryimage\"},\"image\":{\"@id\":\"https:\/\/bokysee.com\/products\/6-0mp-36x-dual-lens-ptz-surveillance-pan-tilt-zoom-camera-outdoor\/#primaryimage\"},\"thumbnailUrl\":\"https:\/\/bokysee.com\/wp-content\/uploads\/2024\/10\/BK-PT09D5M-1.jpg\",\"datePublished\":\"2024-10-31T04:05:25+00:00\",\"dateModified\":\"2024-10-31T04:05:26+00:00\",\"description\":\"Bokysee 6.0MP PTZ outdoor surveillance camera with 36X zoom, dual lens, AI detection, night vision, and ONVIF compatibility\",\"breadcrumb\":{\"@id\":\"https:\/\/bokysee.com\/products\/6-0mp-36x-dual-lens-ptz-surveillance-pan-tilt-zoom-camera-outdoor\/#breadcrumb\"},\"inLanguage\":\"es\",\"potentialAction\":[{\"@type\":\"ReadAction\",\"target\":[\"https:\/\/bokysee.com\/products\/6-0mp-36x-dual-lens-ptz-surveillance-pan-tilt-zoom-camera-outdoor\/\"]}]},{\"@type\":\"ImageObject\",\"inLanguage\":\"es\",\"@id\":\"https:\/\/bokysee.com\/products\/6-0mp-36x-dual-lens-ptz-surveillance-pan-tilt-zoom-camera-outdoor\/#primaryimage\",\"url\":\"https:\/\/bokysee.com\/wp-content\/uploads\/2024\/10\/BK-PT09D5M-1.jpg\",\"contentUrl\":\"https:\/\/bokysee.com\/wp-content\/uploads\/2024\/10\/BK-PT09D5M-1.jpg\",\"width\":800,\"height\":800},{\"@type\":\"BreadcrumbList\",\"@id\":\"https:\/\/bokysee.com\/products\/6-0mp-36x-dual-lens-ptz-surveillance-pan-tilt-zoom-camera-outdoor\/#breadcrumb\",\"itemListElement\":[{\"@type\":\"ListItem\",\"position\":1,\"name\":\"Home\",\"item\":\"https:\/\/bokysee.com\/\"},{\"@type\":\"ListItem\",\"position\":2,\"name\":\"Products\",\"item\":\"https:\/\/bokysee.com\/products\/\"},{\"@type\":\"ListItem\",\"position\":3,\"name\":\"6.0MP 36X Dual Lens PTZ Surveillance Pan Tilt Zoom Camera Outdoor\"}]},{\"@type\":\"WebSite\",\"@id\":\"https:\/\/bokysee.com\/#website\",\"url\":\"https:\/\/bokysee.com\/\",\"name\":\"Bokysee Technology Co.,LTD\",\"description\":\"Professional Smart Indoor and Outdoor Security Cameras Solution Supplier\",\"potentialAction\":[{\"@type\":\"SearchAction\",\"target\":{\"@type\":\"EntryPoint\",\"urlTemplate\":\"https:\/\/bokysee.com\/?s={search_term_string}\"},\"query-input\":{\"@type\":\"PropertyValueSpecification\",\"valueRequired\":true,\"valueName\":\"search_term_string\"}}],\"inLanguage\":\"es\"}]}<\/script>\n<!-- \/ Yoast SEO Premium plugin. -->","yoast_head_json":{"title":"6.0MP 36X Dual Lens PTZ Surveillance Pan Tilt Zoom Camera Outdoor - Bokysee Technology Co.,LTD","description":"Bokysee 6.0MP PTZ outdoor surveillance camera with 36X zoom, dual lens, AI detection, night vision, and ONVIF compatibility","robots":{"index":"index","follow":"follow","max-snippet":"max-snippet:-1","max-image-preview":"max-image-preview:large","max-video-preview":"max-video-preview:-1"},"canonical":"https:\/\/bokysee.com\/es\/products\/6-0mp-36x-dual-lens-ptz-surveillance-pan-tilt-zoom-camera-outdoor\/","og_locale":"es_ES","og_type":"article","og_title":"6.0MP 36X Dual Lens PTZ Surveillance Pan Tilt Zoom Camera Outdoor","og_description":"Bokysee 6.0MP PTZ outdoor surveillance camera with 36X zoom, dual lens, AI detection, night vision, and ONVIF compatibility","og_url":"https:\/\/bokysee.com\/es\/products\/6-0mp-36x-dual-lens-ptz-surveillance-pan-tilt-zoom-camera-outdoor\/","og_site_name":"Bokysee Technology Co.,LTD","article_modified_time":"2024-10-31T04:05:26+00:00","og_image":[{"width":800,"height":800,"url":"https:\/\/bokysee.com\/wp-content\/uploads\/2024\/10\/BK-PT09D5M-1.jpg","type":"image\/jpeg"}],"twitter_card":"summary_large_image","twitter_misc":{"Tiempo de lectura":"4 minutos"},"schema":{"@context":"https:\/\/schema.org","@graph":[{"@type":"WebPage","@id":"https:\/\/bokysee.com\/products\/6-0mp-36x-dual-lens-ptz-surveillance-pan-tilt-zoom-camera-outdoor\/","url":"https:\/\/bokysee.com\/products\/6-0mp-36x-dual-lens-ptz-surveillance-pan-tilt-zoom-camera-outdoor\/","name":"6.0MP 36X Dual Lens PTZ Surveillance Pan Tilt Zoom Camera Outdoor - Bokysee Technology Co.,LTD","isPartOf":{"@id":"https:\/\/bokysee.com\/#website"},"primaryImageOfPage":{"@id":"https:\/\/bokysee.com\/products\/6-0mp-36x-dual-lens-ptz-surveillance-pan-tilt-zoom-camera-outdoor\/#primaryimage"},"image":{"@id":"https:\/\/bokysee.com\/products\/6-0mp-36x-dual-lens-ptz-surveillance-pan-tilt-zoom-camera-outdoor\/#primaryimage"},"thumbnailUrl":"https:\/\/bokysee.com\/wp-content\/uploads\/2024\/10\/BK-PT09D5M-1.jpg","datePublished":"2024-10-31T04:05:25+00:00","dateModified":"2024-10-31T04:05:26+00:00","description":"Bokysee 6.0MP PTZ outdoor surveillance camera with 36X zoom, dual lens, AI detection, night vision, and ONVIF compatibility","breadcrumb":{"@id":"https:\/\/bokysee.com\/products\/6-0mp-36x-dual-lens-ptz-surveillance-pan-tilt-zoom-camera-outdoor\/#breadcrumb"},"inLanguage":"es","potentialAction":[{"@type":"ReadAction","target":["https:\/\/bokysee.com\/products\/6-0mp-36x-dual-lens-ptz-surveillance-pan-tilt-zoom-camera-outdoor\/"]}]},{"@type":"ImageObject","inLanguage":"es","@id":"https:\/\/bokysee.com\/products\/6-0mp-36x-dual-lens-ptz-surveillance-pan-tilt-zoom-camera-outdoor\/#primaryimage","url":"https:\/\/bokysee.com\/wp-content\/uploads\/2024\/10\/BK-PT09D5M-1.jpg","contentUrl":"https:\/\/bokysee.com\/wp-content\/uploads\/2024\/10\/BK-PT09D5M-1.jpg","width":800,"height":800},{"@type":"BreadcrumbList","@id":"https:\/\/bokysee.com\/products\/6-0mp-36x-dual-lens-ptz-surveillance-pan-tilt-zoom-camera-outdoor\/#breadcrumb","itemListElement":[{"@type":"ListItem","position":1,"name":"Home","item":"https:\/\/bokysee.com\/"},{"@type":"ListItem","position":2,"name":"Products","item":"https:\/\/bokysee.com\/products\/"},{"@type":"ListItem","position":3,"name":"6.0MP 36X Dual Lens PTZ Surveillance Pan Tilt Zoom Camera Outdoor"}]},{"@type":"WebSite","@id":"https:\/\/bokysee.com\/#website","url":"https:\/\/bokysee.com\/","name":"Bokysee Technology Co.,LTD","description":"Professional Smart Indoor and Outdoor Security Cameras Solution Supplier","potentialAction":[{"@type":"SearchAction","target":{"@type":"EntryPoint","urlTemplate":"https:\/\/bokysee.com\/?s={search_term_string}"},"query-input":{"@type":"PropertyValueSpecification","valueRequired":true,"valueName":"search_term_string"}}],"inLanguage":"es"}]}},"_links":{"self":[{"href":"https:\/\/bokysee.com\/es\/wp-json\/wp\/v2\/product\/12689","targetHints":{"allow":["GET"]}}],"collection":[{"href":"https:\/\/bokysee.com\/es\/wp-json\/wp\/v2\/product"}],"about":[{"href":"https:\/\/bokysee.com\/es\/wp-json\/wp\/v2\/types\/product"}],"version-history":[{"count":0,"href":"https:\/\/bokysee.com\/es\/wp-json\/wp\/v2\/product\/12689\/revisions"}],"wp:featuredmedia":[{"embeddable":true,"href":"https:\/\/bokysee.com\/es\/wp-json\/wp\/v2\/media\/12699"}],"wp:attachment":[{"href":"https:\/\/bokysee.com\/es\/wp-json\/wp\/v2\/media?parent=12689"}],"wp:term":[{"taxonomy":"product_brand","embeddable":true,"href":"https:\/\/bokysee.com\/es\/wp-json\/wp\/v2\/product_brand?post=12689"},{"taxonomy":"product_cat","embeddable":true,"href":"https:\/\/bokysee.com\/es\/wp-json\/wp\/v2\/product_cat?post=12689"},{"taxonomy":"product_tag","embeddable":true,"href":"https:\/\/bokysee.com\/es\/wp-json\/wp\/v2\/product_tag?post=12689"}],"curies":[{"name":"wp","href":"https:\/\/api.w.org\/{rel}","templated":true}]}}