{"id":12674,"date":"2024-10-31T09:19:05","date_gmt":"2024-10-31T01:19:05","guid":{"rendered":"https:\/\/bokysee.com\/?post_type=product&#038;p=12674"},"modified":"2024-10-31T09:19:06","modified_gmt":"2024-10-31T01:19:06","slug":"5-0mp-36x-wifi-ptz-security-camera-pan-tilt-zoom-with-ai-detection","status":"publish","type":"product","link":"https:\/\/bokysee.com\/es\/products\/5-0mp-36x-wifi-ptz-security-camera-pan-tilt-zoom-with-ai-detection\/","title":{"rendered":"C\u00e1mara de seguridad PTZ WiFi de 5.0 MP y 36 aumentos con movimiento horizontal y vertical y detecci\u00f3n de IA"},"content":{"rendered":"<p>C\u00e1mara de seguridad PTZ WiFi de 5.0 MP y 36 aumentos con movimiento horizontal y vertical y detecci\u00f3n de IA<\/p>\n<p>Esta c\u00e1mara PTZ inal\u00e1mbrica de 5.0 MP y 36X ofrece vigilancia de alta resoluci\u00f3n con un potente zoom \u00f3ptico de 18X y una pantalla de 36X. Equipada con detecci\u00f3n humanoide con IA, luces duales para una visi\u00f3n diurna\/nocturna n\u00edtida de hasta 120 m y alarma por voz. Compatible con ONVIF, Wi-Fi 2.4G y 4G opcional para una monitorizaci\u00f3n flexible. Perfecta para la seguridad en exteriores.<\/p>\n<p><img fetchpriority=\"high\" decoding=\"async\" class=\"alignnone size-full wp-image-12680\" src=\"https:\/\/bokysee.com\/wp-content\/uploads\/2024\/10\/BK-PT08D5M-1-2.jpg\" alt=\"\" width=\"1000\" height=\"1003\" srcset=\"https:\/\/bokysee.com\/wp-content\/uploads\/2024\/10\/BK-PT08D5M-1-2.jpg 1000w, https:\/\/bokysee.com\/wp-content\/uploads\/2024\/10\/BK-PT08D5M-1-2-300x300.jpg 300w, https:\/\/bokysee.com\/wp-content\/uploads\/2024\/10\/BK-PT08D5M-1-2-150x150.jpg 150w, https:\/\/bokysee.com\/wp-content\/uploads\/2024\/10\/BK-PT08D5M-1-2-768x770.jpg 768w, https:\/\/bokysee.com\/wp-content\/uploads\/2024\/10\/BK-PT08D5M-1-2-598x600.jpg 598w, https:\/\/bokysee.com\/wp-content\/uploads\/2024\/10\/BK-PT08D5M-1-2-600x602.jpg 600w, https:\/\/bokysee.com\/wp-content\/uploads\/2024\/10\/BK-PT08D5M-1-2-100x100.jpg 100w\" sizes=\"(max-width: 1000px) 100vw, 1000px\" \/> <img decoding=\"async\" class=\"alignnone size-full wp-image-12681\" src=\"https:\/\/bokysee.com\/wp-content\/uploads\/2024\/10\/BK-PT08D5M-1-3.jpg\" alt=\"\" width=\"1000\" height=\"960\" srcset=\"https:\/\/bokysee.com\/wp-content\/uploads\/2024\/10\/BK-PT08D5M-1-3.jpg 1000w, https:\/\/bokysee.com\/wp-content\/uploads\/2024\/10\/BK-PT08D5M-1-3-300x288.jpg 300w, https:\/\/bokysee.com\/wp-content\/uploads\/2024\/10\/BK-PT08D5M-1-3-768x737.jpg 768w, https:\/\/bokysee.com\/wp-content\/uploads\/2024\/10\/BK-PT08D5M-1-3-600x576.jpg 600w\" sizes=\"(max-width: 1000px) 100vw, 1000px\" \/><\/p>\n<p><strong>Zoom \u00f3ptico<\/strong>: Disfrutar <strong>Zoom \u00f3ptico de 18X<\/strong> (4,7-94MM) con soporte para <strong>Pantalla 36X<\/strong>, lo que permite obtener primeros planos detallados sin perder calidad. <img decoding=\"async\" class=\"alignnone size-full wp-image-12682\" src=\"https:\/\/bokysee.com\/wp-content\/uploads\/2024\/10\/BK-PT08D5M-1-4.jpg\" alt=\"\" width=\"1000\" height=\"1084\" srcset=\"https:\/\/bokysee.com\/wp-content\/uploads\/2024\/10\/BK-PT08D5M-1-4.jpg 1000w, https:\/\/bokysee.com\/wp-content\/uploads\/2024\/10\/BK-PT08D5M-1-4-277x300.jpg 277w, https:\/\/bokysee.com\/wp-content\/uploads\/2024\/10\/BK-PT08D5M-1-4-945x1024.jpg 945w, https:\/\/bokysee.com\/wp-content\/uploads\/2024\/10\/BK-PT08D5M-1-4-768x833.jpg 768w, https:\/\/bokysee.com\/wp-content\/uploads\/2024\/10\/BK-PT08D5M-1-4-554x600.jpg 554w, https:\/\/bokysee.com\/wp-content\/uploads\/2024\/10\/BK-PT08D5M-1-4-600x650.jpg 600w\" sizes=\"(max-width: 1000px) 100vw, 1000px\" \/><\/p>\n<p><strong>Funcionalidad PTZ<\/strong>: Liso <strong>Rotaci\u00f3n de PTZ<\/strong> con <strong>cacerola<\/strong> (0-300\u00b0) y <strong>inclinaci\u00f3n<\/strong> Capacidades (0-90\u00b0), con velocidades ajustables hasta <strong>20\u00b0\/s<\/strong>.<\/p>\n<p><img loading=\"lazy\" decoding=\"async\" class=\"alignnone size-full wp-image-12683\" src=\"https:\/\/bokysee.com\/wp-content\/uploads\/2024\/10\/BK-PT08D5M-1-5.jpg\" alt=\"\" width=\"1000\" height=\"972\" srcset=\"https:\/\/bokysee.com\/wp-content\/uploads\/2024\/10\/BK-PT08D5M-1-5.jpg 1000w, https:\/\/bokysee.com\/wp-content\/uploads\/2024\/10\/BK-PT08D5M-1-5-300x292.jpg 300w, https:\/\/bokysee.com\/wp-content\/uploads\/2024\/10\/BK-PT08D5M-1-5-768x746.jpg 768w, https:\/\/bokysee.com\/wp-content\/uploads\/2024\/10\/BK-PT08D5M-1-5-600x583.jpg 600w\" sizes=\"(max-width: 1000px) 100vw, 1000px\" \/><\/p>\n<p><strong>Funciones inteligentes<\/strong>: Avanzado <strong>Detecci\u00f3n de humanoides por IA<\/strong> Mejora la seguridad activando alarmas cuando se detecta movimiento. <img loading=\"lazy\" decoding=\"async\" class=\"alignnone size-full wp-image-12684\" src=\"https:\/\/bokysee.com\/wp-content\/uploads\/2024\/10\/BK-PT08D5M-1-6.jpg\" alt=\"\" width=\"1000\" height=\"1008\" srcset=\"https:\/\/bokysee.com\/wp-content\/uploads\/2024\/10\/BK-PT08D5M-1-6.jpg 1000w, https:\/\/bokysee.com\/wp-content\/uploads\/2024\/10\/BK-PT08D5M-1-6-298x300.jpg 298w, https:\/\/bokysee.com\/wp-content\/uploads\/2024\/10\/BK-PT08D5M-1-6-150x150.jpg 150w, https:\/\/bokysee.com\/wp-content\/uploads\/2024\/10\/BK-PT08D5M-1-6-768x774.jpg 768w, https:\/\/bokysee.com\/wp-content\/uploads\/2024\/10\/BK-PT08D5M-1-6-595x600.jpg 595w, https:\/\/bokysee.com\/wp-content\/uploads\/2024\/10\/BK-PT08D5M-1-6-600x605.jpg 600w, https:\/\/bokysee.com\/wp-content\/uploads\/2024\/10\/BK-PT08D5M-1-6-100x100.jpg 100w\" sizes=\"(max-width: 1000px) 100vw, 1000px\" \/> <img loading=\"lazy\" decoding=\"async\" class=\"alignnone size-full wp-image-12685\" src=\"https:\/\/bokysee.com\/wp-content\/uploads\/2024\/10\/BK-PT08D5M-1-7.jpg\" alt=\"\" width=\"1000\" height=\"1008\" srcset=\"https:\/\/bokysee.com\/wp-content\/uploads\/2024\/10\/BK-PT08D5M-1-7.jpg 1000w, https:\/\/bokysee.com\/wp-content\/uploads\/2024\/10\/BK-PT08D5M-1-7-298x300.jpg 298w, https:\/\/bokysee.com\/wp-content\/uploads\/2024\/10\/BK-PT08D5M-1-7-150x150.jpg 150w, https:\/\/bokysee.com\/wp-content\/uploads\/2024\/10\/BK-PT08D5M-1-7-768x774.jpg 768w, https:\/\/bokysee.com\/wp-content\/uploads\/2024\/10\/BK-PT08D5M-1-7-595x600.jpg 595w, https:\/\/bokysee.com\/wp-content\/uploads\/2024\/10\/BK-PT08D5M-1-7-600x605.jpg 600w, https:\/\/bokysee.com\/wp-content\/uploads\/2024\/10\/BK-PT08D5M-1-7-100x100.jpg 100w\" sizes=\"(max-width: 1000px) 100vw, 1000px\" \/><\/p>\n<p><strong>Luces duales<\/strong>:Equipado con <strong>luces l\u00e1ser duales de alta potencia<\/strong>, que ofrece visi\u00f3n nocturna a todo color hasta <strong>60 metros<\/strong> y visibilidad infrarroja hasta <strong>120 metros<\/strong>.<\/p>\n<p><img loading=\"lazy\" decoding=\"async\" class=\"alignnone size-full wp-image-12686\" src=\"https:\/\/bokysee.com\/wp-content\/uploads\/2024\/10\/BK-PT08D5M-1-8.jpg\" alt=\"\" width=\"1000\" height=\"1008\" srcset=\"https:\/\/bokysee.com\/wp-content\/uploads\/2024\/10\/BK-PT08D5M-1-8.jpg 1000w, https:\/\/bokysee.com\/wp-content\/uploads\/2024\/10\/BK-PT08D5M-1-8-298x300.jpg 298w, https:\/\/bokysee.com\/wp-content\/uploads\/2024\/10\/BK-PT08D5M-1-8-150x150.jpg 150w, https:\/\/bokysee.com\/wp-content\/uploads\/2024\/10\/BK-PT08D5M-1-8-768x774.jpg 768w, https:\/\/bokysee.com\/wp-content\/uploads\/2024\/10\/BK-PT08D5M-1-8-595x600.jpg 595w, https:\/\/bokysee.com\/wp-content\/uploads\/2024\/10\/BK-PT08D5M-1-8-600x605.jpg 600w, https:\/\/bokysee.com\/wp-content\/uploads\/2024\/10\/BK-PT08D5M-1-8-100x100.jpg 100w\" sizes=\"(max-width: 1000px) 100vw, 1000px\" \/><\/p>\n<p><strong>Conectividad<\/strong>:Con\u00e9ctese de forma inal\u00e1mbrica a trav\u00e9s de <strong>Wi-Fi de 2,4 G<\/strong> (arriba a <strong>30 metros<\/strong>) o bien optar por el <strong>Versi\u00f3n europea 4G<\/strong> para una cobertura m\u00e1s amplia. <img loading=\"lazy\" decoding=\"async\" class=\"alignnone size-full wp-image-12687\" src=\"https:\/\/bokysee.com\/wp-content\/uploads\/2024\/10\/BK-PT08D5M-2-1.jpg\" alt=\"\" width=\"1000\" height=\"1037\" srcset=\"https:\/\/bokysee.com\/wp-content\/uploads\/2024\/10\/BK-PT08D5M-2-1.jpg 1000w, https:\/\/bokysee.com\/wp-content\/uploads\/2024\/10\/BK-PT08D5M-2-1-289x300.jpg 289w, https:\/\/bokysee.com\/wp-content\/uploads\/2024\/10\/BK-PT08D5M-2-1-987x1024.jpg 987w, https:\/\/bokysee.com\/wp-content\/uploads\/2024\/10\/BK-PT08D5M-2-1-768x796.jpg 768w, https:\/\/bokysee.com\/wp-content\/uploads\/2024\/10\/BK-PT08D5M-2-1-579x600.jpg 579w, https:\/\/bokysee.com\/wp-content\/uploads\/2024\/10\/BK-PT08D5M-2-1-600x622.jpg 600w\" sizes=\"(max-width: 1000px) 100vw, 1000px\" \/><\/p>","protected":false},"excerpt":{"rendered":"<p>C\u00e1maras PTZ inal\u00e1mbricas de 4,5 pulgadas, 5,0 MP y 36X<br \/>\n* Resoluci\u00f3n: 5.0MP XM550AI+ SC5335P<br \/>\n* Caja: Carcasa de metal y pl\u00e1stico ABS IP65<br \/>\n* Zoom \u00f3ptico de 18X (4,7-94MM), compatible con pantalla de 36X.<br \/>\n* Luces duales: l\u00e1ser dual de alta potencia, distancia de color completa de 60 m, distancia IR: 120 m<br \/>\n* PTZ gira: Pan: 0-300\u00b0, Inclinaci\u00f3n: 0-90\u00b0; velocidad 0-20\u00b0\/s.<br \/>\n* Compatible con ONVIF, compatible con Hikvision, Dahua NVR.<br \/>\n* Admite crucero de 8 puntos preestablecidos, admite escaneo de dos puntos, seguimiento autom\u00e1tico de direcci\u00f3n horizontal;<br \/>\n* Detecci\u00f3n inteligente de humanoides con IA<br \/>\n* Bocina incorporada, alarma de voz opcional: Alguien ingresa al \u00e1rea de monitoreo, la sirena sonar\u00e1.<br \/>\n* Admite WiFi 2.4G, la distancia de conexi\u00f3n inal\u00e1mbrica es de aproximadamente 30 metros; versi\u00f3n europea 4G opcional<br \/>\n* Admite tarjeta de memoria de 128G, admite almacenamiento en la nube;<br \/>\n* Potencia: DC 12 V 2 A (no incluida); Temperatura de trabajo: -20 \u00b0 C ~ 60 \u00b0 C<br \/>\n* Tama\u00f1o del embalaje A: 252 x 202 x 162 mm; peso: 1,5 kg<\/p>","protected":false},"featured_media":12676,"template":"","meta":[],"product_brand":[],"product_cat":[546],"product_tag":[1149,1148,1150],"class_list":{"0":"post-12674","1":"product","2":"type-product","3":"status-publish","4":"has-post-thumbnail","6":"product_cat-wireless-ip-camera","7":"product_tag-pan-tilt-zoom-ptz-camera","8":"product_tag-ptz-cameras","9":"product_tag-ptz-security-camera","11":"first","12":"instock","13":"shipping-taxable","14":"product-type-simple"},"acf":[],"yoast_head":"<!-- This site is optimized with the Yoast SEO Premium plugin v20.2.1 (Yoast SEO v26.1.1) - https:\/\/yoast.com\/wordpress\/plugins\/seo\/ -->\n<title>5.0MP 36X WiFi PTZ Security Camera Pan Tilt Zoom with AI Detection - Bokysee Technology Co.,LTD<\/title>\n<meta name=\"description\" content=\"Bokysee 4.5-inch 5.0MP 36X Wireless PTZ Camera, wireless connectivity, AI detection, night vision, and ONVIF for outdoor use\" \/>\n<meta name=\"robots\" content=\"index, follow, max-snippet:-1, max-image-preview:large, max-video-preview:-1\" \/>\n<link rel=\"canonical\" href=\"https:\/\/bokysee.com\/es\/products\/5-0mp-36x-wifi-ptz-security-camera-pan-tilt-zoom-with-ai-detection\/\" \/>\n<meta property=\"og:locale\" content=\"es_ES\" \/>\n<meta property=\"og:type\" content=\"article\" \/>\n<meta property=\"og:title\" content=\"5.0MP 36X WiFi PTZ Security Camera Pan Tilt Zoom with AI Detection\" \/>\n<meta property=\"og:description\" content=\"Bokysee 4.5-inch 5.0MP 36X Wireless PTZ Camera, wireless connectivity, AI detection, night vision, and ONVIF for outdoor use\" \/>\n<meta property=\"og:url\" content=\"https:\/\/bokysee.com\/es\/products\/5-0mp-36x-wifi-ptz-security-camera-pan-tilt-zoom-with-ai-detection\/\" \/>\n<meta property=\"og:site_name\" content=\"Bokysee Technology Co.,LTD\" \/>\n<meta property=\"article:modified_time\" content=\"2024-10-31T01:19:06+00:00\" \/>\n<meta property=\"og:image\" content=\"https:\/\/bokysee.com\/wp-content\/uploads\/2024\/10\/BK-PT08D5M-1.jpg\" \/>\n\t<meta property=\"og:image:width\" content=\"800\" \/>\n\t<meta property=\"og:image:height\" content=\"800\" \/>\n\t<meta property=\"og:image:type\" content=\"image\/jpeg\" \/>\n<meta name=\"twitter:card\" content=\"summary_large_image\" \/>\n<meta name=\"twitter:label1\" content=\"Tiempo de lectura\" \/>\n\t<meta name=\"twitter:data1\" content=\"3 minutos\" \/>\n<script type=\"application\/ld+json\" class=\"yoast-schema-graph\">{\"@context\":\"https:\/\/schema.org\",\"@graph\":[{\"@type\":\"WebPage\",\"@id\":\"https:\/\/bokysee.com\/products\/5-0mp-36x-wifi-ptz-security-camera-pan-tilt-zoom-with-ai-detection\/\",\"url\":\"https:\/\/bokysee.com\/products\/5-0mp-36x-wifi-ptz-security-camera-pan-tilt-zoom-with-ai-detection\/\",\"name\":\"5.0MP 36X WiFi PTZ Security Camera Pan Tilt Zoom with AI Detection - Bokysee Technology Co.,LTD\",\"isPartOf\":{\"@id\":\"https:\/\/bokysee.com\/#website\"},\"primaryImageOfPage\":{\"@id\":\"https:\/\/bokysee.com\/products\/5-0mp-36x-wifi-ptz-security-camera-pan-tilt-zoom-with-ai-detection\/#primaryimage\"},\"image\":{\"@id\":\"https:\/\/bokysee.com\/products\/5-0mp-36x-wifi-ptz-security-camera-pan-tilt-zoom-with-ai-detection\/#primaryimage\"},\"thumbnailUrl\":\"https:\/\/bokysee.com\/wp-content\/uploads\/2024\/10\/BK-PT08D5M-1.jpg\",\"datePublished\":\"2024-10-31T01:19:05+00:00\",\"dateModified\":\"2024-10-31T01:19:06+00:00\",\"description\":\"Bokysee 4.5-inch 5.0MP 36X Wireless PTZ Camera, wireless connectivity, AI detection, night vision, and ONVIF for outdoor use\",\"breadcrumb\":{\"@id\":\"https:\/\/bokysee.com\/products\/5-0mp-36x-wifi-ptz-security-camera-pan-tilt-zoom-with-ai-detection\/#breadcrumb\"},\"inLanguage\":\"es\",\"potentialAction\":[{\"@type\":\"ReadAction\",\"target\":[\"https:\/\/bokysee.com\/products\/5-0mp-36x-wifi-ptz-security-camera-pan-tilt-zoom-with-ai-detection\/\"]}]},{\"@type\":\"ImageObject\",\"inLanguage\":\"es\",\"@id\":\"https:\/\/bokysee.com\/products\/5-0mp-36x-wifi-ptz-security-camera-pan-tilt-zoom-with-ai-detection\/#primaryimage\",\"url\":\"https:\/\/bokysee.com\/wp-content\/uploads\/2024\/10\/BK-PT08D5M-1.jpg\",\"contentUrl\":\"https:\/\/bokysee.com\/wp-content\/uploads\/2024\/10\/BK-PT08D5M-1.jpg\",\"width\":800,\"height\":800},{\"@type\":\"BreadcrumbList\",\"@id\":\"https:\/\/bokysee.com\/products\/5-0mp-36x-wifi-ptz-security-camera-pan-tilt-zoom-with-ai-detection\/#breadcrumb\",\"itemListElement\":[{\"@type\":\"ListItem\",\"position\":1,\"name\":\"Home\",\"item\":\"https:\/\/bokysee.com\/\"},{\"@type\":\"ListItem\",\"position\":2,\"name\":\"Products\",\"item\":\"https:\/\/bokysee.com\/products\/\"},{\"@type\":\"ListItem\",\"position\":3,\"name\":\"5.0MP 36X WiFi PTZ Security Camera Pan Tilt Zoom with AI Detection\"}]},{\"@type\":\"WebSite\",\"@id\":\"https:\/\/bokysee.com\/#website\",\"url\":\"https:\/\/bokysee.com\/\",\"name\":\"Bokysee Technology Co.,LTD\",\"description\":\"Professional Smart Indoor and Outdoor Security Cameras Solution Supplier\",\"potentialAction\":[{\"@type\":\"SearchAction\",\"target\":{\"@type\":\"EntryPoint\",\"urlTemplate\":\"https:\/\/bokysee.com\/?s={search_term_string}\"},\"query-input\":{\"@type\":\"PropertyValueSpecification\",\"valueRequired\":true,\"valueName\":\"search_term_string\"}}],\"inLanguage\":\"es\"}]}<\/script>\n<!-- \/ Yoast SEO Premium plugin. -->","yoast_head_json":{"title":"5.0MP 36X WiFi PTZ Security Camera Pan Tilt Zoom with AI Detection - Bokysee Technology Co.,LTD","description":"Bokysee 4.5-inch 5.0MP 36X Wireless PTZ Camera, wireless connectivity, AI detection, night vision, and ONVIF for outdoor use","robots":{"index":"index","follow":"follow","max-snippet":"max-snippet:-1","max-image-preview":"max-image-preview:large","max-video-preview":"max-video-preview:-1"},"canonical":"https:\/\/bokysee.com\/es\/products\/5-0mp-36x-wifi-ptz-security-camera-pan-tilt-zoom-with-ai-detection\/","og_locale":"es_ES","og_type":"article","og_title":"5.0MP 36X WiFi PTZ Security Camera Pan Tilt Zoom with AI Detection","og_description":"Bokysee 4.5-inch 5.0MP 36X Wireless PTZ Camera, wireless connectivity, AI detection, night vision, and ONVIF for outdoor use","og_url":"https:\/\/bokysee.com\/es\/products\/5-0mp-36x-wifi-ptz-security-camera-pan-tilt-zoom-with-ai-detection\/","og_site_name":"Bokysee Technology Co.,LTD","article_modified_time":"2024-10-31T01:19:06+00:00","og_image":[{"width":800,"height":800,"url":"https:\/\/bokysee.com\/wp-content\/uploads\/2024\/10\/BK-PT08D5M-1.jpg","type":"image\/jpeg"}],"twitter_card":"summary_large_image","twitter_misc":{"Tiempo de lectura":"3 minutos"},"schema":{"@context":"https:\/\/schema.org","@graph":[{"@type":"WebPage","@id":"https:\/\/bokysee.com\/products\/5-0mp-36x-wifi-ptz-security-camera-pan-tilt-zoom-with-ai-detection\/","url":"https:\/\/bokysee.com\/products\/5-0mp-36x-wifi-ptz-security-camera-pan-tilt-zoom-with-ai-detection\/","name":"5.0MP 36X WiFi PTZ Security Camera Pan Tilt Zoom with AI Detection - Bokysee Technology Co.,LTD","isPartOf":{"@id":"https:\/\/bokysee.com\/#website"},"primaryImageOfPage":{"@id":"https:\/\/bokysee.com\/products\/5-0mp-36x-wifi-ptz-security-camera-pan-tilt-zoom-with-ai-detection\/#primaryimage"},"image":{"@id":"https:\/\/bokysee.com\/products\/5-0mp-36x-wifi-ptz-security-camera-pan-tilt-zoom-with-ai-detection\/#primaryimage"},"thumbnailUrl":"https:\/\/bokysee.com\/wp-content\/uploads\/2024\/10\/BK-PT08D5M-1.jpg","datePublished":"2024-10-31T01:19:05+00:00","dateModified":"2024-10-31T01:19:06+00:00","description":"Bokysee 4.5-inch 5.0MP 36X Wireless PTZ Camera, wireless connectivity, AI detection, night vision, and ONVIF for outdoor use","breadcrumb":{"@id":"https:\/\/bokysee.com\/products\/5-0mp-36x-wifi-ptz-security-camera-pan-tilt-zoom-with-ai-detection\/#breadcrumb"},"inLanguage":"es","potentialAction":[{"@type":"ReadAction","target":["https:\/\/bokysee.com\/products\/5-0mp-36x-wifi-ptz-security-camera-pan-tilt-zoom-with-ai-detection\/"]}]},{"@type":"ImageObject","inLanguage":"es","@id":"https:\/\/bokysee.com\/products\/5-0mp-36x-wifi-ptz-security-camera-pan-tilt-zoom-with-ai-detection\/#primaryimage","url":"https:\/\/bokysee.com\/wp-content\/uploads\/2024\/10\/BK-PT08D5M-1.jpg","contentUrl":"https:\/\/bokysee.com\/wp-content\/uploads\/2024\/10\/BK-PT08D5M-1.jpg","width":800,"height":800},{"@type":"BreadcrumbList","@id":"https:\/\/bokysee.com\/products\/5-0mp-36x-wifi-ptz-security-camera-pan-tilt-zoom-with-ai-detection\/#breadcrumb","itemListElement":[{"@type":"ListItem","position":1,"name":"Home","item":"https:\/\/bokysee.com\/"},{"@type":"ListItem","position":2,"name":"Products","item":"https:\/\/bokysee.com\/products\/"},{"@type":"ListItem","position":3,"name":"5.0MP 36X WiFi PTZ Security Camera Pan Tilt Zoom with AI Detection"}]},{"@type":"WebSite","@id":"https:\/\/bokysee.com\/#website","url":"https:\/\/bokysee.com\/","name":"Bokysee Technology Co.,LTD","description":"Professional Smart Indoor and Outdoor Security Cameras Solution Supplier","potentialAction":[{"@type":"SearchAction","target":{"@type":"EntryPoint","urlTemplate":"https:\/\/bokysee.com\/?s={search_term_string}"},"query-input":{"@type":"PropertyValueSpecification","valueRequired":true,"valueName":"search_term_string"}}],"inLanguage":"es"}]}},"_links":{"self":[{"href":"https:\/\/bokysee.com\/es\/wp-json\/wp\/v2\/product\/12674","targetHints":{"allow":["GET"]}}],"collection":[{"href":"https:\/\/bokysee.com\/es\/wp-json\/wp\/v2\/product"}],"about":[{"href":"https:\/\/bokysee.com\/es\/wp-json\/wp\/v2\/types\/product"}],"version-history":[{"count":0,"href":"https:\/\/bokysee.com\/es\/wp-json\/wp\/v2\/product\/12674\/revisions"}],"wp:featuredmedia":[{"embeddable":true,"href":"https:\/\/bokysee.com\/es\/wp-json\/wp\/v2\/media\/12676"}],"wp:attachment":[{"href":"https:\/\/bokysee.com\/es\/wp-json\/wp\/v2\/media?parent=12674"}],"wp:term":[{"taxonomy":"product_brand","embeddable":true,"href":"https:\/\/bokysee.com\/es\/wp-json\/wp\/v2\/product_brand?post=12674"},{"taxonomy":"product_cat","embeddable":true,"href":"https:\/\/bokysee.com\/es\/wp-json\/wp\/v2\/product_cat?post=12674"},{"taxonomy":"product_tag","embeddable":true,"href":"https:\/\/bokysee.com\/es\/wp-json\/wp\/v2\/product_tag?post=12674"}],"curies":[{"name":"wp","href":"https:\/\/api.w.org\/{rel}","templated":true}]}}