{"id":12671,"date":"2024-10-30T15:44:22","date_gmt":"2024-10-30T07:44:22","guid":{"rendered":"https:\/\/bokysee.com\/?post_type=product&#038;p=12671"},"modified":"2024-10-30T15:44:22","modified_gmt":"2024-10-30T07:44:22","slug":"bokysee-16ch-8mp-nvr-wireless-16-channel-network-video-recorder","status":"publish","type":"product","link":"https:\/\/bokysee.com\/es\/products\/bokysee-16ch-8mp-nvr-wireless-16-channel-network-video-recorder\/","title":{"rendered":"Grabador de v\u00eddeo en red inal\u00e1mbrico Bokysee NVR de 16 canales y 8 MP"},"content":{"rendered":"<p>Grabador de v\u00eddeo en red inal\u00e1mbrico Bokysee NVR de 16 canales y 8 MP<\/p>\n<p>El NVR inal\u00e1mbrico de 16 canales y 8 MP admite 16 canales de entrada y 10 canales de grabaci\u00f3n en tiempo real, con reproducci\u00f3n de 8 canales y 8 MP para obtener im\u00e1genes detalladas. Incluye funciones de an\u00e1lisis inteligente como detecci\u00f3n de personas y e-fence, admite discos duros de hasta 10 TB y ofrece visualizaci\u00f3n remota mediante tecnolog\u00eda P2P en la nube en smartphones. Compatible con m\u00faltiples navegadores, cuenta con interfaces VGA, HDMI, USB y RJ45 para una conectividad vers\u00e1til, ideal para soluciones de vigilancia robustas.<\/p>\n<table width=\"915\">\n<tbody>\n<tr>\n<td width=\"296\">Sistema<\/td>\n<td width=\"618\">Dise\u00f1o LINUX integrado, decodificaci\u00f3n pura, vigilancia, almacenamiento en disco duro, pantalla HDMI HD, acceso a v\u00eddeo de red IP<\/td>\n<\/tr>\n<tr>\n<td rowspan=\"2\">Entrada de v\u00eddeo<\/td>\n<td width=\"618\">Entrada IPC HD, admite acceso a flujo de c\u00f3digo dual para cada IPC, admite b\u00fasqueda autom\u00e1tica, adici\u00f3n autom\u00e1tica, grabaci\u00f3n autom\u00e1tica, vista previa autom\u00e1tica y realiza depuraci\u00f3n cero<\/td>\n<\/tr>\n<tr>\n<td width=\"618\">Ancho de banda entrante 80Mbps;<\/td>\n<\/tr>\n<tr>\n<td rowspan=\"4\">Salida de v\u00eddeo<\/td>\n<td width=\"618\">Salida HDMI de 1 canal, salida VGA de 1 canal, mismo origen que HDMI; resoluci\u00f3n:<\/td>\n<\/tr>\n<tr>\n<td width=\"618\">3840\u00d72160, 1920\u00d71080, 1440\u00d7900, 1280\u00d71024, 1280\u00d7800, 1024\u00d7768<\/td>\n<\/tr>\n<tr>\n<td width=\"618\">Admite vista previa de IMS y vista previa de APP<\/td>\n<\/tr>\n<tr>\n<td width=\"618\">Admite vista previa en tiempo real dividida de 1\/2\/4\/6\/8\/9\/10\/16 canales<\/td>\n<\/tr>\n<tr>\n<td>Resoluci\u00f3n de grabaci\u00f3n<\/td>\n<td width=\"618\">Admite 720P\/960P\/1080P\/3MP\/4MP\/5MP\/4K<\/td>\n<\/tr>\n<tr>\n<td rowspan=\"2\">Par\u00e1metros de decodificaci\u00f3n de v\u00eddeo<\/td>\n<td width=\"618\">Admite decodificaci\u00f3n Smart265\/H.265\/H.264<\/td>\n<\/tr>\n<tr>\n<td width=\"618\">Reproducci\u00f3n NVR de 4 canales (1*4K); soporte m\u00e1ximo de reproducci\u00f3n de 4 canales en IMS<\/td>\n<\/tr>\n<tr>\n<td>Audio<\/td>\n<td width=\"618\">G.711; admite salida de audio HDMI, admite salida de audio (orificio de 3,5 mm), admite audio\/grabaci\u00f3n con vista previa de audio y reproducci\u00f3n en IMS<\/td>\n<\/tr>\n<tr>\n<td rowspan=\"3\">Gesti\u00f3n de almacenamiento<\/td>\n<td width=\"618\">1 puerto SATA, compatible con HDD de 16 TB como m\u00e1ximo<\/td>\n<\/tr>\n<tr>\n<td width=\"618\">Admite grabaci\u00f3n temporizada, grabaci\u00f3n de alarma, grabaci\u00f3n temporizada y de alarma; la grabaci\u00f3n de alarma incluye (detecci\u00f3n de movimiento, entrada de alarma, detecci\u00f3n humana, detecci\u00f3n de cruce de l\u00ednea, intrusi\u00f3n de \u00e1rea, permanencia de personal, alarma de ausencia, violaci\u00f3n de estacionamiento del veh\u00edculo y retroceso del veh\u00edculo)<\/td>\n<\/tr>\n<tr>\n<td width=\"618\">Admite la copia de seguridad de dispositivos de almacenamiento USB externos (como discos flash USB comunes y discos duros m\u00f3viles)<\/td>\n<\/tr>\n<tr>\n<td>Gesti\u00f3n de usuarios<\/td>\n<td width=\"618\">Soporte m\u00e1ximo para 32 usuarios<\/td>\n<\/tr>\n<tr>\n<td rowspan=\"2\">Puerto de red<\/td>\n<td width=\"618\">1 puerto RJ45, compatible con autoadaptaci\u00f3n 10\/100M; compatible con TCP\/IP, IPv4,<\/td>\n<\/tr>\n<tr>\n<td width=\"618\">Protocolo de red DHCP, NTP, RTSP, ONVIF, P2P, SMTP, GB28181\u2026etc.<\/td>\n<\/tr>\n<tr>\n<td width=\"296\">Puerto perif\u00e9rico<\/td>\n<td width=\"618\">2 puertos USB 2.0 (traseros); admite mouse, actualizaci\u00f3n USB, importaci\u00f3n y exportaci\u00f3n<\/td>\n<\/tr>\n<tr>\n<td width=\"296\">Puerto de alarma<\/td>\n<td width=\"618\">No<\/td>\n<\/tr>\n<tr>\n<td>Panel frontal<\/td>\n<td width=\"618\">Admite 3 tipos de luz indicadora, que incluyen energ\u00eda, grabaci\u00f3n y transferencia de datos.<\/td>\n<\/tr>\n<tr>\n<td>Zumbador<\/td>\n<td width=\"618\">Alarma de zumbador de soporte<\/td>\n<\/tr>\n<tr>\n<td>Funci\u00f3n<\/td>\n<td width=\"618\">Admite vista previa\/grabaci\u00f3n\/transferencia\/servicio remoto, admite vinculaci\u00f3n de alertas, admite software de monitorizaci\u00f3n IMS y admite servicio en la nube P2P.<\/td>\n<\/tr>\n<tr>\n<td>Temperatura de trabajo<\/td>\n<td width=\"618\">-10\u2103\uff5e\uff0b55\u2103<\/td>\n<\/tr>\n<tr>\n<td>Humedad de trabajo<\/td>\n<td width=\"618\">10%\uff5e90%<\/td>\n<\/tr>\n<tr>\n<td>Consumo de energ\u00eda<\/td>\n<td width=\"618\">Consumo de energ\u00eda CC +12 V\/2 A, \u22642 W (sin disco duro)<\/td>\n<\/tr>\n<tr>\n<td>Tama\u00f1o (mm)<\/td>\n<td width=\"618\">Tama\u00f1o 210*255*42 mm (ancho \u00d7 profundidad \u00d7 alto), instalaci\u00f3n en pared.<\/td>\n<\/tr>\n<tr>\n<td>Peso (g)<\/td>\n<td width=\"618\">Peso neto: 0,9 kg; Peso bruto: 1 kg (sin disco duro)<\/td>\n<\/tr>\n<tr>\n<td>Paquete<\/td>\n<td width=\"618\">10 piezas\/caja 610 mm \u00d7 380 mm \u00d7 340 mm; peso: 10 kg<\/td>\n<\/tr>\n<\/tbody>\n<\/table>","protected":false},"excerpt":{"rendered":"<p>NVR de 16 canales y 8 MP<br \/>\n* Entrada de v\u00eddeo: 16 canales<br \/>\n* Grabaci\u00f3n en tiempo real de 10 canales<br \/>\n* Reproducci\u00f3n en tiempo real de 8 canales y 8 MP.<br \/>\n* VGA, HDMI, 2*USB, 1*interfaz RJ45, 2*RCA (E\/S)<br \/>\n* Admite 1 disco duro SATA de 10 TB (m\u00e1ximo)<br \/>\n* La tecnolog\u00eda de nube P2P permite la visualizaci\u00f3n remota por tel\u00e9fono.<br \/>\n* Compatible con aplicaciones de tel\u00e9fonos inteligentes (Android, IOS, IPAD)<br \/>\n* Compatible con m\u00faltiples navegadores (IE, Firefox, Google)<br \/>\n* Admite an\u00e1lisis inteligente IPC: alarma de ausencia, cerca electr\u00f3nica, conteo de objetivos, detecci\u00f3n humana, detecci\u00f3n de movimiento retr\u00f3grado,<br \/>\n* Alimentaci\u00f3n: DC12V 2A<\/p>","protected":false},"featured_media":12584,"template":"","meta":[],"product_brand":[],"product_cat":[551,1125],"product_tag":[1145,1146,1147],"class_list":{"0":"post-12671","1":"product","2":"type-product","3":"status-publish","4":"has-post-thumbnail","6":"product_cat-nvr","7":"product_cat-nvr-ru","8":"product_tag-16-channel-network-video-recorder","9":"product_tag-16ch-nvr","10":"product_tag-wireless-network-video-recorder","12":"first","13":"instock","14":"shipping-taxable","15":"product-type-simple"},"acf":[],"yoast_head":"<!-- This site is optimized with the Yoast SEO Premium plugin v20.2.1 (Yoast SEO v26.1.1) - https:\/\/yoast.com\/wordpress\/plugins\/seo\/ -->\n<title>Bokysee 16CH 8MP NVR Wireless 16 Channel Network Video Recorder - Bokysee Technology Co.,LTD<\/title>\n<meta name=\"description\" content=\"The 16CH 8MP NVR Wireless supports 16-channel recording, 8MP playback, smart detection, up to 10TB HDD, and remote viewing.\" \/>\n<meta name=\"robots\" content=\"index, follow, max-snippet:-1, max-image-preview:large, max-video-preview:-1\" \/>\n<link rel=\"canonical\" href=\"https:\/\/bokysee.com\/es\/products\/bokysee-16ch-8mp-nvr-wireless-16-channel-network-video-recorder\/\" \/>\n<meta property=\"og:locale\" content=\"es_ES\" \/>\n<meta property=\"og:type\" content=\"article\" \/>\n<meta property=\"og:title\" content=\"Bokysee 16CH 8MP NVR Wireless 16 Channel Network Video Recorder\" \/>\n<meta property=\"og:description\" content=\"The 16CH 8MP NVR Wireless supports 16-channel recording, 8MP playback, smart detection, up to 10TB HDD, and remote viewing.\" \/>\n<meta property=\"og:url\" content=\"https:\/\/bokysee.com\/es\/products\/bokysee-16ch-8mp-nvr-wireless-16-channel-network-video-recorder\/\" \/>\n<meta property=\"og:site_name\" content=\"Bokysee Technology Co.,LTD\" \/>\n<meta property=\"og:image\" content=\"https:\/\/bokysee.com\/wp-content\/uploads\/2024\/10\/BK-POE868004-1.jpg\" \/>\n\t<meta property=\"og:image:width\" content=\"800\" \/>\n\t<meta property=\"og:image:height\" content=\"800\" \/>\n\t<meta property=\"og:image:type\" content=\"image\/jpeg\" \/>\n<meta name=\"twitter:card\" content=\"summary_large_image\" \/>\n<meta name=\"twitter:label1\" content=\"Tiempo de lectura\" \/>\n\t<meta name=\"twitter:data1\" content=\"2 minutos\" \/>\n<script type=\"application\/ld+json\" class=\"yoast-schema-graph\">{\"@context\":\"https:\/\/schema.org\",\"@graph\":[{\"@type\":\"WebPage\",\"@id\":\"https:\/\/bokysee.com\/products\/bokysee-16ch-8mp-nvr-wireless-16-channel-network-video-recorder\/\",\"url\":\"https:\/\/bokysee.com\/products\/bokysee-16ch-8mp-nvr-wireless-16-channel-network-video-recorder\/\",\"name\":\"Bokysee 16CH 8MP NVR Wireless 16 Channel Network Video Recorder - Bokysee Technology Co.,LTD\",\"isPartOf\":{\"@id\":\"https:\/\/bokysee.com\/#website\"},\"primaryImageOfPage\":{\"@id\":\"https:\/\/bokysee.com\/products\/bokysee-16ch-8mp-nvr-wireless-16-channel-network-video-recorder\/#primaryimage\"},\"image\":{\"@id\":\"https:\/\/bokysee.com\/products\/bokysee-16ch-8mp-nvr-wireless-16-channel-network-video-recorder\/#primaryimage\"},\"thumbnailUrl\":\"https:\/\/bokysee.com\/wp-content\/uploads\/2024\/10\/BK-POE868004-1.jpg\",\"datePublished\":\"2024-10-30T07:44:22+00:00\",\"description\":\"The 16CH 8MP NVR Wireless supports 16-channel recording, 8MP playback, smart detection, up to 10TB HDD, and remote viewing.\",\"breadcrumb\":{\"@id\":\"https:\/\/bokysee.com\/products\/bokysee-16ch-8mp-nvr-wireless-16-channel-network-video-recorder\/#breadcrumb\"},\"inLanguage\":\"es\",\"potentialAction\":[{\"@type\":\"ReadAction\",\"target\":[\"https:\/\/bokysee.com\/products\/bokysee-16ch-8mp-nvr-wireless-16-channel-network-video-recorder\/\"]}]},{\"@type\":\"ImageObject\",\"inLanguage\":\"es\",\"@id\":\"https:\/\/bokysee.com\/products\/bokysee-16ch-8mp-nvr-wireless-16-channel-network-video-recorder\/#primaryimage\",\"url\":\"https:\/\/bokysee.com\/wp-content\/uploads\/2024\/10\/BK-POE868004-1.jpg\",\"contentUrl\":\"https:\/\/bokysee.com\/wp-content\/uploads\/2024\/10\/BK-POE868004-1.jpg\",\"width\":800,\"height\":800,\"caption\":\"NVR\"},{\"@type\":\"BreadcrumbList\",\"@id\":\"https:\/\/bokysee.com\/products\/bokysee-16ch-8mp-nvr-wireless-16-channel-network-video-recorder\/#breadcrumb\",\"itemListElement\":[{\"@type\":\"ListItem\",\"position\":1,\"name\":\"Home\",\"item\":\"https:\/\/bokysee.com\/\"},{\"@type\":\"ListItem\",\"position\":2,\"name\":\"Products\",\"item\":\"https:\/\/bokysee.com\/products\/\"},{\"@type\":\"ListItem\",\"position\":3,\"name\":\"Bokysee 16CH 8MP NVR Wireless 16 Channel Network Video Recorder\"}]},{\"@type\":\"WebSite\",\"@id\":\"https:\/\/bokysee.com\/#website\",\"url\":\"https:\/\/bokysee.com\/\",\"name\":\"Bokysee Technology Co.,LTD\",\"description\":\"Professional Smart Indoor and Outdoor Security Cameras Solution Supplier\",\"potentialAction\":[{\"@type\":\"SearchAction\",\"target\":{\"@type\":\"EntryPoint\",\"urlTemplate\":\"https:\/\/bokysee.com\/?s={search_term_string}\"},\"query-input\":{\"@type\":\"PropertyValueSpecification\",\"valueRequired\":true,\"valueName\":\"search_term_string\"}}],\"inLanguage\":\"es\"}]}<\/script>\n<!-- \/ Yoast SEO Premium plugin. -->","yoast_head_json":{"title":"Bokysee 16CH 8MP NVR Wireless 16 Channel Network Video Recorder - Bokysee Technology Co.,LTD","description":"The 16CH 8MP NVR Wireless supports 16-channel recording, 8MP playback, smart detection, up to 10TB HDD, and remote viewing.","robots":{"index":"index","follow":"follow","max-snippet":"max-snippet:-1","max-image-preview":"max-image-preview:large","max-video-preview":"max-video-preview:-1"},"canonical":"https:\/\/bokysee.com\/es\/products\/bokysee-16ch-8mp-nvr-wireless-16-channel-network-video-recorder\/","og_locale":"es_ES","og_type":"article","og_title":"Bokysee 16CH 8MP NVR Wireless 16 Channel Network Video Recorder","og_description":"The 16CH 8MP NVR Wireless supports 16-channel recording, 8MP playback, smart detection, up to 10TB HDD, and remote viewing.","og_url":"https:\/\/bokysee.com\/es\/products\/bokysee-16ch-8mp-nvr-wireless-16-channel-network-video-recorder\/","og_site_name":"Bokysee Technology Co.,LTD","og_image":[{"width":800,"height":800,"url":"https:\/\/bokysee.com\/wp-content\/uploads\/2024\/10\/BK-POE868004-1.jpg","type":"image\/jpeg"}],"twitter_card":"summary_large_image","twitter_misc":{"Tiempo de lectura":"2 minutos"},"schema":{"@context":"https:\/\/schema.org","@graph":[{"@type":"WebPage","@id":"https:\/\/bokysee.com\/products\/bokysee-16ch-8mp-nvr-wireless-16-channel-network-video-recorder\/","url":"https:\/\/bokysee.com\/products\/bokysee-16ch-8mp-nvr-wireless-16-channel-network-video-recorder\/","name":"Bokysee 16CH 8MP NVR Wireless 16 Channel Network Video Recorder - Bokysee Technology Co.,LTD","isPartOf":{"@id":"https:\/\/bokysee.com\/#website"},"primaryImageOfPage":{"@id":"https:\/\/bokysee.com\/products\/bokysee-16ch-8mp-nvr-wireless-16-channel-network-video-recorder\/#primaryimage"},"image":{"@id":"https:\/\/bokysee.com\/products\/bokysee-16ch-8mp-nvr-wireless-16-channel-network-video-recorder\/#primaryimage"},"thumbnailUrl":"https:\/\/bokysee.com\/wp-content\/uploads\/2024\/10\/BK-POE868004-1.jpg","datePublished":"2024-10-30T07:44:22+00:00","description":"The 16CH 8MP NVR Wireless supports 16-channel recording, 8MP playback, smart detection, up to 10TB HDD, and remote viewing.","breadcrumb":{"@id":"https:\/\/bokysee.com\/products\/bokysee-16ch-8mp-nvr-wireless-16-channel-network-video-recorder\/#breadcrumb"},"inLanguage":"es","potentialAction":[{"@type":"ReadAction","target":["https:\/\/bokysee.com\/products\/bokysee-16ch-8mp-nvr-wireless-16-channel-network-video-recorder\/"]}]},{"@type":"ImageObject","inLanguage":"es","@id":"https:\/\/bokysee.com\/products\/bokysee-16ch-8mp-nvr-wireless-16-channel-network-video-recorder\/#primaryimage","url":"https:\/\/bokysee.com\/wp-content\/uploads\/2024\/10\/BK-POE868004-1.jpg","contentUrl":"https:\/\/bokysee.com\/wp-content\/uploads\/2024\/10\/BK-POE868004-1.jpg","width":800,"height":800,"caption":"NVR"},{"@type":"BreadcrumbList","@id":"https:\/\/bokysee.com\/products\/bokysee-16ch-8mp-nvr-wireless-16-channel-network-video-recorder\/#breadcrumb","itemListElement":[{"@type":"ListItem","position":1,"name":"Home","item":"https:\/\/bokysee.com\/"},{"@type":"ListItem","position":2,"name":"Products","item":"https:\/\/bokysee.com\/products\/"},{"@type":"ListItem","position":3,"name":"Bokysee 16CH 8MP NVR Wireless 16 Channel Network Video Recorder"}]},{"@type":"WebSite","@id":"https:\/\/bokysee.com\/#website","url":"https:\/\/bokysee.com\/","name":"Bokysee Technology Co.,LTD","description":"Professional Smart Indoor and Outdoor Security Cameras Solution Supplier","potentialAction":[{"@type":"SearchAction","target":{"@type":"EntryPoint","urlTemplate":"https:\/\/bokysee.com\/?s={search_term_string}"},"query-input":{"@type":"PropertyValueSpecification","valueRequired":true,"valueName":"search_term_string"}}],"inLanguage":"es"}]}},"_links":{"self":[{"href":"https:\/\/bokysee.com\/es\/wp-json\/wp\/v2\/product\/12671","targetHints":{"allow":["GET"]}}],"collection":[{"href":"https:\/\/bokysee.com\/es\/wp-json\/wp\/v2\/product"}],"about":[{"href":"https:\/\/bokysee.com\/es\/wp-json\/wp\/v2\/types\/product"}],"version-history":[{"count":0,"href":"https:\/\/bokysee.com\/es\/wp-json\/wp\/v2\/product\/12671\/revisions"}],"wp:featuredmedia":[{"embeddable":true,"href":"https:\/\/bokysee.com\/es\/wp-json\/wp\/v2\/media\/12584"}],"wp:attachment":[{"href":"https:\/\/bokysee.com\/es\/wp-json\/wp\/v2\/media?parent=12671"}],"wp:term":[{"taxonomy":"product_brand","embeddable":true,"href":"https:\/\/bokysee.com\/es\/wp-json\/wp\/v2\/product_brand?post=12671"},{"taxonomy":"product_cat","embeddable":true,"href":"https:\/\/bokysee.com\/es\/wp-json\/wp\/v2\/product_cat?post=12671"},{"taxonomy":"product_tag","embeddable":true,"href":"https:\/\/bokysee.com\/es\/wp-json\/wp\/v2\/product_tag?post=12671"}],"curies":[{"name":"wp","href":"https:\/\/api.w.org\/{rel}","templated":true}]}}