{"id":1262,"date":"2023-04-11T08:12:39","date_gmt":"2023-04-11T08:12:39","guid":{"rendered":"https:\/\/bokysee.com\/?post_type=product&#038;p=1262"},"modified":"2023-04-11T08:18:01","modified_gmt":"2023-04-11T08:18:01","slug":"4-5-double-lens-8mp-4k-ptz-speed-wifi-camera-good-price-8x-zoom-human-tracking-zoom-outdoor-ip-ptz-camera","status":"publish","type":"product","link":"https:\/\/bokysee.com\/es\/products\/4-5-double-lens-8mp-4k-ptz-speed-wifi-camera-good-price-8x-zoom-human-tracking-zoom-outdoor-ip-ptz-camera\/","title":{"rendered":"C\u00e1mara IP PTZ de 4,5\u2033, doble lente, 8 MP, 4K, WiFi, buen precio, zoom 8X, seguimiento humano, para exteriores"},"content":{"rendered":"<p><strong>C\u00e1mara IP PTZ de 4,5\u2033, doble lente, 8 MP, 4K, WiFi, buen precio, zoom 8X, seguimiento humano, para exteriores<\/strong><\/p>\n<p>Opci\u00f3n de resoluci\u00f3n de 8MP y 4MP<br \/>\nDetecci\u00f3n humana mediante IA<br \/>\nAlarma de luz policial roja y azul<br \/>\nSeguimiento autom\u00e1tico en movimiento<br \/>\nSistema de c\u00e1mara de doble lente de 2,8 mm + 12 mm<br \/>\nCambie el zoom digital de 1X a 8X al instante<br \/>\nVisi\u00f3n diurna m\u00e1xima de 100 metros<br \/>\nVisi\u00f3n nocturna en blanco y negro de 10 a 50 metros<br \/>\nCapacidad mejorada de penetraci\u00f3n de antena dual<br \/>\nPanor\u00e1mica de 300 grados \/ Inclinaci\u00f3n de 100 grados<br \/>\nAudio bidireccional Habla en tiempo real<br \/>\nFunci\u00f3n de detecci\u00f3n de movimiento y tono de alarma<br \/>\nConexi\u00f3n WiFi y por cable de 2,4 GHz en dos modos<br \/>\nAcceso al modo de punto de acceso AP<br \/>\nResistente al agua IP66. Uso en exteriores.<br \/>\nRanura para tarjeta TF compatible con m\u00e1ximo 128 GB.<br \/>\nAlmacenamiento en la nube con seguridad de cifrado<br \/>\nVer de forma remota a trav\u00e9s de la aplicaci\u00f3n iCSee en el tel\u00e9fono inteligente<\/p>\n<table style=\"border-collapse: collapse; width: 611.27pt;\" border=\"0\" width=\"815\" cellspacing=\"0\" cellpadding=\"0\">\n<tbody>\n<tr style=\"height: 27.00pt;\">\n<td class=\"et2\" style=\"height: 27.00pt; width: 75.75pt;\" width=\"101\" height=\"36\">Modelo<\/td>\n<td class=\"et2\" style=\"width: 158.25pt;\" width=\"211\">BK-DL04D8MP<\/td>\n<td class=\"et3\" style=\"width: 377.25pt;\" width=\"503\">BK-DL04D4MP<\/td>\n<\/tr>\n<tr style=\"height: 25.00pt;\">\n<td class=\"et4\" style=\"height: 25.00pt; width: 75.75pt;\" width=\"101\" height=\"33\">control maestro<\/td>\n<td class=\"et5\">DSP de 32 bits de doble n\u00facleo (NT98566)<\/td>\n<td class=\"et6\">DSP de 32 bits de doble n\u00facleo (XM650V200)<\/td>\n<\/tr>\n<tr style=\"height: 32.00pt;\">\n<td class=\"et4\" style=\"height: 32.00pt; width: 75.75pt;\" width=\"101\" height=\"42\">sensor<\/td>\n<td class=\"et7\" style=\"width: 158.25pt;\" width=\"211\">Dos sensores CMOS de alto rendimiento de 4 millones de 1\/3\u201d<\/td>\n<td class=\"et6\">Dos sensores CMOS de alto rendimiento SC2336 de 2 millones de 1\/3\u201d<\/td>\n<\/tr>\n<tr style=\"height: 38.00pt;\">\n<td class=\"et4\" style=\"height: 38.00pt; width: 75.75pt;\" width=\"101\" height=\"50\">Iluminaci\u00f3n m\u00ednima<\/td>\n<td class=\"et8\" style=\"width: 535.50pt;\" colspan=\"2\" width=\"714\">Color: 0,01 Lux a (F1.2, AGC activado); 0 Lux con IR<span class=\"font2\">\uff1b<\/span><span class=\"font1\"><br \/>\nBlanco y negro: 0,001 Lux a (F1.2, AGC activado), 0 Lux con IR<\/span><\/td>\n<\/tr>\n<tr style=\"height: 25.00pt;\">\n<td class=\"et4\" style=\"height: 25.00pt; width: 75.75pt;\" width=\"101\" height=\"33\">obturador<\/td>\n<td class=\"et10\" colspan=\"2\">1\/50 (1\/60) de segundo a 1\/10000 de segundo<\/td>\n<\/tr>\n<tr style=\"height: 25.00pt;\">\n<td class=\"et4\" style=\"height: 25.00pt; width: 75.75pt;\" width=\"101\" height=\"33\">distancia focal<\/td>\n<td class=\"et10\" colspan=\"2\">F1.4*3.6MM+F1.4*12MM<\/td>\n<\/tr>\n<tr style=\"height: 25.00pt;\">\n<td class=\"et4\" style=\"height: 25.00pt; width: 75.75pt;\" width=\"101\" height=\"33\">reducci\u00f3n de ruido<\/td>\n<td class=\"et10\" colspan=\"2\">Admite reducci\u00f3n de ruido 2D\/3D<\/td>\n<\/tr>\n<tr style=\"height: 25.00pt;\">\n<td class=\"et4\" style=\"height: 25.00pt; width: 75.75pt;\" width=\"101\" height=\"33\">Formato de v\u00eddeo<\/td>\n<td class=\"et10\" colspan=\"2\">H.265AI<\/td>\n<\/tr>\n<tr style=\"height: 25.00pt;\">\n<td class=\"et4\" style=\"height: 25.00pt; width: 75.75pt;\" width=\"101\" height=\"33\">poder de resoluci\u00f3n<\/td>\n<td class=\"et10\">Flujo de c\u00f3digo principal: 2560 * 1440; Flujo secundario: 800 * 448<\/td>\n<td class=\"et11\">Flujo de c\u00f3digo principal: 1920 * 1080; Flujo secundario: 800 * 448<\/td>\n<\/tr>\n<tr style=\"height: 25.00pt;\">\n<td class=\"et4\" style=\"height: 25.00pt; width: 75.75pt;\" width=\"101\" height=\"33\">Velocidad de cuadros<\/td>\n<td class=\"et8\" style=\"width: 535.50pt;\" colspan=\"2\" width=\"714\">12 fps<\/td>\n<\/tr>\n<tr style=\"height: 25.00pt;\">\n<td class=\"et4\" style=\"height: 25.00pt; width: 75.75pt;\" width=\"101\" height=\"33\">An\u00e1lisis inteligente<\/td>\n<td class=\"et8\" style=\"width: 535.50pt;\" colspan=\"2\" width=\"714\">Admite detecci\u00f3n de forma humana<\/td>\n<\/tr>\n<tr style=\"height: 25.00pt;\">\n<td class=\"et4\" style=\"height: 25.00pt; width: 75.75pt;\" width=\"101\" height=\"33\">Funci\u00f3n de seguimiento<\/td>\n<td class=\"et12\" style=\"width: 535.50pt; border-right: 1.0pt solid #000000;\" colspan=\"2\" width=\"714\">Admite seguimiento de zoom con forma humana<\/td>\n<\/tr>\n<tr style=\"height: 25.00pt;\">\n<td class=\"et4\" style=\"height: 25.00pt; width: 75.75pt;\" width=\"101\" height=\"33\">fuente de luz<\/td>\n<td class=\"et8\" style=\"width: 535.50pt;\" colspan=\"2\" width=\"714\">6 infrarrojos + 6 luces blancas<\/td>\n<\/tr>\n<tr style=\"height: 25.00pt;\">\n<td class=\"et4\" style=\"height: 25.00pt; width: 75.75pt;\" width=\"101\" height=\"33\">Modo claro<\/td>\n<td class=\"et8\" style=\"width: 535.50pt;\" colspan=\"2\" width=\"714\">Luz de estrellas a todo color\/visi\u00f3n nocturna infrarroja\/advertencia de luz dual<\/td>\n<\/tr>\n<tr style=\"height: 25.00pt;\">\n<td class=\"et4\" style=\"height: 25.00pt; width: 75.75pt;\" width=\"101\" height=\"33\">Funci\u00f3n de zoom<\/td>\n<td class=\"et12\" style=\"width: 535.50pt; border-right: 1.0pt solid #000000;\" colspan=\"2\" width=\"714\">Zoom digital h\u00edbrido de 8x<\/td>\n<\/tr>\n<tr style=\"height: 31.00pt;\">\n<td class=\"et4\" style=\"height: 31.00pt; width: 75.75pt;\" width=\"101\" height=\"41\">Funci\u00f3n de reproducci\u00f3n<\/td>\n<td class=\"et8\" style=\"width: 158.25pt;\" width=\"211\">No se admite el zoom de reproducci\u00f3n<\/td>\n<td class=\"et9\" style=\"width: 377.25pt;\" width=\"503\">Admite zoom de reproducci\u00f3n<\/td>\n<\/tr>\n<tr style=\"height: 25.00pt;\">\n<td class=\"et4\" style=\"height: 25.00pt; width: 75.75pt;\" width=\"101\" height=\"33\">Voz bidireccional<\/td>\n<td class=\"et10\" colspan=\"2\">sostener<\/td>\n<\/tr>\n<tr style=\"height: 25.00pt;\">\n<td class=\"et4\" style=\"height: 25.00pt; width: 75.75pt;\" width=\"101\" height=\"33\">almacenamiento en la nube<\/td>\n<td class=\"et10\" colspan=\"2\">sostener<\/td>\n<\/tr>\n<tr style=\"height: 25.00pt;\">\n<td class=\"et4\" style=\"height: 25.00pt; width: 75.75pt;\" width=\"101\" height=\"33\">Acuerdo de soporte<\/td>\n<td class=\"et8\" style=\"width: 535.50pt;\" colspan=\"2\" width=\"714\">Admite el protocolo NETIP y el protocolo ONVIF<\/td>\n<\/tr>\n<tr style=\"height: 25.00pt;\">\n<td class=\"et4\" style=\"height: 25.00pt; width: 75.75pt;\" width=\"101\" height=\"33\">interfaz de red<\/td>\n<td class=\"et10\" colspan=\"2\">Puerto Ethernet adaptable de 10M\/100M<\/td>\n<\/tr>\n<tr style=\"height: 25.00pt;\">\n<td class=\"et4\" style=\"height: 25.00pt; width: 75.75pt;\" width=\"101\" height=\"33\">Interfaz de almacenamiento<\/td>\n<td class=\"et10\" colspan=\"2\">Tarjeta TF local (hasta 256G)<\/td>\n<\/tr>\n<tr style=\"height: 25.00pt;\">\n<td class=\"et4\" style=\"height: 25.00pt; width: 75.75pt;\" width=\"101\" height=\"33\">Interfaz de tecla de reinicio<\/td>\n<td class=\"et14\" style=\"border-right: 1.0pt solid #000000;\" colspan=\"2\">Admite recuperaci\u00f3n con un solo clic<\/td>\n<\/tr>\n<tr style=\"height: 25.00pt;\">\n<td class=\"et4\" style=\"height: 25.00pt; width: 75.75pt;\" width=\"101\" height=\"33\">Est\u00e1ndar inal\u00e1mbrico<\/td>\n<td class=\"et10\" colspan=\"2\">IEEE802.11b, 802.11g, 802.11n<\/td>\n<\/tr>\n<tr style=\"height: 25.00pt;\">\n<td class=\"et4\" style=\"height: 25.00pt; width: 75.75pt;\" width=\"101\" height=\"33\">rango de frecuencia<\/td>\n<td class=\"et10\" colspan=\"2\">2,4 GHz ~ 2,4835 GHz<\/td>\n<\/tr>\n<tr style=\"height: 25.00pt;\">\n<td class=\"et4\" style=\"height: 25.00pt; width: 75.75pt;\" width=\"101\" height=\"33\">desperdicio de energ\u00eda<\/td>\n<td class=\"et10\" colspan=\"2\">9W<\/td>\n<\/tr>\n<tr style=\"height: 25.00pt;\">\n<td class=\"et4\" style=\"height: 25.00pt; width: 75.75pt;\" width=\"101\" height=\"33\">Tama\u00f1o del producto<\/td>\n<td class=\"et10\" colspan=\"2\">168*118*205 mm<\/td>\n<\/tr>\n<tr style=\"height: 25.00pt;\">\n<td class=\"et4\" style=\"height: 25.00pt; width: 75.75pt;\" width=\"101\" height=\"33\">Tama\u00f1o de la caja de color<\/td>\n<td class=\"et10\" colspan=\"2\">220*130*223 mm<\/td>\n<\/tr>\n<tr style=\"height: 25.00pt;\">\n<td class=\"et4\" style=\"height: 25.00pt; width: 75.75pt;\" width=\"101\" height=\"33\">temperatura<\/td>\n<td class=\"et10\" colspan=\"2\">Cero 10 \u00b0 C - 60 \u00b0 C, humedad inferior a 90% [sin condensaci\u00f3n]<\/td>\n<\/tr>\n<tr style=\"height: 25.00pt;\">\n<td class=\"et4\" style=\"height: 25.00pt; width: 75.75pt;\" width=\"101\" height=\"33\">Fuente de alimentaci\u00f3n<\/td>\n<td class=\"et10\" colspan=\"2\">CC 12 V \u00b1 10%<\/td>\n<\/tr>\n<tr style=\"height: 25.00pt;\">\n<td class=\"et17\" style=\"height: 25.00pt; width: 75.75pt;\" width=\"101\" height=\"33\">peso<\/td>\n<td class=\"et18\" colspan=\"2\">Peso neto: 750 g Peso bruto: 900 g (Nota: producto real)<\/td>\n<\/tr>\n<\/tbody>\n<\/table>\n<p>&nbsp;<\/p>","protected":false},"excerpt":{"rendered":"<p>C\u00e1mara PTZ de 4,5\u2033 con doble lente y zoom de seguimiento humano de 8X:<br \/>\n1. Resoluci\u00f3n: 4K\/2.5K<br \/>\n2. DSP de 32 bits de doble n\u00facleo (NT98566), compresi\u00f3n pura, vigilancia<br \/>\n3. Lentes duales: lente Starlight F1.4, 2,8 mm + 12 mm<br \/>\n4. Luces duales: 6 luces blancas + 6 infrarrojas<br \/>\n5. Vista previa en pantalla dual, vista previa de imagen en imagen<br \/>\n6. Seguimiento humano con zoom de 8X<br \/>\n7. La posici\u00f3n preestablecida de la aplicaci\u00f3n admite zoom continuo, preajuste y seguimiento.<br \/>\n8. Al ver desde lejos, la imagen en imagen se muestra autom\u00e1ticamente.<br \/>\n9. Admite tarjeta de memoria de 128G y almacenamiento en la nube.<\/p>","protected":false},"featured_media":1263,"template":"","meta":[],"product_brand":[],"product_cat":[27],"product_tag":[53,54],"class_list":{"0":"post-1262","1":"product","2":"type-product","3":"status-publish","4":"has-post-thumbnail","6":"product_cat-dual-lens-wifi-camera","7":"product_tag-moving-auto-tracking-cameras","8":"product_tag-red-blue-police-light-alarm","10":"first","11":"instock","12":"shipping-taxable","13":"product-type-simple"},"acf":[],"yoast_head":"<!-- This site is optimized with the Yoast SEO Premium plugin v20.2.1 (Yoast SEO v26.1.1) - https:\/\/yoast.com\/wordpress\/plugins\/seo\/ -->\n<title>4.5&quot; Double Lens 8MP 4K PTZ Speed WiFi Camera Good Price 8X Zoom Human Tracking Zoom Outdoor IP PTZ Camera - Bokysee Technology Co.,LTD<\/title>\n<meta name=\"description\" content=\"8MP 4K Wifi Camera Outdoor Waterproof IP Camera With Anti-theft Siren Alarm Dual Lens 8X Zoom PTZ Speed Dome Camera Ai Auto Tracking CCTV Surveillance Camera\" \/>\n<meta name=\"robots\" content=\"index, follow, max-snippet:-1, max-image-preview:large, max-video-preview:-1\" \/>\n<link rel=\"canonical\" href=\"https:\/\/bokysee.com\/es\/products\/4-5-double-lens-8mp-4k-ptz-speed-wifi-camera-good-price-8x-zoom-human-tracking-zoom-outdoor-ip-ptz-camera\/\" \/>\n<meta property=\"og:locale\" content=\"es_ES\" \/>\n<meta property=\"og:type\" content=\"article\" \/>\n<meta property=\"og:title\" content=\"4.5&quot; Double Lens 8MP 4K PTZ Speed WiFi Camera Good Price 8X Zoom Human Tracking Zoom Outdoor IP PTZ Camera\" \/>\n<meta property=\"og:description\" content=\"8MP 4K Wifi Camera Outdoor Waterproof IP Camera With Anti-theft Siren Alarm Dual Lens 8X Zoom PTZ Speed Dome Camera Ai Auto Tracking CCTV Surveillance Camera\" \/>\n<meta property=\"og:url\" content=\"https:\/\/bokysee.com\/es\/products\/4-5-double-lens-8mp-4k-ptz-speed-wifi-camera-good-price-8x-zoom-human-tracking-zoom-outdoor-ip-ptz-camera\/\" \/>\n<meta property=\"og:site_name\" content=\"Bokysee Technology Co.,LTD\" \/>\n<meta property=\"article:modified_time\" content=\"2023-04-11T08:18:01+00:00\" \/>\n<meta property=\"og:image\" content=\"https:\/\/bokysee.com\/wp-content\/uploads\/2023\/04\/BK-DL04D-1.jpg\" \/>\n\t<meta property=\"og:image:width\" content=\"800\" \/>\n\t<meta property=\"og:image:height\" content=\"800\" \/>\n\t<meta property=\"og:image:type\" content=\"image\/jpeg\" \/>\n<meta name=\"twitter:card\" content=\"summary_large_image\" \/>\n<meta name=\"twitter:label1\" content=\"Tiempo de lectura\" \/>\n\t<meta name=\"twitter:data1\" content=\"2 minutos\" \/>\n<script type=\"application\/ld+json\" class=\"yoast-schema-graph\">{\"@context\":\"https:\/\/schema.org\",\"@graph\":[{\"@type\":\"WebPage\",\"@id\":\"https:\/\/bokysee.com\/products\/4-5-double-lens-8mp-4k-ptz-speed-wifi-camera-good-price-8x-zoom-human-tracking-zoom-outdoor-ip-ptz-camera\/\",\"url\":\"https:\/\/bokysee.com\/products\/4-5-double-lens-8mp-4k-ptz-speed-wifi-camera-good-price-8x-zoom-human-tracking-zoom-outdoor-ip-ptz-camera\/\",\"name\":\"4.5\\\" Double Lens 8MP 4K PTZ Speed WiFi Camera Good Price 8X Zoom Human Tracking Zoom Outdoor IP PTZ Camera - Bokysee Technology Co.,LTD\",\"isPartOf\":{\"@id\":\"https:\/\/bokysee.com\/#website\"},\"primaryImageOfPage\":{\"@id\":\"https:\/\/bokysee.com\/products\/4-5-double-lens-8mp-4k-ptz-speed-wifi-camera-good-price-8x-zoom-human-tracking-zoom-outdoor-ip-ptz-camera\/#primaryimage\"},\"image\":{\"@id\":\"https:\/\/bokysee.com\/products\/4-5-double-lens-8mp-4k-ptz-speed-wifi-camera-good-price-8x-zoom-human-tracking-zoom-outdoor-ip-ptz-camera\/#primaryimage\"},\"thumbnailUrl\":\"https:\/\/bokysee.com\/wp-content\/uploads\/2023\/04\/BK-DL04D-1.jpg\",\"datePublished\":\"2023-04-11T08:12:39+00:00\",\"dateModified\":\"2023-04-11T08:18:01+00:00\",\"description\":\"8MP 4K Wifi Camera Outdoor Waterproof IP Camera With Anti-theft Siren Alarm Dual Lens 8X Zoom PTZ Speed Dome Camera Ai Auto Tracking CCTV Surveillance Camera\",\"breadcrumb\":{\"@id\":\"https:\/\/bokysee.com\/products\/4-5-double-lens-8mp-4k-ptz-speed-wifi-camera-good-price-8x-zoom-human-tracking-zoom-outdoor-ip-ptz-camera\/#breadcrumb\"},\"inLanguage\":\"es\",\"potentialAction\":[{\"@type\":\"ReadAction\",\"target\":[\"https:\/\/bokysee.com\/products\/4-5-double-lens-8mp-4k-ptz-speed-wifi-camera-good-price-8x-zoom-human-tracking-zoom-outdoor-ip-ptz-camera\/\"]}]},{\"@type\":\"ImageObject\",\"inLanguage\":\"es\",\"@id\":\"https:\/\/bokysee.com\/products\/4-5-double-lens-8mp-4k-ptz-speed-wifi-camera-good-price-8x-zoom-human-tracking-zoom-outdoor-ip-ptz-camera\/#primaryimage\",\"url\":\"https:\/\/bokysee.com\/wp-content\/uploads\/2023\/04\/BK-DL04D-1.jpg\",\"contentUrl\":\"https:\/\/bokysee.com\/wp-content\/uploads\/2023\/04\/BK-DL04D-1.jpg\",\"width\":800,\"height\":800,\"caption\":\"professional security cameras\"},{\"@type\":\"BreadcrumbList\",\"@id\":\"https:\/\/bokysee.com\/products\/4-5-double-lens-8mp-4k-ptz-speed-wifi-camera-good-price-8x-zoom-human-tracking-zoom-outdoor-ip-ptz-camera\/#breadcrumb\",\"itemListElement\":[{\"@type\":\"ListItem\",\"position\":1,\"name\":\"Home\",\"item\":\"https:\/\/bokysee.com\/\"},{\"@type\":\"ListItem\",\"position\":2,\"name\":\"Products\",\"item\":\"https:\/\/bokysee.com\/products\/\"},{\"@type\":\"ListItem\",\"position\":3,\"name\":\"4.5&#8243; Double Lens 8MP 4K PTZ Speed WiFi Camera Good Price 8X Zoom Human Tracking Zoom Outdoor IP PTZ Camera\"}]},{\"@type\":\"WebSite\",\"@id\":\"https:\/\/bokysee.com\/#website\",\"url\":\"https:\/\/bokysee.com\/\",\"name\":\"Bokysee Technology Co.,LTD\",\"description\":\"Professional Smart Indoor and Outdoor Security Cameras Solution Supplier\",\"potentialAction\":[{\"@type\":\"SearchAction\",\"target\":{\"@type\":\"EntryPoint\",\"urlTemplate\":\"https:\/\/bokysee.com\/?s={search_term_string}\"},\"query-input\":{\"@type\":\"PropertyValueSpecification\",\"valueRequired\":true,\"valueName\":\"search_term_string\"}}],\"inLanguage\":\"es\"}]}<\/script>\n<!-- \/ Yoast SEO Premium plugin. -->","yoast_head_json":{"title":"4.5\" Double Lens 8MP 4K PTZ Speed WiFi Camera Good Price 8X Zoom Human Tracking Zoom Outdoor IP PTZ Camera - Bokysee Technology Co.,LTD","description":"8MP 4K Wifi Camera Outdoor Waterproof IP Camera With Anti-theft Siren Alarm Dual Lens 8X Zoom PTZ Speed Dome Camera Ai Auto Tracking CCTV Surveillance Camera","robots":{"index":"index","follow":"follow","max-snippet":"max-snippet:-1","max-image-preview":"max-image-preview:large","max-video-preview":"max-video-preview:-1"},"canonical":"https:\/\/bokysee.com\/es\/products\/4-5-double-lens-8mp-4k-ptz-speed-wifi-camera-good-price-8x-zoom-human-tracking-zoom-outdoor-ip-ptz-camera\/","og_locale":"es_ES","og_type":"article","og_title":"4.5\" Double Lens 8MP 4K PTZ Speed WiFi Camera Good Price 8X Zoom Human Tracking Zoom Outdoor IP PTZ Camera","og_description":"8MP 4K Wifi Camera Outdoor Waterproof IP Camera With Anti-theft Siren Alarm Dual Lens 8X Zoom PTZ Speed Dome Camera Ai Auto Tracking CCTV Surveillance Camera","og_url":"https:\/\/bokysee.com\/es\/products\/4-5-double-lens-8mp-4k-ptz-speed-wifi-camera-good-price-8x-zoom-human-tracking-zoom-outdoor-ip-ptz-camera\/","og_site_name":"Bokysee Technology Co.,LTD","article_modified_time":"2023-04-11T08:18:01+00:00","og_image":[{"width":800,"height":800,"url":"https:\/\/bokysee.com\/wp-content\/uploads\/2023\/04\/BK-DL04D-1.jpg","type":"image\/jpeg"}],"twitter_card":"summary_large_image","twitter_misc":{"Tiempo de lectura":"2 minutos"},"schema":{"@context":"https:\/\/schema.org","@graph":[{"@type":"WebPage","@id":"https:\/\/bokysee.com\/products\/4-5-double-lens-8mp-4k-ptz-speed-wifi-camera-good-price-8x-zoom-human-tracking-zoom-outdoor-ip-ptz-camera\/","url":"https:\/\/bokysee.com\/products\/4-5-double-lens-8mp-4k-ptz-speed-wifi-camera-good-price-8x-zoom-human-tracking-zoom-outdoor-ip-ptz-camera\/","name":"4.5\" Double Lens 8MP 4K PTZ Speed WiFi Camera Good Price 8X Zoom Human Tracking Zoom Outdoor IP PTZ Camera - Bokysee Technology Co.,LTD","isPartOf":{"@id":"https:\/\/bokysee.com\/#website"},"primaryImageOfPage":{"@id":"https:\/\/bokysee.com\/products\/4-5-double-lens-8mp-4k-ptz-speed-wifi-camera-good-price-8x-zoom-human-tracking-zoom-outdoor-ip-ptz-camera\/#primaryimage"},"image":{"@id":"https:\/\/bokysee.com\/products\/4-5-double-lens-8mp-4k-ptz-speed-wifi-camera-good-price-8x-zoom-human-tracking-zoom-outdoor-ip-ptz-camera\/#primaryimage"},"thumbnailUrl":"https:\/\/bokysee.com\/wp-content\/uploads\/2023\/04\/BK-DL04D-1.jpg","datePublished":"2023-04-11T08:12:39+00:00","dateModified":"2023-04-11T08:18:01+00:00","description":"8MP 4K Wifi Camera Outdoor Waterproof IP Camera With Anti-theft Siren Alarm Dual Lens 8X Zoom PTZ Speed Dome Camera Ai Auto Tracking CCTV Surveillance Camera","breadcrumb":{"@id":"https:\/\/bokysee.com\/products\/4-5-double-lens-8mp-4k-ptz-speed-wifi-camera-good-price-8x-zoom-human-tracking-zoom-outdoor-ip-ptz-camera\/#breadcrumb"},"inLanguage":"es","potentialAction":[{"@type":"ReadAction","target":["https:\/\/bokysee.com\/products\/4-5-double-lens-8mp-4k-ptz-speed-wifi-camera-good-price-8x-zoom-human-tracking-zoom-outdoor-ip-ptz-camera\/"]}]},{"@type":"ImageObject","inLanguage":"es","@id":"https:\/\/bokysee.com\/products\/4-5-double-lens-8mp-4k-ptz-speed-wifi-camera-good-price-8x-zoom-human-tracking-zoom-outdoor-ip-ptz-camera\/#primaryimage","url":"https:\/\/bokysee.com\/wp-content\/uploads\/2023\/04\/BK-DL04D-1.jpg","contentUrl":"https:\/\/bokysee.com\/wp-content\/uploads\/2023\/04\/BK-DL04D-1.jpg","width":800,"height":800,"caption":"professional security cameras"},{"@type":"BreadcrumbList","@id":"https:\/\/bokysee.com\/products\/4-5-double-lens-8mp-4k-ptz-speed-wifi-camera-good-price-8x-zoom-human-tracking-zoom-outdoor-ip-ptz-camera\/#breadcrumb","itemListElement":[{"@type":"ListItem","position":1,"name":"Home","item":"https:\/\/bokysee.com\/"},{"@type":"ListItem","position":2,"name":"Products","item":"https:\/\/bokysee.com\/products\/"},{"@type":"ListItem","position":3,"name":"4.5&#8243; Double Lens 8MP 4K PTZ Speed WiFi Camera Good Price 8X Zoom Human Tracking Zoom Outdoor IP PTZ Camera"}]},{"@type":"WebSite","@id":"https:\/\/bokysee.com\/#website","url":"https:\/\/bokysee.com\/","name":"Bokysee Technology Co.,LTD","description":"Professional Smart Indoor and Outdoor Security Cameras Solution Supplier","potentialAction":[{"@type":"SearchAction","target":{"@type":"EntryPoint","urlTemplate":"https:\/\/bokysee.com\/?s={search_term_string}"},"query-input":{"@type":"PropertyValueSpecification","valueRequired":true,"valueName":"search_term_string"}}],"inLanguage":"es"}]}},"_links":{"self":[{"href":"https:\/\/bokysee.com\/es\/wp-json\/wp\/v2\/product\/1262","targetHints":{"allow":["GET"]}}],"collection":[{"href":"https:\/\/bokysee.com\/es\/wp-json\/wp\/v2\/product"}],"about":[{"href":"https:\/\/bokysee.com\/es\/wp-json\/wp\/v2\/types\/product"}],"version-history":[{"count":0,"href":"https:\/\/bokysee.com\/es\/wp-json\/wp\/v2\/product\/1262\/revisions"}],"wp:featuredmedia":[{"embeddable":true,"href":"https:\/\/bokysee.com\/es\/wp-json\/wp\/v2\/media\/1263"}],"wp:attachment":[{"href":"https:\/\/bokysee.com\/es\/wp-json\/wp\/v2\/media?parent=1262"}],"wp:term":[{"taxonomy":"product_brand","embeddable":true,"href":"https:\/\/bokysee.com\/es\/wp-json\/wp\/v2\/product_brand?post=1262"},{"taxonomy":"product_cat","embeddable":true,"href":"https:\/\/bokysee.com\/es\/wp-json\/wp\/v2\/product_cat?post=1262"},{"taxonomy":"product_tag","embeddable":true,"href":"https:\/\/bokysee.com\/es\/wp-json\/wp\/v2\/product_tag?post=1262"}],"curies":[{"name":"wp","href":"https:\/\/api.w.org\/{rel}","templated":true}]}}