{"id":1258,"date":"2023-04-11T07:52:30","date_gmt":"2023-04-11T07:52:30","guid":{"rendered":"https:\/\/bokysee.com\/?post_type=product&#038;p=1258"},"modified":"2023-04-11T08:00:21","modified_gmt":"2023-04-11T08:00:21","slug":"best-8mp-dual-lens-linkage-wifi-ptz-outdoor-security-camera-with-dual-screen-color-night-vision","status":"publish","type":"product","link":"https:\/\/bokysee.com\/es\/products\/best-8mp-dual-lens-linkage-wifi-ptz-outdoor-security-camera-with-dual-screen-color-night-vision\/","title":{"rendered":"La mejor c\u00e1mara de seguridad exterior PTZ WiFi con enlace de lente dual de 8 MP y visi\u00f3n nocturna a color de pantalla dual"},"content":{"rendered":"<p>La mejor c\u00e1mara de seguridad exterior PTZ WiFi con enlace de lente dual de 8 MP y visi\u00f3n nocturna a color de pantalla dual<\/p>\n<p>\u25cf Opci\u00f3n de resoluci\u00f3n de 8MP y 4MP<br \/>\n\u25cf Lente dual con pantalla dual<br \/>\n\u25cf Alarma de detecci\u00f3n humana con IA<br \/>\n\u25cf Sistema de c\u00e1mara de doble lente de 3,6 mm + 12 mm<br \/>\n\u25cf Cambie el zoom digital de 1X a 8X al instante<br \/>\n\u25cf Visi\u00f3n diurna m\u00e1xima de 100 metros<br \/>\n\u25cf Visi\u00f3n nocturna en blanco y negro de 10 a 50 metros<br \/>\n\u25cf Capacidad de penetraci\u00f3n de antena dual mejorada<br \/>\n\u25cf Panor\u00e1mica de 300 grados \/ Inclinaci\u00f3n de 100 grados<br \/>\n\u25cf Audio bidireccional Habla en tiempo real<br \/>\n\u25cf Funci\u00f3n de detecci\u00f3n de movimiento y tono de alarma<br \/>\n\u25cf Conexi\u00f3n WiFi y por cable de 2,4 Ghz en dos modos<br \/>\n\u25cf Acceso al modo de punto de acceso AP<br \/>\n\u25cf Resistente al agua IP66. Uso en exteriores.<br \/>\n\u25cf Ranura para tarjeta TF compatible con un m\u00e1ximo de 128 GB.<br \/>\n\u25cf Almacenamiento en la nube con seguridad cifrada<br \/>\n\u25cf Visualizaci\u00f3n remota a trav\u00e9s de la aplicaci\u00f3n iCSee en el tel\u00e9fono inteligente<\/p>\n<table style=\"border-collapse: collapse; width: 619.52pt;\" border=\"0\" width=\"826\" cellspacing=\"0\" cellpadding=\"0\">\n<tbody>\n<tr style=\"height: 25.00pt;\">\n<td class=\"et3\" style=\"height: 25.00pt; width: 116.65pt;\" width=\"155\" height=\"33\">Modelo<\/td>\n<td class=\"et3\" style=\"width: 503.05pt;\" colspan=\"2\" width=\"670\">BK-DL13D (conexi\u00f3n de c\u00e1mara dual + m\u00e1quina de bolas)<span class=\"font3\">)<\/span><\/td>\n<\/tr>\n<tr style=\"height: 25.00pt;\">\n<td class=\"et5\" style=\"height: 25.00pt; width: 116.65pt;\" width=\"155\" height=\"33\">control maestro<\/td>\n<td class=\"et6\" colspan=\"2\">DSP de 32 bits de doble n\u00facleo (XM650V200), compresi\u00f3n pura, vigilancia<\/td>\n<\/tr>\n<tr style=\"height: 25.00pt;\">\n<td class=\"et5\" style=\"height: 25.00pt; width: 116.65pt;\" width=\"155\" height=\"33\">sensor<\/td>\n<td class=\"et6\" colspan=\"2\">Dos sensores CMOS de alto rendimiento SC233A de 2 millones de 1\/2,8\u201d<\/td>\n<\/tr>\n<tr style=\"height: 35.00pt;\">\n<td class=\"et5\" style=\"height: 35.00pt; width: 116.65pt;\" width=\"155\" height=\"46\">Iluminaci\u00f3n m\u00ednima<\/td>\n<td class=\"et8\" style=\"width: 503.05pt;\" colspan=\"2\" width=\"670\">Color: 0,01 Lux a (F1.2, AGC activado); 0 Lux con IR<span class=\"font3\">\uff1b<\/span><span class=\"font2\"><br \/>\nBlanco y negro: 0,001 Lux a (F1.2, AGC activado), 0 Lux con IR<\/span><\/td>\n<\/tr>\n<tr style=\"height: 25.00pt;\">\n<td class=\"et5\" style=\"height: 25.00pt; width: 116.65pt;\" width=\"155\" height=\"33\">obturador<\/td>\n<td class=\"et10\" colspan=\"2\">1\/50(1\/60)<span class=\"font3\">S-<\/span><span class=\"font2\">1\/10000<\/span><span class=\"font3\">S<\/span><\/td>\n<\/tr>\n<tr style=\"height: 25.00pt;\">\n<td class=\"et5\" style=\"height: 25.00pt; width: 116.65pt;\" width=\"155\" height=\"33\">distancia local<\/td>\n<td class=\"et10\" colspan=\"2\">F1.4*3.6MM+F1.4*6MM<\/td>\n<\/tr>\n<tr style=\"height: 25.00pt;\">\n<td class=\"et5\" style=\"height: 25.00pt; width: 116.65pt;\" width=\"155\" height=\"33\">reducci\u00f3n de ruido<\/td>\n<td class=\"et10\" colspan=\"2\">Admite reducci\u00f3n de ruido 2D\/3D<\/td>\n<\/tr>\n<tr style=\"height: 25.00pt;\">\n<td class=\"et5\" style=\"height: 25.00pt; width: 116.65pt;\" width=\"155\" height=\"33\">Formato de v\u00eddeo<\/td>\n<td class=\"et10\" colspan=\"2\">H.265AI<\/td>\n<\/tr>\n<tr style=\"height: 25.00pt;\">\n<td class=\"et5\" style=\"height: 25.00pt; width: 116.65pt;\" width=\"155\" height=\"33\">poder de resoluci\u00f3n<\/td>\n<td class=\"et10\" colspan=\"2\">Resoluci\u00f3n principal: 1920 * 2160; Subresoluci\u00f3n: 800 * 896<\/td>\n<\/tr>\n<tr style=\"height: 25.00pt;\">\n<td class=\"et5\" style=\"height: 25.00pt; width: 116.65pt;\" width=\"155\" height=\"33\">Velocidad de cuadros<\/td>\n<td class=\"et8\" style=\"width: 503.05pt;\" colspan=\"2\" width=\"670\">12 fps<\/td>\n<\/tr>\n<tr style=\"height: 25.00pt;\">\n<td class=\"et5\" style=\"height: 25.00pt; width: 116.65pt;\" width=\"155\" height=\"33\">An\u00e1lisis inteligente<\/td>\n<td class=\"et8\" style=\"width: 503.05pt;\" colspan=\"2\" width=\"670\">Admite detecci\u00f3n de forma humana<\/td>\n<\/tr>\n<tr style=\"height: 25.00pt;\">\n<td class=\"et5\" style=\"height: 25.00pt; width: 116.65pt;\" width=\"155\" height=\"33\">Funci\u00f3n de seguimiento<\/td>\n<td class=\"et8\" style=\"width: 503.05pt;\" colspan=\"2\" width=\"670\">Admite seguimiento de la forma humana<\/td>\n<\/tr>\n<tr style=\"height: 25.00pt;\">\n<td class=\"et5\" style=\"height: 25.00pt; width: 116.65pt;\" width=\"155\" height=\"33\">fuente de luz<\/td>\n<td class=\"et14\" style=\"width: 503.05pt; border-right: 1.0pt solid #000000;\" colspan=\"2\" width=\"670\">11 infrarrojos + 12 luz blanca<\/td>\n<\/tr>\n<tr style=\"height: 25.00pt;\">\n<td class=\"et5\" style=\"height: 25.00pt; width: 116.65pt;\" width=\"155\" height=\"33\">Modo claro<\/td>\n<td class=\"et8\" style=\"width: 503.05pt;\" colspan=\"2\" width=\"670\">Luz de estrellas a todo color\/visi\u00f3n nocturna infrarroja\/advertencia de luz dual<\/td>\n<\/tr>\n<tr style=\"height: 25.00pt;\">\n<td class=\"et5\" style=\"height: 25.00pt; width: 116.65pt;\" width=\"155\" height=\"33\">Voz bidireccional<\/td>\n<td class=\"et10\" colspan=\"2\">sostener<\/td>\n<\/tr>\n<tr style=\"height: 25.00pt;\">\n<td class=\"et5\" style=\"height: 25.00pt; width: 116.65pt;\" width=\"155\" height=\"33\">almacenamiento en la nube<\/td>\n<td class=\"et10\" colspan=\"2\">sostener<\/td>\n<\/tr>\n<tr style=\"height: 25.00pt;\">\n<td class=\"et5\" style=\"height: 25.00pt; width: 116.65pt;\" width=\"155\" height=\"33\">Acuerdo de soporte<\/td>\n<td class=\"et8\" style=\"width: 503.05pt;\" colspan=\"2\" width=\"670\">Admite el protocolo NETIP y el protocolo ONVIF<\/td>\n<\/tr>\n<tr style=\"height: 25.00pt;\">\n<td class=\"et5\" style=\"height: 25.00pt; width: 116.65pt;\" width=\"155\" height=\"33\">interfaz de red<\/td>\n<td class=\"et10\" colspan=\"2\">Puerto Ethernet adaptable de 10M\/100M<\/td>\n<\/tr>\n<tr style=\"height: 25.00pt;\">\n<td class=\"et5\" style=\"height: 25.00pt; width: 116.65pt;\" width=\"155\" height=\"33\">Interfaz de almacenamiento<\/td>\n<td class=\"et10\" colspan=\"2\">Tarjeta TF local (hasta 256G)<\/td>\n<\/tr>\n<tr style=\"height: 25.00pt;\">\n<td class=\"et5\" style=\"height: 25.00pt; width: 116.65pt;\" width=\"155\" height=\"33\">Interfaz de tecla de reinicio<\/td>\n<td class=\"et16\" style=\"border-right: 1.0pt solid #000000;\" colspan=\"2\">Admite recuperaci\u00f3n con un solo clic<\/td>\n<\/tr>\n<tr style=\"height: 25.00pt;\">\n<td class=\"et5\" style=\"height: 25.00pt; width: 116.65pt;\" width=\"155\" height=\"33\">Est\u00e1ndar inal\u00e1mbrico<\/td>\n<td class=\"et10\" colspan=\"2\">IEEE802.11b, 802.11g, 802.11n<\/td>\n<\/tr>\n<tr style=\"height: 25.00pt;\">\n<td class=\"et5\" style=\"height: 25.00pt; width: 116.65pt;\" width=\"155\" height=\"33\">rango de frecuencia<\/td>\n<td class=\"et10\" colspan=\"2\">2,4 GHz ~ 2,4835 GHz<\/td>\n<\/tr>\n<tr style=\"height: 25.00pt;\">\n<td class=\"et5\" style=\"height: 25.00pt; width: 116.65pt;\" width=\"155\" height=\"33\">desperdicio de energ\u00eda<\/td>\n<td class=\"et10\" colspan=\"2\">10 W<\/td>\n<\/tr>\n<tr style=\"height: 25.00pt;\">\n<td class=\"et5\" style=\"height: 25.00pt; width: 116.65pt;\" width=\"155\" height=\"33\">Tama\u00f1o del producto<\/td>\n<td class=\"et10\" colspan=\"2\">223,87 x 120,26 x 130,15 mm<\/td>\n<\/tr>\n<tr style=\"height: 25.00pt;\">\n<td class=\"et5\" style=\"height: 25.00pt; width: 116.65pt;\" width=\"155\" height=\"33\">Tama\u00f1o de la caja de color<\/td>\n<td class=\"et10\" colspan=\"2\">230*225*147 mm<\/td>\n<\/tr>\n<tr style=\"height: 25.00pt;\">\n<td class=\"et5\" style=\"height: 25.00pt; width: 116.65pt;\" width=\"155\" height=\"33\">temperatura<\/td>\n<td class=\"et10\" colspan=\"2\">Cero 10 \u00b0 C - 60 \u00b0 C, humedad inferior a 90% [sin condensaci\u00f3n]<\/td>\n<\/tr>\n<tr style=\"height: 25.00pt;\">\n<td class=\"et5\" style=\"height: 25.00pt; width: 116.65pt;\" width=\"155\" height=\"33\">Fuente de alimentaci\u00f3n<\/td>\n<td class=\"et10\" colspan=\"2\">CC 12 V \u00b1 10%<\/td>\n<\/tr>\n<\/tbody>\n<\/table>\n<p>&nbsp;<\/p>","protected":false},"excerpt":{"rendered":"<p>* DSP + Sensor: XM650V200 + SC233A.<br \/>\n* Lente dual: F1.4*3.6MM+F1.4*6MM<br \/>\n* Luces duales: 12 luces blancas + 11 infrarrojas<br \/>\n* Admite detecci\u00f3n, seguimiento y captura de forma humana.<br \/>\n* El soporte superior se puede girar manualmente para ajustar la direcci\u00f3n de monitoreo despu\u00e9s de la instalaci\u00f3n;<br \/>\n* Vista previa de pantalla dual, vista previa de imagen en imagen<br \/>\n* Admite luz dual, enlace inteligente y audio bidireccional.<br \/>\n* La posici\u00f3n preestablecida de la aplicaci\u00f3n admite zoom continuo, preajuste y seguimiento.<br \/>\n* PIR, detecci\u00f3n de movimiento, detecci\u00f3n y seguimiento de peatones.<br \/>\n* Admite reducci\u00f3n de ruido 2D\/3D y amplia din\u00e1mica digital.<br \/>\n* Tecnolog\u00eda avanzada de compresi\u00f3n de v\u00eddeo H.265AI<br \/>\n* Admite tarjeta de memoria de 128G y almacenamiento en la nube.<\/p>","protected":false},"featured_media":1259,"template":"","meta":[],"product_brand":[],"product_cat":[27],"product_tag":[52,50,51],"class_list":{"0":"post-1258","1":"product","2":"type-product","3":"status-publish","4":"has-post-thumbnail","6":"product_cat-dual-lens-wifi-camera","7":"product_tag-best-outdoor-security-cameras","8":"product_tag-dual-lens-linkage-ptz-camera","9":"product_tag-wifi-ptz-ip-camera","11":"first","12":"instock","13":"shipping-taxable","14":"product-type-simple"},"acf":[],"yoast_head":"<!-- This site is optimized with the Yoast SEO Premium plugin v20.2.1 (Yoast SEO v26.1.1) - https:\/\/yoast.com\/wordpress\/plugins\/seo\/ -->\n<title>Best 8MP Dual Lens Linkage WiFi PTZ Outdoor Security Camera with Dual Screen Color Night Vision - Bokysee Technology Co.,LTD<\/title>\n<meta name=\"description\" content=\"Best 8MP PTZ WiFi Camera Dual Screen Linkage Outdoor 4MP ICSEE App Security IP Security Camera CCTV Surveillance Camera\" \/>\n<meta name=\"robots\" content=\"index, follow, max-snippet:-1, max-image-preview:large, max-video-preview:-1\" \/>\n<link rel=\"canonical\" href=\"https:\/\/bokysee.com\/es\/products\/best-8mp-dual-lens-linkage-wifi-ptz-outdoor-security-camera-with-dual-screen-color-night-vision\/\" \/>\n<meta property=\"og:locale\" content=\"es_ES\" \/>\n<meta property=\"og:type\" content=\"article\" \/>\n<meta property=\"og:title\" content=\"Best 8MP Dual Lens Linkage WiFi PTZ Outdoor Security Camera with Dual Screen Color Night Vision\" \/>\n<meta property=\"og:description\" content=\"Best 8MP PTZ WiFi Camera Dual Screen Linkage Outdoor 4MP ICSEE App Security IP Security Camera CCTV Surveillance Camera\" \/>\n<meta property=\"og:url\" content=\"https:\/\/bokysee.com\/es\/products\/best-8mp-dual-lens-linkage-wifi-ptz-outdoor-security-camera-with-dual-screen-color-night-vision\/\" \/>\n<meta property=\"og:site_name\" content=\"Bokysee Technology Co.,LTD\" \/>\n<meta property=\"article:modified_time\" content=\"2023-04-11T08:00:21+00:00\" \/>\n<meta property=\"og:image\" content=\"https:\/\/bokysee.com\/wp-content\/uploads\/2023\/04\/BK-DL13D-1.jpg\" \/>\n\t<meta property=\"og:image:width\" content=\"800\" \/>\n\t<meta property=\"og:image:height\" content=\"800\" \/>\n\t<meta property=\"og:image:type\" content=\"image\/jpeg\" \/>\n<meta name=\"twitter:card\" content=\"summary_large_image\" \/>\n<meta name=\"twitter:label1\" content=\"Tiempo de lectura\" \/>\n\t<meta name=\"twitter:data1\" content=\"2 minutos\" \/>\n<script type=\"application\/ld+json\" class=\"yoast-schema-graph\">{\"@context\":\"https:\/\/schema.org\",\"@graph\":[{\"@type\":\"WebPage\",\"@id\":\"https:\/\/bokysee.com\/products\/best-8mp-dual-lens-linkage-wifi-ptz-outdoor-security-camera-with-dual-screen-color-night-vision\/\",\"url\":\"https:\/\/bokysee.com\/products\/best-8mp-dual-lens-linkage-wifi-ptz-outdoor-security-camera-with-dual-screen-color-night-vision\/\",\"name\":\"Best 8MP Dual Lens Linkage WiFi PTZ Outdoor Security Camera with Dual Screen Color Night Vision - Bokysee Technology Co.,LTD\",\"isPartOf\":{\"@id\":\"https:\/\/bokysee.com\/#website\"},\"primaryImageOfPage\":{\"@id\":\"https:\/\/bokysee.com\/products\/best-8mp-dual-lens-linkage-wifi-ptz-outdoor-security-camera-with-dual-screen-color-night-vision\/#primaryimage\"},\"image\":{\"@id\":\"https:\/\/bokysee.com\/products\/best-8mp-dual-lens-linkage-wifi-ptz-outdoor-security-camera-with-dual-screen-color-night-vision\/#primaryimage\"},\"thumbnailUrl\":\"https:\/\/bokysee.com\/wp-content\/uploads\/2023\/04\/BK-DL13D-1.jpg\",\"datePublished\":\"2023-04-11T07:52:30+00:00\",\"dateModified\":\"2023-04-11T08:00:21+00:00\",\"description\":\"Best 8MP PTZ WiFi Camera Dual Screen Linkage Outdoor 4MP ICSEE App Security IP Security Camera CCTV Surveillance Camera\",\"breadcrumb\":{\"@id\":\"https:\/\/bokysee.com\/products\/best-8mp-dual-lens-linkage-wifi-ptz-outdoor-security-camera-with-dual-screen-color-night-vision\/#breadcrumb\"},\"inLanguage\":\"es\",\"potentialAction\":[{\"@type\":\"ReadAction\",\"target\":[\"https:\/\/bokysee.com\/products\/best-8mp-dual-lens-linkage-wifi-ptz-outdoor-security-camera-with-dual-screen-color-night-vision\/\"]}]},{\"@type\":\"ImageObject\",\"inLanguage\":\"es\",\"@id\":\"https:\/\/bokysee.com\/products\/best-8mp-dual-lens-linkage-wifi-ptz-outdoor-security-camera-with-dual-screen-color-night-vision\/#primaryimage\",\"url\":\"https:\/\/bokysee.com\/wp-content\/uploads\/2023\/04\/BK-DL13D-1.jpg\",\"contentUrl\":\"https:\/\/bokysee.com\/wp-content\/uploads\/2023\/04\/BK-DL13D-1.jpg\",\"width\":800,\"height\":800,\"caption\":\"wireless outdoor security cameras\"},{\"@type\":\"BreadcrumbList\",\"@id\":\"https:\/\/bokysee.com\/products\/best-8mp-dual-lens-linkage-wifi-ptz-outdoor-security-camera-with-dual-screen-color-night-vision\/#breadcrumb\",\"itemListElement\":[{\"@type\":\"ListItem\",\"position\":1,\"name\":\"Home\",\"item\":\"https:\/\/bokysee.com\/\"},{\"@type\":\"ListItem\",\"position\":2,\"name\":\"Products\",\"item\":\"https:\/\/bokysee.com\/products\/\"},{\"@type\":\"ListItem\",\"position\":3,\"name\":\"Best 8MP Dual Lens Linkage WiFi PTZ Outdoor Security Camera with Dual Screen Color Night Vision\"}]},{\"@type\":\"WebSite\",\"@id\":\"https:\/\/bokysee.com\/#website\",\"url\":\"https:\/\/bokysee.com\/\",\"name\":\"Bokysee Technology Co.,LTD\",\"description\":\"Professional Smart Indoor and Outdoor Security Cameras Solution Supplier\",\"potentialAction\":[{\"@type\":\"SearchAction\",\"target\":{\"@type\":\"EntryPoint\",\"urlTemplate\":\"https:\/\/bokysee.com\/?s={search_term_string}\"},\"query-input\":{\"@type\":\"PropertyValueSpecification\",\"valueRequired\":true,\"valueName\":\"search_term_string\"}}],\"inLanguage\":\"es\"}]}<\/script>\n<!-- \/ Yoast SEO Premium plugin. -->","yoast_head_json":{"title":"Best 8MP Dual Lens Linkage WiFi PTZ Outdoor Security Camera with Dual Screen Color Night Vision - Bokysee Technology Co.,LTD","description":"Best 8MP PTZ WiFi Camera Dual Screen Linkage Outdoor 4MP ICSEE App Security IP Security Camera CCTV Surveillance Camera","robots":{"index":"index","follow":"follow","max-snippet":"max-snippet:-1","max-image-preview":"max-image-preview:large","max-video-preview":"max-video-preview:-1"},"canonical":"https:\/\/bokysee.com\/es\/products\/best-8mp-dual-lens-linkage-wifi-ptz-outdoor-security-camera-with-dual-screen-color-night-vision\/","og_locale":"es_ES","og_type":"article","og_title":"Best 8MP Dual Lens Linkage WiFi PTZ Outdoor Security Camera with Dual Screen Color Night Vision","og_description":"Best 8MP PTZ WiFi Camera Dual Screen Linkage Outdoor 4MP ICSEE App Security IP Security Camera CCTV Surveillance Camera","og_url":"https:\/\/bokysee.com\/es\/products\/best-8mp-dual-lens-linkage-wifi-ptz-outdoor-security-camera-with-dual-screen-color-night-vision\/","og_site_name":"Bokysee Technology Co.,LTD","article_modified_time":"2023-04-11T08:00:21+00:00","og_image":[{"width":800,"height":800,"url":"https:\/\/bokysee.com\/wp-content\/uploads\/2023\/04\/BK-DL13D-1.jpg","type":"image\/jpeg"}],"twitter_card":"summary_large_image","twitter_misc":{"Tiempo de lectura":"2 minutos"},"schema":{"@context":"https:\/\/schema.org","@graph":[{"@type":"WebPage","@id":"https:\/\/bokysee.com\/products\/best-8mp-dual-lens-linkage-wifi-ptz-outdoor-security-camera-with-dual-screen-color-night-vision\/","url":"https:\/\/bokysee.com\/products\/best-8mp-dual-lens-linkage-wifi-ptz-outdoor-security-camera-with-dual-screen-color-night-vision\/","name":"Best 8MP Dual Lens Linkage WiFi PTZ Outdoor Security Camera with Dual Screen Color Night Vision - Bokysee Technology Co.,LTD","isPartOf":{"@id":"https:\/\/bokysee.com\/#website"},"primaryImageOfPage":{"@id":"https:\/\/bokysee.com\/products\/best-8mp-dual-lens-linkage-wifi-ptz-outdoor-security-camera-with-dual-screen-color-night-vision\/#primaryimage"},"image":{"@id":"https:\/\/bokysee.com\/products\/best-8mp-dual-lens-linkage-wifi-ptz-outdoor-security-camera-with-dual-screen-color-night-vision\/#primaryimage"},"thumbnailUrl":"https:\/\/bokysee.com\/wp-content\/uploads\/2023\/04\/BK-DL13D-1.jpg","datePublished":"2023-04-11T07:52:30+00:00","dateModified":"2023-04-11T08:00:21+00:00","description":"Best 8MP PTZ WiFi Camera Dual Screen Linkage Outdoor 4MP ICSEE App Security IP Security Camera CCTV Surveillance Camera","breadcrumb":{"@id":"https:\/\/bokysee.com\/products\/best-8mp-dual-lens-linkage-wifi-ptz-outdoor-security-camera-with-dual-screen-color-night-vision\/#breadcrumb"},"inLanguage":"es","potentialAction":[{"@type":"ReadAction","target":["https:\/\/bokysee.com\/products\/best-8mp-dual-lens-linkage-wifi-ptz-outdoor-security-camera-with-dual-screen-color-night-vision\/"]}]},{"@type":"ImageObject","inLanguage":"es","@id":"https:\/\/bokysee.com\/products\/best-8mp-dual-lens-linkage-wifi-ptz-outdoor-security-camera-with-dual-screen-color-night-vision\/#primaryimage","url":"https:\/\/bokysee.com\/wp-content\/uploads\/2023\/04\/BK-DL13D-1.jpg","contentUrl":"https:\/\/bokysee.com\/wp-content\/uploads\/2023\/04\/BK-DL13D-1.jpg","width":800,"height":800,"caption":"wireless outdoor security cameras"},{"@type":"BreadcrumbList","@id":"https:\/\/bokysee.com\/products\/best-8mp-dual-lens-linkage-wifi-ptz-outdoor-security-camera-with-dual-screen-color-night-vision\/#breadcrumb","itemListElement":[{"@type":"ListItem","position":1,"name":"Home","item":"https:\/\/bokysee.com\/"},{"@type":"ListItem","position":2,"name":"Products","item":"https:\/\/bokysee.com\/products\/"},{"@type":"ListItem","position":3,"name":"Best 8MP Dual Lens Linkage WiFi PTZ Outdoor Security Camera with Dual Screen Color Night Vision"}]},{"@type":"WebSite","@id":"https:\/\/bokysee.com\/#website","url":"https:\/\/bokysee.com\/","name":"Bokysee Technology Co.,LTD","description":"Professional Smart Indoor and Outdoor Security Cameras Solution Supplier","potentialAction":[{"@type":"SearchAction","target":{"@type":"EntryPoint","urlTemplate":"https:\/\/bokysee.com\/?s={search_term_string}"},"query-input":{"@type":"PropertyValueSpecification","valueRequired":true,"valueName":"search_term_string"}}],"inLanguage":"es"}]}},"_links":{"self":[{"href":"https:\/\/bokysee.com\/es\/wp-json\/wp\/v2\/product\/1258","targetHints":{"allow":["GET"]}}],"collection":[{"href":"https:\/\/bokysee.com\/es\/wp-json\/wp\/v2\/product"}],"about":[{"href":"https:\/\/bokysee.com\/es\/wp-json\/wp\/v2\/types\/product"}],"version-history":[{"count":0,"href":"https:\/\/bokysee.com\/es\/wp-json\/wp\/v2\/product\/1258\/revisions"}],"wp:featuredmedia":[{"embeddable":true,"href":"https:\/\/bokysee.com\/es\/wp-json\/wp\/v2\/media\/1259"}],"wp:attachment":[{"href":"https:\/\/bokysee.com\/es\/wp-json\/wp\/v2\/media?parent=1258"}],"wp:term":[{"taxonomy":"product_brand","embeddable":true,"href":"https:\/\/bokysee.com\/es\/wp-json\/wp\/v2\/product_brand?post=1258"},{"taxonomy":"product_cat","embeddable":true,"href":"https:\/\/bokysee.com\/es\/wp-json\/wp\/v2\/product_cat?post=1258"},{"taxonomy":"product_tag","embeddable":true,"href":"https:\/\/bokysee.com\/es\/wp-json\/wp\/v2\/product_tag?post=1258"}],"curies":[{"name":"wp","href":"https:\/\/api.w.org\/{rel}","templated":true}]}}