{"id":12551,"date":"2024-09-14T09:25:20","date_gmt":"2024-09-14T01:25:20","guid":{"rendered":"https:\/\/bokysee.com\/?post_type=product&#038;p=12551"},"modified":"2024-09-14T09:25:20","modified_gmt":"2024-09-14T01:25:20","slug":"16ch-8mp-poe-nvr-best-16-channel-hik-nvr-with-smart-detection","status":"publish","type":"product","link":"https:\/\/bokysee.com\/es\/products\/16ch-8mp-poe-nvr-best-16-channel-hik-nvr-with-smart-detection\/","title":{"rendered":"NVR POE de 16 canales y 8 MP: el mejor NVR Hik de 16 canales con detecci\u00f3n inteligente"},"content":{"rendered":"<p>NVR POE de 16 canales y 8 MP: el mejor NVR Hik de 16 canales con detecci\u00f3n inteligente<\/p>\n<p>El NVR K2 de 16 canales y 8 MP con POE es un grabador de v\u00eddeo en red de 16 canales de alta gama, dise\u00f1ado para una vigilancia de alta calidad. Ofrece grabaci\u00f3n en tiempo real de 16 canales y 8 MP, y reproducci\u00f3n de 4 canales de 8 MP, lo que proporciona im\u00e1genes n\u00edtidas y detalladas. Gracias a sus funciones de detecci\u00f3n inteligente, como la detecci\u00f3n de personas y la cerca electr\u00f3nica, garantiza una seguridad integral. El NVR admite hasta 20 TB de almacenamiento con 2 puertos SATA, y su compatibilidad con POE simplifica la instalaci\u00f3n. La visualizaci\u00f3n remota se habilita mediante tecnolog\u00eda P2P en la nube, compatible con smartphones y m\u00faltiples navegadores, lo que lo convierte en la opci\u00f3n ideal para necesidades de seguridad avanzadas.<\/p>\n<table width=\"895\">\n<tbody>\n<tr>\n<td width=\"276\">N.\u00ba de modelo<\/td>\n<td width=\"618\">BK-POE868016-K2<\/td>\n<\/tr>\n<tr>\n<td>Sistema<\/td>\n<td width=\"618\">Dise\u00f1o LINUX integrado, decodificaci\u00f3n pura, vigilancia, almacenamiento en disco duro, pantalla HDMI HD, acceso a v\u00eddeo de red IP<\/td>\n<\/tr>\n<tr>\n<td rowspan=\"2\">Entrada de v\u00eddeo<\/td>\n<td width=\"618\">Entrada IPC HD, admite acceso a flujo de c\u00f3digo dual para cada IPC, admite b\u00fasqueda autom\u00e1tica, adici\u00f3n autom\u00e1tica, grabaci\u00f3n autom\u00e1tica, vista previa autom\u00e1tica y realiza depuraci\u00f3n cero<\/td>\n<\/tr>\n<tr>\n<td width=\"618\">Ancho de banda entrante 80Mbps;<\/td>\n<\/tr>\n<tr>\n<td rowspan=\"4\">Salida de v\u00eddeo<\/td>\n<td width=\"618\">Salida HDMI de 1 canal, salida VGA de 1 canal, mismo origen que HDMI; resoluci\u00f3n:<\/td>\n<\/tr>\n<tr>\n<td width=\"618\">3840\u00d72160, 1920\u00d71080, 1440\u00d7900, 1280\u00d71024, 1280\u00d7800, 1024\u00d7768<\/td>\n<\/tr>\n<tr>\n<td width=\"618\">Admite vista previa de IMS y vista previa de APP<\/td>\n<\/tr>\n<tr>\n<td width=\"618\">Admite vista previa en tiempo real dividida de 1\/2\/4\/6\/8\/9\/10\/16 canales<\/td>\n<\/tr>\n<tr>\n<td>Resoluci\u00f3n de grabaci\u00f3n<\/td>\n<td width=\"618\">Admite 720P\/960P\/1080P\/3MP\/4MP\/5MP\/4K<\/td>\n<\/tr>\n<tr>\n<td rowspan=\"2\">Par\u00e1metros de decodificaci\u00f3n de v\u00eddeo<\/td>\n<td width=\"618\">Admite decodificaci\u00f3n Smart265\/H.265\/H.264<\/td>\n<\/tr>\n<tr>\n<td width=\"618\">Reproducci\u00f3n NVR de 4 canales (1*4K); soporte m\u00e1ximo de reproducci\u00f3n de 4 canales en IMS<\/td>\n<\/tr>\n<tr>\n<td>Audio<\/td>\n<td width=\"618\">G.711; admite salida de audio HDMI, admite salida de audio (orificio de 3,5 mm), admite entrada de audio (orificio de 3,5 mm), admite audio\/grabaci\u00f3n con vista previa de audio y reproducci\u00f3n en IMS<\/td>\n<\/tr>\n<tr>\n<td rowspan=\"3\">Gesti\u00f3n de almacenamiento<\/td>\n<td width=\"618\">2 puertos SATA, soporte m\u00e1ximo para HDD de 10 TB<\/td>\n<\/tr>\n<tr>\n<td width=\"618\">Admite grabaci\u00f3n temporizada, grabaci\u00f3n de alarma, grabaci\u00f3n temporizada y de alarma; la grabaci\u00f3n de alarma incluye (detecci\u00f3n de movimiento, entrada de alarma, detecci\u00f3n humana, detecci\u00f3n de cruce de l\u00ednea, intrusi\u00f3n de \u00e1rea, permanencia de personal, alarma de ausencia, violaci\u00f3n de estacionamiento del veh\u00edculo y retroceso del veh\u00edculo)<\/td>\n<\/tr>\n<tr>\n<td width=\"618\">Admite la copia de seguridad de dispositivos de almacenamiento USB externos (como discos flash USB comunes y discos duros m\u00f3viles)<\/td>\n<\/tr>\n<tr>\n<td>Gesti\u00f3n de usuarios<\/td>\n<td width=\"618\">Soporte m\u00e1ximo para 32 usuarios<\/td>\n<\/tr>\n<tr>\n<td rowspan=\"2\">Puerto de red<\/td>\n<td width=\"618\">1 puerto RJ45, compatible con autoadaptaci\u00f3n 10\/100M; compatible con TCP\/IP, IPv4,<\/td>\n<\/tr>\n<tr>\n<td width=\"618\">Protocolo de red DHCP, NTP, RTSP, ONVIF, P2P, SMTP, GB28181\u2026etc.<\/td>\n<\/tr>\n<tr>\n<td rowspan=\"3\">Puerto 08<\/td>\n<td width=\"618\">Interfaz de red autoadaptativa de 16 canales, 10\/100 Mbps;<\/td>\n<\/tr>\n<tr>\n<td width=\"618\">cada puerto admite un m\u00e1ximo de 15,4 W (IEEE802.3af), cada puerto admite un m\u00e1ximo de 30 W (IEEE802.3at);<\/td>\n<\/tr>\n<tr>\n<td width=\"618\">Salida POE DC48V;<\/td>\n<\/tr>\n<tr>\n<td width=\"276\">Puerto perif\u00e9rico<\/td>\n<td width=\"618\">3 puertos USB 2.0 (2 traseros, 1 frontal); admite mouse, actualizaci\u00f3n USB, importaci\u00f3n y exportaci\u00f3n<\/td>\n<\/tr>\n<tr>\n<td width=\"276\">Puerto de alarma<\/td>\n<td width=\"618\">No<\/td>\n<\/tr>\n<tr>\n<td>Panel frontal<\/td>\n<td width=\"618\">Admite 3 tipos de luz indicadora, que incluyen energ\u00eda, grabaci\u00f3n y transferencia de datos.<\/td>\n<\/tr>\n<tr>\n<td>Zumbador<\/td>\n<td width=\"618\">Alarma de zumbador de soporte<\/td>\n<\/tr>\n<tr>\n<td>Funci\u00f3n<\/td>\n<td width=\"618\">Admite vista previa\/grabaci\u00f3n\/transferencia\/servicio remoto, admite vinculaci\u00f3n de alertas, admite software de monitorizaci\u00f3n IMS y admite servicio en la nube P2P.<\/td>\n<\/tr>\n<tr>\n<td>Temperatura de trabajo<\/td>\n<td width=\"618\">-10\u2103\uff5e\uff0b55\u2103<\/td>\n<\/tr>\n<tr>\n<td>Humedad de trabajo<\/td>\n<td width=\"618\">10%\uff5e90%<\/td>\n<\/tr>\n<tr>\n<td>Consumo de energ\u00eda<\/td>\n<td width=\"618\">Entrada de alimentaci\u00f3n CC 52 V 4,62 A, consumo de energ\u00eda \u2264 200 W<\/td>\n<\/tr>\n<tr>\n<td>Tama\u00f1o (mm)<\/td>\n<td width=\"618\">326X235X52mm<\/td>\n<\/tr>\n<tr>\n<td>Peso (g)<\/td>\n<td width=\"618\">Peso neto: 1,7 kg; Peso bruto: 1,92 kg (sin disco duro)<\/td>\n<\/tr>\n<tr>\n<td>Paquete<\/td>\n<td width=\"618\">8 piezas\/caja. 755 mm \u00d7 395 mm \u00d7 365 mm; Peso: 16 kg<\/td>\n<\/tr>\n<\/tbody>\n<\/table>\n<p>NVR H.265+ 16CH POE, compatible con entrada y salida de c\u00e1mara IP 4K de 16 canales, compatible con an\u00e1lisis inteligente IPC: alarma de ausencia, E-fence, conteo de objetivos, detecci\u00f3n de personas, detecci\u00f3n de movimiento retr\u00f3grado, 2 unidades de disco duro (m\u00e1ximo 10 TB), 1 canal VGA, 1 canal HDMI, compatible con actualizaci\u00f3n remota de IPC, modificaci\u00f3n de la direcci\u00f3n de la c\u00e1mara IP y par\u00e1metros del panel de luz, compatible con audio, compatible con vista m\u00f3vil<\/p>\n<p>\u25cf Admite formatos de compresi\u00f3n H265, H264, H265+<br \/>\n\u25cf Admite grabaci\u00f3n sincronizada, vista remota, grabaci\u00f3n de respaldo en formato MP4 y vista m\u00f3vil.<br \/>\n\u25cf Admite VGA\/HDMI<br \/>\n\u25cf Admite vista previa de im\u00e1genes y reproducci\u00f3n de im\u00e1genes con amplificaci\u00f3n electr\u00f3nica<br \/>\n\u25cf Admite protocolos RTSP, GB28181 y ONVIF<br \/>\n\u25cf Admite HTTP, RTMP<br \/>\n\u25cf Admite captura de alarmas y env\u00eda informaci\u00f3n de alarma por correo electr\u00f3nico<br \/>\n\u25cf Admite DDNS, UPNP, NTP, P2P, etc.<br \/>\n\u25cf Admite WEB, vista m\u00f3vil y vigilancia IMS<br \/>\n\u25cf Admite an\u00e1lisis inteligente de IPC: recuento de objetivos, cerca el\u00e9ctrica, cruce de l\u00ednea, alarma de ausencia, detecci\u00f3n de bicicletas el\u00e9ctricas<br \/>\n\u25cf Soporte para la agrupaci\u00f3n de rondas de recorrido del canal<br \/>\n\u25cf Admite inspecci\u00f3n de red: monitorizaci\u00f3n del tr\u00e1fico de red, detecci\u00f3n de paquetes, diagn\u00f3stico de red, etc.<br \/>\n\u25cf Admite reproducci\u00f3n m\u00e1xima de 4 canales 1080P<br \/>\n\u25cf Admite operaci\u00f3n de inicio de sesi\u00f3n remoto HTML5<br \/>\n\u25cf Soporte para agregar IPC de forma manual o autom\u00e1tica en LAN<br \/>\n\u25cf Soporte para actualizar IPC en l\u00ednea y por memoria<br \/>\n\u25cf Soporte para mantener IPC bajo protocolo privado, incluyendo restaurar, reiniciar, habilitar o deshabilitar todas las funciones de red<br \/>\n\u25cf Admite la funci\u00f3n de complemento de red desconectada, optimiza el ancho de banda entrante hasta 80 M<\/p>","protected":false},"excerpt":{"rendered":"<p>NVR POE K2 de 16 canales y 8 MP<br \/>\n* Entrada de v\u00eddeo: 16 canales<br \/>\n*Grabaci\u00f3n en tiempo real de 16 canales 8MP\/5MP\/3MP\/2MP\/1MP<br \/>\n* Reproducci\u00f3n en pre-tiempo de 4 canales y 8 MP.<br \/>\n* Interfaz: VGA*1, HDMI*1, USB*2<br \/>\n* Admite salida de audio HDMI de 1 canal<br \/>\n* Protocolos est\u00e1ndar RTSP, GB28181, compatible con HTTP, RTMP push y otras funciones<br \/>\n* Admite nuestro conteo de objetivos SMART IPC, cerca electr\u00f3nica, detecci\u00f3n de humanoides, detecci\u00f3n retr\u00f3grada, detecci\u00f3n fuera de puesto, detecci\u00f3n de veh\u00edculos el\u00e9ctricos, etc.<br \/>\n* Admite 2 SATA * Disco duro de 10 TB (m\u00e1ximo)<br \/>\n* La tecnolog\u00eda de nube P2P permite la visualizaci\u00f3n remota por tel\u00e9fono.<br \/>\n* Compatible con aplicaciones de tel\u00e9fonos inteligentes (Android, IOS, IPAD)<br \/>\n* Compatible con m\u00faltiples navegadores (IE, Firefox, Google)<br \/>\n* Alimentaci\u00f3n: DC48V-4A<\/p>","protected":false},"featured_media":12539,"template":"","meta":[],"product_brand":[],"product_cat":[551],"product_tag":[1138,1137,1136],"class_list":{"0":"post-12551","1":"product","2":"type-product","3":"status-publish","4":"has-post-thumbnail","6":"product_cat-nvr","7":"product_tag-16-channel-nvr-price-2","8":"product_tag-best-nvr-2","9":"product_tag-hik-nvr-2","11":"first","12":"instock","13":"shipping-taxable","14":"product-type-simple"},"acf":[],"yoast_head":"<!-- This site is optimized with the Yoast SEO Premium plugin v20.2.1 (Yoast SEO v26.1.1) - https:\/\/yoast.com\/wordpress\/plugins\/seo\/ -->\n<title>16CH 8MP POE NVR Best 16 Channel Hik NVR with Smart Detection - Bokysee Technology Co.,LTD<\/title>\n<meta name=\"description\" content=\"Bokysee 16CH K2 8MP POE NVR offers 16-channel 8MP recording, 8MP playback, smart detection, up to 20TB HDD, POE, and remote viewing.\" \/>\n<meta name=\"robots\" content=\"index, follow, max-snippet:-1, max-image-preview:large, max-video-preview:-1\" \/>\n<link rel=\"canonical\" href=\"https:\/\/bokysee.com\/es\/products\/16ch-8mp-poe-nvr-best-16-channel-hik-nvr-with-smart-detection\/\" \/>\n<meta property=\"og:locale\" content=\"es_ES\" \/>\n<meta property=\"og:type\" content=\"article\" \/>\n<meta property=\"og:title\" content=\"16CH 8MP POE NVR Best 16 Channel Hik NVR with Smart Detection\" \/>\n<meta property=\"og:description\" content=\"Bokysee 16CH K2 8MP POE NVR offers 16-channel 8MP recording, 8MP playback, smart detection, up to 20TB HDD, POE, and remote viewing.\" \/>\n<meta property=\"og:url\" content=\"https:\/\/bokysee.com\/es\/products\/16ch-8mp-poe-nvr-best-16-channel-hik-nvr-with-smart-detection\/\" \/>\n<meta property=\"og:site_name\" content=\"Bokysee Technology Co.,LTD\" \/>\n<meta property=\"og:image\" content=\"https:\/\/bokysee.com\/wp-content\/uploads\/2024\/09\/BK-POE868016-K2.jpg\" \/>\n\t<meta property=\"og:image:width\" content=\"800\" \/>\n\t<meta property=\"og:image:height\" content=\"800\" \/>\n\t<meta property=\"og:image:type\" content=\"image\/jpeg\" \/>\n<meta name=\"twitter:card\" content=\"summary_large_image\" \/>\n<meta name=\"twitter:label1\" content=\"Tiempo de lectura\" \/>\n\t<meta name=\"twitter:data1\" content=\"3 minutos\" \/>\n<script type=\"application\/ld+json\" class=\"yoast-schema-graph\">{\"@context\":\"https:\/\/schema.org\",\"@graph\":[{\"@type\":\"WebPage\",\"@id\":\"https:\/\/bokysee.com\/products\/16ch-8mp-poe-nvr-best-16-channel-hik-nvr-with-smart-detection\/\",\"url\":\"https:\/\/bokysee.com\/products\/16ch-8mp-poe-nvr-best-16-channel-hik-nvr-with-smart-detection\/\",\"name\":\"16CH 8MP POE NVR Best 16 Channel Hik NVR with Smart Detection - Bokysee Technology Co.,LTD\",\"isPartOf\":{\"@id\":\"https:\/\/bokysee.com\/#website\"},\"primaryImageOfPage\":{\"@id\":\"https:\/\/bokysee.com\/products\/16ch-8mp-poe-nvr-best-16-channel-hik-nvr-with-smart-detection\/#primaryimage\"},\"image\":{\"@id\":\"https:\/\/bokysee.com\/products\/16ch-8mp-poe-nvr-best-16-channel-hik-nvr-with-smart-detection\/#primaryimage\"},\"thumbnailUrl\":\"https:\/\/bokysee.com\/wp-content\/uploads\/2024\/09\/BK-POE868016-K2.jpg\",\"datePublished\":\"2024-09-14T01:25:20+00:00\",\"description\":\"Bokysee 16CH K2 8MP POE NVR offers 16-channel 8MP recording, 8MP playback, smart detection, up to 20TB HDD, POE, and remote viewing.\",\"breadcrumb\":{\"@id\":\"https:\/\/bokysee.com\/products\/16ch-8mp-poe-nvr-best-16-channel-hik-nvr-with-smart-detection\/#breadcrumb\"},\"inLanguage\":\"es\",\"potentialAction\":[{\"@type\":\"ReadAction\",\"target\":[\"https:\/\/bokysee.com\/products\/16ch-8mp-poe-nvr-best-16-channel-hik-nvr-with-smart-detection\/\"]}]},{\"@type\":\"ImageObject\",\"inLanguage\":\"es\",\"@id\":\"https:\/\/bokysee.com\/products\/16ch-8mp-poe-nvr-best-16-channel-hik-nvr-with-smart-detection\/#primaryimage\",\"url\":\"https:\/\/bokysee.com\/wp-content\/uploads\/2024\/09\/BK-POE868016-K2.jpg\",\"contentUrl\":\"https:\/\/bokysee.com\/wp-content\/uploads\/2024\/09\/BK-POE868016-K2.jpg\",\"width\":800,\"height\":800,\"caption\":\"16CH POE NVR\"},{\"@type\":\"BreadcrumbList\",\"@id\":\"https:\/\/bokysee.com\/products\/16ch-8mp-poe-nvr-best-16-channel-hik-nvr-with-smart-detection\/#breadcrumb\",\"itemListElement\":[{\"@type\":\"ListItem\",\"position\":1,\"name\":\"Home\",\"item\":\"https:\/\/bokysee.com\/\"},{\"@type\":\"ListItem\",\"position\":2,\"name\":\"Products\",\"item\":\"https:\/\/bokysee.com\/products\/\"},{\"@type\":\"ListItem\",\"position\":3,\"name\":\"16CH 8MP POE NVR Best 16 Channel Hik NVR with Smart Detection\"}]},{\"@type\":\"WebSite\",\"@id\":\"https:\/\/bokysee.com\/#website\",\"url\":\"https:\/\/bokysee.com\/\",\"name\":\"Bokysee Technology Co.,LTD\",\"description\":\"Professional Smart Indoor and Outdoor Security Cameras Solution Supplier\",\"potentialAction\":[{\"@type\":\"SearchAction\",\"target\":{\"@type\":\"EntryPoint\",\"urlTemplate\":\"https:\/\/bokysee.com\/?s={search_term_string}\"},\"query-input\":{\"@type\":\"PropertyValueSpecification\",\"valueRequired\":true,\"valueName\":\"search_term_string\"}}],\"inLanguage\":\"es\"}]}<\/script>\n<!-- \/ Yoast SEO Premium plugin. -->","yoast_head_json":{"title":"16CH 8MP POE NVR Best 16 Channel Hik NVR with Smart Detection - Bokysee Technology Co.,LTD","description":"Bokysee 16CH K2 8MP POE NVR offers 16-channel 8MP recording, 8MP playback, smart detection, up to 20TB HDD, POE, and remote viewing.","robots":{"index":"index","follow":"follow","max-snippet":"max-snippet:-1","max-image-preview":"max-image-preview:large","max-video-preview":"max-video-preview:-1"},"canonical":"https:\/\/bokysee.com\/es\/products\/16ch-8mp-poe-nvr-best-16-channel-hik-nvr-with-smart-detection\/","og_locale":"es_ES","og_type":"article","og_title":"16CH 8MP POE NVR Best 16 Channel Hik NVR with Smart Detection","og_description":"Bokysee 16CH K2 8MP POE NVR offers 16-channel 8MP recording, 8MP playback, smart detection, up to 20TB HDD, POE, and remote viewing.","og_url":"https:\/\/bokysee.com\/es\/products\/16ch-8mp-poe-nvr-best-16-channel-hik-nvr-with-smart-detection\/","og_site_name":"Bokysee Technology Co.,LTD","og_image":[{"width":800,"height":800,"url":"https:\/\/bokysee.com\/wp-content\/uploads\/2024\/09\/BK-POE868016-K2.jpg","type":"image\/jpeg"}],"twitter_card":"summary_large_image","twitter_misc":{"Tiempo de lectura":"3 minutos"},"schema":{"@context":"https:\/\/schema.org","@graph":[{"@type":"WebPage","@id":"https:\/\/bokysee.com\/products\/16ch-8mp-poe-nvr-best-16-channel-hik-nvr-with-smart-detection\/","url":"https:\/\/bokysee.com\/products\/16ch-8mp-poe-nvr-best-16-channel-hik-nvr-with-smart-detection\/","name":"16CH 8MP POE NVR Best 16 Channel Hik NVR with Smart Detection - Bokysee Technology Co.,LTD","isPartOf":{"@id":"https:\/\/bokysee.com\/#website"},"primaryImageOfPage":{"@id":"https:\/\/bokysee.com\/products\/16ch-8mp-poe-nvr-best-16-channel-hik-nvr-with-smart-detection\/#primaryimage"},"image":{"@id":"https:\/\/bokysee.com\/products\/16ch-8mp-poe-nvr-best-16-channel-hik-nvr-with-smart-detection\/#primaryimage"},"thumbnailUrl":"https:\/\/bokysee.com\/wp-content\/uploads\/2024\/09\/BK-POE868016-K2.jpg","datePublished":"2024-09-14T01:25:20+00:00","description":"Bokysee 16CH K2 8MP POE NVR offers 16-channel 8MP recording, 8MP playback, smart detection, up to 20TB HDD, POE, and remote viewing.","breadcrumb":{"@id":"https:\/\/bokysee.com\/products\/16ch-8mp-poe-nvr-best-16-channel-hik-nvr-with-smart-detection\/#breadcrumb"},"inLanguage":"es","potentialAction":[{"@type":"ReadAction","target":["https:\/\/bokysee.com\/products\/16ch-8mp-poe-nvr-best-16-channel-hik-nvr-with-smart-detection\/"]}]},{"@type":"ImageObject","inLanguage":"es","@id":"https:\/\/bokysee.com\/products\/16ch-8mp-poe-nvr-best-16-channel-hik-nvr-with-smart-detection\/#primaryimage","url":"https:\/\/bokysee.com\/wp-content\/uploads\/2024\/09\/BK-POE868016-K2.jpg","contentUrl":"https:\/\/bokysee.com\/wp-content\/uploads\/2024\/09\/BK-POE868016-K2.jpg","width":800,"height":800,"caption":"16CH POE NVR"},{"@type":"BreadcrumbList","@id":"https:\/\/bokysee.com\/products\/16ch-8mp-poe-nvr-best-16-channel-hik-nvr-with-smart-detection\/#breadcrumb","itemListElement":[{"@type":"ListItem","position":1,"name":"Home","item":"https:\/\/bokysee.com\/"},{"@type":"ListItem","position":2,"name":"Products","item":"https:\/\/bokysee.com\/products\/"},{"@type":"ListItem","position":3,"name":"16CH 8MP POE NVR Best 16 Channel Hik NVR with Smart Detection"}]},{"@type":"WebSite","@id":"https:\/\/bokysee.com\/#website","url":"https:\/\/bokysee.com\/","name":"Bokysee Technology Co.,LTD","description":"Professional Smart Indoor and Outdoor Security Cameras Solution Supplier","potentialAction":[{"@type":"SearchAction","target":{"@type":"EntryPoint","urlTemplate":"https:\/\/bokysee.com\/?s={search_term_string}"},"query-input":{"@type":"PropertyValueSpecification","valueRequired":true,"valueName":"search_term_string"}}],"inLanguage":"es"}]}},"_links":{"self":[{"href":"https:\/\/bokysee.com\/es\/wp-json\/wp\/v2\/product\/12551","targetHints":{"allow":["GET"]}}],"collection":[{"href":"https:\/\/bokysee.com\/es\/wp-json\/wp\/v2\/product"}],"about":[{"href":"https:\/\/bokysee.com\/es\/wp-json\/wp\/v2\/types\/product"}],"version-history":[{"count":0,"href":"https:\/\/bokysee.com\/es\/wp-json\/wp\/v2\/product\/12551\/revisions"}],"wp:featuredmedia":[{"embeddable":true,"href":"https:\/\/bokysee.com\/es\/wp-json\/wp\/v2\/media\/12539"}],"wp:attachment":[{"href":"https:\/\/bokysee.com\/es\/wp-json\/wp\/v2\/media?parent=12551"}],"wp:term":[{"taxonomy":"product_brand","embeddable":true,"href":"https:\/\/bokysee.com\/es\/wp-json\/wp\/v2\/product_brand?post=12551"},{"taxonomy":"product_cat","embeddable":true,"href":"https:\/\/bokysee.com\/es\/wp-json\/wp\/v2\/product_cat?post=12551"},{"taxonomy":"product_tag","embeddable":true,"href":"https:\/\/bokysee.com\/es\/wp-json\/wp\/v2\/product_tag?post=12551"}],"curies":[{"name":"wp","href":"https:\/\/api.w.org\/{rel}","templated":true}]}}