{"id":1229,"date":"2023-04-11T01:03:28","date_gmt":"2023-04-11T01:03:28","guid":{"rendered":"https:\/\/bokysee.com\/?post_type=product&#038;p=1229"},"modified":"2023-04-26T03:58:49","modified_gmt":"2023-04-26T03:58:49","slug":"latest-outdoor-dual-lens-poe-ip-2k-4mp-hd-180-wide-viewing-angle-wifi-camera","status":"publish","type":"product","link":"https:\/\/bokysee.com\/es\/products\/latest-outdoor-dual-lens-poe-ip-2k-4mp-hd-180-wide-viewing-angle-wifi-camera\/","title":{"rendered":"C\u00e1mara IP POE de doble lente para exteriores, 2K, 4 MP, HD, con Wifi y \u00e1ngulo de visi\u00f3n amplio de 180\u00b0."},"content":{"rendered":"<p>C\u00e1mara IP POE para exteriores de China, lente dual 2K, 4 MP, HD, \u00e1ngulo de visi\u00f3n amplio de 180\u00b0, wifi, detecci\u00f3n humana con IA, audio bidireccional, c\u00e1maras de seguridad CCTV.<\/p>\n<p><img fetchpriority=\"high\" decoding=\"async\" class=\"alignnone size-full wp-image-1461\" src=\"https:\/\/bokysee.com\/wp-content\/uploads\/2023\/04\/BK-DL02B_01.jpg\" alt=\"\" width=\"1000\" height=\"889\" srcset=\"https:\/\/bokysee.com\/wp-content\/uploads\/2023\/04\/BK-DL02B_01.jpg 1000w, https:\/\/bokysee.com\/wp-content\/uploads\/2023\/04\/BK-DL02B_01-768x683.jpg 768w\" sizes=\"(max-width: 1000px) 100vw, 1000px\" \/> <img decoding=\"async\" class=\"alignnone size-full wp-image-1462\" src=\"https:\/\/bokysee.com\/wp-content\/uploads\/2023\/04\/BK-DL02B_02.jpg\" alt=\"\" width=\"1000\" height=\"1001\" srcset=\"https:\/\/bokysee.com\/wp-content\/uploads\/2023\/04\/BK-DL02B_02.jpg 1000w, https:\/\/bokysee.com\/wp-content\/uploads\/2023\/04\/BK-DL02B_02-768x769.jpg 768w\" sizes=\"(max-width: 1000px) 100vw, 1000px\" \/> <img decoding=\"async\" class=\"alignnone size-full wp-image-1463\" src=\"https:\/\/bokysee.com\/wp-content\/uploads\/2023\/04\/BK-DL02B_03.jpg\" alt=\"\" width=\"1000\" height=\"1546\" srcset=\"https:\/\/bokysee.com\/wp-content\/uploads\/2023\/04\/BK-DL02B_03.jpg 1000w, https:\/\/bokysee.com\/wp-content\/uploads\/2023\/04\/BK-DL02B_03-662x1024.jpg 662w\" sizes=\"(max-width: 1000px) 100vw, 1000px\" \/> <img loading=\"lazy\" decoding=\"async\" class=\"alignnone size-full wp-image-1464\" src=\"https:\/\/bokysee.com\/wp-content\/uploads\/2023\/04\/BK-DL02B_04.jpg\" alt=\"\" width=\"1000\" height=\"564\" srcset=\"https:\/\/bokysee.com\/wp-content\/uploads\/2023\/04\/BK-DL02B_04.jpg 1000w, https:\/\/bokysee.com\/wp-content\/uploads\/2023\/04\/BK-DL02B_04-768x433.jpg 768w\" sizes=\"(max-width: 1000px) 100vw, 1000px\" \/> <img loading=\"lazy\" decoding=\"async\" class=\"alignnone size-full wp-image-1465\" src=\"https:\/\/bokysee.com\/wp-content\/uploads\/2023\/04\/BK-DL02B_05.jpg\" alt=\"\" width=\"1000\" height=\"2438\" srcset=\"https:\/\/bokysee.com\/wp-content\/uploads\/2023\/04\/BK-DL02B_05.jpg 1000w, https:\/\/bokysee.com\/wp-content\/uploads\/2023\/04\/BK-DL02B_05-420x1024.jpg 420w\" sizes=\"(max-width: 1000px) 100vw, 1000px\" \/> <img loading=\"lazy\" decoding=\"async\" class=\"alignnone size-full wp-image-1466\" src=\"https:\/\/bokysee.com\/wp-content\/uploads\/2023\/04\/BK-DL02B_06.jpg\" alt=\"\" width=\"1000\" height=\"1148\" srcset=\"https:\/\/bokysee.com\/wp-content\/uploads\/2023\/04\/BK-DL02B_06.jpg 1000w, https:\/\/bokysee.com\/wp-content\/uploads\/2023\/04\/BK-DL02B_06-768x882.jpg 768w\" sizes=\"(max-width: 1000px) 100vw, 1000px\" \/> <img loading=\"lazy\" decoding=\"async\" class=\"alignnone size-full wp-image-1467\" src=\"https:\/\/bokysee.com\/wp-content\/uploads\/2023\/04\/BK-DL02B_07.jpg\" alt=\"\" width=\"1000\" height=\"891\" srcset=\"https:\/\/bokysee.com\/wp-content\/uploads\/2023\/04\/BK-DL02B_07.jpg 1000w, https:\/\/bokysee.com\/wp-content\/uploads\/2023\/04\/BK-DL02B_07-768x684.jpg 768w\" sizes=\"(max-width: 1000px) 100vw, 1000px\" \/> <img loading=\"lazy\" decoding=\"async\" class=\"alignnone size-full wp-image-1468\" src=\"https:\/\/bokysee.com\/wp-content\/uploads\/2023\/04\/BK-DL02B_08.jpg\" alt=\"\" width=\"1000\" height=\"1524\" srcset=\"https:\/\/bokysee.com\/wp-content\/uploads\/2023\/04\/BK-DL02B_08.jpg 1000w, https:\/\/bokysee.com\/wp-content\/uploads\/2023\/04\/BK-DL02B_08-672x1024.jpg 672w\" sizes=\"(max-width: 1000px) 100vw, 1000px\" \/> <img loading=\"lazy\" decoding=\"async\" class=\"alignnone size-full wp-image-1469\" src=\"https:\/\/bokysee.com\/wp-content\/uploads\/2023\/04\/BK-DL02B_09.jpg\" alt=\"\" width=\"1000\" height=\"1212\" srcset=\"https:\/\/bokysee.com\/wp-content\/uploads\/2023\/04\/BK-DL02B_09.jpg 1000w, https:\/\/bokysee.com\/wp-content\/uploads\/2023\/04\/BK-DL02B_09-768x931.jpg 768w\" sizes=\"(max-width: 1000px) 100vw, 1000px\" \/> <img loading=\"lazy\" decoding=\"async\" class=\"alignnone size-full wp-image-1470\" src=\"https:\/\/bokysee.com\/wp-content\/uploads\/2023\/04\/BK-DL02B_10.jpg\" alt=\"\" width=\"1000\" height=\"1090\" srcset=\"https:\/\/bokysee.com\/wp-content\/uploads\/2023\/04\/BK-DL02B_10.jpg 1000w, https:\/\/bokysee.com\/wp-content\/uploads\/2023\/04\/BK-DL02B_10-768x837.jpg 768w\" sizes=\"(max-width: 1000px) 100vw, 1000px\" \/> <img loading=\"lazy\" decoding=\"async\" class=\"alignnone size-full wp-image-1471\" src=\"https:\/\/bokysee.com\/wp-content\/uploads\/2023\/04\/BK-DL02B_11.jpg\" alt=\"\" width=\"1000\" height=\"1118\" srcset=\"https:\/\/bokysee.com\/wp-content\/uploads\/2023\/04\/BK-DL02B_11.jpg 1000w, https:\/\/bokysee.com\/wp-content\/uploads\/2023\/04\/BK-DL02B_11-768x859.jpg 768w\" sizes=\"(max-width: 1000px) 100vw, 1000px\" \/> <img loading=\"lazy\" decoding=\"async\" class=\"alignnone size-full wp-image-1472\" src=\"https:\/\/bokysee.com\/wp-content\/uploads\/2023\/04\/BK-DL02B_12.jpg\" alt=\"\" width=\"1000\" height=\"1266\" srcset=\"https:\/\/bokysee.com\/wp-content\/uploads\/2023\/04\/BK-DL02B_12.jpg 1000w, https:\/\/bokysee.com\/wp-content\/uploads\/2023\/04\/BK-DL02B_12-768x972.jpg 768w\" sizes=\"(max-width: 1000px) 100vw, 1000px\" \/> <img loading=\"lazy\" decoding=\"async\" class=\"alignnone size-full wp-image-1473\" src=\"https:\/\/bokysee.com\/wp-content\/uploads\/2023\/04\/BK-DL02B_13.jpg\" alt=\"\" width=\"1000\" height=\"804\" srcset=\"https:\/\/bokysee.com\/wp-content\/uploads\/2023\/04\/BK-DL02B_13.jpg 1000w, https:\/\/bokysee.com\/wp-content\/uploads\/2023\/04\/BK-DL02B_13-768x617.jpg 768w\" sizes=\"(max-width: 1000px) 100vw, 1000px\" \/> <img loading=\"lazy\" decoding=\"async\" class=\"alignnone size-full wp-image-1474\" src=\"https:\/\/bokysee.com\/wp-content\/uploads\/2023\/04\/BK-DL02B_14.jpg\" alt=\"\" width=\"1000\" height=\"841\" srcset=\"https:\/\/bokysee.com\/wp-content\/uploads\/2023\/04\/BK-DL02B_14.jpg 1000w, https:\/\/bokysee.com\/wp-content\/uploads\/2023\/04\/BK-DL02B_14-768x646.jpg 768w\" sizes=\"(max-width: 1000px) 100vw, 1000px\" \/> <img loading=\"lazy\" decoding=\"async\" class=\"alignnone size-full wp-image-1475\" src=\"https:\/\/bokysee.com\/wp-content\/uploads\/2023\/04\/BK-DL02B_15.jpg\" alt=\"\" width=\"1000\" height=\"2293\" srcset=\"https:\/\/bokysee.com\/wp-content\/uploads\/2023\/04\/BK-DL02B_15.jpg 1000w, https:\/\/bokysee.com\/wp-content\/uploads\/2023\/04\/BK-DL02B_15-447x1024.jpg 447w\" sizes=\"(max-width: 1000px) 100vw, 1000px\" \/> <img loading=\"lazy\" decoding=\"async\" class=\"alignnone size-full wp-image-1476\" src=\"https:\/\/bokysee.com\/wp-content\/uploads\/2023\/04\/BK-DL02B_16.jpg\" alt=\"\" width=\"1000\" height=\"1114\" srcset=\"https:\/\/bokysee.com\/wp-content\/uploads\/2023\/04\/BK-DL02B_16.jpg 1000w, https:\/\/bokysee.com\/wp-content\/uploads\/2023\/04\/BK-DL02B_16-768x856.jpg 768w\" sizes=\"(max-width: 1000px) 100vw, 1000px\" \/> <img loading=\"lazy\" decoding=\"async\" class=\"alignnone size-full wp-image-1477\" src=\"https:\/\/bokysee.com\/wp-content\/uploads\/2023\/04\/BK-DL02B_17.jpg\" alt=\"\" width=\"1000\" height=\"1109\" srcset=\"https:\/\/bokysee.com\/wp-content\/uploads\/2023\/04\/BK-DL02B_17.jpg 1000w, https:\/\/bokysee.com\/wp-content\/uploads\/2023\/04\/BK-DL02B_17-768x852.jpg 768w\" sizes=\"(max-width: 1000px) 100vw, 1000px\" \/> <img loading=\"lazy\" decoding=\"async\" class=\"alignnone size-full wp-image-1478\" src=\"https:\/\/bokysee.com\/wp-content\/uploads\/2023\/04\/BK-DL02B_18.jpg\" alt=\"\" width=\"1000\" height=\"794\" srcset=\"https:\/\/bokysee.com\/wp-content\/uploads\/2023\/04\/BK-DL02B_18.jpg 1000w, https:\/\/bokysee.com\/wp-content\/uploads\/2023\/04\/BK-DL02B_18-768x610.jpg 768w\" sizes=\"(max-width: 1000px) 100vw, 1000px\" \/> <img loading=\"lazy\" decoding=\"async\" class=\"alignnone size-full wp-image-1479\" src=\"https:\/\/bokysee.com\/wp-content\/uploads\/2023\/04\/BK-DL02B_19.jpg\" alt=\"\" width=\"1000\" height=\"536\" srcset=\"https:\/\/bokysee.com\/wp-content\/uploads\/2023\/04\/BK-DL02B_19.jpg 1000w, https:\/\/bokysee.com\/wp-content\/uploads\/2023\/04\/BK-DL02B_19-768x412.jpg 768w\" sizes=\"(max-width: 1000px) 100vw, 1000px\" \/><\/p>\n<table width=\"815\">\n<tbody>\n<tr>\n<td colspan=\"2\" width=\"312\">Modelo<\/td>\n<td width=\"503\">BK-DL02B<\/td>\n<\/tr>\n<tr>\n<td rowspan=\"9\" width=\"101\">Mostrar<\/td>\n<td width=\"211\">Sensor de imagen<\/td>\n<td width=\"503\">Sensor dual, 2 sensores CMOS de alto rendimiento SC223A de 2,0 MP y 1\/2,8\u2033<\/td>\n<\/tr>\n<tr>\n<td width=\"211\">Resoluci\u00f3n de video<\/td>\n<td width=\"503\">4MP (3840X1080)<\/td>\n<\/tr>\n<tr>\n<td width=\"211\">P\u00edxeles efectivos<\/td>\n<td width=\"503\">4MP<\/td>\n<\/tr>\n<tr>\n<td width=\"211\">Relaci\u00f3n de aspecto<\/td>\n<td width=\"503\">32:09:00<\/td>\n<\/tr>\n<tr>\n<td width=\"211\">Codificaci\u00f3n de v\u00eddeo<\/td>\n<td width=\"503\">C\u00f3digo H.265AI\/H.265+, transmisi\u00f3n de c\u00f3digo dual, formato AVI;<\/td>\n<\/tr>\n<tr>\n<td width=\"211\">Velocidad de fotogramas del v\u00eddeo<\/td>\n<td width=\"503\">Hasta 30 Fps<\/td>\n<\/tr>\n<tr>\n<td width=\"211\">Velocidad de bits de v\u00eddeo<\/td>\n<td width=\"503\">0,1 M ~ 10 Mbps<\/td>\n<\/tr>\n<tr>\n<td width=\"211\">Salida de imagen<\/td>\n<td width=\"503\">Transmisi\u00f3n de c\u00f3digo principal: 3840*1080 a 12 fps; Transmisi\u00f3n de subc\u00f3digo: 1280*360 a 12 fps<\/td>\n<\/tr>\n<tr>\n<td width=\"211\">Iluminaci\u00f3n m\u00ednima<\/td>\n<td width=\"503\">0 Lux (IR activado)<\/td>\n<\/tr>\n<tr>\n<td rowspan=\"6\" width=\"101\">Lente<\/td>\n<td width=\"211\">N\u00famero de lentes<\/td>\n<td width=\"503\">2 piezas<\/td>\n<\/tr>\n<tr>\n<td width=\"211\">Longitud focal<\/td>\n<td width=\"503\">3,6 mm<\/td>\n<\/tr>\n<tr>\n<td width=\"211\">Campo de visi\u00f3n<\/td>\n<td width=\"503\">Campo de visi\u00f3n horizontal 170\u00b0 \u00b1 10\u00b0, campo de visi\u00f3n vertical 55\u00b0 \u00b1 10\u00b0<\/td>\n<\/tr>\n<tr>\n<td width=\"211\">Montura de lente<\/td>\n<td width=\"503\">M12<\/td>\n<\/tr>\n<tr>\n<td width=\"211\">Tipo de apertura<\/td>\n<td width=\"503\">Apertura fija<\/td>\n<\/tr>\n<tr>\n<td width=\"211\">Apertura m\u00e1xima<\/td>\n<td width=\"503\">F1.4<\/td>\n<\/tr>\n<tr>\n<td rowspan=\"6\" width=\"101\">Luz de relleno<\/td>\n<td width=\"211\">Luz infrarroja<\/td>\n<td width=\"503\">4 LED IR de 18 mil\u00e9simas de pulgada<\/td>\n<\/tr>\n<tr>\n<td width=\"211\">Pantalla de visi\u00f3n nocturna por infrarrojos<\/td>\n<td width=\"503\">En blanco y negro<\/td>\n<\/tr>\n<tr>\n<td width=\"211\">Distancia de visi\u00f3n nocturna<\/td>\n<td width=\"503\">10-30 m<\/td>\n<\/tr>\n<tr>\n<td width=\"211\">Foco<\/td>\n<td width=\"503\">4 piezas de luz blanca de 18 mil\u00e9simas de pulgada<\/td>\n<\/tr>\n<tr>\n<td width=\"211\">Visi\u00f3n nocturna con reflector<\/td>\n<td width=\"503\">Color<\/td>\n<\/tr>\n<tr>\n<td width=\"211\">Distancia de visi\u00f3n nocturna<\/td>\n<td width=\"503\">15-20 m<\/td>\n<\/tr>\n<tr>\n<td rowspan=\"2\" width=\"101\">Intercomunicador de audio<\/td>\n<td width=\"211\">Grabaci\u00f3n de la distancia del sonido<\/td>\n<td width=\"503\">15 metros<\/td>\n<\/tr>\n<tr>\n<td width=\"211\">Distancia del intercomunicador<\/td>\n<td width=\"503\">15 metros<\/td>\n<\/tr>\n<tr>\n<td rowspan=\"2\" width=\"101\">Almacenamiento de v\u00eddeo<\/td>\n<td width=\"211\">Ranura para tarjeta TF<\/td>\n<td width=\"503\">Soporte m\u00e1ximo 128G<\/td>\n<\/tr>\n<tr>\n<td width=\"211\">Almacenamiento en la nube<\/td>\n<td width=\"503\">Apoyo<\/td>\n<\/tr>\n<tr>\n<td rowspan=\"2\" width=\"101\">Idioma<\/td>\n<td width=\"211\">Idioma de la aplicaci\u00f3n<\/td>\n<td width=\"503\">Chino\/Ingl\u00e9s\/Japon\u00e9s\/Portugu\u00e9s<\/td>\n<\/tr>\n<tr>\n<td width=\"211\">Transmisi\u00f3n de voz<\/td>\n<td width=\"503\">Chino\/Ingl\u00e9s\/Japon\u00e9s\/Portugu\u00e9s<\/td>\n<\/tr>\n<tr>\n<td rowspan=\"3\" width=\"101\">Equipo terminal<\/td>\n<td width=\"211\">Tel\u00e9fono m\u00f3vil<\/td>\n<td width=\"503\">Compatible con tel\u00e9fonos m\u00f3viles con sistema Android\/IOS\/Harmony<\/td>\n<\/tr>\n<tr>\n<td width=\"211\">Computadora port\u00e1til<\/td>\n<td width=\"503\">Compatible con tabletas con sistema Android\/IOS\/Harmony<\/td>\n<\/tr>\n<tr>\n<td width=\"211\">PC de escritorio<\/td>\n<td width=\"503\">Apoyo<\/td>\n<\/tr>\n<tr>\n<td rowspan=\"4\" width=\"101\">Funci\u00f3n inteligente<\/td>\n<td width=\"211\">Detecci\u00f3n de movimiento<\/td>\n<td width=\"503\">Apoyo<\/td>\n<\/tr>\n<tr>\n<td width=\"211\">Detecci\u00f3n de humanoides<\/td>\n<td width=\"503\">Apoyo<\/td>\n<\/tr>\n<tr>\n<td width=\"211\">Alarma de enlace Pulsador de tel\u00e9fono m\u00f3vil<\/td>\n<td width=\"503\">Apoyo<\/td>\n<\/tr>\n<tr>\n<td width=\"211\">Alarma de voz del dispositivo de enlace<\/td>\n<td width=\"503\">Apoyo<\/td>\n<\/tr>\n<tr>\n<td rowspan=\"4\" width=\"101\">Transmisi\u00f3n de se\u00f1ales<\/td>\n<td width=\"211\">Tipo de transmisi\u00f3n<\/td>\n<td width=\"503\">Inal\u00e1mbrico\/Cableado (POE personalizado)<\/td>\n<\/tr>\n<tr>\n<td width=\"211\">Interfaz cableada<\/td>\n<td width=\"503\">1 puerto Ethernet adaptativo RJ45 10M\/100M<\/td>\n<\/tr>\n<tr>\n<td width=\"211\">Radiofrecuencia<\/td>\n<td width=\"503\">2,4 GHz<\/td>\n<\/tr>\n<tr>\n<td width=\"211\">Distancia inal\u00e1mbrica<\/td>\n<td width=\"503\">Libre de obst\u00e1culos 60 metros, tabique divisorio 20-25 metros<\/td>\n<\/tr>\n<tr>\n<td rowspan=\"4\" width=\"101\">Especificaciones de embalaje<\/td>\n<td width=\"211\">Tama\u00f1o de la unidad<\/td>\n<td width=\"503\">265 x 175 x 87 mm<\/td>\n<\/tr>\n<tr>\n<td width=\"211\">Peso neto<\/td>\n<td width=\"503\">0,62 kilogramos<\/td>\n<\/tr>\n<tr>\n<td width=\"211\">30 piezas\/caja<\/td>\n<td width=\"503\">530X525X435mm<\/td>\n<\/tr>\n<tr>\n<td width=\"211\">Peso de la caja<\/td>\n<td width=\"503\">21 kilos<\/td>\n<\/tr>\n<\/tbody>\n<\/table>\n<p>&nbsp;<\/p>","protected":false},"excerpt":{"rendered":"<p>1. Resoluci\u00f3n: HD 4MP;<br \/>\n2. Sensor doble: sensor CMOS de alto rendimiento SC223A de 1\/2,8\u2033<br \/>\n3. Lentes duales: campo de visi\u00f3n de monitoreo gran angular horizontal de 180\u00b0, pantalla 32:9;<br \/>\n4. Fuente de luz dual: 4 luces blancas + 4 infrarrojas;<br \/>\n5. Admite conexi\u00f3n por cable de red y WIFI;<br \/>\n6. Soporte humanoide, inteligente (Zona de alerta y L\u00ednea de alerta, etc.);<br \/>\n7. Admite reducci\u00f3n de ruido 2D\/3D, amplia din\u00e1mica digital;<br \/>\n8. Admite tecnolog\u00eda inal\u00e1mbrica 2.4G, antena 3dBi, transmisi\u00f3n inal\u00e1mbrica de 30 metros;<br \/>\n9. Compresi\u00f3n de v\u00eddeo inteligente avanzada H.265AI\/H.265+;<br \/>\n10. Admite tarjeta de memoria de 128G, admite almacenamiento en la nube;<br \/>\n11. Intercomunicador de voz bidireccional, detecci\u00f3n de movimiento\/humanoide\/veh\u00edculo\/detecci\u00f3n, identificaci\u00f3n de mascotas;<br \/>\n12. Admite visualizaci\u00f3n remota desde tel\u00e9fonos m\u00f3viles y tabletas (iOS, Android y Harmony OS). 13. Compatible con ONVIF, compatible con NVR XM y otros NVR de terceros.<\/p>","protected":false},"featured_media":1234,"template":"","meta":[],"product_brand":[],"product_cat":[27],"product_tag":[43,44,45,46],"class_list":{"0":"post-1229","1":"product","2":"type-product","3":"status-publish","4":"has-post-thumbnail","6":"product_cat-dual-lens-wifi-camera","7":"product_tag-dual-lens-180-ultra-wide-angle-panoramic-image-camera","8":"product_tag-real-time-picture-in-picture","9":"product_tag-support-poe-connection","10":"product_tag-wifi-camera-with-poe-function","12":"first","13":"instock","14":"shipping-taxable","15":"product-type-simple"},"acf":[],"yoast_head":"<!-- This site is optimized with the Yoast SEO Premium plugin v20.2.1 (Yoast SEO v26.1.1) - https:\/\/yoast.com\/wordpress\/plugins\/seo\/ -->\n<title>Latest Outdoor Dual Lens POE IP 2K 4MP HD 180\u00b0 Wide Viewing Angle Wifi Camera - Bokysee Technology Co.,LTD<\/title>\n<meta name=\"description\" content=\"Outdoor IP66 Dual Lens 180 \u00b0 Ultra Wide Angle Panoramic 2K 4MP Real Time Picture in Picture AI Human Detect CCTV Surveillance POE Security IP Cameras\" \/>\n<meta name=\"robots\" content=\"index, follow, max-snippet:-1, max-image-preview:large, max-video-preview:-1\" \/>\n<link rel=\"canonical\" href=\"https:\/\/bokysee.com\/es\/products\/latest-outdoor-dual-lens-poe-ip-2k-4mp-hd-180-wide-viewing-angle-wifi-camera\/\" \/>\n<meta property=\"og:locale\" content=\"es_ES\" \/>\n<meta property=\"og:type\" content=\"article\" \/>\n<meta property=\"og:title\" content=\"Latest Outdoor Dual Lens POE IP 2K 4MP HD 180\u00b0 Wide Viewing Angle Wifi Camera\" \/>\n<meta property=\"og:description\" content=\"Outdoor IP66 Dual Lens 180 \u00b0 Ultra Wide Angle Panoramic 2K 4MP Real Time Picture in Picture AI Human Detect CCTV Surveillance POE Security IP Cameras\" \/>\n<meta property=\"og:url\" content=\"https:\/\/bokysee.com\/es\/products\/latest-outdoor-dual-lens-poe-ip-2k-4mp-hd-180-wide-viewing-angle-wifi-camera\/\" \/>\n<meta property=\"og:site_name\" content=\"Bokysee Technology Co.,LTD\" \/>\n<meta property=\"article:modified_time\" content=\"2023-04-26T03:58:49+00:00\" \/>\n<meta property=\"og:image\" content=\"https:\/\/bokysee.com\/wp-content\/uploads\/2023\/04\/BK-DL02B-1.jpg\" \/>\n\t<meta property=\"og:image:width\" content=\"800\" \/>\n\t<meta property=\"og:image:height\" content=\"800\" \/>\n\t<meta property=\"og:image:type\" content=\"image\/jpeg\" \/>\n<meta name=\"twitter:card\" content=\"summary_large_image\" \/>\n<meta name=\"twitter:label1\" content=\"Tiempo de lectura\" \/>\n\t<meta name=\"twitter:data1\" content=\"5 minutos\" \/>\n<script type=\"application\/ld+json\" class=\"yoast-schema-graph\">{\"@context\":\"https:\/\/schema.org\",\"@graph\":[{\"@type\":\"WebPage\",\"@id\":\"https:\/\/bokysee.com\/products\/latest-outdoor-dual-lens-poe-ip-2k-4mp-hd-180-wide-viewing-angle-wifi-camera\/\",\"url\":\"https:\/\/bokysee.com\/products\/latest-outdoor-dual-lens-poe-ip-2k-4mp-hd-180-wide-viewing-angle-wifi-camera\/\",\"name\":\"Latest Outdoor Dual Lens POE IP 2K 4MP HD 180\u00b0 Wide Viewing Angle Wifi Camera - Bokysee Technology Co.,LTD\",\"isPartOf\":{\"@id\":\"https:\/\/bokysee.com\/#website\"},\"primaryImageOfPage\":{\"@id\":\"https:\/\/bokysee.com\/products\/latest-outdoor-dual-lens-poe-ip-2k-4mp-hd-180-wide-viewing-angle-wifi-camera\/#primaryimage\"},\"image\":{\"@id\":\"https:\/\/bokysee.com\/products\/latest-outdoor-dual-lens-poe-ip-2k-4mp-hd-180-wide-viewing-angle-wifi-camera\/#primaryimage\"},\"thumbnailUrl\":\"https:\/\/bokysee.com\/wp-content\/uploads\/2023\/04\/BK-DL02B-1.jpg\",\"datePublished\":\"2023-04-11T01:03:28+00:00\",\"dateModified\":\"2023-04-26T03:58:49+00:00\",\"description\":\"Outdoor IP66 Dual Lens 180 \u00b0 Ultra Wide Angle Panoramic 2K 4MP Real Time Picture in Picture AI Human Detect CCTV Surveillance POE Security IP Cameras\",\"breadcrumb\":{\"@id\":\"https:\/\/bokysee.com\/products\/latest-outdoor-dual-lens-poe-ip-2k-4mp-hd-180-wide-viewing-angle-wifi-camera\/#breadcrumb\"},\"inLanguage\":\"es\",\"potentialAction\":[{\"@type\":\"ReadAction\",\"target\":[\"https:\/\/bokysee.com\/products\/latest-outdoor-dual-lens-poe-ip-2k-4mp-hd-180-wide-viewing-angle-wifi-camera\/\"]}]},{\"@type\":\"ImageObject\",\"inLanguage\":\"es\",\"@id\":\"https:\/\/bokysee.com\/products\/latest-outdoor-dual-lens-poe-ip-2k-4mp-hd-180-wide-viewing-angle-wifi-camera\/#primaryimage\",\"url\":\"https:\/\/bokysee.com\/wp-content\/uploads\/2023\/04\/BK-DL02B-1.jpg\",\"contentUrl\":\"https:\/\/bokysee.com\/wp-content\/uploads\/2023\/04\/BK-DL02B-1.jpg\",\"width\":800,\"height\":800,\"caption\":\"how much is a camera battery\"},{\"@type\":\"BreadcrumbList\",\"@id\":\"https:\/\/bokysee.com\/products\/latest-outdoor-dual-lens-poe-ip-2k-4mp-hd-180-wide-viewing-angle-wifi-camera\/#breadcrumb\",\"itemListElement\":[{\"@type\":\"ListItem\",\"position\":1,\"name\":\"Home\",\"item\":\"https:\/\/bokysee.com\/\"},{\"@type\":\"ListItem\",\"position\":2,\"name\":\"Products\",\"item\":\"https:\/\/bokysee.com\/products\/\"},{\"@type\":\"ListItem\",\"position\":3,\"name\":\"Latest Outdoor Dual Lens POE IP 2K 4MP HD 180\u00b0 Wide Viewing Angle Wifi Camera\"}]},{\"@type\":\"WebSite\",\"@id\":\"https:\/\/bokysee.com\/#website\",\"url\":\"https:\/\/bokysee.com\/\",\"name\":\"Bokysee Technology Co.,LTD\",\"description\":\"Professional Smart Indoor and Outdoor Security Cameras Solution Supplier\",\"potentialAction\":[{\"@type\":\"SearchAction\",\"target\":{\"@type\":\"EntryPoint\",\"urlTemplate\":\"https:\/\/bokysee.com\/?s={search_term_string}\"},\"query-input\":{\"@type\":\"PropertyValueSpecification\",\"valueRequired\":true,\"valueName\":\"search_term_string\"}}],\"inLanguage\":\"es\"}]}<\/script>\n<!-- \/ Yoast SEO Premium plugin. -->","yoast_head_json":{"title":"Latest Outdoor Dual Lens POE IP 2K 4MP HD 180\u00b0 Wide Viewing Angle Wifi Camera - Bokysee Technology Co.,LTD","description":"Outdoor IP66 Dual Lens 180 \u00b0 Ultra Wide Angle Panoramic 2K 4MP Real Time Picture in Picture AI Human Detect CCTV Surveillance POE Security IP Cameras","robots":{"index":"index","follow":"follow","max-snippet":"max-snippet:-1","max-image-preview":"max-image-preview:large","max-video-preview":"max-video-preview:-1"},"canonical":"https:\/\/bokysee.com\/es\/products\/latest-outdoor-dual-lens-poe-ip-2k-4mp-hd-180-wide-viewing-angle-wifi-camera\/","og_locale":"es_ES","og_type":"article","og_title":"Latest Outdoor Dual Lens POE IP 2K 4MP HD 180\u00b0 Wide Viewing Angle Wifi Camera","og_description":"Outdoor IP66 Dual Lens 180 \u00b0 Ultra Wide Angle Panoramic 2K 4MP Real Time Picture in Picture AI Human Detect CCTV Surveillance POE Security IP Cameras","og_url":"https:\/\/bokysee.com\/es\/products\/latest-outdoor-dual-lens-poe-ip-2k-4mp-hd-180-wide-viewing-angle-wifi-camera\/","og_site_name":"Bokysee Technology Co.,LTD","article_modified_time":"2023-04-26T03:58:49+00:00","og_image":[{"width":800,"height":800,"url":"https:\/\/bokysee.com\/wp-content\/uploads\/2023\/04\/BK-DL02B-1.jpg","type":"image\/jpeg"}],"twitter_card":"summary_large_image","twitter_misc":{"Tiempo de lectura":"5 minutos"},"schema":{"@context":"https:\/\/schema.org","@graph":[{"@type":"WebPage","@id":"https:\/\/bokysee.com\/products\/latest-outdoor-dual-lens-poe-ip-2k-4mp-hd-180-wide-viewing-angle-wifi-camera\/","url":"https:\/\/bokysee.com\/products\/latest-outdoor-dual-lens-poe-ip-2k-4mp-hd-180-wide-viewing-angle-wifi-camera\/","name":"Latest Outdoor Dual Lens POE IP 2K 4MP HD 180\u00b0 Wide Viewing Angle Wifi Camera - Bokysee Technology Co.,LTD","isPartOf":{"@id":"https:\/\/bokysee.com\/#website"},"primaryImageOfPage":{"@id":"https:\/\/bokysee.com\/products\/latest-outdoor-dual-lens-poe-ip-2k-4mp-hd-180-wide-viewing-angle-wifi-camera\/#primaryimage"},"image":{"@id":"https:\/\/bokysee.com\/products\/latest-outdoor-dual-lens-poe-ip-2k-4mp-hd-180-wide-viewing-angle-wifi-camera\/#primaryimage"},"thumbnailUrl":"https:\/\/bokysee.com\/wp-content\/uploads\/2023\/04\/BK-DL02B-1.jpg","datePublished":"2023-04-11T01:03:28+00:00","dateModified":"2023-04-26T03:58:49+00:00","description":"Outdoor IP66 Dual Lens 180 \u00b0 Ultra Wide Angle Panoramic 2K 4MP Real Time Picture in Picture AI Human Detect CCTV Surveillance POE Security IP Cameras","breadcrumb":{"@id":"https:\/\/bokysee.com\/products\/latest-outdoor-dual-lens-poe-ip-2k-4mp-hd-180-wide-viewing-angle-wifi-camera\/#breadcrumb"},"inLanguage":"es","potentialAction":[{"@type":"ReadAction","target":["https:\/\/bokysee.com\/products\/latest-outdoor-dual-lens-poe-ip-2k-4mp-hd-180-wide-viewing-angle-wifi-camera\/"]}]},{"@type":"ImageObject","inLanguage":"es","@id":"https:\/\/bokysee.com\/products\/latest-outdoor-dual-lens-poe-ip-2k-4mp-hd-180-wide-viewing-angle-wifi-camera\/#primaryimage","url":"https:\/\/bokysee.com\/wp-content\/uploads\/2023\/04\/BK-DL02B-1.jpg","contentUrl":"https:\/\/bokysee.com\/wp-content\/uploads\/2023\/04\/BK-DL02B-1.jpg","width":800,"height":800,"caption":"how much is a camera battery"},{"@type":"BreadcrumbList","@id":"https:\/\/bokysee.com\/products\/latest-outdoor-dual-lens-poe-ip-2k-4mp-hd-180-wide-viewing-angle-wifi-camera\/#breadcrumb","itemListElement":[{"@type":"ListItem","position":1,"name":"Home","item":"https:\/\/bokysee.com\/"},{"@type":"ListItem","position":2,"name":"Products","item":"https:\/\/bokysee.com\/products\/"},{"@type":"ListItem","position":3,"name":"Latest Outdoor Dual Lens POE IP 2K 4MP HD 180\u00b0 Wide Viewing Angle Wifi Camera"}]},{"@type":"WebSite","@id":"https:\/\/bokysee.com\/#website","url":"https:\/\/bokysee.com\/","name":"Bokysee Technology Co.,LTD","description":"Professional Smart Indoor and Outdoor Security Cameras Solution Supplier","potentialAction":[{"@type":"SearchAction","target":{"@type":"EntryPoint","urlTemplate":"https:\/\/bokysee.com\/?s={search_term_string}"},"query-input":{"@type":"PropertyValueSpecification","valueRequired":true,"valueName":"search_term_string"}}],"inLanguage":"es"}]}},"_links":{"self":[{"href":"https:\/\/bokysee.com\/es\/wp-json\/wp\/v2\/product\/1229","targetHints":{"allow":["GET"]}}],"collection":[{"href":"https:\/\/bokysee.com\/es\/wp-json\/wp\/v2\/product"}],"about":[{"href":"https:\/\/bokysee.com\/es\/wp-json\/wp\/v2\/types\/product"}],"version-history":[{"count":0,"href":"https:\/\/bokysee.com\/es\/wp-json\/wp\/v2\/product\/1229\/revisions"}],"wp:featuredmedia":[{"embeddable":true,"href":"https:\/\/bokysee.com\/es\/wp-json\/wp\/v2\/media\/1234"}],"wp:attachment":[{"href":"https:\/\/bokysee.com\/es\/wp-json\/wp\/v2\/media?parent=1229"}],"wp:term":[{"taxonomy":"product_brand","embeddable":true,"href":"https:\/\/bokysee.com\/es\/wp-json\/wp\/v2\/product_brand?post=1229"},{"taxonomy":"product_cat","embeddable":true,"href":"https:\/\/bokysee.com\/es\/wp-json\/wp\/v2\/product_cat?post=1229"},{"taxonomy":"product_tag","embeddable":true,"href":"https:\/\/bokysee.com\/es\/wp-json\/wp\/v2\/product_tag?post=1229"}],"curies":[{"name":"wp","href":"https:\/\/api.w.org\/{rel}","templated":true}]}}