{"id":1401,"date":"2023-04-18T02:59:44","date_gmt":"2023-04-18T02:59:44","guid":{"rendered":"https:\/\/bokysee.com\/?page_id=1401"},"modified":"2023-07-04T16:53:51","modified_gmt":"2023-07-04T08:53:51","slug":"privacy-policy","status":"publish","type":"page","link":"https:\/\/bokysee.com\/es\/privacy-policy\/","title":{"rendered":"pol\u00edtica de privacidad"},"content":{"rendered":"<div data-elementor-type=\"wp-page\" data-elementor-id=\"1401\" class=\"elementor elementor-1401\" data-elementor-post-type=\"page\">\n\t\t\t\t\t\t<section class=\"elementor-section elementor-top-section elementor-element elementor-element-c6bc53c elementor-section-boxed elementor-section-height-default elementor-section-height-default\" data-id=\"c6bc53c\" data-element_type=\"section\">\n\t\t\t\t\t\t<div class=\"elementor-container elementor-column-gap-default\">\n\t\t\t\t\t<div class=\"elementor-column elementor-col-100 elementor-top-column elementor-element elementor-element-b156667\" data-id=\"b156667\" data-element_type=\"column\">\n\t\t\t<div class=\"elementor-widget-wrap elementor-element-populated\">\n\t\t\t\t\t\t<div class=\"elementor-element elementor-element-e6b6cc1 elementor-widget elementor-widget-text-editor\" data-id=\"e6b6cc1\" data-element_type=\"widget\" data-widget_type=\"text-editor.default\">\n\t\t\t\t<div class=\"elementor-widget-container\">\n\t\t\t\t\t\t\t\t\t<p>Esta Pol\u00edtica de privacidad describe c\u00f3mo se recopila, utiliza y comparte su informaci\u00f3n personal cuando visita o realiza una compra en https:\/\/bokysee.com\/ (el &quot;Sitio&quot;).<br \/><br \/>INFORMACI\u00d3N PERSONAL QUE RECOPILAMOS<br \/>Cuando visita el Sitio, recopilamos autom\u00e1ticamente cierta informaci\u00f3n sobre su dispositivo, incluyendo informaci\u00f3n sobre su navegador web, direcci\u00f3n IP, zona horaria y algunas cookies instaladas en su dispositivo. Adem\u00e1s, mientras navega por el Sitio, recopilamos informaci\u00f3n sobre las p\u00e1ginas web o productos que visita, los sitios web o t\u00e9rminos de b\u00fasqueda que lo redireccionaron al Sitio e informaci\u00f3n sobre c\u00f3mo interact\u00faa con \u00e9l. A esta informaci\u00f3n recopilada autom\u00e1ticamente la denominamos &quot;Informaci\u00f3n del Dispositivo&quot;.<br \/><br \/>Recopilamos informaci\u00f3n del dispositivo utilizando las siguientes tecnolog\u00edas:<br \/>Las cookies son archivos de datos que se almacenan en su dispositivo o computadora y suelen incluir un identificador \u00fanico an\u00f3nimo. Para m\u00e1s informaci\u00f3n sobre las cookies y c\u00f3mo desactivarlas, consulte.<br \/>\u2013 Los \u201carchivos de registro\u201d rastrean las acciones que ocurren en el Sitio y recopilan datos que incluyen su direcci\u00f3n IP, tipo de navegador, proveedor de servicios de Internet, p\u00e1ginas de referencia\/salida y marcas de fecha\/hora.<br \/>\u2013 Las \u201cbalizas web\u201d, las \u201cetiquetas\u201d y los \u201cp\u00edxeles\u201d son archivos electr\u00f3nicos que se utilizan para registrar informaci\u00f3n sobre c\u00f3mo navega por el Sitio.<br \/><br \/>Adem\u00e1s, cuando realiza o intenta realizar una compra a trav\u00e9s del Sitio, recopilamos cierta informaci\u00f3n suya, como su nombre, direcci\u00f3n de facturaci\u00f3n, direcci\u00f3n de env\u00edo, informaci\u00f3n de pago (incluidos los n\u00fameros de tarjeta de cr\u00e9dito), direcci\u00f3n de correo electr\u00f3nico y n\u00famero de tel\u00e9fono. Esta informaci\u00f3n se denomina &quot;Informaci\u00f3n del Pedido&quot;.<br \/><br \/>Cuando hablamos de \u201cInformaci\u00f3n personal\u201d en esta Pol\u00edtica de privacidad, nos referimos tanto a la Informaci\u00f3n del dispositivo como a la Informaci\u00f3n del pedido.<br \/><br \/>\u00bfC\u00d3MO UTILIZAMOS SU INFORMACI\u00d3N PERSONAL?<br \/>Utilizamos la Informaci\u00f3n del Pedido que recopilamos generalmente para procesar cualquier pedido realizado a trav\u00e9s del Sitio (lo que incluye procesar su informaci\u00f3n de pago, gestionar el env\u00edo y proporcionarle facturas o confirmaciones de pedido). Adem\u00e1s, utilizamos esta Informaci\u00f3n del Pedido para:<br \/>\u2013 Comunicarnos con usted;<br \/>\u2013 Examinar nuestros pedidos para detectar posibles riesgos o fraudes; y<br \/>\u2013 Cuando est\u00e9 en l\u00ednea con las preferencias que ha compartido con nosotros, proporcionarle informaci\u00f3n o publicidad relacionada con nuestros productos o servicios.<br \/><br \/>Utilizamos la informaci\u00f3n del dispositivo que recopilamos para ayudarnos a detectar posibles riesgos y fraudes (en particular, su direcci\u00f3n IP) y, de forma m\u00e1s general, para mejorar y optimizar nuestro sitio (por ejemplo, generando an\u00e1lisis sobre c\u00f3mo nuestros clientes navegan e interact\u00faan con el sitio, y para evaluar el \u00e9xito de nuestras campa\u00f1as de marketing y publicidad).<br \/><br \/><br \/>Por \u00faltimo, tambi\u00e9n podemos compartir su informaci\u00f3n personal para cumplir con las leyes y regulaciones aplicables, para responder a una citaci\u00f3n, orden de allanamiento u otra solicitud legal de informaci\u00f3n que recibamos, o para proteger nuestros derechos.<br \/><br \/>PUBLICIDAD CONDUCTUAL<br \/>Como se describi\u00f3 anteriormente, utilizamos su informaci\u00f3n personal para ofrecerle anuncios o comunicaciones de marketing espec\u00edficos que creemos que pueden ser de su inter\u00e9s. Para obtener m\u00e1s informaci\u00f3n sobre c\u00f3mo funciona la publicidad dirigida, puede visitar la p\u00e1gina educativa de la Iniciativa de Publicidad en Red (NAI) en http:\/\/www.networkadvertising.org\/understanding-online-advertising\/how-does-it-work.<br \/><br \/>NO SEGUIR<br \/>Tenga en cuenta que no modificamos las pr\u00e1cticas de recopilaci\u00f3n y uso de datos de nuestro Sitio cuando vemos una se\u00f1al de No rastrear desde su navegador.<br \/><br \/>SUS DERECHOS<br \/>Si reside en Europa, tiene derecho a acceder a la informaci\u00f3n personal que conservamos sobre usted y a solicitar su correcci\u00f3n, actualizaci\u00f3n o eliminaci\u00f3n. Si desea ejercer este derecho, cont\u00e1ctenos a trav\u00e9s de la informaci\u00f3n de contacto que aparece a continuaci\u00f3n.<br \/><br \/>Adem\u00e1s, si reside en Europa, le informamos que procesamos su informaci\u00f3n para cumplir con los contratos que tengamos con usted (por ejemplo, si realiza un pedido a trav\u00e9s del Sitio) o para perseguir nuestros intereses comerciales leg\u00edtimos mencionados anteriormente. Adem\u00e1s, tenga en cuenta que su informaci\u00f3n se transferir\u00e1 fuera de Europa, incluyendo a Canad\u00e1 y Estados Unidos.<br \/><br \/>RETENCI\u00d3N DE DATOS<br \/>Cuando realiza un pedido a trav\u00e9s del Sitio, mantendremos su Informaci\u00f3n de pedido en nuestros registros a menos que y hasta que nos solicite que eliminemos dicha informaci\u00f3n.<\/p>\t\t\t\t\t\t\t\t<\/div>\n\t\t\t\t<\/div>\n\t\t\t\t\t<\/div>\n\t\t<\/div>\n\t\t\t\t\t<\/div>\n\t\t<\/section>\n\t\t\t\t<\/div>","protected":false},"excerpt":{"rendered":"<p>Esta Pol\u00edtica de Privacidad describe c\u00f3mo se recopila, utiliza y comparte su informaci\u00f3n personal cuando visita o realiza una compra en https:\/\/bokysee.com\/ (el &quot;Sitio&quot;). INFORMACI\u00d3N PERSONAL QUE RECOPILAMOS: Cuando visita el Sitio, recopilamos autom\u00e1ticamente cierta informaci\u00f3n sobre su dispositivo, incluyendo informaci\u00f3n sobre su navegador web, direcci\u00f3n IP, zona horaria y algunas cookies [\u2026]<\/p>","protected":false},"author":2,"featured_media":0,"parent":0,"menu_order":0,"comment_status":"closed","ping_status":"closed","template":"elementor_header_footer","meta":{"footnotes":""},"class_list":["post-1401","page","type-page","status-publish","hentry"],"acf":[],"yoast_head":"<!-- This site is optimized with the Yoast SEO Premium plugin v20.2.1 (Yoast SEO v26.1.1) - https:\/\/yoast.com\/wordpress\/plugins\/seo\/ -->\n<title>Privacy Policy - Bokysee Technology Co.,LTD<\/title>\n<meta name=\"robots\" content=\"index, follow, max-snippet:-1, max-image-preview:large, max-video-preview:-1\" \/>\n<link rel=\"canonical\" href=\"https:\/\/bokysee.com\/es\/privacy-policy\/\" \/>\n<meta property=\"og:locale\" content=\"es_ES\" \/>\n<meta property=\"og:type\" content=\"article\" \/>\n<meta property=\"og:title\" content=\"Privacy Policy\" \/>\n<meta property=\"og:description\" content=\"This Privacy Policy describes how your personal information is collected, used, and shared when you visit or make a purchase from https:\/\/bokysee.com\/ (the \u201cSite\u201d). PERSONAL INFORMATION WE COLLECTWhen you visit the Site, we automatically collect certain information about your device, including information about your web browser, IP address, time zone, and some of the cookies [&hellip;]\" \/>\n<meta property=\"og:url\" content=\"https:\/\/bokysee.com\/es\/privacy-policy\/\" \/>\n<meta property=\"og:site_name\" content=\"Bokysee Technology Co.,LTD\" \/>\n<meta property=\"article:modified_time\" content=\"2023-07-04T08:53:51+00:00\" \/>\n<meta name=\"twitter:card\" content=\"summary_large_image\" \/>\n<meta name=\"twitter:label1\" content=\"Tiempo de lectura\" \/>\n\t<meta name=\"twitter:data1\" content=\"3 minutos\" \/>\n<script type=\"application\/ld+json\" class=\"yoast-schema-graph\">{\"@context\":\"https:\/\/schema.org\",\"@graph\":[{\"@type\":\"WebPage\",\"@id\":\"https:\/\/bokysee.com\/privacy-policy\/\",\"url\":\"https:\/\/bokysee.com\/privacy-policy\/\",\"name\":\"Privacy Policy - Bokysee Technology Co.,LTD\",\"isPartOf\":{\"@id\":\"https:\/\/bokysee.com\/#website\"},\"datePublished\":\"2023-04-18T02:59:44+00:00\",\"dateModified\":\"2023-07-04T08:53:51+00:00\",\"breadcrumb\":{\"@id\":\"https:\/\/bokysee.com\/privacy-policy\/#breadcrumb\"},\"inLanguage\":\"es\",\"potentialAction\":[{\"@type\":\"ReadAction\",\"target\":[\"https:\/\/bokysee.com\/privacy-policy\/\"]}]},{\"@type\":\"BreadcrumbList\",\"@id\":\"https:\/\/bokysee.com\/privacy-policy\/#breadcrumb\",\"itemListElement\":[{\"@type\":\"ListItem\",\"position\":1,\"name\":\"Home\",\"item\":\"https:\/\/bokysee.com\/\"},{\"@type\":\"ListItem\",\"position\":2,\"name\":\"Privacy Policy\"}]},{\"@type\":\"WebSite\",\"@id\":\"https:\/\/bokysee.com\/#website\",\"url\":\"https:\/\/bokysee.com\/\",\"name\":\"Bokysee Technology Co.,LTD\",\"description\":\"Professional Smart Indoor and Outdoor Security Cameras Solution Supplier\",\"potentialAction\":[{\"@type\":\"SearchAction\",\"target\":{\"@type\":\"EntryPoint\",\"urlTemplate\":\"https:\/\/bokysee.com\/?s={search_term_string}\"},\"query-input\":{\"@type\":\"PropertyValueSpecification\",\"valueRequired\":true,\"valueName\":\"search_term_string\"}}],\"inLanguage\":\"es\"}]}<\/script>\n<!-- \/ Yoast SEO Premium plugin. -->","yoast_head_json":{"title":"Privacy Policy - Bokysee Technology Co.,LTD","robots":{"index":"index","follow":"follow","max-snippet":"max-snippet:-1","max-image-preview":"max-image-preview:large","max-video-preview":"max-video-preview:-1"},"canonical":"https:\/\/bokysee.com\/es\/privacy-policy\/","og_locale":"es_ES","og_type":"article","og_title":"Privacy Policy","og_description":"This Privacy Policy describes how your personal information is collected, used, and shared when you visit or make a purchase from https:\/\/bokysee.com\/ (the \u201cSite\u201d). PERSONAL INFORMATION WE COLLECTWhen you visit the Site, we automatically collect certain information about your device, including information about your web browser, IP address, time zone, and some of the cookies [&hellip;]","og_url":"https:\/\/bokysee.com\/es\/privacy-policy\/","og_site_name":"Bokysee Technology Co.,LTD","article_modified_time":"2023-07-04T08:53:51+00:00","twitter_card":"summary_large_image","twitter_misc":{"Tiempo de lectura":"3 minutos"},"schema":{"@context":"https:\/\/schema.org","@graph":[{"@type":"WebPage","@id":"https:\/\/bokysee.com\/privacy-policy\/","url":"https:\/\/bokysee.com\/privacy-policy\/","name":"Privacy Policy - Bokysee Technology Co.,LTD","isPartOf":{"@id":"https:\/\/bokysee.com\/#website"},"datePublished":"2023-04-18T02:59:44+00:00","dateModified":"2023-07-04T08:53:51+00:00","breadcrumb":{"@id":"https:\/\/bokysee.com\/privacy-policy\/#breadcrumb"},"inLanguage":"es","potentialAction":[{"@type":"ReadAction","target":["https:\/\/bokysee.com\/privacy-policy\/"]}]},{"@type":"BreadcrumbList","@id":"https:\/\/bokysee.com\/privacy-policy\/#breadcrumb","itemListElement":[{"@type":"ListItem","position":1,"name":"Home","item":"https:\/\/bokysee.com\/"},{"@type":"ListItem","position":2,"name":"Privacy Policy"}]},{"@type":"WebSite","@id":"https:\/\/bokysee.com\/#website","url":"https:\/\/bokysee.com\/","name":"Bokysee Technology Co.,LTD","description":"Professional Smart Indoor and Outdoor Security Cameras Solution Supplier","potentialAction":[{"@type":"SearchAction","target":{"@type":"EntryPoint","urlTemplate":"https:\/\/bokysee.com\/?s={search_term_string}"},"query-input":{"@type":"PropertyValueSpecification","valueRequired":true,"valueName":"search_term_string"}}],"inLanguage":"es"}]}},"_links":{"self":[{"href":"https:\/\/bokysee.com\/es\/wp-json\/wp\/v2\/pages\/1401","targetHints":{"allow":["GET"]}}],"collection":[{"href":"https:\/\/bokysee.com\/es\/wp-json\/wp\/v2\/pages"}],"about":[{"href":"https:\/\/bokysee.com\/es\/wp-json\/wp\/v2\/types\/page"}],"author":[{"embeddable":true,"href":"https:\/\/bokysee.com\/es\/wp-json\/wp\/v2\/users\/2"}],"replies":[{"embeddable":true,"href":"https:\/\/bokysee.com\/es\/wp-json\/wp\/v2\/comments?post=1401"}],"version-history":[{"count":0,"href":"https:\/\/bokysee.com\/es\/wp-json\/wp\/v2\/pages\/1401\/revisions"}],"wp:attachment":[{"href":"https:\/\/bokysee.com\/es\/wp-json\/wp\/v2\/media?parent=1401"}],"curies":[{"name":"wp","href":"https:\/\/api.w.org\/{rel}","templated":true}]}}