{"id":13579,"date":"2025-07-08T16:53:38","date_gmt":"2025-07-08T08:53:38","guid":{"rendered":"https:\/\/bokysee.com\/?page_id=13579"},"modified":"2025-07-24T09:19:06","modified_gmt":"2025-07-24T01:19:06","slug":"case-study","status":"publish","type":"page","link":"https:\/\/bokysee.com\/es\/case-study\/","title":{"rendered":"Estudio de caso"},"content":{"rendered":"<div data-elementor-type=\"wp-page\" data-elementor-id=\"13579\" class=\"elementor elementor-13579\" data-elementor-post-type=\"page\">\n\t\t\t\t\t\t<section class=\"elementor-section elementor-top-section elementor-element elementor-element-8de7149 elementor-section-boxed elementor-section-height-default elementor-section-height-default\" data-id=\"8de7149\" data-element_type=\"section\" data-settings=\"{&quot;background_background&quot;:&quot;classic&quot;}\">\n\t\t\t\t\t\t\t<div class=\"elementor-background-overlay\"><\/div>\n\t\t\t\t\t\t\t<div class=\"elementor-container elementor-column-gap-default\">\n\t\t\t\t\t<div class=\"elementor-column elementor-col-100 elementor-top-column elementor-element elementor-element-7821bb3\" data-id=\"7821bb3\" data-element_type=\"column\">\n\t\t\t<div class=\"elementor-widget-wrap elementor-element-populated\">\n\t\t\t\t\t\t<div class=\"elementor-element elementor-element-d062d84 elementor-invisible elementor-widget elementor-widget-heading\" data-id=\"d062d84\" data-element_type=\"widget\" data-settings=\"{&quot;_animation&quot;:&quot;fadeInDown&quot;}\" data-widget_type=\"heading.default\">\n\t\t\t\t<div class=\"elementor-widget-container\">\n\t\t\t\t\t<h1 class=\"elementor-heading-title elementor-size-default\">Estudio de caso<\/h1>\t\t\t\t<\/div>\n\t\t\t\t<\/div>\n\t\t\t\t\t<\/div>\n\t\t<\/div>\n\t\t\t\t\t<\/div>\n\t\t<\/section>\n\t\t<div class=\"elementor-element elementor-element-9e110c1 e-flex e-con-boxed e-con e-parent\" data-id=\"9e110c1\" data-element_type=\"container\">\n\t\t\t\t\t<div class=\"e-con-inner\">\n\t\t\t\t<div class=\"elementor-element elementor-element-f3ca519 pp-post-filters-align-left pp-search-form-icon pp-posts-image-stack-mobile elementor-widget elementor-widget-pp-posts\" data-id=\"f3ca519\" data-element_type=\"widget\" data-widget_type=\"pp-posts.checkerboard\">\n\t\t\t\t<div class=\"elementor-widget-container\">\n\t\t\t\t\t\t\t<div class=\"pp-post-filters-container\" data-search-form=\"show\" data-search-action=\"button-click\">\n\t\t\t\t\t\t<div class=\"pp-post-filters-wrap pp-post-filters-dropdown-no\">\n\t\t\t\t<ul class=\"pp-post-filters\">\n\t\t\t\t\t\t\t\t\t\t\t<li class=\"pp-post-filter pp-filter-current\" data-filter=\"*\" data-taxonomy=\"\">Todo<\/li>\n\t\t\t\t\t\t\t\t\t\t\t\t\t\t\t\t\t\t\t\t\t\t\t\t\t\t\t\t\t\t<li class=\"pp-post-filter\" data-filter=\".quality-delivery-cases\" data-taxonomy=\".case-category\">Casos de calidad y entrega<\/li>\n\t\t\t\t\t\t\t\t\t\t\t<\/ul>\n\n\t\t\t\t\t\t\t<\/div>\n\t\t\t\t\t\t\t\t<div class=\"pp-search-form-container\">\n\t\t\t<div class=\"pp-search-form\">\n\t\t\t\t<input placeholder=\"Buscar...\" class=\"pp-search-form-input\" type=\"search\" name=\"s\" title=\"Buscar\">\n\t\t\t\t<button class=\"pp-search-form-submit\" type=\"submit\" title=\"Buscar\" aria-label=\"Buscar\">\n\t\t\t\t\t\t\t\t\t\t\t<i aria-hidden=\"true\" class=\"fas fa-search\"><\/i>\t\t\t\t\t\t<span class=\"elementor-screen-only\">Buscar<\/span>\n\t\t\t\t\t\t\t\t\t<\/button>\n\t\t\t<\/div>\n\t\t<\/div>\n\t\t\t\t<\/div>\n\t\t\t\t<div class=\"pp-posts-container\">\n\t\t\t\n\t\t\t\t\t\t\t\t\t\t\n\t\t\t<div class=\"pp-posts pp-posts-skin-checkerboard\" data-query-type=\"custom\" data-layout=\"grid\" data-page=\"13579\" data-skin=\"checkerboard\">\n\t\t\t\t\t\t\t\t\t\t\t<div class=\"pp-post-wrap pp-grid-item-wrap elementor-grid-item post-13801 case type-case status-publish has-post-thumbnail hentry case-category-quality-delivery-cases\">\n\t\t\t\t\t\t<div class=\"pp-post pp-grid-item\">\n\t\t\t\t\t\t<div class=\"pp-post-thumbnail\">\n\t\t\t<a class=\"pp-post-thumbnail-wrap\" href=\"https:\/\/bokysee.com\/es\/case\/how-full-color-night-vision-cctv-enhanced-safety-on-road\/\" title=\"Case Study: How Full Color Night Vision CCTV Enhanced Safety on China\u2019s G307 Provincial Road\">\n\t\t\t\t<img fetchpriority=\"high\" decoding=\"async\" width=\"900\" height=\"500\" src=\"https:\/\/bokysee.com\/wp-content\/uploads\/2025\/10\/Full-color-night-vision-cctv-FOR-Road-1.jpg\" class=\"attachment-full size-full wp-image-13802\" alt=\"Full Color Night Vision CCTV\" srcset=\"https:\/\/bokysee.com\/wp-content\/uploads\/2025\/10\/Full-color-night-vision-cctv-FOR-Road-1.jpg 900w, https:\/\/bokysee.com\/wp-content\/uploads\/2025\/10\/Full-color-night-vision-cctv-FOR-Road-1-300x167.jpg 300w, https:\/\/bokysee.com\/wp-content\/uploads\/2025\/10\/Full-color-night-vision-cctv-FOR-Road-1-768x427.jpg 768w, https:\/\/bokysee.com\/wp-content\/uploads\/2025\/10\/Full-color-night-vision-cctv-FOR-Road-1-18x10.jpg 18w, https:\/\/bokysee.com\/wp-content\/uploads\/2025\/10\/Full-color-night-vision-cctv-FOR-Road-1-600x333.jpg 600w\" sizes=\"(max-width: 900px) 100vw, 900px\" \/>\t\t\t<\/a>\n\t\t<\/div>\n\t\t\t\t\t\t<div class=\"pp-post-content-wrap\">\n\t\t\t\t\t<div class=\"pp-post-content\">\n\t\t\t\t\t\t\t\t\t\t<div class=\"pp-post-terms-wrap\">\n\t\t\t<span class=\"pp-post-terms\">\n\t\t\t\t<span class=\"pp-post-term\"><a href=\"https:\/\/bokysee.com\/es\/case-category\/quality-delivery-cases\/\">Casos de calidad y entrega<\/a><\/span>\t\t\t<\/span>\n\t\t<\/div>\n\t\t\t\t\t\t\t\t\t\t<h2 class=\"pp-post-title\">\n\t\t\t\t<a href=\"https:\/\/bokysee.com\/es\/case\/how-full-color-night-vision-cctv-enhanced-safety-on-road\/\">Case Study: How Full Color Night Vision CCTV Enhanced Safety on China\u2019s G307 Provincial Road<\/a>\t\t\t<\/h2>\n\t\t\t\t\t\t\t\t\t<div class=\"pp-post-meta\">\n\t\t\t\t\t\t\t\t<span class=\"pp-post-date\">\n\t\t\t\t\t\t<span class=\"pp-meta-text\">\n\t\t\t\t2025-10-18\t\t\t<\/span>\n\t\t<\/span>\n\t\t<span class=\"pp-meta-separator\"><\/span>\n\t\t\t\t\t\t\t<\/div>\n\t\t\t\t\t\t\t\t<\/div>\n\t\t\t\t<\/div>\n\t\t\t<\/div>\n\t\t\t\t\t<\/div>\n\t\t\t\t<div class=\"pp-post-wrap pp-grid-item-wrap elementor-grid-item post-13796 case type-case status-publish has-post-thumbnail hentry\">\n\t\t\t\t\t\t<div class=\"pp-post pp-grid-item\">\n\t\t\t\t\t\t<div class=\"pp-post-thumbnail\">\n\t\t\t<a class=\"pp-post-thumbnail-wrap\" href=\"https:\/\/bokysee.com\/es\/case\/a-look-inside-bokysee-security-camera-factory-customer-visits\/\" title=\"A Look Inside Bokysee: Security Camera Factory &amp; Customer Visits\">\n\t\t\t\t<img decoding=\"async\" width=\"1281\" height=\"697\" src=\"https:\/\/bokysee.com\/wp-content\/uploads\/2025\/07\/u_1752049335154.jpg\" class=\"attachment-full size-full wp-image-13615\" alt=\"Qui\u00e9nes somos: Introducci\u00f3n del fabricante de c\u00e1maras de seguridad Bokysee\" srcset=\"https:\/\/bokysee.com\/wp-content\/uploads\/2025\/07\/u_1752049335154.jpg 1281w, https:\/\/bokysee.com\/wp-content\/uploads\/2025\/07\/u_1752049335154-300x163.jpg 300w, https:\/\/bokysee.com\/wp-content\/uploads\/2025\/07\/u_1752049335154-1024x557.jpg 1024w, https:\/\/bokysee.com\/wp-content\/uploads\/2025\/07\/u_1752049335154-768x418.jpg 768w, https:\/\/bokysee.com\/wp-content\/uploads\/2025\/07\/u_1752049335154-18x10.jpg 18w, https:\/\/bokysee.com\/wp-content\/uploads\/2025\/07\/u_1752049335154-600x326.jpg 600w\" sizes=\"(max-width: 1281px) 100vw, 1281px\" \/>\t\t\t<\/a>\n\t\t<\/div>\n\t\t\t\t\t\t<div class=\"pp-post-content-wrap\">\n\t\t\t\t\t<div class=\"pp-post-content\">\n\t\t\t\t\t\t\t\t\t\t\t\t<h2 class=\"pp-post-title\">\n\t\t\t\t<a href=\"https:\/\/bokysee.com\/es\/case\/a-look-inside-bokysee-security-camera-factory-customer-visits\/\">A Look Inside Bokysee: Security Camera Factory &amp; Customer Visits<\/a>\t\t\t<\/h2>\n\t\t\t\t\t\t\t\t\t<div class=\"pp-post-meta\">\n\t\t\t\t\t\t\t\t<span class=\"pp-post-date\">\n\t\t\t\t\t\t<span class=\"pp-meta-text\">\n\t\t\t\t2025-10-08\t\t\t<\/span>\n\t\t<\/span>\n\t\t<span class=\"pp-meta-separator\"><\/span>\n\t\t\t\t\t\t\t<\/div>\n\t\t\t\t\t\t\t\t<\/div>\n\t\t\t\t<\/div>\n\t\t\t<\/div>\n\t\t\t\t\t<\/div>\n\t\t\t\t<div class=\"pp-post-wrap pp-grid-item-wrap elementor-grid-item post-13619 case type-case status-publish has-post-thumbnail hentry case-category-quality-delivery-cases\">\n\t\t\t\t\t\t<div class=\"pp-post pp-grid-item\">\n\t\t\t\t\t\t<div class=\"pp-post-thumbnail\">\n\t\t\t<a class=\"pp-post-thumbnail-wrap\" href=\"https:\/\/bokysee.com\/es\/case\/a-look-inside-security-camera-factory-bokysee\/\" title=\"Bokysee CCTV Manufacturer Product Range of Security Solutions\">\n\t\t\t\t<img decoding=\"async\" width=\"900\" height=\"500\" src=\"https:\/\/bokysee.com\/wp-content\/uploads\/2025\/07\/Bokysee-CCTV-Product-Range.png\" class=\"attachment-full size-full wp-image-13792\" alt=\"Bokysee CCTV Product Range\" srcset=\"https:\/\/bokysee.com\/wp-content\/uploads\/2025\/07\/Bokysee-CCTV-Product-Range.png 900w, https:\/\/bokysee.com\/wp-content\/uploads\/2025\/07\/Bokysee-CCTV-Product-Range-300x167.png 300w, https:\/\/bokysee.com\/wp-content\/uploads\/2025\/07\/Bokysee-CCTV-Product-Range-768x427.png 768w, https:\/\/bokysee.com\/wp-content\/uploads\/2025\/07\/Bokysee-CCTV-Product-Range-18x10.png 18w, https:\/\/bokysee.com\/wp-content\/uploads\/2025\/07\/Bokysee-CCTV-Product-Range-600x333.png 600w\" sizes=\"(max-width: 900px) 100vw, 900px\" \/>\t\t\t<\/a>\n\t\t<\/div>\n\t\t\t\t\t\t<div class=\"pp-post-content-wrap\">\n\t\t\t\t\t<div class=\"pp-post-content\">\n\t\t\t\t\t\t\t\t\t\t<div class=\"pp-post-terms-wrap\">\n\t\t\t<span class=\"pp-post-terms\">\n\t\t\t\t<span class=\"pp-post-term\"><a href=\"https:\/\/bokysee.com\/es\/case-category\/quality-delivery-cases\/\">Casos de calidad y entrega<\/a><\/span>\t\t\t<\/span>\n\t\t<\/div>\n\t\t\t\t\t\t\t\t\t\t<h2 class=\"pp-post-title\">\n\t\t\t\t<a href=\"https:\/\/bokysee.com\/es\/case\/a-look-inside-security-camera-factory-bokysee\/\">Bokysee CCTV Manufacturer Product Range of Security Solutions<\/a>\t\t\t<\/h2>\n\t\t\t\t\t\t\t\t\t<div class=\"pp-post-meta\">\n\t\t\t\t\t\t\t\t<span class=\"pp-post-date\">\n\t\t\t\t\t\t<span class=\"pp-meta-text\">\n\t\t\t\t2025-07-23\t\t\t<\/span>\n\t\t<\/span>\n\t\t<span class=\"pp-meta-separator\"><\/span>\n\t\t\t\t\t\t\t<\/div>\n\t\t\t\t\t\t\t\t<\/div>\n\t\t\t\t<\/div>\n\t\t\t<\/div>\n\t\t\t\t\t<\/div>\n\t\t\t\t\t\t\t\t\t<\/div>\n\t\t\t\n\t\t\t\n\t\t\t\n\t\t\t\n\t\t\t\t\t\t\t\t\t\t\t\t<\/div>\n\n\t\t\n\t\t\t\t\t\t<\/div>\n\t\t\t\t<\/div>\n\t\t\t\t\t<\/div>\n\t\t\t\t<\/div>\n\t\t\t\t<\/div>","protected":false},"excerpt":{"rendered":"<p>Caso pr\u00e1ctico Todas las b\u00fasquedas Un vistazo al interior de la f\u00e1brica de c\u00e1maras de seguridad Bokysee: C\u00f3mo trabajamos y damos la bienvenida a nuestros socios 23\/07\/2025<\/p>","protected":false},"author":3,"featured_media":0,"parent":0,"menu_order":0,"comment_status":"closed","ping_status":"closed","template":"","meta":{"footnotes":""},"class_list":["post-13579","page","type-page","status-publish","hentry"],"acf":[],"yoast_head":"<!-- This site is optimized with the Yoast SEO Premium plugin v20.2.1 (Yoast SEO v26.1.1) - https:\/\/yoast.com\/wordpress\/plugins\/seo\/ -->\n<title>Case Study - Bokysee Technology Co.,LTD<\/title>\n<meta name=\"robots\" content=\"index, follow, max-snippet:-1, max-image-preview:large, max-video-preview:-1\" \/>\n<link rel=\"canonical\" href=\"https:\/\/bokysee.com\/es\/case-study\/\" \/>\n<meta property=\"og:locale\" content=\"es_ES\" \/>\n<meta property=\"og:type\" content=\"article\" \/>\n<meta property=\"og:title\" content=\"Case Study\" \/>\n<meta property=\"og:description\" content=\"Case Study All Search A Look Inside Security Camera Factory Bokysee: How We Work &amp; Welcome Our Partners 2025-07-23\" \/>\n<meta property=\"og:url\" content=\"https:\/\/bokysee.com\/es\/case-study\/\" \/>\n<meta property=\"og:site_name\" content=\"Bokysee Technology Co.,LTD\" \/>\n<meta property=\"article:modified_time\" content=\"2025-07-24T01:19:06+00:00\" \/>\n<meta property=\"og:image\" content=\"https:\/\/bokysee.com\/wp-content\/plugins\/elementor\/assets\/images\/placeholder.png\" \/>\n<meta name=\"twitter:card\" content=\"summary_large_image\" \/>\n<meta name=\"twitter:label1\" content=\"Tiempo de lectura\" \/>\n\t<meta name=\"twitter:data1\" content=\"1 minuto\" \/>\n<script type=\"application\/ld+json\" class=\"yoast-schema-graph\">{\"@context\":\"https:\/\/schema.org\",\"@graph\":[{\"@type\":\"WebPage\",\"@id\":\"https:\/\/bokysee.com\/case-study\/\",\"url\":\"https:\/\/bokysee.com\/case-study\/\",\"name\":\"Case Study - Bokysee Technology Co.,LTD\",\"isPartOf\":{\"@id\":\"https:\/\/bokysee.com\/#website\"},\"primaryImageOfPage\":{\"@id\":\"https:\/\/bokysee.com\/case-study\/#primaryimage\"},\"image\":{\"@id\":\"https:\/\/bokysee.com\/case-study\/#primaryimage\"},\"thumbnailUrl\":\"https:\/\/bokysee.com\/wp-content\/plugins\/elementor\/assets\/images\/placeholder.png\",\"datePublished\":\"2025-07-08T08:53:38+00:00\",\"dateModified\":\"2025-07-24T01:19:06+00:00\",\"breadcrumb\":{\"@id\":\"https:\/\/bokysee.com\/case-study\/#breadcrumb\"},\"inLanguage\":\"es\",\"potentialAction\":[{\"@type\":\"ReadAction\",\"target\":[\"https:\/\/bokysee.com\/case-study\/\"]}]},{\"@type\":\"ImageObject\",\"inLanguage\":\"es\",\"@id\":\"https:\/\/bokysee.com\/case-study\/#primaryimage\",\"url\":\"https:\/\/bokysee.com\/wp-content\/plugins\/elementor\/assets\/images\/placeholder.png\",\"contentUrl\":\"https:\/\/bokysee.com\/wp-content\/plugins\/elementor\/assets\/images\/placeholder.png\"},{\"@type\":\"BreadcrumbList\",\"@id\":\"https:\/\/bokysee.com\/case-study\/#breadcrumb\",\"itemListElement\":[{\"@type\":\"ListItem\",\"position\":1,\"name\":\"Home\",\"item\":\"https:\/\/bokysee.com\/\"},{\"@type\":\"ListItem\",\"position\":2,\"name\":\"Case Study\"}]},{\"@type\":\"WebSite\",\"@id\":\"https:\/\/bokysee.com\/#website\",\"url\":\"https:\/\/bokysee.com\/\",\"name\":\"Bokysee Technology Co.,LTD\",\"description\":\"Professional Smart Indoor and Outdoor Security Cameras Solution Supplier\",\"potentialAction\":[{\"@type\":\"SearchAction\",\"target\":{\"@type\":\"EntryPoint\",\"urlTemplate\":\"https:\/\/bokysee.com\/?s={search_term_string}\"},\"query-input\":{\"@type\":\"PropertyValueSpecification\",\"valueRequired\":true,\"valueName\":\"search_term_string\"}}],\"inLanguage\":\"es\"}]}<\/script>\n<!-- \/ Yoast SEO Premium plugin. -->","yoast_head_json":{"title":"Case Study - Bokysee Technology Co.,LTD","robots":{"index":"index","follow":"follow","max-snippet":"max-snippet:-1","max-image-preview":"max-image-preview:large","max-video-preview":"max-video-preview:-1"},"canonical":"https:\/\/bokysee.com\/es\/case-study\/","og_locale":"es_ES","og_type":"article","og_title":"Case Study","og_description":"Case Study All Search A Look Inside Security Camera Factory Bokysee: How We Work &amp; Welcome Our Partners 2025-07-23","og_url":"https:\/\/bokysee.com\/es\/case-study\/","og_site_name":"Bokysee Technology Co.,LTD","article_modified_time":"2025-07-24T01:19:06+00:00","og_image":[{"url":"https:\/\/bokysee.com\/wp-content\/plugins\/elementor\/assets\/images\/placeholder.png","type":"","width":"","height":""}],"twitter_card":"summary_large_image","twitter_misc":{"Tiempo de lectura":"1 minuto"},"schema":{"@context":"https:\/\/schema.org","@graph":[{"@type":"WebPage","@id":"https:\/\/bokysee.com\/case-study\/","url":"https:\/\/bokysee.com\/case-study\/","name":"Case Study - Bokysee Technology Co.,LTD","isPartOf":{"@id":"https:\/\/bokysee.com\/#website"},"primaryImageOfPage":{"@id":"https:\/\/bokysee.com\/case-study\/#primaryimage"},"image":{"@id":"https:\/\/bokysee.com\/case-study\/#primaryimage"},"thumbnailUrl":"https:\/\/bokysee.com\/wp-content\/plugins\/elementor\/assets\/images\/placeholder.png","datePublished":"2025-07-08T08:53:38+00:00","dateModified":"2025-07-24T01:19:06+00:00","breadcrumb":{"@id":"https:\/\/bokysee.com\/case-study\/#breadcrumb"},"inLanguage":"es","potentialAction":[{"@type":"ReadAction","target":["https:\/\/bokysee.com\/case-study\/"]}]},{"@type":"ImageObject","inLanguage":"es","@id":"https:\/\/bokysee.com\/case-study\/#primaryimage","url":"https:\/\/bokysee.com\/wp-content\/plugins\/elementor\/assets\/images\/placeholder.png","contentUrl":"https:\/\/bokysee.com\/wp-content\/plugins\/elementor\/assets\/images\/placeholder.png"},{"@type":"BreadcrumbList","@id":"https:\/\/bokysee.com\/case-study\/#breadcrumb","itemListElement":[{"@type":"ListItem","position":1,"name":"Home","item":"https:\/\/bokysee.com\/"},{"@type":"ListItem","position":2,"name":"Case Study"}]},{"@type":"WebSite","@id":"https:\/\/bokysee.com\/#website","url":"https:\/\/bokysee.com\/","name":"Bokysee Technology Co.,LTD","description":"Professional Smart Indoor and Outdoor Security Cameras Solution Supplier","potentialAction":[{"@type":"SearchAction","target":{"@type":"EntryPoint","urlTemplate":"https:\/\/bokysee.com\/?s={search_term_string}"},"query-input":{"@type":"PropertyValueSpecification","valueRequired":true,"valueName":"search_term_string"}}],"inLanguage":"es"}]}},"_links":{"self":[{"href":"https:\/\/bokysee.com\/es\/wp-json\/wp\/v2\/pages\/13579","targetHints":{"allow":["GET"]}}],"collection":[{"href":"https:\/\/bokysee.com\/es\/wp-json\/wp\/v2\/pages"}],"about":[{"href":"https:\/\/bokysee.com\/es\/wp-json\/wp\/v2\/types\/page"}],"author":[{"embeddable":true,"href":"https:\/\/bokysee.com\/es\/wp-json\/wp\/v2\/users\/3"}],"replies":[{"embeddable":true,"href":"https:\/\/bokysee.com\/es\/wp-json\/wp\/v2\/comments?post=13579"}],"version-history":[{"count":0,"href":"https:\/\/bokysee.com\/es\/wp-json\/wp\/v2\/pages\/13579\/revisions"}],"wp:attachment":[{"href":"https:\/\/bokysee.com\/es\/wp-json\/wp\/v2\/media?parent=13579"}],"curies":[{"name":"wp","href":"https:\/\/api.w.org\/{rel}","templated":true}]}}